{"id":1196,"date":"2016-11-02T16:56:09","date_gmt":"2016-11-02T21:56:09","guid":{"rendered":"https:\/\/texashomeoffers.com\/es\/dallas-fort-worth\/"},"modified":"2016-11-02T16:56:09","modified_gmt":"2016-11-02T21:56:09","slug":"dallas-fort-worth","status":"publish","type":"page","link":"https:\/\/texashomeoffers.com\/es\/dallas-fort-worth\/","title":{"rendered":"Dallas Fort Worth"},"content":{"rendered":"<h1>Compra y Venta de Casas en Dallas Fort Worth, TX<\/h1>\n<p><a style=\"font-size: 35px;\" href=\"tel:18449332225\">(844) 933-2225<\/a><\/p>\n<p>\u00bfNecesitas vender tu casa ya mismo? Nosotros compramos propiedades de inmediato \u2014cualquiera sea el precio y las condiciones\u2014en el area de Dallas Fort Worth, \u00a1y lo hacemos en s\u00f3lo 7 d\u00edas! \u00a1No dejes que la situaci\u00f3n te sobrepase! Ll\u00e1manos al\u00a0<strong><a href=\"tel:18449332225\">(844) 933-2225<\/a><\/strong>\u00a0o completa nuestro formulario confidencial para conseguir una oferta GRATIS y sin compromiso. Nuestro amable personal te responder\u00e1 de inmediato, y adem\u00e1s pagamos en efectivo. Confiar en nosotros implica\u00a0que no tendr\u00e1s comisiones, ni agentes, ni estr\u00e9s.<\/p>\n<p><img decoding=\"async\" src=\"https:\/\/texashomeoffers.com\/wp-content\/uploads\/2015\/07\/dfw.png\" alt=\"Dallas Fort Worth\" \/><\/p>\n<p>Hay muchas razones por las que podr\u00edas necesitar vender tu casa en Dallas Fort Worth, Texas. Pero si debes\u00a0venderla r\u00e1pido y sin problemas, entonces necesitas trabajar con nuestros expertos de\u00a0Texas Home Offers en Dallas Fort Worth. Somos una empresa local ubicada aqu\u00ed mismo, en Dallas Fort Worth, pero tambi\u00e9n trabajamos con entusiasmo en comunidades cercanas como <a title=\"we buy houses Corpus Christi\" href=\"https:\/\/texashomeoffers.com\/es\/corpus-christi\/\">Corpus Christi<\/a>, <a title=\"we buy houses Houston\" href=\"https:\/\/texashomeoffers.com\/es\/houston\/\">Houston<\/a>, <a title=\"we buy houses San Antonio\" href=\"https:\/\/texashomeoffers.com\/es\/san-antonio\/\">San Antonio<\/a>, <a title=\"we buy houses Austin\" href=\"https:\/\/texashomeoffers.com\/es\/austin-2\/\">Austin<\/a>, DFW, Plano, Arlington, Garland, Irving, Grand Prairie, McKinney, Mesquite, Carrollton, Denton, Richardson, Cedar Hill, Lewisville, Sundance Square hasta Fort Worth Water Gardens y m\u00e1s all\u00e1 tambi\u00e9n. Texas Home Offers de Dallas Fort Worth ha trabajado con \u00e9xito en la zona ayudando a la gente a vender sus casas de forma r\u00e1pida y a conseguir d\u00f3lares frescos cuando est\u00e1n en problemas. Somos expertos en la industria y ayudaremos a cualquiera que busque vender su casa tal como est\u00e1. Podemos ayudarte a vender tu propiedad alquilada en mal estado, podemos ayudarte a vender tu poco atractiva casa, o podemos vender tu casa antes de la ejecuci\u00f3n hipotecaria\u2014 y al final rescatar tu cr\u00e9dito.<\/p>\n<p><img loading=\"lazy\" decoding=\"async\" class=\"alignnone size-medium wp-image-95\" style=\"float: left; margin-left: 20px;\" src=\"https:\/\/texashomeoffers.com\/wp-content\/uploads\/2015\/08\/Dallas-Standing_Russell-182x300.jpg\" alt=\"Russell Spillers\" width=\"182\" height=\"300\" srcset=\"https:\/\/texashomeoffers.com\/wp-content\/uploads\/2015\/08\/Dallas-Standing_Russell-182x300.jpg 182w, https:\/\/texashomeoffers.com\/wp-content\/uploads\/2015\/08\/Dallas-Standing_Russell-621x1024.jpg 621w\" sizes=\"(max-width: 182px) 100vw, 182px\" \/><\/p>\n<p>Compramos casas en el \u00e1rea de Dallas Fort Worth\u2026 Ya sea hermosa u horrible, \u00a1a nosotros no nos importa! No deber\u00e1s limpiarla ni perder tiempo, dinero y energ\u00eda haciendo arreglos, porque la vendemos tal como se encuentre. Al trabajar con nuestros profesionales, ahorrar\u00e1s dinero en comisiones, reparaciones, decoraci\u00f3n, entrevistas, y much\u00edsimo m\u00e1s estr\u00e9s y comisiones que te encontrar\u00e1s si intentas vender con un agente inmobiliario o por tu cuenta. Y como nuestro equipo paga en efectivo, podemos garantizar el \u00e9xito de la operaci\u00f3n en menos de 7 d\u00edas. Sabemos que cuando nos elijas tendr\u00e1s la mejor experiencia\u2014\u00a1y sin estr\u00e9s! Sin imprevistos, ni sorpresas, y sin largos procesos&#8230; \u00a1No tienes nada que perder pero mucho para ganar!<\/p>\n<p>Si est\u00e1s en un aprieto y necesitas vender tu casa tan r\u00e1pido como sea posible, sin demoras, agentes, ni comisiones,\u00a0Texas Home Offers de Dallas Fort Worth es el lugar que necesitas conocer. Puedes confiar en nuestro equipo, que te brindar\u00e1 servicios de primera calidad para ayudarte durante todo el proceso. Hemos comprado muchas propiedades de gente igual a ti\u2014y en muchas situaciones diferentes. \u00a1Podemos vender r\u00e1pidamente y conseguir el dinero que quieres y mereces!<\/p>\n<p><a style=\"font-size: 35px;\" href=\"tel:18449332225\"><img loading=\"lazy\" decoding=\"async\" class=\"alignnone\" src=\"https:\/\/texashomeoffers.com\/wp-content\/uploads\/2015\/07\/THO_number.png\" width=\"620\" height=\"64\" \/><\/a><\/p>\n<p>Hemos dise\u00f1ado la perfecta soluci\u00f3n para ayudar a resolver los problemas de los propietarios de Dallas Fort Worth que necesitan vender sus casas de forma r\u00e1pida y por dinero. Nuestro trabajo es ayudar a quienes buscan soluciones para sus problemas de bienes ra\u00edces. Nos esforzamos en\u00a0crear una situaci\u00f3n beneficiosa para todas las partes involucradas. No hay mayor satisfacci\u00f3n para nuestro equipo que ayudar a alguien en una mala situaci\u00f3n de vivienda. Somos los profesionales l\u00edderes en comprar casas en Dallas Fort Worth, Texas. Si nunca has vendido una casa y necesitas hacerlo r\u00e1pidamente, somos la soluci\u00f3n a tus problemas. Con nuestros servicios, evitar\u00e1s estresantes compromisos con compradores inseguros, te olvidar\u00e1s de negociaciones que consumir\u00e1n tu tiempo y te pondr\u00e1n nervioso, y te liberar\u00e1s de costosas e inc\u00f3modas reparaciones. No te preocupes m\u00e1s, porque nosotros compramos tu casa tal como est\u00e1\u2014de cualquier tama\u00f1o, forma y en cualquier condici\u00f3n\u2014\u00a1tal como est\u00e1!<\/p>\n<p><img loading=\"lazy\" decoding=\"async\" class=\"alignnone size-medium wp-image-94\" style=\"float: right; margin-left: 20px;\" src=\"https:\/\/texashomeoffers.com\/wp-content\/uploads\/2015\/08\/Dallas-Kacee_Jackson_with_phone-200x300.jpg\" alt=\"Kacee Jackson\" width=\"200\" height=\"300\" srcset=\"https:\/\/texashomeoffers.com\/wp-content\/uploads\/2015\/08\/Dallas-Kacee_Jackson_with_phone-200x300.jpg 200w, https:\/\/texashomeoffers.com\/wp-content\/uploads\/2015\/08\/Dallas-Kacee_Jackson_with_phone.jpg 600w\" sizes=\"(max-width: 200px) 100vw, 200px\" \/><\/p>\n<p>En nuestros a\u00f1os de experiencia, hemos comprado cientos de casas en la zona y hemos logrado consolidar una alta reputaci\u00f3n. Somos una empresa local que compra casas y que puede conseguir dinero en efectivo\u2014\u00a1R\u00c1PIDAMENTE! En lugar de poner en venta tu casa con una gran compa\u00f1\u00eda a la que no le importan tus necesidades, deja que te ayude alguien a quien s\u00ed le interesa ayudarte. Aqu\u00ed en Texas Home Offers de Dallas Fort Worth, sabemos que est\u00e1s presionado por el tiempo, y por eso te entregaremos el dinero que necesitas de forma r\u00e1pida para que contin\u00faes con tu vida y dejes atr\u00e1s esta situaci\u00f3n estresante.<\/p>\n<p>En Texas Home Offers de Dallas Fort Worth, eliminamos el estr\u00e9s que produce vender tu casa. Te proveeremos una simple y r\u00e1pida oferta y luego t\u00fa puedes decidir si te conviene o no seguir adelante. Al final, recibir\u00e1s dinero por tu casa&#8230; \u00bfY no es \u00e9sa la mejor soluci\u00f3n que existe? A diferencia de las grandes compa\u00f1\u00edas, que son dif\u00edciles de contactar, podr\u00e1s contactarnos en cualquier momento con todas las preguntas que tengas, y te ayudaremos de inmediato. <a style=\"font-size: 35px;\" href=\"tel:18449332225\"><img loading=\"lazy\" decoding=\"async\" class=\"alignnone\" src=\"https:\/\/texashomeoffers.com\/wp-content\/uploads\/2015\/07\/THO_number.png\" width=\"620\" height=\"64\" \/><\/a><\/p>\n<p>No pierdas m\u00e1s dinero en costosas reparaciones, no malgastes tus energ\u00edas preocup\u00e1ndote por el tiempo que tu casa estar\u00e1 en el mercado, \u00a1Texas Home Offers de Dallas Fort Worth tiene ahora mismo una oferta para tu casa! Lo \u00fanico que debes hacer es llamarnos al\u00a0<strong><a href=\"tel:18885121005\">(844) 933-2225<\/a><\/strong>\u00a0o completar nuestro simple formulario para recibir una respuesta inmediata. Te ofrecemos\u00a0una soluci\u00f3n r\u00e1pida, f\u00e1cil y sin complicaciones. No deber\u00e1s gastar dinero, porque con nosotros \u00a1no ver\u00e1s otra cosa que DINERO!\u00a0Texas Home Offers de Dallas Fort Worth es el equipo l\u00edder en compra de casas y te daremos el precio que quieres por tu casa. Si est\u00e1s listo para conseguir dinero por tu casa ya mismo, no dudes en contactarnos, \u00a1estar\u00e1s feliz de haberlo hecho!<\/p>\n<div>\n<h3>Texas Home Offers de Dallas<\/h3>\n<p>14350 Dallas Pkwy #107<br \/>\nDallas, TX 75254<br \/>\n<a href=\"tel:18449332225\">(844) 933-2225<\/a><\/p>\n<\/div>\n<p><iframe loading=\"lazy\" style=\"border: 0;\" src=\"https:\/\/www.google.com\/maps\/embed?pb=!1m18!1m12!1m3!1d26786.048587039833!2d-96.82036099999998!3d32.944248000000016!2m3!1f0!2f0!3f0!3m2!1i1024!2i768!4f13.1!3m3!1m2!1s0x864c212418009c1d%3A0x96f16ecdb8330d40!2s14350+Dallas+Pkwy+%23107%2C+Dallas%2C+TX+75254!5e0!3m2!1sen!2sus!4v1438193653367\" width=\"100%\" height=\"350\" frameborder=\"0\" allowfullscreen=\"allowfullscreen\"><\/iframe><\/p>\n<div class=\"two-column\"><img loading=\"lazy\" decoding=\"async\" class=\"size-full wp-image-104 alignnone\" src=\"https:\/\/texashomeoffers.com\/wp-content\/uploads\/2015\/07\/gray-logo.png\" alt=\"National Association of Realtors\" width=\"220\" height=\"67\" \/><\/div>\n<div class=\"two-column\"><img loading=\"lazy\" decoding=\"async\" class=\"size-full wp-image-108 alignnone\" src=\"https:\/\/texashomeoffers.com\/wp-content\/uploads\/2015\/07\/TexasRealtorAssociation.png\" alt=\"Texas Association of Realtors\" width=\"300\" height=\"59\" \/><\/div>\n<p>&nbsp;<\/p>\n","protected":false},"excerpt":{"rendered":"<p>Compra y Venta de Casas en Dallas Fort Worth, TX (844) 933-2225 \u00bfNecesitas vender tu casa ya mismo? Nosotros compramos propiedades de inmediato \u2014cualquiera sea el precio y las condiciones\u2014en el area de Dallas Fort Worth, \u00a1y lo hacemos en&#8230; <a class=\"read-more\" href=\"https:\/\/texashomeoffers.com\/es\/dallas-fort-worth\/\">Read more<\/a><\/p>\n","protected":false},"author":11,"featured_media":0,"parent":0,"menu_order":0,"comment_status":"closed","ping_status":"closed","template":"","meta":{"footnotes":""},"yoast_head":"<!-- This site is optimized with the Yoast SEO plugin v22.8 - https:\/\/yoast.com\/wordpress\/plugins\/seo\/ -->\n<title>[:es]Comprar Casas en Dallas Fort Worth : Compramos y Vendemos Casas Rapido[:]<\/title>\n<meta name=\"description\" content=\"[:es]Compramos casas que nadie quiere en Dallas Fort Worth. Llama al (214) 612-7259 para vender tu casa r\u00e1pido en Dallas Fort Worth, TX. Somos compradores de casas en Dallas Fort Worth te daremos el mejor precio posible.[:]\" \/>\n<meta name=\"robots\" content=\"index, follow, max-snippet:-1, max-image-preview:large, max-video-preview:-1\" \/>\n<link rel=\"canonical\" href=\"https:\/\/texashomeoffers.com\/es\/dallas-fort-worth\/\" \/>\n<meta property=\"og:locale\" content=\"es_ES\" \/>\n<meta property=\"og:type\" content=\"article\" \/>\n<meta property=\"og:title\" content=\"[:es]Comprar Casas en Dallas Fort Worth : Compramos y Vendemos Casas Rapido[:]\" \/>\n<meta property=\"og:description\" content=\"[:es]Compramos casas que nadie quiere en Dallas Fort Worth. Llama al (214) 612-7259 para vender tu casa r\u00e1pido en Dallas Fort Worth, TX. Somos compradores de casas en Dallas Fort Worth te daremos el mejor precio posible.[:]\" \/>\n<meta property=\"og:url\" content=\"https:\/\/texashomeoffers.com\/es\/dallas-fort-worth\/\" \/>\n<meta property=\"og:site_name\" content=\"Texas Home Offers\" \/>\n<meta property=\"og:image\" content=\"https:\/\/texashomeoffers.com\/wp-content\/uploads\/2015\/07\/dfw.png\" \/>\n<meta name=\"twitter:card\" content=\"summary_large_image\" \/>\n<meta name=\"twitter:label1\" content=\"Tiempo de lectura\" \/>\n\t<meta name=\"twitter:data1\" content=\"5 minutos\" \/>\n<script type=\"application\/ld+json\" class=\"yoast-schema-graph\">{\"@context\":\"https:\/\/schema.org\",\"@graph\":[{\"@type\":\"WebPage\",\"@id\":\"https:\/\/texashomeoffers.com\/es\/dallas-fort-worth\/\",\"url\":\"https:\/\/texashomeoffers.com\/es\/dallas-fort-worth\/\",\"name\":\"[:es]Comprar Casas en Dallas Fort Worth : Compramos y Vendemos Casas Rapido[:]\",\"isPartOf\":{\"@id\":\"https:\/\/texashomeoffers.com\/#website\"},\"primaryImageOfPage\":{\"@id\":\"https:\/\/texashomeoffers.com\/es\/dallas-fort-worth\/#primaryimage\"},\"image\":{\"@id\":\"https:\/\/texashomeoffers.com\/es\/dallas-fort-worth\/#primaryimage\"},\"thumbnailUrl\":\"https:\/\/texashomeoffers.com\/wp-content\/uploads\/2015\/07\/dfw.png\",\"datePublished\":\"2016-11-02T21:56:09+00:00\",\"dateModified\":\"2016-11-02T21:56:09+00:00\",\"description\":\"[:es]Compramos casas que nadie quiere en Dallas Fort Worth. Llama al (214) 612-7259 para vender tu casa r\u00e1pido en Dallas Fort Worth, TX. Somos compradores de casas en Dallas Fort Worth te daremos el mejor precio posible.[:]\",\"breadcrumb\":{\"@id\":\"https:\/\/texashomeoffers.com\/es\/dallas-fort-worth\/#breadcrumb\"},\"inLanguage\":\"es\",\"potentialAction\":[{\"@type\":\"ReadAction\",\"target\":[\"https:\/\/texashomeoffers.com\/es\/dallas-fort-worth\/\"]}]},{\"@type\":\"ImageObject\",\"inLanguage\":\"es\",\"@id\":\"https:\/\/texashomeoffers.com\/es\/dallas-fort-worth\/#primaryimage\",\"url\":\"https:\/\/texashomeoffers.com\/wp-content\/uploads\/2015\/07\/dfw.png\",\"contentUrl\":\"https:\/\/texashomeoffers.com\/wp-content\/uploads\/2015\/07\/dfw.png\"},{\"@type\":\"BreadcrumbList\",\"@id\":\"https:\/\/texashomeoffers.com\/es\/dallas-fort-worth\/#breadcrumb\",\"itemListElement\":[{\"@type\":\"ListItem\",\"position\":1,\"name\":\"Home\",\"item\":\"https:\/\/texashomeoffers.com\/es\/\"},{\"@type\":\"ListItem\",\"position\":2,\"name\":\"Dallas Fort Worth\"}]},{\"@type\":\"WebSite\",\"@id\":\"https:\/\/texashomeoffers.com\/#website\",\"url\":\"https:\/\/texashomeoffers.com\/\",\"name\":\"Texas Home Offers\",\"description\":\"\",\"publisher\":{\"@id\":\"https:\/\/texashomeoffers.com\/#organization\"},\"potentialAction\":[{\"@type\":\"SearchAction\",\"target\":{\"@type\":\"EntryPoint\",\"urlTemplate\":\"https:\/\/texashomeoffers.com\/?s={search_term_string}\"},\"query-input\":\"required name=search_term_string\"}],\"inLanguage\":\"es\"},{\"@type\":\"Organization\",\"@id\":\"https:\/\/texashomeoffers.com\/#organization\",\"name\":\"Texas Home Offers\",\"url\":\"https:\/\/texashomeoffers.com\/\",\"logo\":{\"@type\":\"ImageObject\",\"inLanguage\":\"es\",\"@id\":\"https:\/\/texashomeoffers.com\/#\/schema\/logo\/image\/\",\"url\":\"https:\/\/texashomeoffers.com\/wp-content\/uploads\/2015\/04\/logo.png\",\"contentUrl\":\"https:\/\/texashomeoffers.com\/wp-content\/uploads\/2015\/04\/logo.png\",\"width\":442,\"height\":132,\"caption\":\"Texas Home Offers\"},\"image\":{\"@id\":\"https:\/\/texashomeoffers.com\/#\/schema\/logo\/image\/\"}}]}<\/script>\n<!-- \/ Yoast SEO plugin. -->","yoast_head_json":{"title":"[:es]Comprar Casas en Dallas Fort Worth : Compramos y Vendemos Casas Rapido[:]","description":"[:es]Compramos casas que nadie quiere en Dallas Fort Worth. Llama al (214) 612-7259 para vender tu casa r\u00e1pido en Dallas Fort Worth, TX. Somos compradores de casas en Dallas Fort Worth te daremos el mejor precio posible.[:]","robots":{"index":"index","follow":"follow","max-snippet":"max-snippet:-1","max-image-preview":"max-image-preview:large","max-video-preview":"max-video-preview:-1"},"canonical":"https:\/\/texashomeoffers.com\/es\/dallas-fort-worth\/","og_locale":"es_ES","og_type":"article","og_title":"[:es]Comprar Casas en Dallas Fort Worth : Compramos y Vendemos Casas Rapido[:]","og_description":"[:es]Compramos casas que nadie quiere en Dallas Fort Worth. Llama al (214) 612-7259 para vender tu casa r\u00e1pido en Dallas Fort Worth, TX. Somos compradores de casas en Dallas Fort Worth te daremos el mejor precio posible.[:]","og_url":"https:\/\/texashomeoffers.com\/es\/dallas-fort-worth\/","og_site_name":"Texas Home Offers","og_image":[{"url":"https:\/\/texashomeoffers.com\/wp-content\/uploads\/2015\/07\/dfw.png"}],"twitter_card":"summary_large_image","twitter_misc":{"Tiempo de lectura":"5 minutos"},"schema":{"@context":"https:\/\/schema.org","@graph":[{"@type":"WebPage","@id":"https:\/\/texashomeoffers.com\/es\/dallas-fort-worth\/","url":"https:\/\/texashomeoffers.com\/es\/dallas-fort-worth\/","name":"[:es]Comprar Casas en Dallas Fort Worth : Compramos y Vendemos Casas Rapido[:]","isPartOf":{"@id":"https:\/\/texashomeoffers.com\/#website"},"primaryImageOfPage":{"@id":"https:\/\/texashomeoffers.com\/es\/dallas-fort-worth\/#primaryimage"},"image":{"@id":"https:\/\/texashomeoffers.com\/es\/dallas-fort-worth\/#primaryimage"},"thumbnailUrl":"https:\/\/texashomeoffers.com\/wp-content\/uploads\/2015\/07\/dfw.png","datePublished":"2016-11-02T21:56:09+00:00","dateModified":"2016-11-02T21:56:09+00:00","description":"[:es]Compramos casas que nadie quiere en Dallas Fort Worth. Llama al (214) 612-7259 para vender tu casa r\u00e1pido en Dallas Fort Worth, TX. Somos compradores de casas en Dallas Fort Worth te daremos el mejor precio posible.[:]","breadcrumb":{"@id":"https:\/\/texashomeoffers.com\/es\/dallas-fort-worth\/#breadcrumb"},"inLanguage":"es","potentialAction":[{"@type":"ReadAction","target":["https:\/\/texashomeoffers.com\/es\/dallas-fort-worth\/"]}]},{"@type":"ImageObject","inLanguage":"es","@id":"https:\/\/texashomeoffers.com\/es\/dallas-fort-worth\/#primaryimage","url":"https:\/\/texashomeoffers.com\/wp-content\/uploads\/2015\/07\/dfw.png","contentUrl":"https:\/\/texashomeoffers.com\/wp-content\/uploads\/2015\/07\/dfw.png"},{"@type":"BreadcrumbList","@id":"https:\/\/texashomeoffers.com\/es\/dallas-fort-worth\/#breadcrumb","itemListElement":[{"@type":"ListItem","position":1,"name":"Home","item":"https:\/\/texashomeoffers.com\/es\/"},{"@type":"ListItem","position":2,"name":"Dallas Fort Worth"}]},{"@type":"WebSite","@id":"https:\/\/texashomeoffers.com\/#website","url":"https:\/\/texashomeoffers.com\/","name":"Texas Home Offers","description":"","publisher":{"@id":"https:\/\/texashomeoffers.com\/#organization"},"potentialAction":[{"@type":"SearchAction","target":{"@type":"EntryPoint","urlTemplate":"https:\/\/texashomeoffers.com\/?s={search_term_string}"},"query-input":"required name=search_term_string"}],"inLanguage":"es"},{"@type":"Organization","@id":"https:\/\/texashomeoffers.com\/#organization","name":"Texas Home Offers","url":"https:\/\/texashomeoffers.com\/","logo":{"@type":"ImageObject","inLanguage":"es","@id":"https:\/\/texashomeoffers.com\/#\/schema\/logo\/image\/","url":"https:\/\/texashomeoffers.com\/wp-content\/uploads\/2015\/04\/logo.png","contentUrl":"https:\/\/texashomeoffers.com\/wp-content\/uploads\/2015\/04\/logo.png","width":442,"height":132,"caption":"Texas Home Offers"},"image":{"@id":"https:\/\/texashomeoffers.com\/#\/schema\/logo\/image\/"}}]}},"jetpack_sharing_enabled":true,"_links":{"self":[{"href":"https:\/\/texashomeoffers.com\/es\/wp-json\/wp\/v2\/pages\/1196\/"}],"collection":[{"href":"https:\/\/texashomeoffers.com\/es\/wp-json\/wp\/v2\/pages\/"}],"about":[{"href":"https:\/\/texashomeoffers.com\/es\/wp-json\/wp\/v2\/types\/page\/"}],"author":[{"embeddable":true,"href":"https:\/\/texashomeoffers.com\/es\/wp-json\/wp\/v2\/users\/11\/"}],"replies":[{"embeddable":true,"href":"https:\/\/texashomeoffers.com\/es\/wp-json\/wp\/v2\/comments\/?post=1196"}],"version-history":[{"count":0,"href":"https:\/\/texashomeoffers.com\/es\/wp-json\/wp\/v2\/pages\/1196\/revisions\/"}],"wp:attachment":[{"href":"https:\/\/texashomeoffers.com\/es\/wp-json\/wp\/v2\/media\/?parent=1196"}],"curies":[{"name":"wp","href":"https:\/\/api.w.org\/{rel}","templated":true}]}}