{"id":1199,"date":"2016-11-02T18:33:08","date_gmt":"2016-11-02T23:33:08","guid":{"rendered":"https:\/\/texashomeoffers.com\/es\/austin-ppc\/"},"modified":"2016-11-02T18:33:08","modified_gmt":"2016-11-02T23:33:08","slug":"austin-ppc","status":"publish","type":"page","link":"https:\/\/texashomeoffers.com\/es\/austin-ppc\/","title":{"rendered":"Austin-PPC"},"content":{"rendered":"<h1>COMPRAMOS CUALQUIER CASA, EN CUALQUIER CONDICI\u00d3N&#8230; \u00a1Y R\u00c1PIDO!<\/h1>\n<h2>\u00bfQuieres vender tu casa r\u00e1pido, sin comisi\u00f3n, sin agentes, sin porcentajes?<\/h2>\n<p>&nbsp;<\/p>\n<p><img decoding=\"async\" src=\"https:\/\/texashomeoffers.com\/wp-content\/uploads\/2015\/07\/austin.png\" alt=\"We Buy Houses Austin\" \/><\/p>\n<p><strong>\u00bfTienes una casa que necesita much\u00edsimas reparaciones?<\/strong><br \/>\nNos especializamos en reparaciones pesadas. Podemos comprar su casa tal como se encuentra.<\/p>\n<p><strong>\u00bfProblemas al realizar\u00a0pagos?<\/strong><br \/>\nPodemos ayudarte a detener esos pagos al comprar tu casa r\u00e1pidamente, sin costos ni molestias.<\/p>\n<p><strong>\u00bfHeredaste una casa que quieres vender?<\/strong><br \/>\nHacemos que sea f\u00e1cil vender casas heredadas, incluso si no vives en el lugar.<\/p>\n<p>&nbsp;<\/p>\n<p><a href=\"tel:18449332225\"><img loading=\"lazy\" decoding=\"async\" class=\"alignnone\" src=\"https:\/\/texashomeoffers.com\/wp-content\/uploads\/2015\/07\/THO_number.png\" width=\"620\" height=\"64\" \/><\/a><\/p>\n<h2>\u00a1Queremos comprar tu casa hoy mismo, por dinero!<\/h2>\n<p>Hemos comprado m\u00e1s de 100 propiedades de due\u00f1os iguales a ti, aqu\u00ed mismo en Austin.<\/p>\n<p>No somos una red de empresas, somos inversores de bienes ra\u00edces locales de Austin que han creado la forma m\u00e1s efectiva para ayudar a due\u00f1os cuando quieren vender sus casas r\u00e1pidamente y a un precio justo.<\/p>\n<p>Vender tu casa puede resultar costoso y complicado. Los agentes de bienes ra\u00edces te cobrar\u00e1n cientos de d\u00f3lares o m\u00e1s por una sola venta. Le quitamos el estr\u00e9s a la venta de tu propiedad.<\/p>\n<h3>Llama al\u00a0<a href=\"tel:18449332225\">(844) 933-2225<\/a>\u00a0o llena nuestro formulario para obtener un oferta justa.<\/h3>\n<p>&nbsp;<\/p>\n","protected":false},"excerpt":{"rendered":"<p>COMPRAMOS CUALQUIER CASA, EN CUALQUIER CONDICI\u00d3N&#8230; \u00a1Y R\u00c1PIDO! \u00bfQuieres vender tu casa r\u00e1pido, sin comisi\u00f3n, sin agentes, sin porcentajes? &nbsp; \u00bfTienes una casa que necesita much\u00edsimas reparaciones? Nos especializamos en reparaciones pesadas. Podemos comprar su casa tal como se encuentra&#8230;. <a class=\"read-more\" href=\"https:\/\/texashomeoffers.com\/es\/austin-ppc\/\">Read more<\/a><\/p>\n","protected":false},"author":7,"featured_media":0,"parent":0,"menu_order":0,"comment_status":"closed","ping_status":"closed","template":"page-ppc.php","meta":{"footnotes":""},"yoast_head":"<!-- This site is optimized with the Yoast SEO plugin v22.8 - https:\/\/yoast.com\/wordpress\/plugins\/seo\/ -->\n<title>Austin-PPC<\/title>\n<meta name=\"robots\" content=\"index, follow, max-snippet:-1, max-image-preview:large, max-video-preview:-1\" \/>\n<link rel=\"canonical\" href=\"https:\/\/texashomeoffers.com\/es\/austin-ppc\/\" \/>\n<meta property=\"og:locale\" content=\"es_ES\" \/>\n<meta property=\"og:type\" content=\"article\" \/>\n<meta property=\"og:title\" content=\"Austin-PPC\" \/>\n<meta property=\"og:description\" content=\"COMPRAMOS CUALQUIER CASA, EN CUALQUIER CONDICI\u00d3N&#8230; \u00a1Y R\u00c1PIDO! \u00bfQuieres vender tu casa r\u00e1pido, sin comisi\u00f3n, sin agentes, sin porcentajes? &nbsp; \u00bfTienes una casa que necesita much\u00edsimas reparaciones? Nos especializamos en reparaciones pesadas. Podemos comprar su casa tal como se encuentra.... Read more\" \/>\n<meta property=\"og:url\" content=\"https:\/\/texashomeoffers.com\/es\/austin-ppc\/\" \/>\n<meta property=\"og:site_name\" content=\"Texas Home Offers\" \/>\n<meta property=\"og:image\" content=\"https:\/\/texashomeoffers.com\/wp-content\/uploads\/2015\/07\/austin.png\" \/>\n<meta name=\"twitter:card\" content=\"summary_large_image\" \/>\n<meta name=\"twitter:label1\" content=\"Tiempo de lectura\" \/>\n\t<meta name=\"twitter:data1\" content=\"1 minuto\" \/>\n<script type=\"application\/ld+json\" class=\"yoast-schema-graph\">{\"@context\":\"https:\/\/schema.org\",\"@graph\":[{\"@type\":\"WebPage\",\"@id\":\"https:\/\/texashomeoffers.com\/es\/austin-ppc\/\",\"url\":\"https:\/\/texashomeoffers.com\/es\/austin-ppc\/\",\"name\":\"Austin-PPC\",\"isPartOf\":{\"@id\":\"https:\/\/texashomeoffers.com\/#website\"},\"primaryImageOfPage\":{\"@id\":\"https:\/\/texashomeoffers.com\/es\/austin-ppc\/#primaryimage\"},\"image\":{\"@id\":\"https:\/\/texashomeoffers.com\/es\/austin-ppc\/#primaryimage\"},\"thumbnailUrl\":\"https:\/\/texashomeoffers.com\/wp-content\/uploads\/2015\/07\/austin.png\",\"datePublished\":\"2016-11-02T23:33:08+00:00\",\"dateModified\":\"2016-11-02T23:33:08+00:00\",\"breadcrumb\":{\"@id\":\"https:\/\/texashomeoffers.com\/es\/austin-ppc\/#breadcrumb\"},\"inLanguage\":\"es\",\"potentialAction\":[{\"@type\":\"ReadAction\",\"target\":[\"https:\/\/texashomeoffers.com\/es\/austin-ppc\/\"]}]},{\"@type\":\"ImageObject\",\"inLanguage\":\"es\",\"@id\":\"https:\/\/texashomeoffers.com\/es\/austin-ppc\/#primaryimage\",\"url\":\"https:\/\/texashomeoffers.com\/wp-content\/uploads\/2015\/07\/austin.png\",\"contentUrl\":\"https:\/\/texashomeoffers.com\/wp-content\/uploads\/2015\/07\/austin.png\"},{\"@type\":\"BreadcrumbList\",\"@id\":\"https:\/\/texashomeoffers.com\/es\/austin-ppc\/#breadcrumb\",\"itemListElement\":[{\"@type\":\"ListItem\",\"position\":1,\"name\":\"Home\",\"item\":\"https:\/\/texashomeoffers.com\/es\/\"},{\"@type\":\"ListItem\",\"position\":2,\"name\":\"Austin-PPC\"}]},{\"@type\":\"WebSite\",\"@id\":\"https:\/\/texashomeoffers.com\/#website\",\"url\":\"https:\/\/texashomeoffers.com\/\",\"name\":\"Texas Home Offers\",\"description\":\"\",\"publisher\":{\"@id\":\"https:\/\/texashomeoffers.com\/#organization\"},\"potentialAction\":[{\"@type\":\"SearchAction\",\"target\":{\"@type\":\"EntryPoint\",\"urlTemplate\":\"https:\/\/texashomeoffers.com\/?s={search_term_string}\"},\"query-input\":\"required name=search_term_string\"}],\"inLanguage\":\"es\"},{\"@type\":\"Organization\",\"@id\":\"https:\/\/texashomeoffers.com\/#organization\",\"name\":\"Texas Home Offers\",\"url\":\"https:\/\/texashomeoffers.com\/\",\"logo\":{\"@type\":\"ImageObject\",\"inLanguage\":\"es\",\"@id\":\"https:\/\/texashomeoffers.com\/#\/schema\/logo\/image\/\",\"url\":\"https:\/\/texashomeoffers.com\/wp-content\/uploads\/2015\/04\/logo.png\",\"contentUrl\":\"https:\/\/texashomeoffers.com\/wp-content\/uploads\/2015\/04\/logo.png\",\"width\":442,\"height\":132,\"caption\":\"Texas Home Offers\"},\"image\":{\"@id\":\"https:\/\/texashomeoffers.com\/#\/schema\/logo\/image\/\"}}]}<\/script>\n<!-- \/ Yoast SEO plugin. -->","yoast_head_json":{"title":"Austin-PPC","robots":{"index":"index","follow":"follow","max-snippet":"max-snippet:-1","max-image-preview":"max-image-preview:large","max-video-preview":"max-video-preview:-1"},"canonical":"https:\/\/texashomeoffers.com\/es\/austin-ppc\/","og_locale":"es_ES","og_type":"article","og_title":"Austin-PPC","og_description":"COMPRAMOS CUALQUIER CASA, EN CUALQUIER CONDICI\u00d3N&#8230; \u00a1Y R\u00c1PIDO! \u00bfQuieres vender tu casa r\u00e1pido, sin comisi\u00f3n, sin agentes, sin porcentajes? &nbsp; \u00bfTienes una casa que necesita much\u00edsimas reparaciones? Nos especializamos en reparaciones pesadas. Podemos comprar su casa tal como se encuentra.... Read more","og_url":"https:\/\/texashomeoffers.com\/es\/austin-ppc\/","og_site_name":"Texas Home Offers","og_image":[{"url":"https:\/\/texashomeoffers.com\/wp-content\/uploads\/2015\/07\/austin.png"}],"twitter_card":"summary_large_image","twitter_misc":{"Tiempo de lectura":"1 minuto"},"schema":{"@context":"https:\/\/schema.org","@graph":[{"@type":"WebPage","@id":"https:\/\/texashomeoffers.com\/es\/austin-ppc\/","url":"https:\/\/texashomeoffers.com\/es\/austin-ppc\/","name":"Austin-PPC","isPartOf":{"@id":"https:\/\/texashomeoffers.com\/#website"},"primaryImageOfPage":{"@id":"https:\/\/texashomeoffers.com\/es\/austin-ppc\/#primaryimage"},"image":{"@id":"https:\/\/texashomeoffers.com\/es\/austin-ppc\/#primaryimage"},"thumbnailUrl":"https:\/\/texashomeoffers.com\/wp-content\/uploads\/2015\/07\/austin.png","datePublished":"2016-11-02T23:33:08+00:00","dateModified":"2016-11-02T23:33:08+00:00","breadcrumb":{"@id":"https:\/\/texashomeoffers.com\/es\/austin-ppc\/#breadcrumb"},"inLanguage":"es","potentialAction":[{"@type":"ReadAction","target":["https:\/\/texashomeoffers.com\/es\/austin-ppc\/"]}]},{"@type":"ImageObject","inLanguage":"es","@id":"https:\/\/texashomeoffers.com\/es\/austin-ppc\/#primaryimage","url":"https:\/\/texashomeoffers.com\/wp-content\/uploads\/2015\/07\/austin.png","contentUrl":"https:\/\/texashomeoffers.com\/wp-content\/uploads\/2015\/07\/austin.png"},{"@type":"BreadcrumbList","@id":"https:\/\/texashomeoffers.com\/es\/austin-ppc\/#breadcrumb","itemListElement":[{"@type":"ListItem","position":1,"name":"Home","item":"https:\/\/texashomeoffers.com\/es\/"},{"@type":"ListItem","position":2,"name":"Austin-PPC"}]},{"@type":"WebSite","@id":"https:\/\/texashomeoffers.com\/#website","url":"https:\/\/texashomeoffers.com\/","name":"Texas Home Offers","description":"","publisher":{"@id":"https:\/\/texashomeoffers.com\/#organization"},"potentialAction":[{"@type":"SearchAction","target":{"@type":"EntryPoint","urlTemplate":"https:\/\/texashomeoffers.com\/?s={search_term_string}"},"query-input":"required name=search_term_string"}],"inLanguage":"es"},{"@type":"Organization","@id":"https:\/\/texashomeoffers.com\/#organization","name":"Texas Home Offers","url":"https:\/\/texashomeoffers.com\/","logo":{"@type":"ImageObject","inLanguage":"es","@id":"https:\/\/texashomeoffers.com\/#\/schema\/logo\/image\/","url":"https:\/\/texashomeoffers.com\/wp-content\/uploads\/2015\/04\/logo.png","contentUrl":"https:\/\/texashomeoffers.com\/wp-content\/uploads\/2015\/04\/logo.png","width":442,"height":132,"caption":"Texas Home Offers"},"image":{"@id":"https:\/\/texashomeoffers.com\/#\/schema\/logo\/image\/"}}]}},"jetpack_sharing_enabled":true,"_links":{"self":[{"href":"https:\/\/texashomeoffers.com\/es\/wp-json\/wp\/v2\/pages\/1199\/"}],"collection":[{"href":"https:\/\/texashomeoffers.com\/es\/wp-json\/wp\/v2\/pages\/"}],"about":[{"href":"https:\/\/texashomeoffers.com\/es\/wp-json\/wp\/v2\/types\/page\/"}],"author":[{"embeddable":true,"href":"https:\/\/texashomeoffers.com\/es\/wp-json\/wp\/v2\/users\/7\/"}],"replies":[{"embeddable":true,"href":"https:\/\/texashomeoffers.com\/es\/wp-json\/wp\/v2\/comments\/?post=1199"}],"version-history":[{"count":0,"href":"https:\/\/texashomeoffers.com\/es\/wp-json\/wp\/v2\/pages\/1199\/revisions\/"}],"wp:attachment":[{"href":"https:\/\/texashomeoffers.com\/es\/wp-json\/wp\/v2\/media\/?parent=1199"}],"curies":[{"name":"wp","href":"https:\/\/api.w.org\/{rel}","templated":true}]}}