{"id":1202,"date":"2016-11-03T15:50:45","date_gmt":"2016-11-03T20:50:45","guid":{"rendered":"https:\/\/texashomeoffers.com\/es\/austin\/"},"modified":"2016-11-10T13:49:48","modified_gmt":"2016-11-10T18:49:48","slug":"austin","status":"publish","type":"page","link":"https:\/\/texashomeoffers.com\/es\/austin\/","title":{"rendered":"Austin"},"content":{"rendered":"<h1><span data-sheets-userformat=\"[null,null,513,[null,0],null,null,null,null,null,null,null,null,0]\" data-sheets-value=\"[null,2,&quot;Buy &amp; Sell Houses in Austin&quot;]\">Compra casas en Austin, Texas y sus alrededores<\/span><\/h1>\n<p><a style=\"font-size: 35px;\" href=\"tel:15129006840\">(512) 900-6840<\/a><\/p>\n<p><iframe loading=\"lazy\" src=\"https:\/\/www.youtube.com\/embed\/ZQGBTKzawZ4\" width=\"600\" height=\"355\" frameborder=\"0\" allowfullscreen=\"allowfullscreen\"><\/iframe><\/p>\n<p>Buscas vender tu casa en el \u00e1rea de Austin? \u00a0Texas Home Offers de Austin comprar\u00e1 su casa \u00a1en solo 7 d\u00edas! Todo lo que necesitas hacer es llamarnos al <strong><a href=\"tel:15129006840\">(512) 900-6840<\/a><\/strong> o llenar un formulario de no obligaci\u00f3n para comenzar hoy mismo. Nos comunicaremos contigo muy pronto con una oferta justa y te daremos efectivo por tu propiedad r\u00e1pidamente \u00a1sin tarifas. sin agente, sin comisiones!<\/p>\n<p><img decoding=\"async\" src=\"https:\/\/texashomeoffers.com\/wp-content\/uploads\/2015\/07\/austin.png\" alt=\"We Buy Houses Austin\" \/><\/p>\n<p>Texas Home Offers no es parte de una compa\u00f1\u00eda nacional gigante. En lugar de eso, somos un equipo local cuyas bases est\u00e1n aqu\u00ed en Austin, Texas. Estamos muy orgullosos de servir a las comunidades de Corpus Christi, Dallas, Houston, San Antonio, Round Rock, Hippie Hollow, Pflugerville, Leander, Manor, Del Valle, Lake Travis, Hays, Dripping Springs, Lady Bird Lake, Soco y m\u00e1s all\u00e1. Texas Home Offers conocer el mercado de bienes y ra\u00edces como nadie m\u00e1s y ama ayudar a la gente a vender sus casas r\u00e1pido, y conseguirles la mayor cantidad de dinero por sus propiedades. Asistimos a todo aquel que busque vender su propiedad como est\u00e1. Si buscas vender una casa heredada o necesitas vender tu propio hogar a causa de un divorcio o para evitar la ejecuci\u00f3n hipotecaria, nuestros expertos en bienes y ra\u00edces pueden ayudarte a obtener DINERO R\u00c1PIDO por tu casa.<\/p>\n<p><img loading=\"lazy\" decoding=\"async\" style=\"float: left; margin-right: 20px;\" src=\"https:\/\/texashomeoffers.com\/wp-content\/uploads\/2015\/08\/Austin-Kacee_Jackson-200x300.jpg\" alt=\"Kacee Jackson Realtor - We Buy Houses Austin For You\" width=\"200\" height=\"300\" \/>Tambi\u00e9n compramos casas indeseables en el \u00e1rea de Austin, Texas. Si, lo ley\u00f3 correctamente. Compramos casas en cualesquiera condiciones, \u00a1sin hacer preguntas! No tienes que horas limpiando, invertir dinero en reparaciones o preocup\u00e1ndote por nada porque la compramos como est\u00e1. Con nuestros expertos en bienes y ra\u00edces, evitar\u00e1 las pesadas comisiones de agentes, costos de muestra, Visitas casa abierta, y cualquier otro l\u00edo y frustraci\u00f3n asociada con la venta de su casa. Porque pagamos en efectivo, podemos cerrar el negocio r\u00e1pidamente, \u00a1en solo 7 d\u00edas! Nuestra misi\u00f3n es hacer su vida m\u00e1s f\u00e1cil and darle un alto precio por su hogar- todo lo que necesita es llamarnos. Prometemos que no hay nada que perder, pero mucho que ganar. Haremos todo lo posible por asegurar que el proceso sea suave, simple, y libre de problemas<\/p>\n<p>Si quieres obtener el precio m\u00e1s alto por tu casa, sin pagar a comisiones de agentes, tarifas, o perder tiempo esperando hasta que finalmente se venda, Texas Home Offers de Austin es la compa\u00f1\u00eda con la que trabajar. Puedes confiar en nuestros expertos experimentados y conocedores en bienes y ra\u00edces. Tenemos muchos a\u00f1os de experiencia ayudando a personas como t\u00fa a obtener el m\u00e1s alto precio por sus hogares. Hemos ayudado exitosamente a miles de propietarios en Austin, as\u00ed como t\u00fa, vendieron sus hogares en solo 7 d\u00edas \u00a1y estamos seguros que lo podemos hacer por ti!<\/p>\n<p><a href=\"tel:18449332225\"><img loading=\"lazy\" decoding=\"async\" class=\"alignnone\" src=\"https:\/\/texashomeoffers.com\/wp-content\/uploads\/2015\/07\/THO_number.png\" width=\"620\" height=\"64\" \/><\/a><\/p>\n<p>Si tienes una casa deteriorada que necesitas vender, nuestro equipo de compradores de Austin est\u00e1 aqu\u00ed para asistirte. No hay necesidad de invertir dinero en arreglarla y nada de costos saliendo de tu bolsillo. No tienes que gastar dinero en tarifas pesadas, comisiones de agentes de bienes y ra\u00edces, o ning\u00fan otro cargo asociado a la venta de tu casa. si nunca has vendido una casa anteriormente, has heredado una casa o estas teniendo problemas que te est\u00e1n llevando a la ejecuci\u00f3n de una hipoteca, llegaremos a una soluci\u00f3n que satisfaga tus necesidades. Con ayuda de nuestros expertos, evitaras tener que organizar reuniones con agentes de bienes y ra\u00edces y compradores potenciales- No tendr\u00e1s que perder tu precioso tiempo negociando de ida y vuelta, y no tendr\u00e1s que perder tu tiempo o dinero limpiando o arreglando su propiedad. As\u00ed es, no se preocupe por arreglar cosas en su propiedad- Compramos hogares en cualquier estado, cualquier condici\u00f3n, y lo m\u00e1s importante, \u00a1lo hacemos por efectivo!<\/p>\n<p><img loading=\"lazy\" decoding=\"async\" style=\"float: right; margin-left: 20px;\" src=\"https:\/\/texashomeoffers.com\/wp-content\/uploads\/2015\/08\/Austin-Janet_and_Russell-300x206.jpg\" alt=\"Russell Spillers Investor - Home Buyers Austin TX\" width=\"300\" height=\"206\" \/><\/p>\n<p>En Texas Home Offer de Austin ofrecemos un servicio sin precedentes para nuestros clientes y elimina las preocupaciones y frustraciones del proceso normalmente estresante. Simplificamos el proceso y ofrecemos a nuestros clientes un servicio r\u00e1pido. Al final, recibir\u00e1 efectivo por su casa, sin ninguna preocupaci\u00f3n en el mundo- Permitiendo que contin\u00faes con tu vida mientras cuidas tu negocio. Siempre estamos al alcance y responderemos cualquier pregunta que tengas. \u00bfPor qu\u00e9 atravesar todo el estr\u00e9s de vender tu casa por ti mismo si nosotros somos expertos y podemos darte efectivo en solo 7 d\u00edas?<br \/>\nNuestro \u00e9xito habla por s\u00ed solo y ya hemos comprado miles de hogares en el \u00e1rea de Austin, Texas. Hemos ganado una reputaci\u00f3n por excelencia, integridad y valores. Como l\u00edderes en el negocio, puedes confiar en nosotros cuando est\u00e9s listo para vender. En vez de colocar en lista tu casa con otros miles y esperar por meses para venderla, nosotros podemos quitar todo el estr\u00e9s y darte dinero r\u00e1pido por tu propiedad. Texas Home Offers de Austin puede ofrecer una soluci\u00f3n simple, rapida y eficiente a tus necesidades de venta.<\/p>\n<p>&nbsp;<\/p>\n<p><a href=\"tel:18449332225\"><img loading=\"lazy\" decoding=\"async\" class=\"alignnone\" src=\"https:\/\/texashomeoffers.com\/wp-content\/uploads\/2015\/07\/THO_number.png\" width=\"620\" height=\"64\" \/><\/a><\/p>\n<p>\u00a1No dejes que tu situaci\u00f3n se torne fea! &#8211; Podemos darte una oferta por tu casa \u00a1HOY! todo los que necesitas es llamar al <strong><a href=\"tel:15129006840\">512-900-6840<\/a><\/strong> o llenar un formato simple y te contactaremos r\u00e1pidamente. Te ofrecemos un acuerdo r\u00e1pido que es f\u00e1cil y libre de molestias. Lo mejor de nuestros servicios es que nada saldr\u00e1 de tu bolsillo- todo lo que recibir\u00e1s es efectivo al final.<\/p>\n<p>Texas Home Offers de Austin ya ha ayudado a miles de clientes que buscaban vender y obtener un alto precio por sus propiedades. Ahora, \u00a1queremos escucharte y hacer lo mismo!<\/p>\n<div>\n<h3><a href=\"https:\/\/plus.google.com\/100773268540707678285\/about\">Texas Home Offers de Austin<\/a><\/h3>\n<p>8500 Adirondack Cove<br \/>\nAustin, TX 78759<br \/>\n<a href=\"tel:15129006840\">(512) 900-6840<\/a><\/p>\n<\/div>\n<p><iframe loading=\"lazy\" src=\"https:\/\/www.google.com\/maps\/embed?pb=!1m18!1m12!1m3!1d13767.4253617733!2d-97.76510300000001!3d30.383436999999994!2m3!1f0!2f0!3f0!3m2!1i1024!2i768!4f13.1!3m3!1m2!1s0x8644cb5e76006363%3A0x1fa4213ea88bde55!2sTexas+Home+Offers+of+Austin!5e0!3m2!1sen!2sus!4v1438192770841\" width=\"100%\" height=\"350\" frameborder=\"0\" allowfullscreen=\"allowfullscreen\"><\/iframe><\/p>\n<div class=\"three-column\"><img loading=\"lazy\" decoding=\"async\" class=\"size-full wp-image-103 aligning alignnone\" src=\"https:\/\/texashomeoffers.com\/wp-content\/uploads\/2015\/07\/aborlogo_new.jpg\" alt=\"Austin Board of Realtors\" width=\"180\" height=\"70\" \/><\/div>\n<div class=\"three-column\"><img loading=\"lazy\" decoding=\"async\" class=\"size-full wp-image-104 alignnone\" src=\"https:\/\/texashomeoffers.com\/wp-content\/uploads\/2015\/07\/gray-logo.png\" alt=\"National Association of Realtors\" width=\"220\" height=\"67\" \/><\/div>\n<div class=\"three-column\"><img loading=\"lazy\" decoding=\"async\" class=\"size-full wp-image-108 alignnone\" src=\"https:\/\/texashomeoffers.com\/wp-content\/uploads\/2015\/07\/TexasRealtorAssociation.png\" alt=\"Texas Association of Realtors\" width=\"300\" height=\"59\" \/><\/div>\n<p>Llama a nuestro staff al\u00a0<strong><a href=\"tel:15129006840\">512-900-6840<\/a><\/strong> o llena el formulario para una r\u00e1pida respuesta. Ofrecemos un acuerdo que es f\u00e1cil y libre de molestias. Y lo mejor que nada sale de tu bolsillo- solo efectivo real por tu propiedad. Texas Home Offers de Austin ha ayudado a cientos de propietarios a vender por un precio de cambio justo y exitoso, y \u00a1Queremos trabajar contigo!<\/p>\n<p><iframe loading=\"lazy\" src=\"https:\/\/www.google.com\/maps\/embed?pb=!1m18!1m12!1m3!1d13767.4253617733!2d-97.76510300000001!3d30.383436999999994!2m3!1f0!2f0!3f0!3m2!1i1024!2i768!4f13.1!3m3!1m2!1s0x8644cb5e76006363%3A0x1fa4213ea88bde55!2sTexas+Home+Offers+of+Austin!5e0!3m2!1sen!2sus!4v1438192770841\" width=\"100%\" height=\"350\" frameborder=\"0\" allowfullscreen=\"allowfullscreen\"><\/iframe><\/p>\n<div class=\"three-column\"><img loading=\"lazy\" decoding=\"async\" class=\"size-full wp-image-103 aligning alignnone\" src=\"https:\/\/texashomeoffers.com\/wp-content\/uploads\/2015\/07\/aborlogo_new.jpg\" alt=\"Austin Board of Realtors\" width=\"180\" height=\"70\" \/><\/div>\n<div class=\"three-column\"><img loading=\"lazy\" decoding=\"async\" class=\"size-full wp-image-104 alignnone\" src=\"https:\/\/texashomeoffers.com\/wp-content\/uploads\/2015\/07\/gray-logo.png\" alt=\"National Association of Realtors\" width=\"220\" height=\"67\" \/><\/div>\n<div class=\"three-column\"><img loading=\"lazy\" decoding=\"async\" class=\"size-full wp-image-108 alignnone\" src=\"https:\/\/texashomeoffers.com\/wp-content\/uploads\/2015\/07\/TexasRealtorAssociation.png\" alt=\"Texas Association of Realtors\" width=\"300\" height=\"59\" \/><\/div>\n","protected":false},"excerpt":{"rendered":"<p>Compra casas en Austin, Texas y sus alrededores (512) 900-6840 Buscas vender tu casa en el \u00e1rea de Austin? \u00a0Texas Home Offers de Austin comprar\u00e1 su casa \u00a1en solo 7 d\u00edas! Todo lo que necesitas hacer es llamarnos al (512)&#8230; <a class=\"read-more\" href=\"https:\/\/texashomeoffers.com\/es\/austin\/\">Read more<\/a><\/p>\n","protected":false},"author":0,"featured_media":0,"parent":0,"menu_order":0,"comment_status":"closed","ping_status":"closed","template":"page-iptarget.php","meta":{"footnotes":""},"yoast_head":"<!-- This site is optimized with the Yoast SEO plugin v22.8 - https:\/\/yoast.com\/wordpress\/plugins\/seo\/ -->\n<title>Austin<\/title>\n<meta name=\"robots\" content=\"index, follow, max-snippet:-1, max-image-preview:large, max-video-preview:-1\" \/>\n<link rel=\"canonical\" href=\"https:\/\/texashomeoffers.com\/es\/austin\/\" \/>\n<meta property=\"og:locale\" content=\"es_ES\" \/>\n<meta property=\"og:type\" content=\"article\" \/>\n<meta property=\"og:title\" content=\"Austin\" \/>\n<meta property=\"og:description\" content=\"Compra casas en Austin, Texas y sus alrededores (512) 900-6840 Buscas vender tu casa en el \u00e1rea de Austin? \u00a0Texas Home Offers de Austin comprar\u00e1 su casa \u00a1en solo 7 d\u00edas! Todo lo que necesitas hacer es llamarnos al (512)... Read more\" \/>\n<meta property=\"og:url\" content=\"https:\/\/texashomeoffers.com\/es\/austin\/\" \/>\n<meta property=\"og:site_name\" content=\"Texas Home Offers\" \/>\n<meta property=\"article:modified_time\" content=\"2016-11-10T18:49:48+00:00\" \/>\n<meta property=\"og:image\" content=\"https:\/\/texashomeoffers.com\/wp-content\/uploads\/2015\/07\/austin.png\" \/>\n<meta name=\"twitter:card\" content=\"summary_large_image\" \/>\n<meta name=\"twitter:label1\" content=\"Tiempo de lectura\" \/>\n\t<meta name=\"twitter:data1\" content=\"5 minutos\" \/>\n<script type=\"application\/ld+json\" class=\"yoast-schema-graph\">{\"@context\":\"https:\/\/schema.org\",\"@graph\":[{\"@type\":\"WebPage\",\"@id\":\"https:\/\/texashomeoffers.com\/es\/austin\/\",\"url\":\"https:\/\/texashomeoffers.com\/es\/austin\/\",\"name\":\"Austin\",\"isPartOf\":{\"@id\":\"https:\/\/texashomeoffers.com\/#website\"},\"primaryImageOfPage\":{\"@id\":\"https:\/\/texashomeoffers.com\/es\/austin\/#primaryimage\"},\"image\":{\"@id\":\"https:\/\/texashomeoffers.com\/es\/austin\/#primaryimage\"},\"thumbnailUrl\":\"https:\/\/texashomeoffers.com\/wp-content\/uploads\/2015\/07\/austin.png\",\"datePublished\":\"2016-11-03T20:50:45+00:00\",\"dateModified\":\"2016-11-10T18:49:48+00:00\",\"breadcrumb\":{\"@id\":\"https:\/\/texashomeoffers.com\/es\/austin\/#breadcrumb\"},\"inLanguage\":\"es\",\"potentialAction\":[{\"@type\":\"ReadAction\",\"target\":[\"https:\/\/texashomeoffers.com\/es\/austin\/\"]}]},{\"@type\":\"ImageObject\",\"inLanguage\":\"es\",\"@id\":\"https:\/\/texashomeoffers.com\/es\/austin\/#primaryimage\",\"url\":\"https:\/\/texashomeoffers.com\/wp-content\/uploads\/2015\/07\/austin.png\",\"contentUrl\":\"https:\/\/texashomeoffers.com\/wp-content\/uploads\/2015\/07\/austin.png\"},{\"@type\":\"BreadcrumbList\",\"@id\":\"https:\/\/texashomeoffers.com\/es\/austin\/#breadcrumb\",\"itemListElement\":[{\"@type\":\"ListItem\",\"position\":1,\"name\":\"Home\",\"item\":\"https:\/\/texashomeoffers.com\/es\/\"},{\"@type\":\"ListItem\",\"position\":2,\"name\":\"Austin\"}]},{\"@type\":\"WebSite\",\"@id\":\"https:\/\/texashomeoffers.com\/#website\",\"url\":\"https:\/\/texashomeoffers.com\/\",\"name\":\"Texas Home Offers\",\"description\":\"\",\"publisher\":{\"@id\":\"https:\/\/texashomeoffers.com\/#organization\"},\"potentialAction\":[{\"@type\":\"SearchAction\",\"target\":{\"@type\":\"EntryPoint\",\"urlTemplate\":\"https:\/\/texashomeoffers.com\/?s={search_term_string}\"},\"query-input\":\"required name=search_term_string\"}],\"inLanguage\":\"es\"},{\"@type\":\"Organization\",\"@id\":\"https:\/\/texashomeoffers.com\/#organization\",\"name\":\"Texas Home Offers\",\"url\":\"https:\/\/texashomeoffers.com\/\",\"logo\":{\"@type\":\"ImageObject\",\"inLanguage\":\"es\",\"@id\":\"https:\/\/texashomeoffers.com\/#\/schema\/logo\/image\/\",\"url\":\"https:\/\/texashomeoffers.com\/wp-content\/uploads\/2015\/04\/logo.png\",\"contentUrl\":\"https:\/\/texashomeoffers.com\/wp-content\/uploads\/2015\/04\/logo.png\",\"width\":442,\"height\":132,\"caption\":\"Texas Home Offers\"},\"image\":{\"@id\":\"https:\/\/texashomeoffers.com\/#\/schema\/logo\/image\/\"}}]}<\/script>\n<!-- \/ Yoast SEO plugin. -->","yoast_head_json":{"title":"Austin","robots":{"index":"index","follow":"follow","max-snippet":"max-snippet:-1","max-image-preview":"max-image-preview:large","max-video-preview":"max-video-preview:-1"},"canonical":"https:\/\/texashomeoffers.com\/es\/austin\/","og_locale":"es_ES","og_type":"article","og_title":"Austin","og_description":"Compra casas en Austin, Texas y sus alrededores (512) 900-6840 Buscas vender tu casa en el \u00e1rea de Austin? \u00a0Texas Home Offers de Austin comprar\u00e1 su casa \u00a1en solo 7 d\u00edas! Todo lo que necesitas hacer es llamarnos al (512)... Read more","og_url":"https:\/\/texashomeoffers.com\/es\/austin\/","og_site_name":"Texas Home Offers","article_modified_time":"2016-11-10T18:49:48+00:00","og_image":[{"url":"https:\/\/texashomeoffers.com\/wp-content\/uploads\/2015\/07\/austin.png"}],"twitter_card":"summary_large_image","twitter_misc":{"Tiempo de lectura":"5 minutos"},"schema":{"@context":"https:\/\/schema.org","@graph":[{"@type":"WebPage","@id":"https:\/\/texashomeoffers.com\/es\/austin\/","url":"https:\/\/texashomeoffers.com\/es\/austin\/","name":"Austin","isPartOf":{"@id":"https:\/\/texashomeoffers.com\/#website"},"primaryImageOfPage":{"@id":"https:\/\/texashomeoffers.com\/es\/austin\/#primaryimage"},"image":{"@id":"https:\/\/texashomeoffers.com\/es\/austin\/#primaryimage"},"thumbnailUrl":"https:\/\/texashomeoffers.com\/wp-content\/uploads\/2015\/07\/austin.png","datePublished":"2016-11-03T20:50:45+00:00","dateModified":"2016-11-10T18:49:48+00:00","breadcrumb":{"@id":"https:\/\/texashomeoffers.com\/es\/austin\/#breadcrumb"},"inLanguage":"es","potentialAction":[{"@type":"ReadAction","target":["https:\/\/texashomeoffers.com\/es\/austin\/"]}]},{"@type":"ImageObject","inLanguage":"es","@id":"https:\/\/texashomeoffers.com\/es\/austin\/#primaryimage","url":"https:\/\/texashomeoffers.com\/wp-content\/uploads\/2015\/07\/austin.png","contentUrl":"https:\/\/texashomeoffers.com\/wp-content\/uploads\/2015\/07\/austin.png"},{"@type":"BreadcrumbList","@id":"https:\/\/texashomeoffers.com\/es\/austin\/#breadcrumb","itemListElement":[{"@type":"ListItem","position":1,"name":"Home","item":"https:\/\/texashomeoffers.com\/es\/"},{"@type":"ListItem","position":2,"name":"Austin"}]},{"@type":"WebSite","@id":"https:\/\/texashomeoffers.com\/#website","url":"https:\/\/texashomeoffers.com\/","name":"Texas Home Offers","description":"","publisher":{"@id":"https:\/\/texashomeoffers.com\/#organization"},"potentialAction":[{"@type":"SearchAction","target":{"@type":"EntryPoint","urlTemplate":"https:\/\/texashomeoffers.com\/?s={search_term_string}"},"query-input":"required name=search_term_string"}],"inLanguage":"es"},{"@type":"Organization","@id":"https:\/\/texashomeoffers.com\/#organization","name":"Texas Home Offers","url":"https:\/\/texashomeoffers.com\/","logo":{"@type":"ImageObject","inLanguage":"es","@id":"https:\/\/texashomeoffers.com\/#\/schema\/logo\/image\/","url":"https:\/\/texashomeoffers.com\/wp-content\/uploads\/2015\/04\/logo.png","contentUrl":"https:\/\/texashomeoffers.com\/wp-content\/uploads\/2015\/04\/logo.png","width":442,"height":132,"caption":"Texas Home Offers"},"image":{"@id":"https:\/\/texashomeoffers.com\/#\/schema\/logo\/image\/"}}]}},"jetpack_sharing_enabled":true,"_links":{"self":[{"href":"https:\/\/texashomeoffers.com\/es\/wp-json\/wp\/v2\/pages\/1202\/"}],"collection":[{"href":"https:\/\/texashomeoffers.com\/es\/wp-json\/wp\/v2\/pages\/"}],"about":[{"href":"https:\/\/texashomeoffers.com\/es\/wp-json\/wp\/v2\/types\/page\/"}],"replies":[{"embeddable":true,"href":"https:\/\/texashomeoffers.com\/es\/wp-json\/wp\/v2\/comments\/?post=1202"}],"version-history":[{"count":2,"href":"https:\/\/texashomeoffers.com\/es\/wp-json\/wp\/v2\/pages\/1202\/revisions\/"}],"predecessor-version":[{"id":1263,"href":"https:\/\/texashomeoffers.com\/es\/wp-json\/wp\/v2\/pages\/1202\/revisions\/1263\/"}],"wp:attachment":[{"href":"https:\/\/texashomeoffers.com\/es\/wp-json\/wp\/v2\/media\/?parent=1202"}],"curies":[{"name":"wp","href":"https:\/\/api.w.org\/{rel}","templated":true}]}}