{"id":1209,"date":"2016-11-03T19:57:23","date_gmt":"2016-11-04T00:57:23","guid":{"rendered":"https:\/\/texashomeoffers.com\/es\/video-faq\/"},"modified":"2016-11-03T19:58:31","modified_gmt":"2016-11-04T00:58:31","slug":"video-faq","status":"publish","type":"page","link":"https:\/\/texashomeoffers.com\/es\/video-faq\/","title":{"rendered":"Video FAQ"},"content":{"rendered":"<h3>Estas series de videos est\u00e1n dise\u00f1adas para ayudar a familiarizarse con las mejores opciones para que los Texanos eviten la ejecuci\u00f3n de hipotecas:<\/h3>\n<h2>Short Sale Savvy<\/h2>\n<p><iframe loading=\"lazy\" src=\"https:\/\/www.youtube.com\/embed\/videoseries?list=PLwdZGaQm07Eds8LYW7gRUksVagFN2P8j3\" width=\"640\" height=\"360\" frameborder=\"0\" allowfullscreen=\"allowfullscreen\"><\/iframe><\/p>\n<h2>The F Word<\/h2>\n<p><iframe loading=\"lazy\" src=\"https:\/\/www.youtube.com\/embed\/videoseries?list=PLwdZGaQm07EfWgnAirzekFTyddhPP13Sf\" width=\"640\" height=\"360\" frameborder=\"0\" allowfullscreen=\"allowfullscreen\"><\/iframe><\/p>\n<p>Para videos adicionales visita nuestro canal de youtube, <a href=\"https:\/\/www.youtube.com\/channel\/UCBRS_dRUoeFFkVNBjqgKRBw\">see our SaveMyTexasHome YouTube channel<\/a>.<\/p>\n","protected":false},"excerpt":{"rendered":"<p>Estas series de videos est\u00e1n dise\u00f1adas para ayudar a familiarizarse con las mejores opciones para que los Texanos eviten la ejecuci\u00f3n de hipotecas: Short Sale Savvy The F Word Para videos adicionales visita nuestro canal de youtube, see our SaveMyTexasHome&#8230; <a class=\"read-more\" href=\"https:\/\/texashomeoffers.com\/es\/video-faq\/\">Read more<\/a><\/p>\n","protected":false},"author":0,"featured_media":0,"parent":0,"menu_order":0,"comment_status":"closed","ping_status":"closed","template":"","meta":{"footnotes":""},"yoast_head":"<!-- This site is optimized with the Yoast SEO plugin v22.8 - https:\/\/yoast.com\/wordpress\/plugins\/seo\/ -->\n<title>Video FAQ<\/title>\n<meta name=\"robots\" content=\"index, follow, max-snippet:-1, max-image-preview:large, max-video-preview:-1\" \/>\n<link rel=\"canonical\" href=\"https:\/\/texashomeoffers.com\/es\/video-faq\/\" \/>\n<meta property=\"og:locale\" content=\"es_ES\" \/>\n<meta property=\"og:type\" content=\"article\" \/>\n<meta property=\"og:title\" content=\"Video FAQ\" \/>\n<meta property=\"og:description\" content=\"Estas series de videos est\u00e1n dise\u00f1adas para ayudar a familiarizarse con las mejores opciones para que los Texanos eviten la ejecuci\u00f3n de hipotecas: Short Sale Savvy The F Word Para videos adicionales visita nuestro canal de youtube, see our SaveMyTexasHome... Read more\" \/>\n<meta property=\"og:url\" content=\"https:\/\/texashomeoffers.com\/es\/video-faq\/\" \/>\n<meta property=\"og:site_name\" content=\"Texas Home Offers\" \/>\n<meta property=\"article:modified_time\" content=\"2016-11-04T00:58:31+00:00\" \/>\n<meta name=\"twitter:card\" content=\"summary_large_image\" \/>\n<script type=\"application\/ld+json\" class=\"yoast-schema-graph\">{\"@context\":\"https:\/\/schema.org\",\"@graph\":[{\"@type\":\"WebPage\",\"@id\":\"https:\/\/texashomeoffers.com\/es\/video-faq\/\",\"url\":\"https:\/\/texashomeoffers.com\/es\/video-faq\/\",\"name\":\"Video FAQ\",\"isPartOf\":{\"@id\":\"https:\/\/texashomeoffers.com\/#website\"},\"datePublished\":\"2016-11-04T00:57:23+00:00\",\"dateModified\":\"2016-11-04T00:58:31+00:00\",\"breadcrumb\":{\"@id\":\"https:\/\/texashomeoffers.com\/es\/video-faq\/#breadcrumb\"},\"inLanguage\":\"es\",\"potentialAction\":[{\"@type\":\"ReadAction\",\"target\":[\"https:\/\/texashomeoffers.com\/es\/video-faq\/\"]}]},{\"@type\":\"BreadcrumbList\",\"@id\":\"https:\/\/texashomeoffers.com\/es\/video-faq\/#breadcrumb\",\"itemListElement\":[{\"@type\":\"ListItem\",\"position\":1,\"name\":\"Home\",\"item\":\"https:\/\/texashomeoffers.com\/es\/\"},{\"@type\":\"ListItem\",\"position\":2,\"name\":\"Video FAQ\"}]},{\"@type\":\"WebSite\",\"@id\":\"https:\/\/texashomeoffers.com\/#website\",\"url\":\"https:\/\/texashomeoffers.com\/\",\"name\":\"Texas Home Offers\",\"description\":\"\",\"publisher\":{\"@id\":\"https:\/\/texashomeoffers.com\/#organization\"},\"potentialAction\":[{\"@type\":\"SearchAction\",\"target\":{\"@type\":\"EntryPoint\",\"urlTemplate\":\"https:\/\/texashomeoffers.com\/?s={search_term_string}\"},\"query-input\":\"required name=search_term_string\"}],\"inLanguage\":\"es\"},{\"@type\":\"Organization\",\"@id\":\"https:\/\/texashomeoffers.com\/#organization\",\"name\":\"Texas Home Offers\",\"url\":\"https:\/\/texashomeoffers.com\/\",\"logo\":{\"@type\":\"ImageObject\",\"inLanguage\":\"es\",\"@id\":\"https:\/\/texashomeoffers.com\/#\/schema\/logo\/image\/\",\"url\":\"https:\/\/texashomeoffers.com\/wp-content\/uploads\/2015\/04\/logo.png\",\"contentUrl\":\"https:\/\/texashomeoffers.com\/wp-content\/uploads\/2015\/04\/logo.png\",\"width\":442,\"height\":132,\"caption\":\"Texas Home Offers\"},\"image\":{\"@id\":\"https:\/\/texashomeoffers.com\/#\/schema\/logo\/image\/\"}}]}<\/script>\n<!-- \/ Yoast SEO plugin. -->","yoast_head_json":{"title":"Video FAQ","robots":{"index":"index","follow":"follow","max-snippet":"max-snippet:-1","max-image-preview":"max-image-preview:large","max-video-preview":"max-video-preview:-1"},"canonical":"https:\/\/texashomeoffers.com\/es\/video-faq\/","og_locale":"es_ES","og_type":"article","og_title":"Video FAQ","og_description":"Estas series de videos est\u00e1n dise\u00f1adas para ayudar a familiarizarse con las mejores opciones para que los Texanos eviten la ejecuci\u00f3n de hipotecas: Short Sale Savvy The F Word Para videos adicionales visita nuestro canal de youtube, see our SaveMyTexasHome... Read more","og_url":"https:\/\/texashomeoffers.com\/es\/video-faq\/","og_site_name":"Texas Home Offers","article_modified_time":"2016-11-04T00:58:31+00:00","twitter_card":"summary_large_image","schema":{"@context":"https:\/\/schema.org","@graph":[{"@type":"WebPage","@id":"https:\/\/texashomeoffers.com\/es\/video-faq\/","url":"https:\/\/texashomeoffers.com\/es\/video-faq\/","name":"Video FAQ","isPartOf":{"@id":"https:\/\/texashomeoffers.com\/#website"},"datePublished":"2016-11-04T00:57:23+00:00","dateModified":"2016-11-04T00:58:31+00:00","breadcrumb":{"@id":"https:\/\/texashomeoffers.com\/es\/video-faq\/#breadcrumb"},"inLanguage":"es","potentialAction":[{"@type":"ReadAction","target":["https:\/\/texashomeoffers.com\/es\/video-faq\/"]}]},{"@type":"BreadcrumbList","@id":"https:\/\/texashomeoffers.com\/es\/video-faq\/#breadcrumb","itemListElement":[{"@type":"ListItem","position":1,"name":"Home","item":"https:\/\/texashomeoffers.com\/es\/"},{"@type":"ListItem","position":2,"name":"Video FAQ"}]},{"@type":"WebSite","@id":"https:\/\/texashomeoffers.com\/#website","url":"https:\/\/texashomeoffers.com\/","name":"Texas Home Offers","description":"","publisher":{"@id":"https:\/\/texashomeoffers.com\/#organization"},"potentialAction":[{"@type":"SearchAction","target":{"@type":"EntryPoint","urlTemplate":"https:\/\/texashomeoffers.com\/?s={search_term_string}"},"query-input":"required name=search_term_string"}],"inLanguage":"es"},{"@type":"Organization","@id":"https:\/\/texashomeoffers.com\/#organization","name":"Texas Home Offers","url":"https:\/\/texashomeoffers.com\/","logo":{"@type":"ImageObject","inLanguage":"es","@id":"https:\/\/texashomeoffers.com\/#\/schema\/logo\/image\/","url":"https:\/\/texashomeoffers.com\/wp-content\/uploads\/2015\/04\/logo.png","contentUrl":"https:\/\/texashomeoffers.com\/wp-content\/uploads\/2015\/04\/logo.png","width":442,"height":132,"caption":"Texas Home Offers"},"image":{"@id":"https:\/\/texashomeoffers.com\/#\/schema\/logo\/image\/"}}]}},"jetpack_sharing_enabled":true,"_links":{"self":[{"href":"https:\/\/texashomeoffers.com\/es\/wp-json\/wp\/v2\/pages\/1209\/"}],"collection":[{"href":"https:\/\/texashomeoffers.com\/es\/wp-json\/wp\/v2\/pages\/"}],"about":[{"href":"https:\/\/texashomeoffers.com\/es\/wp-json\/wp\/v2\/types\/page\/"}],"replies":[{"embeddable":true,"href":"https:\/\/texashomeoffers.com\/es\/wp-json\/wp\/v2\/comments\/?post=1209"}],"version-history":[{"count":1,"href":"https:\/\/texashomeoffers.com\/es\/wp-json\/wp\/v2\/pages\/1209\/revisions\/"}],"predecessor-version":[{"id":1210,"href":"https:\/\/texashomeoffers.com\/es\/wp-json\/wp\/v2\/pages\/1209\/revisions\/1210\/"}],"wp:attachment":[{"href":"https:\/\/texashomeoffers.com\/es\/wp-json\/wp\/v2\/media\/?parent=1209"}],"curies":[{"name":"wp","href":"https:\/\/api.w.org\/{rel}","templated":true}]}}