{"id":1212,"date":"2016-11-04T13:58:34","date_gmt":"2016-11-04T18:58:34","guid":{"rendered":"https:\/\/texashomeoffers.com\/es\/orden-de-restriccion-temporal\/"},"modified":"2016-11-04T19:58:58","modified_gmt":"2016-11-05T00:58:58","slug":"orden-de-restriccion-temporal","status":"publish","type":"page","link":"https:\/\/texashomeoffers.com\/es\/10-opciones-para-propietarios-que-enfrentan-una-ejecucion-de-hipoteca\/orden-de-restriccion-temporal\/","title":{"rendered":"Orden de Restricci\u00f3n Temporal"},"content":{"rendered":"<p>Otra opci\u00f3n para simplemente retrasar la ejecuci\u00f3n de la hipoteca es presentar una Orden de Restricci\u00f3n Temporal. La misma es una orden emitida por un Juez que previene al banco de proceder con la ejecuci\u00f3n de la hipoteca y la venta.<br \/>\nLa parte dif\u00edcil es que debes tener una raz\u00f3n valida y convincente as\u00ed el Juez ordene que la ejecuci\u00f3n de la hipoteca se ejecute. Esto puede ser desalentador, pero no imposible. Un motivo v\u00e1lido para solicitar una orden de restricci\u00f3n temporal t\u00edpicamente consiste en una dificultad financiera temporal. Pero una vez m\u00e1s, el principal inconveniente para una orden de restricci\u00f3n temporal es que es s\u00f3lo un retraso de cerca de 30 d\u00edas.<br \/>\nOtra desventaja de una orden de restricci\u00f3n temporal es que s\u00f3lo funcionan aproximadamente el 50% de las veces, los jueces no van aceptar las solicitudes de todos.<br \/>\n\u00a1Adem\u00e1s, los abogados suelen cobrar entre $2.500 y $5.000 para solicitar y garantizar una orden de restricci\u00f3n temporal, no s\u00f3lo no es una soluci\u00f3n permanente, es un parche bastante caro!<br \/>\nSi fuera posible nos gustar\u00eda evitar la ejecuci\u00f3n hipotecaria para bien, no s\u00f3lo temporalmente. Es de su mejor inter\u00e9s en contactar con nosotros tan pronto como sea posible, ya que hay generalmente mejores soluciones (reales) para los propietarios de Texas que el simple retraso la ejecuci\u00f3n de una hipoteca. Si llama o llena el formulario de contacto, nos pondremos en contacto con usted con consulta gratuita para ayudarle a determinar qu\u00e9 opciones son las mejores para su situaci\u00f3n.<\/p>\n","protected":false},"excerpt":{"rendered":"<p>Otra opci\u00f3n para simplemente retrasar la ejecuci\u00f3n de la hipoteca es presentar una Orden de Restricci\u00f3n Temporal. La misma es una orden emitida por un Juez que previene al banco de proceder con la ejecuci\u00f3n de la hipoteca y la&#8230; <a class=\"read-more\" href=\"https:\/\/texashomeoffers.com\/es\/10-opciones-para-propietarios-que-enfrentan-una-ejecucion-de-hipoteca\/orden-de-restriccion-temporal\/\">Read more<\/a><\/p>\n","protected":false},"author":0,"featured_media":0,"parent":1258,"menu_order":0,"comment_status":"open","ping_status":"open","template":"","meta":{"footnotes":""},"yoast_head":"<!-- This site is optimized with the Yoast SEO plugin v22.8 - https:\/\/yoast.com\/wordpress\/plugins\/seo\/ -->\n<title>Orden de Restricci\u00f3n Temporal<\/title>\n<meta name=\"description\" content=\"En la medida de lo posible queremos evitar la ejecuci\u00f3n hipotecaria para bien, no\" \/>\n<meta name=\"robots\" content=\"index, follow, max-snippet:-1, max-image-preview:large, max-video-preview:-1\" \/>\n<link rel=\"canonical\" href=\"https:\/\/texashomeoffers.com\/es\/10-opciones-para-propietarios-que-enfrentan-una-ejecucion-de-hipoteca\/orden-de-restriccion-temporal\/\" \/>\n<meta property=\"og:locale\" content=\"es_ES\" \/>\n<meta property=\"og:type\" content=\"article\" \/>\n<meta property=\"og:title\" content=\"Orden de Restricci\u00f3n Temporal\" \/>\n<meta property=\"og:description\" content=\"En la medida de lo posible queremos evitar la ejecuci\u00f3n hipotecaria para bien, no\" \/>\n<meta property=\"og:url\" content=\"https:\/\/texashomeoffers.com\/es\/10-opciones-para-propietarios-que-enfrentan-una-ejecucion-de-hipoteca\/orden-de-restriccion-temporal\/\" \/>\n<meta property=\"og:site_name\" content=\"Texas Home Offers\" \/>\n<meta property=\"article:modified_time\" content=\"2016-11-05T00:58:58+00:00\" \/>\n<meta name=\"twitter:card\" content=\"summary_large_image\" \/>\n<meta name=\"twitter:label1\" content=\"Tiempo de lectura\" \/>\n\t<meta name=\"twitter:data1\" content=\"1 minuto\" \/>\n<script type=\"application\/ld+json\" class=\"yoast-schema-graph\">{\"@context\":\"https:\/\/schema.org\",\"@graph\":[{\"@type\":\"WebPage\",\"@id\":\"https:\/\/texashomeoffers.com\/es\/10-opciones-para-propietarios-que-enfrentan-una-ejecucion-de-hipoteca\/orden-de-restriccion-temporal\/\",\"url\":\"https:\/\/texashomeoffers.com\/es\/10-opciones-para-propietarios-que-enfrentan-una-ejecucion-de-hipoteca\/orden-de-restriccion-temporal\/\",\"name\":\"Orden de Restricci\u00f3n Temporal\",\"isPartOf\":{\"@id\":\"https:\/\/texashomeoffers.com\/#website\"},\"datePublished\":\"2016-11-04T18:58:34+00:00\",\"dateModified\":\"2016-11-05T00:58:58+00:00\",\"description\":\"En la medida de lo posible queremos evitar la ejecuci\u00f3n hipotecaria para bien, no\",\"breadcrumb\":{\"@id\":\"https:\/\/texashomeoffers.com\/es\/10-opciones-para-propietarios-que-enfrentan-una-ejecucion-de-hipoteca\/orden-de-restriccion-temporal\/#breadcrumb\"},\"inLanguage\":\"es\",\"potentialAction\":[{\"@type\":\"ReadAction\",\"target\":[\"https:\/\/texashomeoffers.com\/es\/10-opciones-para-propietarios-que-enfrentan-una-ejecucion-de-hipoteca\/orden-de-restriccion-temporal\/\"]}]},{\"@type\":\"BreadcrumbList\",\"@id\":\"https:\/\/texashomeoffers.com\/es\/10-opciones-para-propietarios-que-enfrentan-una-ejecucion-de-hipoteca\/orden-de-restriccion-temporal\/#breadcrumb\",\"itemListElement\":[{\"@type\":\"ListItem\",\"position\":1,\"name\":\"Home\",\"item\":\"https:\/\/texashomeoffers.com\/es\/\"},{\"@type\":\"ListItem\",\"position\":2,\"name\":\"10 opciones para propietarios que enfrentan una ejecuci\u00f3n de hipoteca\",\"item\":\"https:\/\/texashomeoffers.com\/es\/10-opciones-para-propietarios-que-enfrentan-una-ejecucion-de-hipoteca\/\"},{\"@type\":\"ListItem\",\"position\":3,\"name\":\"Orden de Restricci\u00f3n Temporal\"}]},{\"@type\":\"WebSite\",\"@id\":\"https:\/\/texashomeoffers.com\/#website\",\"url\":\"https:\/\/texashomeoffers.com\/\",\"name\":\"Texas Home Offers\",\"description\":\"\",\"publisher\":{\"@id\":\"https:\/\/texashomeoffers.com\/#organization\"},\"potentialAction\":[{\"@type\":\"SearchAction\",\"target\":{\"@type\":\"EntryPoint\",\"urlTemplate\":\"https:\/\/texashomeoffers.com\/?s={search_term_string}\"},\"query-input\":\"required name=search_term_string\"}],\"inLanguage\":\"es\"},{\"@type\":\"Organization\",\"@id\":\"https:\/\/texashomeoffers.com\/#organization\",\"name\":\"Texas Home Offers\",\"url\":\"https:\/\/texashomeoffers.com\/\",\"logo\":{\"@type\":\"ImageObject\",\"inLanguage\":\"es\",\"@id\":\"https:\/\/texashomeoffers.com\/#\/schema\/logo\/image\/\",\"url\":\"https:\/\/texashomeoffers.com\/wp-content\/uploads\/2015\/04\/logo.png\",\"contentUrl\":\"https:\/\/texashomeoffers.com\/wp-content\/uploads\/2015\/04\/logo.png\",\"width\":442,\"height\":132,\"caption\":\"Texas Home Offers\"},\"image\":{\"@id\":\"https:\/\/texashomeoffers.com\/#\/schema\/logo\/image\/\"}}]}<\/script>\n<!-- \/ Yoast SEO plugin. -->","yoast_head_json":{"title":"Orden de Restricci\u00f3n Temporal","description":"En la medida de lo posible queremos evitar la ejecuci\u00f3n hipotecaria para bien, no","robots":{"index":"index","follow":"follow","max-snippet":"max-snippet:-1","max-image-preview":"max-image-preview:large","max-video-preview":"max-video-preview:-1"},"canonical":"https:\/\/texashomeoffers.com\/es\/10-opciones-para-propietarios-que-enfrentan-una-ejecucion-de-hipoteca\/orden-de-restriccion-temporal\/","og_locale":"es_ES","og_type":"article","og_title":"Orden de Restricci\u00f3n Temporal","og_description":"En la medida de lo posible queremos evitar la ejecuci\u00f3n hipotecaria para bien, no","og_url":"https:\/\/texashomeoffers.com\/es\/10-opciones-para-propietarios-que-enfrentan-una-ejecucion-de-hipoteca\/orden-de-restriccion-temporal\/","og_site_name":"Texas Home Offers","article_modified_time":"2016-11-05T00:58:58+00:00","twitter_card":"summary_large_image","twitter_misc":{"Tiempo de lectura":"1 minuto"},"schema":{"@context":"https:\/\/schema.org","@graph":[{"@type":"WebPage","@id":"https:\/\/texashomeoffers.com\/es\/10-opciones-para-propietarios-que-enfrentan-una-ejecucion-de-hipoteca\/orden-de-restriccion-temporal\/","url":"https:\/\/texashomeoffers.com\/es\/10-opciones-para-propietarios-que-enfrentan-una-ejecucion-de-hipoteca\/orden-de-restriccion-temporal\/","name":"Orden de Restricci\u00f3n Temporal","isPartOf":{"@id":"https:\/\/texashomeoffers.com\/#website"},"datePublished":"2016-11-04T18:58:34+00:00","dateModified":"2016-11-05T00:58:58+00:00","description":"En la medida de lo posible queremos evitar la ejecuci\u00f3n hipotecaria para bien, no","breadcrumb":{"@id":"https:\/\/texashomeoffers.com\/es\/10-opciones-para-propietarios-que-enfrentan-una-ejecucion-de-hipoteca\/orden-de-restriccion-temporal\/#breadcrumb"},"inLanguage":"es","potentialAction":[{"@type":"ReadAction","target":["https:\/\/texashomeoffers.com\/es\/10-opciones-para-propietarios-que-enfrentan-una-ejecucion-de-hipoteca\/orden-de-restriccion-temporal\/"]}]},{"@type":"BreadcrumbList","@id":"https:\/\/texashomeoffers.com\/es\/10-opciones-para-propietarios-que-enfrentan-una-ejecucion-de-hipoteca\/orden-de-restriccion-temporal\/#breadcrumb","itemListElement":[{"@type":"ListItem","position":1,"name":"Home","item":"https:\/\/texashomeoffers.com\/es\/"},{"@type":"ListItem","position":2,"name":"10 opciones para propietarios que enfrentan una ejecuci\u00f3n de hipoteca","item":"https:\/\/texashomeoffers.com\/es\/10-opciones-para-propietarios-que-enfrentan-una-ejecucion-de-hipoteca\/"},{"@type":"ListItem","position":3,"name":"Orden de Restricci\u00f3n Temporal"}]},{"@type":"WebSite","@id":"https:\/\/texashomeoffers.com\/#website","url":"https:\/\/texashomeoffers.com\/","name":"Texas Home Offers","description":"","publisher":{"@id":"https:\/\/texashomeoffers.com\/#organization"},"potentialAction":[{"@type":"SearchAction","target":{"@type":"EntryPoint","urlTemplate":"https:\/\/texashomeoffers.com\/?s={search_term_string}"},"query-input":"required name=search_term_string"}],"inLanguage":"es"},{"@type":"Organization","@id":"https:\/\/texashomeoffers.com\/#organization","name":"Texas Home Offers","url":"https:\/\/texashomeoffers.com\/","logo":{"@type":"ImageObject","inLanguage":"es","@id":"https:\/\/texashomeoffers.com\/#\/schema\/logo\/image\/","url":"https:\/\/texashomeoffers.com\/wp-content\/uploads\/2015\/04\/logo.png","contentUrl":"https:\/\/texashomeoffers.com\/wp-content\/uploads\/2015\/04\/logo.png","width":442,"height":132,"caption":"Texas Home Offers"},"image":{"@id":"https:\/\/texashomeoffers.com\/#\/schema\/logo\/image\/"}}]}},"jetpack_sharing_enabled":true,"_links":{"self":[{"href":"https:\/\/texashomeoffers.com\/es\/wp-json\/wp\/v2\/pages\/1212\/"}],"collection":[{"href":"https:\/\/texashomeoffers.com\/es\/wp-json\/wp\/v2\/pages\/"}],"about":[{"href":"https:\/\/texashomeoffers.com\/es\/wp-json\/wp\/v2\/types\/page\/"}],"replies":[{"embeddable":true,"href":"https:\/\/texashomeoffers.com\/es\/wp-json\/wp\/v2\/comments\/?post=1212"}],"version-history":[{"count":1,"href":"https:\/\/texashomeoffers.com\/es\/wp-json\/wp\/v2\/pages\/1212\/revisions\/"}],"predecessor-version":[{"id":1218,"href":"https:\/\/texashomeoffers.com\/es\/wp-json\/wp\/v2\/pages\/1212\/revisions\/1218\/"}],"up":[{"embeddable":true,"href":"https:\/\/texashomeoffers.com\/es\/wp-json\/wp\/v2\/pages\/1258\/"}],"wp:attachment":[{"href":"https:\/\/texashomeoffers.com\/es\/wp-json\/wp\/v2\/media\/?parent=1212"}],"curies":[{"name":"wp","href":"https:\/\/api.w.org\/{rel}","templated":true}]}}