{"id":1215,"date":"2016-11-04T19:22:32","date_gmt":"2016-11-05T00:22:32","guid":{"rendered":"https:\/\/texashomeoffers.com\/es\/dinero-por-llaves-titulo-de-propiedad-en-lugar-de-una-ejecucion-hipotecaria\/"},"modified":"2016-11-04T19:59:46","modified_gmt":"2016-11-05T00:59:46","slug":"dinero-por-llaves-titulo-de-propiedad-en-lugar-de-una-ejecucion-hipotecaria","status":"publish","type":"page","link":"https:\/\/texashomeoffers.com\/es\/10-opciones-para-propietarios-que-enfrentan-una-ejecucion-de-hipoteca\/dinero-por-llaves-titulo-de-propiedad-en-lugar-de-una-ejecucion-hipotecaria\/","title":{"rendered":"Dinero por Llaves\/ Titulo de propiedad en lugar de una ejecuci\u00f3n hipotecaria"},"content":{"rendered":"<p>Si la ejecuci\u00f3n de la hipoteca est\u00e1 a la vuelta de la esquina y est\u00e1s pensando en transferir el t\u00edtulo de propiedad en lugar de ejecutar la hipoteca, tu entidad crediticia debe estar dispuesta a ofrecer \u201cEfectivo por las Llaves\u201d por lo cual pagar\u00e1n en efectivo para desalojar la casa en forma ordenada y oportuna. Los gastos de re ubicaci\u00f3n se esperan est\u00e9n cubiertos con el dinero que reciba en la transacci\u00f3n.<br \/>\nPorque es del inter\u00e9s del prestamista evitar el tiempo y costo en la ejecuci\u00f3n hipotecaria de una casa, muchos prestamistas aceptar\u00e1n pagarte en efectivo a cambio de mudarte en una fecha establecida y manteniendo la propiedad en buenas condiciones hasta que salga. A menudo usted no ser\u00e1 pagados hasta el d\u00eda que desocupe o despu\u00e9s de desalojar la propiedad.<br \/>\nEl arreglo de Efectivo por llaves puede ser complejo y requiere coordinaci\u00f3n entre varias partes. Deje que le ayudemos a navegar por esas aguas con nuestra probada experiencia. Nuestros servicios de consulta son gratuitos. Cont\u00e1ctenos hoy mismo y averig\u00fce si es correcta la transferencia de escritura en lugar de una ejecuci\u00f3n hipotecaria o si hay una opci\u00f3n m\u00e1s conveniente para su situaci\u00f3n.<\/p>\n<p>&nbsp;<\/p>\n<p>&nbsp;<\/p>\n","protected":false},"excerpt":{"rendered":"<p>Si la ejecuci\u00f3n de la hipoteca est\u00e1 a la vuelta de la esquina y est\u00e1s pensando en transferir el t\u00edtulo de propiedad en lugar de ejecutar la hipoteca, tu entidad crediticia debe estar dispuesta a ofrecer \u201cEfectivo por las Llaves\u201d&#8230; <a class=\"read-more\" href=\"https:\/\/texashomeoffers.com\/es\/10-opciones-para-propietarios-que-enfrentan-una-ejecucion-de-hipoteca\/dinero-por-llaves-titulo-de-propiedad-en-lugar-de-una-ejecucion-hipotecaria\/\">Read more<\/a><\/p>\n","protected":false},"author":0,"featured_media":0,"parent":1258,"menu_order":0,"comment_status":"open","ping_status":"open","template":"","meta":{"footnotes":""},"yoast_head":"<!-- This site is optimized with the Yoast SEO plugin v22.8 - https:\/\/yoast.com\/wordpress\/plugins\/seo\/ -->\n<title>Dinero por Llaves\/ Titulo de propiedad en lugar de una ejecuci\u00f3n hipotecaria<\/title>\n<meta name=\"robots\" content=\"index, follow, max-snippet:-1, max-image-preview:large, max-video-preview:-1\" \/>\n<link rel=\"canonical\" href=\"https:\/\/texashomeoffers.com\/es\/10-opciones-para-propietarios-que-enfrentan-una-ejecucion-de-hipoteca\/dinero-por-llaves-titulo-de-propiedad-en-lugar-de-una-ejecucion-hipotecaria\/\" \/>\n<meta property=\"og:locale\" content=\"es_ES\" \/>\n<meta property=\"og:type\" content=\"article\" \/>\n<meta property=\"og:title\" content=\"Dinero por Llaves\/ Titulo de propiedad en lugar de una ejecuci\u00f3n hipotecaria\" \/>\n<meta property=\"og:description\" content=\"Si la ejecuci\u00f3n de la hipoteca est\u00e1 a la vuelta de la esquina y est\u00e1s pensando en transferir el t\u00edtulo de propiedad en lugar de ejecutar la hipoteca, tu entidad crediticia debe estar dispuesta a ofrecer \u201cEfectivo por las Llaves\u201d... Read more\" \/>\n<meta property=\"og:url\" content=\"https:\/\/texashomeoffers.com\/es\/10-opciones-para-propietarios-que-enfrentan-una-ejecucion-de-hipoteca\/dinero-por-llaves-titulo-de-propiedad-en-lugar-de-una-ejecucion-hipotecaria\/\" \/>\n<meta property=\"og:site_name\" content=\"Texas Home Offers\" \/>\n<meta property=\"article:modified_time\" content=\"2016-11-05T00:59:46+00:00\" \/>\n<meta name=\"twitter:card\" content=\"summary_large_image\" \/>\n<meta name=\"twitter:label1\" content=\"Tiempo de lectura\" \/>\n\t<meta name=\"twitter:data1\" content=\"1 minuto\" \/>\n<script type=\"application\/ld+json\" class=\"yoast-schema-graph\">{\"@context\":\"https:\/\/schema.org\",\"@graph\":[{\"@type\":\"WebPage\",\"@id\":\"https:\/\/texashomeoffers.com\/es\/10-opciones-para-propietarios-que-enfrentan-una-ejecucion-de-hipoteca\/dinero-por-llaves-titulo-de-propiedad-en-lugar-de-una-ejecucion-hipotecaria\/\",\"url\":\"https:\/\/texashomeoffers.com\/es\/10-opciones-para-propietarios-que-enfrentan-una-ejecucion-de-hipoteca\/dinero-por-llaves-titulo-de-propiedad-en-lugar-de-una-ejecucion-hipotecaria\/\",\"name\":\"Dinero por Llaves\/ Titulo de propiedad en lugar de una ejecuci\u00f3n hipotecaria\",\"isPartOf\":{\"@id\":\"https:\/\/texashomeoffers.com\/#website\"},\"datePublished\":\"2016-11-05T00:22:32+00:00\",\"dateModified\":\"2016-11-05T00:59:46+00:00\",\"breadcrumb\":{\"@id\":\"https:\/\/texashomeoffers.com\/es\/10-opciones-para-propietarios-que-enfrentan-una-ejecucion-de-hipoteca\/dinero-por-llaves-titulo-de-propiedad-en-lugar-de-una-ejecucion-hipotecaria\/#breadcrumb\"},\"inLanguage\":\"es\",\"potentialAction\":[{\"@type\":\"ReadAction\",\"target\":[\"https:\/\/texashomeoffers.com\/es\/10-opciones-para-propietarios-que-enfrentan-una-ejecucion-de-hipoteca\/dinero-por-llaves-titulo-de-propiedad-en-lugar-de-una-ejecucion-hipotecaria\/\"]}]},{\"@type\":\"BreadcrumbList\",\"@id\":\"https:\/\/texashomeoffers.com\/es\/10-opciones-para-propietarios-que-enfrentan-una-ejecucion-de-hipoteca\/dinero-por-llaves-titulo-de-propiedad-en-lugar-de-una-ejecucion-hipotecaria\/#breadcrumb\",\"itemListElement\":[{\"@type\":\"ListItem\",\"position\":1,\"name\":\"Home\",\"item\":\"https:\/\/texashomeoffers.com\/es\/\"},{\"@type\":\"ListItem\",\"position\":2,\"name\":\"10 opciones para propietarios que enfrentan una ejecuci\u00f3n de hipoteca\",\"item\":\"https:\/\/texashomeoffers.com\/es\/10-opciones-para-propietarios-que-enfrentan-una-ejecucion-de-hipoteca\/\"},{\"@type\":\"ListItem\",\"position\":3,\"name\":\"Dinero por Llaves\/ Titulo de propiedad en lugar de una ejecuci\u00f3n hipotecaria\"}]},{\"@type\":\"WebSite\",\"@id\":\"https:\/\/texashomeoffers.com\/#website\",\"url\":\"https:\/\/texashomeoffers.com\/\",\"name\":\"Texas Home Offers\",\"description\":\"\",\"publisher\":{\"@id\":\"https:\/\/texashomeoffers.com\/#organization\"},\"potentialAction\":[{\"@type\":\"SearchAction\",\"target\":{\"@type\":\"EntryPoint\",\"urlTemplate\":\"https:\/\/texashomeoffers.com\/?s={search_term_string}\"},\"query-input\":\"required name=search_term_string\"}],\"inLanguage\":\"es\"},{\"@type\":\"Organization\",\"@id\":\"https:\/\/texashomeoffers.com\/#organization\",\"name\":\"Texas Home Offers\",\"url\":\"https:\/\/texashomeoffers.com\/\",\"logo\":{\"@type\":\"ImageObject\",\"inLanguage\":\"es\",\"@id\":\"https:\/\/texashomeoffers.com\/#\/schema\/logo\/image\/\",\"url\":\"https:\/\/texashomeoffers.com\/wp-content\/uploads\/2015\/04\/logo.png\",\"contentUrl\":\"https:\/\/texashomeoffers.com\/wp-content\/uploads\/2015\/04\/logo.png\",\"width\":442,\"height\":132,\"caption\":\"Texas Home Offers\"},\"image\":{\"@id\":\"https:\/\/texashomeoffers.com\/#\/schema\/logo\/image\/\"}}]}<\/script>\n<!-- \/ Yoast SEO plugin. -->","yoast_head_json":{"title":"Dinero por Llaves\/ Titulo de propiedad en lugar de una ejecuci\u00f3n hipotecaria","robots":{"index":"index","follow":"follow","max-snippet":"max-snippet:-1","max-image-preview":"max-image-preview:large","max-video-preview":"max-video-preview:-1"},"canonical":"https:\/\/texashomeoffers.com\/es\/10-opciones-para-propietarios-que-enfrentan-una-ejecucion-de-hipoteca\/dinero-por-llaves-titulo-de-propiedad-en-lugar-de-una-ejecucion-hipotecaria\/","og_locale":"es_ES","og_type":"article","og_title":"Dinero por Llaves\/ Titulo de propiedad en lugar de una ejecuci\u00f3n hipotecaria","og_description":"Si la ejecuci\u00f3n de la hipoteca est\u00e1 a la vuelta de la esquina y est\u00e1s pensando en transferir el t\u00edtulo de propiedad en lugar de ejecutar la hipoteca, tu entidad crediticia debe estar dispuesta a ofrecer \u201cEfectivo por las Llaves\u201d... Read more","og_url":"https:\/\/texashomeoffers.com\/es\/10-opciones-para-propietarios-que-enfrentan-una-ejecucion-de-hipoteca\/dinero-por-llaves-titulo-de-propiedad-en-lugar-de-una-ejecucion-hipotecaria\/","og_site_name":"Texas Home Offers","article_modified_time":"2016-11-05T00:59:46+00:00","twitter_card":"summary_large_image","twitter_misc":{"Tiempo de lectura":"1 minuto"},"schema":{"@context":"https:\/\/schema.org","@graph":[{"@type":"WebPage","@id":"https:\/\/texashomeoffers.com\/es\/10-opciones-para-propietarios-que-enfrentan-una-ejecucion-de-hipoteca\/dinero-por-llaves-titulo-de-propiedad-en-lugar-de-una-ejecucion-hipotecaria\/","url":"https:\/\/texashomeoffers.com\/es\/10-opciones-para-propietarios-que-enfrentan-una-ejecucion-de-hipoteca\/dinero-por-llaves-titulo-de-propiedad-en-lugar-de-una-ejecucion-hipotecaria\/","name":"Dinero por Llaves\/ Titulo de propiedad en lugar de una ejecuci\u00f3n hipotecaria","isPartOf":{"@id":"https:\/\/texashomeoffers.com\/#website"},"datePublished":"2016-11-05T00:22:32+00:00","dateModified":"2016-11-05T00:59:46+00:00","breadcrumb":{"@id":"https:\/\/texashomeoffers.com\/es\/10-opciones-para-propietarios-que-enfrentan-una-ejecucion-de-hipoteca\/dinero-por-llaves-titulo-de-propiedad-en-lugar-de-una-ejecucion-hipotecaria\/#breadcrumb"},"inLanguage":"es","potentialAction":[{"@type":"ReadAction","target":["https:\/\/texashomeoffers.com\/es\/10-opciones-para-propietarios-que-enfrentan-una-ejecucion-de-hipoteca\/dinero-por-llaves-titulo-de-propiedad-en-lugar-de-una-ejecucion-hipotecaria\/"]}]},{"@type":"BreadcrumbList","@id":"https:\/\/texashomeoffers.com\/es\/10-opciones-para-propietarios-que-enfrentan-una-ejecucion-de-hipoteca\/dinero-por-llaves-titulo-de-propiedad-en-lugar-de-una-ejecucion-hipotecaria\/#breadcrumb","itemListElement":[{"@type":"ListItem","position":1,"name":"Home","item":"https:\/\/texashomeoffers.com\/es\/"},{"@type":"ListItem","position":2,"name":"10 opciones para propietarios que enfrentan una ejecuci\u00f3n de hipoteca","item":"https:\/\/texashomeoffers.com\/es\/10-opciones-para-propietarios-que-enfrentan-una-ejecucion-de-hipoteca\/"},{"@type":"ListItem","position":3,"name":"Dinero por Llaves\/ Titulo de propiedad en lugar de una ejecuci\u00f3n hipotecaria"}]},{"@type":"WebSite","@id":"https:\/\/texashomeoffers.com\/#website","url":"https:\/\/texashomeoffers.com\/","name":"Texas Home Offers","description":"","publisher":{"@id":"https:\/\/texashomeoffers.com\/#organization"},"potentialAction":[{"@type":"SearchAction","target":{"@type":"EntryPoint","urlTemplate":"https:\/\/texashomeoffers.com\/?s={search_term_string}"},"query-input":"required name=search_term_string"}],"inLanguage":"es"},{"@type":"Organization","@id":"https:\/\/texashomeoffers.com\/#organization","name":"Texas Home Offers","url":"https:\/\/texashomeoffers.com\/","logo":{"@type":"ImageObject","inLanguage":"es","@id":"https:\/\/texashomeoffers.com\/#\/schema\/logo\/image\/","url":"https:\/\/texashomeoffers.com\/wp-content\/uploads\/2015\/04\/logo.png","contentUrl":"https:\/\/texashomeoffers.com\/wp-content\/uploads\/2015\/04\/logo.png","width":442,"height":132,"caption":"Texas Home Offers"},"image":{"@id":"https:\/\/texashomeoffers.com\/#\/schema\/logo\/image\/"}}]}},"jetpack_sharing_enabled":true,"_links":{"self":[{"href":"https:\/\/texashomeoffers.com\/es\/wp-json\/wp\/v2\/pages\/1215\/"}],"collection":[{"href":"https:\/\/texashomeoffers.com\/es\/wp-json\/wp\/v2\/pages\/"}],"about":[{"href":"https:\/\/texashomeoffers.com\/es\/wp-json\/wp\/v2\/types\/page\/"}],"replies":[{"embeddable":true,"href":"https:\/\/texashomeoffers.com\/es\/wp-json\/wp\/v2\/comments\/?post=1215"}],"version-history":[{"count":1,"href":"https:\/\/texashomeoffers.com\/es\/wp-json\/wp\/v2\/pages\/1215\/revisions\/"}],"predecessor-version":[{"id":1219,"href":"https:\/\/texashomeoffers.com\/es\/wp-json\/wp\/v2\/pages\/1215\/revisions\/1219\/"}],"up":[{"embeddable":true,"href":"https:\/\/texashomeoffers.com\/es\/wp-json\/wp\/v2\/pages\/1258\/"}],"wp:attachment":[{"href":"https:\/\/texashomeoffers.com\/es\/wp-json\/wp\/v2\/media\/?parent=1215"}],"curies":[{"name":"wp","href":"https:\/\/api.w.org\/{rel}","templated":true}]}}