{"id":1216,"date":"2016-11-04T19:43:21","date_gmt":"2016-11-05T00:43:21","guid":{"rendered":"https:\/\/texashomeoffers.com\/es\/venta-corta\/"},"modified":"2016-11-04T19:43:21","modified_gmt":"2016-11-05T00:43:21","slug":"venta-corta","status":"publish","type":"page","link":"https:\/\/texashomeoffers.com\/es\/10-opciones-para-propietarios-que-enfrentan-una-ejecucion-de-hipoteca\/venta-corta\/","title":{"rendered":"Venta Corta"},"content":{"rendered":"<p><center><iframe loading=\"lazy\" src=\"https:\/\/www.youtube.com\/embed\/b6D-fQQJwOQ?rel=0\" width=\"480\" height=\"360\" frameborder=\"0\" allowfullscreen=\"allowfullscreen\"><\/iframe><\/center>Una venta corta es b\u00e1sicamente una soluci\u00f3n econ\u00f3mica eficiente a un problema. De esta manera, el prestatario puede evitar da\u00f1os adicionales a su cr\u00e9dito, y el prestamista perder\u00eda menos dinero que en el caso de la continua falta de pago o de una ejecuci\u00f3n hipotecaria.<br \/>\n\u2022 En una venta corta, el prestamista acuerda reducir el de un pr\u00e9stamo para casa debido a dificultades financieras de los propietarios. En cambio, se vende la casa y el due\u00f1o\/deudor da las ganancias a la entidad crediticia<br \/>\n\u2022 Una venta corta no necesariamente cubre el saldo restante a menos que la soluci\u00f3n se indique expl\u00edcitamente en la aceptaci\u00f3n del prestador.<br \/>\n\u2022 Incluso es que un aviso de incumplimiento no ha sido emitido, el prestamista puede aceptar una oferta de venta corta. Esto ha sido cada vez m\u00e1s la raz\u00f3n del gran n\u00famero de fracasos de la hipoteca en los \u00faltimos a\u00f1os.<br \/>\n\u2022 Venta corta puede ser la mejor opci\u00f3n para los prestatarios que deben m\u00e1s que su casa y vale la pena evitar la ejecuci\u00f3n hipotecaria.<br \/>\n\u2022 En una venta corta, el prestatario y el prestamista se comprometen a la venta, que es diferente de una ejecuci\u00f3n hipotecaria donde el prestamista fuerza de la operaci\u00f3n.<br \/>\nLos prestamistas hipotecarios generalmente tienen especialistas de mitigaci\u00f3n de p\u00e9rdida que eval\u00faan las ofertas de venta corta y han establecido criterios para saber que oferta aceptar. \u00c9stos pueden variar ampliamente de un prestamista a otro. La cantidad de capital se calcular\u00e1 con una valoraci\u00f3n, una opini\u00f3n de corredor de valor, o una opini\u00f3n de precio del corredor.<br \/>\nAdem\u00e1s, no es raro que haya varios niveles de aprobaci\u00f3n y condiciones \u00fanicas. Por ejemplo, puede haber asociaci\u00f3n de propietarios y gravamen, titulares de hipotecas secundarios u otras partes que tambi\u00e9n se necesitan para aprobar la venta corta. Estos factores muchas veces complejos hacen que sea dif\u00edcil para gente sin experiencia navegar una venta corta. Para asegurarse de que su venta short sale a tiempo para evitar la ejecuci\u00f3n hipotecaria, necesita profesionales con experiencia para consultar y ayudarle en el proceso.<br \/>\nNuestros servicios son siempre gratis. Se sorprender\u00e1 al descubrir otras soluciones que se adapten a su situaci\u00f3n mejor que una venta corta. \u00a1Ll\u00e1menos para discutir sus opciones!<\/p>\n","protected":false},"excerpt":{"rendered":"<p>Una venta corta es b\u00e1sicamente una soluci\u00f3n econ\u00f3mica eficiente a un problema. De esta manera, el prestatario puede evitar da\u00f1os adicionales a su cr\u00e9dito, y el prestamista perder\u00eda menos dinero que en el caso de la continua falta de pago&#8230; <a class=\"read-more\" href=\"https:\/\/texashomeoffers.com\/es\/10-opciones-para-propietarios-que-enfrentan-una-ejecucion-de-hipoteca\/venta-corta\/\">Read more<\/a><\/p>\n","protected":false},"author":0,"featured_media":0,"parent":1258,"menu_order":0,"comment_status":"open","ping_status":"open","template":"","meta":{"footnotes":""},"yoast_head":"<!-- This site is optimized with the Yoast SEO plugin v22.8 - https:\/\/yoast.com\/wordpress\/plugins\/seo\/ -->\n<title>Venta Corta<\/title>\n<meta name=\"robots\" content=\"index, follow, max-snippet:-1, max-image-preview:large, max-video-preview:-1\" \/>\n<link rel=\"canonical\" href=\"https:\/\/texashomeoffers.com\/es\/10-opciones-para-propietarios-que-enfrentan-una-ejecucion-de-hipoteca\/venta-corta\/\" \/>\n<meta property=\"og:locale\" content=\"es_ES\" \/>\n<meta property=\"og:type\" content=\"article\" \/>\n<meta property=\"og:title\" content=\"Venta Corta\" \/>\n<meta property=\"og:description\" content=\"Una venta corta es b\u00e1sicamente una soluci\u00f3n econ\u00f3mica eficiente a un problema. De esta manera, el prestatario puede evitar da\u00f1os adicionales a su cr\u00e9dito, y el prestamista perder\u00eda menos dinero que en el caso de la continua falta de pago... Read more\" \/>\n<meta property=\"og:url\" content=\"https:\/\/texashomeoffers.com\/es\/10-opciones-para-propietarios-que-enfrentan-una-ejecucion-de-hipoteca\/venta-corta\/\" \/>\n<meta property=\"og:site_name\" content=\"Texas Home Offers\" \/>\n<meta name=\"twitter:card\" content=\"summary_large_image\" \/>\n<meta name=\"twitter:label1\" content=\"Tiempo de lectura\" \/>\n\t<meta name=\"twitter:data1\" content=\"2 minutos\" \/>\n<script type=\"application\/ld+json\" class=\"yoast-schema-graph\">{\"@context\":\"https:\/\/schema.org\",\"@graph\":[{\"@type\":\"WebPage\",\"@id\":\"https:\/\/texashomeoffers.com\/es\/10-opciones-para-propietarios-que-enfrentan-una-ejecucion-de-hipoteca\/venta-corta\/\",\"url\":\"https:\/\/texashomeoffers.com\/es\/10-opciones-para-propietarios-que-enfrentan-una-ejecucion-de-hipoteca\/venta-corta\/\",\"name\":\"Venta Corta\",\"isPartOf\":{\"@id\":\"https:\/\/texashomeoffers.com\/#website\"},\"datePublished\":\"2016-11-05T00:43:21+00:00\",\"dateModified\":\"2016-11-05T00:43:21+00:00\",\"breadcrumb\":{\"@id\":\"https:\/\/texashomeoffers.com\/es\/10-opciones-para-propietarios-que-enfrentan-una-ejecucion-de-hipoteca\/venta-corta\/#breadcrumb\"},\"inLanguage\":\"es\",\"potentialAction\":[{\"@type\":\"ReadAction\",\"target\":[\"https:\/\/texashomeoffers.com\/es\/10-opciones-para-propietarios-que-enfrentan-una-ejecucion-de-hipoteca\/venta-corta\/\"]}]},{\"@type\":\"BreadcrumbList\",\"@id\":\"https:\/\/texashomeoffers.com\/es\/10-opciones-para-propietarios-que-enfrentan-una-ejecucion-de-hipoteca\/venta-corta\/#breadcrumb\",\"itemListElement\":[{\"@type\":\"ListItem\",\"position\":1,\"name\":\"Home\",\"item\":\"https:\/\/texashomeoffers.com\/es\/\"},{\"@type\":\"ListItem\",\"position\":2,\"name\":\"10 opciones para propietarios que enfrentan una ejecuci\u00f3n de hipoteca\",\"item\":\"https:\/\/texashomeoffers.com\/es\/10-opciones-para-propietarios-que-enfrentan-una-ejecucion-de-hipoteca\/\"},{\"@type\":\"ListItem\",\"position\":3,\"name\":\"Venta Corta\"}]},{\"@type\":\"WebSite\",\"@id\":\"https:\/\/texashomeoffers.com\/#website\",\"url\":\"https:\/\/texashomeoffers.com\/\",\"name\":\"Texas Home Offers\",\"description\":\"\",\"publisher\":{\"@id\":\"https:\/\/texashomeoffers.com\/#organization\"},\"potentialAction\":[{\"@type\":\"SearchAction\",\"target\":{\"@type\":\"EntryPoint\",\"urlTemplate\":\"https:\/\/texashomeoffers.com\/?s={search_term_string}\"},\"query-input\":\"required name=search_term_string\"}],\"inLanguage\":\"es\"},{\"@type\":\"Organization\",\"@id\":\"https:\/\/texashomeoffers.com\/#organization\",\"name\":\"Texas Home Offers\",\"url\":\"https:\/\/texashomeoffers.com\/\",\"logo\":{\"@type\":\"ImageObject\",\"inLanguage\":\"es\",\"@id\":\"https:\/\/texashomeoffers.com\/#\/schema\/logo\/image\/\",\"url\":\"https:\/\/texashomeoffers.com\/wp-content\/uploads\/2015\/04\/logo.png\",\"contentUrl\":\"https:\/\/texashomeoffers.com\/wp-content\/uploads\/2015\/04\/logo.png\",\"width\":442,\"height\":132,\"caption\":\"Texas Home Offers\"},\"image\":{\"@id\":\"https:\/\/texashomeoffers.com\/#\/schema\/logo\/image\/\"}}]}<\/script>\n<!-- \/ Yoast SEO plugin. -->","yoast_head_json":{"title":"Venta Corta","robots":{"index":"index","follow":"follow","max-snippet":"max-snippet:-1","max-image-preview":"max-image-preview:large","max-video-preview":"max-video-preview:-1"},"canonical":"https:\/\/texashomeoffers.com\/es\/10-opciones-para-propietarios-que-enfrentan-una-ejecucion-de-hipoteca\/venta-corta\/","og_locale":"es_ES","og_type":"article","og_title":"Venta Corta","og_description":"Una venta corta es b\u00e1sicamente una soluci\u00f3n econ\u00f3mica eficiente a un problema. De esta manera, el prestatario puede evitar da\u00f1os adicionales a su cr\u00e9dito, y el prestamista perder\u00eda menos dinero que en el caso de la continua falta de pago... Read more","og_url":"https:\/\/texashomeoffers.com\/es\/10-opciones-para-propietarios-que-enfrentan-una-ejecucion-de-hipoteca\/venta-corta\/","og_site_name":"Texas Home Offers","twitter_card":"summary_large_image","twitter_misc":{"Tiempo de lectura":"2 minutos"},"schema":{"@context":"https:\/\/schema.org","@graph":[{"@type":"WebPage","@id":"https:\/\/texashomeoffers.com\/es\/10-opciones-para-propietarios-que-enfrentan-una-ejecucion-de-hipoteca\/venta-corta\/","url":"https:\/\/texashomeoffers.com\/es\/10-opciones-para-propietarios-que-enfrentan-una-ejecucion-de-hipoteca\/venta-corta\/","name":"Venta Corta","isPartOf":{"@id":"https:\/\/texashomeoffers.com\/#website"},"datePublished":"2016-11-05T00:43:21+00:00","dateModified":"2016-11-05T00:43:21+00:00","breadcrumb":{"@id":"https:\/\/texashomeoffers.com\/es\/10-opciones-para-propietarios-que-enfrentan-una-ejecucion-de-hipoteca\/venta-corta\/#breadcrumb"},"inLanguage":"es","potentialAction":[{"@type":"ReadAction","target":["https:\/\/texashomeoffers.com\/es\/10-opciones-para-propietarios-que-enfrentan-una-ejecucion-de-hipoteca\/venta-corta\/"]}]},{"@type":"BreadcrumbList","@id":"https:\/\/texashomeoffers.com\/es\/10-opciones-para-propietarios-que-enfrentan-una-ejecucion-de-hipoteca\/venta-corta\/#breadcrumb","itemListElement":[{"@type":"ListItem","position":1,"name":"Home","item":"https:\/\/texashomeoffers.com\/es\/"},{"@type":"ListItem","position":2,"name":"10 opciones para propietarios que enfrentan una ejecuci\u00f3n de hipoteca","item":"https:\/\/texashomeoffers.com\/es\/10-opciones-para-propietarios-que-enfrentan-una-ejecucion-de-hipoteca\/"},{"@type":"ListItem","position":3,"name":"Venta Corta"}]},{"@type":"WebSite","@id":"https:\/\/texashomeoffers.com\/#website","url":"https:\/\/texashomeoffers.com\/","name":"Texas Home Offers","description":"","publisher":{"@id":"https:\/\/texashomeoffers.com\/#organization"},"potentialAction":[{"@type":"SearchAction","target":{"@type":"EntryPoint","urlTemplate":"https:\/\/texashomeoffers.com\/?s={search_term_string}"},"query-input":"required name=search_term_string"}],"inLanguage":"es"},{"@type":"Organization","@id":"https:\/\/texashomeoffers.com\/#organization","name":"Texas Home Offers","url":"https:\/\/texashomeoffers.com\/","logo":{"@type":"ImageObject","inLanguage":"es","@id":"https:\/\/texashomeoffers.com\/#\/schema\/logo\/image\/","url":"https:\/\/texashomeoffers.com\/wp-content\/uploads\/2015\/04\/logo.png","contentUrl":"https:\/\/texashomeoffers.com\/wp-content\/uploads\/2015\/04\/logo.png","width":442,"height":132,"caption":"Texas Home Offers"},"image":{"@id":"https:\/\/texashomeoffers.com\/#\/schema\/logo\/image\/"}}]}},"jetpack_sharing_enabled":true,"_links":{"self":[{"href":"https:\/\/texashomeoffers.com\/es\/wp-json\/wp\/v2\/pages\/1216\/"}],"collection":[{"href":"https:\/\/texashomeoffers.com\/es\/wp-json\/wp\/v2\/pages\/"}],"about":[{"href":"https:\/\/texashomeoffers.com\/es\/wp-json\/wp\/v2\/types\/page\/"}],"replies":[{"embeddable":true,"href":"https:\/\/texashomeoffers.com\/es\/wp-json\/wp\/v2\/comments\/?post=1216"}],"version-history":[{"count":0,"href":"https:\/\/texashomeoffers.com\/es\/wp-json\/wp\/v2\/pages\/1216\/revisions\/"}],"up":[{"embeddable":true,"href":"https:\/\/texashomeoffers.com\/es\/wp-json\/wp\/v2\/pages\/1258\/"}],"wp:attachment":[{"href":"https:\/\/texashomeoffers.com\/es\/wp-json\/wp\/v2\/media\/?parent=1216"}],"curies":[{"name":"wp","href":"https:\/\/api.w.org\/{rel}","templated":true}]}}