{"id":1217,"date":"2016-11-04T19:56:30","date_gmt":"2016-11-05T00:56:30","guid":{"rendered":"https:\/\/texashomeoffers.com\/es\/modificacion-de-prestamo\/"},"modified":"2016-11-04T19:56:30","modified_gmt":"2016-11-05T00:56:30","slug":"modificacion-de-prestamo","status":"publish","type":"page","link":"https:\/\/texashomeoffers.com\/es\/10-opciones-para-propietarios-que-enfrentan-una-ejecucion-de-hipoteca\/modificacion-de-prestamo\/","title":{"rendered":"Modificaci\u00f3n de pr\u00e9stamo"},"content":{"rendered":"<p><center><iframe loading=\"lazy\" src=\"https:\/\/www.youtube.com\/embed\/IMld6btepE4?rel=0\" width=\"480\" height=\"360\" frameborder=\"0\" allowfullscreen=\"allowfullscreen\"><\/iframe><\/center>La Modificaci\u00f3n de Pr\u00e9stamo es una opci\u00f3n que cubre una variedad de servicios posibles. Negociaremos con la entidad crediticia de tu parte para una modificaci\u00f3n del pr\u00e9stamo, un Plan de pagos o paciencia.<br \/>\nRealmente depende de los detalles concretos de tu situaci\u00f3n de cual tipo de modificaci\u00f3n de pr\u00e9stamo va a ayudarnos m\u00e1s, y tenga m\u00e1s probabilidades de ser aceptado por tu prestamista.<br \/>\nAlgunos propietarios califican para una modificaci\u00f3n del pr\u00e9stamo. Podemos ser capaces de ayudar con la modificaci\u00f3n de tu pr\u00e9stamo para reducir la tasa de inter\u00e9s o reducir los pagos. Esta puede ser una opci\u00f3n efectiva si sus dificultades eran temporales, pero pueden no ser adecuado para otras situaciones.<br \/>\nLa modificaci\u00f3n del pr\u00e9stamo tiende a ser mejor para las personas con una cantidad justa de capital o donde las dificultades financieras son temporales. De lo contrario, la opci\u00f3n de modificaci\u00f3n del pr\u00e9stamo que el prestamista tiene m\u00e1s probabilidades de aprobar puede no ser suficiente para detener una eventual ejecuci\u00f3n hipotecaria.<\/p>\n<p>Por favor, llena el formulario o llamanos al\u00a0<a href=\"tel:512-271-5044\">512-271-5044<\/a>\u00a0para discutir la modificaci\u00f3n de pr\u00e9stamo junto a otras opciones disponibles para propietarios de Texas. Nuestros servicios son siempre gratuitos.<\/p>\n","protected":false},"excerpt":{"rendered":"<p>La Modificaci\u00f3n de Pr\u00e9stamo es una opci\u00f3n que cubre una variedad de servicios posibles. Negociaremos con la entidad crediticia de tu parte para una modificaci\u00f3n del pr\u00e9stamo, un Plan de pagos o paciencia. Realmente depende de los detalles concretos de&#8230; <a class=\"read-more\" href=\"https:\/\/texashomeoffers.com\/es\/10-opciones-para-propietarios-que-enfrentan-una-ejecucion-de-hipoteca\/modificacion-de-prestamo\/\">Read more<\/a><\/p>\n","protected":false},"author":0,"featured_media":0,"parent":1258,"menu_order":0,"comment_status":"open","ping_status":"open","template":"","meta":{"footnotes":""},"yoast_head":"<!-- This site is optimized with the Yoast SEO plugin v22.8 - https:\/\/yoast.com\/wordpress\/plugins\/seo\/ -->\n<title>Modificaci\u00f3n de pr\u00e9stamo<\/title>\n<meta name=\"robots\" content=\"index, follow, max-snippet:-1, max-image-preview:large, max-video-preview:-1\" \/>\n<link rel=\"canonical\" href=\"https:\/\/texashomeoffers.com\/es\/10-opciones-para-propietarios-que-enfrentan-una-ejecucion-de-hipoteca\/modificacion-de-prestamo\/\" \/>\n<meta property=\"og:locale\" content=\"es_ES\" \/>\n<meta property=\"og:type\" content=\"article\" \/>\n<meta property=\"og:title\" content=\"Modificaci\u00f3n de pr\u00e9stamo\" \/>\n<meta property=\"og:description\" content=\"La Modificaci\u00f3n de Pr\u00e9stamo es una opci\u00f3n que cubre una variedad de servicios posibles. Negociaremos con la entidad crediticia de tu parte para una modificaci\u00f3n del pr\u00e9stamo, un Plan de pagos o paciencia. Realmente depende de los detalles concretos de... Read more\" \/>\n<meta property=\"og:url\" content=\"https:\/\/texashomeoffers.com\/es\/10-opciones-para-propietarios-que-enfrentan-una-ejecucion-de-hipoteca\/modificacion-de-prestamo\/\" \/>\n<meta property=\"og:site_name\" content=\"Texas Home Offers\" \/>\n<meta name=\"twitter:card\" content=\"summary_large_image\" \/>\n<meta name=\"twitter:label1\" content=\"Tiempo de lectura\" \/>\n\t<meta name=\"twitter:data1\" content=\"1 minuto\" \/>\n<script type=\"application\/ld+json\" class=\"yoast-schema-graph\">{\"@context\":\"https:\/\/schema.org\",\"@graph\":[{\"@type\":\"WebPage\",\"@id\":\"https:\/\/texashomeoffers.com\/es\/10-opciones-para-propietarios-que-enfrentan-una-ejecucion-de-hipoteca\/modificacion-de-prestamo\/\",\"url\":\"https:\/\/texashomeoffers.com\/es\/10-opciones-para-propietarios-que-enfrentan-una-ejecucion-de-hipoteca\/modificacion-de-prestamo\/\",\"name\":\"Modificaci\u00f3n de pr\u00e9stamo\",\"isPartOf\":{\"@id\":\"https:\/\/texashomeoffers.com\/#website\"},\"datePublished\":\"2016-11-05T00:56:30+00:00\",\"dateModified\":\"2016-11-05T00:56:30+00:00\",\"breadcrumb\":{\"@id\":\"https:\/\/texashomeoffers.com\/es\/10-opciones-para-propietarios-que-enfrentan-una-ejecucion-de-hipoteca\/modificacion-de-prestamo\/#breadcrumb\"},\"inLanguage\":\"es\",\"potentialAction\":[{\"@type\":\"ReadAction\",\"target\":[\"https:\/\/texashomeoffers.com\/es\/10-opciones-para-propietarios-que-enfrentan-una-ejecucion-de-hipoteca\/modificacion-de-prestamo\/\"]}]},{\"@type\":\"BreadcrumbList\",\"@id\":\"https:\/\/texashomeoffers.com\/es\/10-opciones-para-propietarios-que-enfrentan-una-ejecucion-de-hipoteca\/modificacion-de-prestamo\/#breadcrumb\",\"itemListElement\":[{\"@type\":\"ListItem\",\"position\":1,\"name\":\"Home\",\"item\":\"https:\/\/texashomeoffers.com\/es\/\"},{\"@type\":\"ListItem\",\"position\":2,\"name\":\"10 opciones para propietarios que enfrentan una ejecuci\u00f3n de hipoteca\",\"item\":\"https:\/\/texashomeoffers.com\/es\/10-opciones-para-propietarios-que-enfrentan-una-ejecucion-de-hipoteca\/\"},{\"@type\":\"ListItem\",\"position\":3,\"name\":\"Modificaci\u00f3n de pr\u00e9stamo\"}]},{\"@type\":\"WebSite\",\"@id\":\"https:\/\/texashomeoffers.com\/#website\",\"url\":\"https:\/\/texashomeoffers.com\/\",\"name\":\"Texas Home Offers\",\"description\":\"\",\"publisher\":{\"@id\":\"https:\/\/texashomeoffers.com\/#organization\"},\"potentialAction\":[{\"@type\":\"SearchAction\",\"target\":{\"@type\":\"EntryPoint\",\"urlTemplate\":\"https:\/\/texashomeoffers.com\/?s={search_term_string}\"},\"query-input\":\"required name=search_term_string\"}],\"inLanguage\":\"es\"},{\"@type\":\"Organization\",\"@id\":\"https:\/\/texashomeoffers.com\/#organization\",\"name\":\"Texas Home Offers\",\"url\":\"https:\/\/texashomeoffers.com\/\",\"logo\":{\"@type\":\"ImageObject\",\"inLanguage\":\"es\",\"@id\":\"https:\/\/texashomeoffers.com\/#\/schema\/logo\/image\/\",\"url\":\"https:\/\/texashomeoffers.com\/wp-content\/uploads\/2015\/04\/logo.png\",\"contentUrl\":\"https:\/\/texashomeoffers.com\/wp-content\/uploads\/2015\/04\/logo.png\",\"width\":442,\"height\":132,\"caption\":\"Texas Home Offers\"},\"image\":{\"@id\":\"https:\/\/texashomeoffers.com\/#\/schema\/logo\/image\/\"}}]}<\/script>\n<!-- \/ Yoast SEO plugin. -->","yoast_head_json":{"title":"Modificaci\u00f3n de pr\u00e9stamo","robots":{"index":"index","follow":"follow","max-snippet":"max-snippet:-1","max-image-preview":"max-image-preview:large","max-video-preview":"max-video-preview:-1"},"canonical":"https:\/\/texashomeoffers.com\/es\/10-opciones-para-propietarios-que-enfrentan-una-ejecucion-de-hipoteca\/modificacion-de-prestamo\/","og_locale":"es_ES","og_type":"article","og_title":"Modificaci\u00f3n de pr\u00e9stamo","og_description":"La Modificaci\u00f3n de Pr\u00e9stamo es una opci\u00f3n que cubre una variedad de servicios posibles. Negociaremos con la entidad crediticia de tu parte para una modificaci\u00f3n del pr\u00e9stamo, un Plan de pagos o paciencia. Realmente depende de los detalles concretos de... Read more","og_url":"https:\/\/texashomeoffers.com\/es\/10-opciones-para-propietarios-que-enfrentan-una-ejecucion-de-hipoteca\/modificacion-de-prestamo\/","og_site_name":"Texas Home Offers","twitter_card":"summary_large_image","twitter_misc":{"Tiempo de lectura":"1 minuto"},"schema":{"@context":"https:\/\/schema.org","@graph":[{"@type":"WebPage","@id":"https:\/\/texashomeoffers.com\/es\/10-opciones-para-propietarios-que-enfrentan-una-ejecucion-de-hipoteca\/modificacion-de-prestamo\/","url":"https:\/\/texashomeoffers.com\/es\/10-opciones-para-propietarios-que-enfrentan-una-ejecucion-de-hipoteca\/modificacion-de-prestamo\/","name":"Modificaci\u00f3n de pr\u00e9stamo","isPartOf":{"@id":"https:\/\/texashomeoffers.com\/#website"},"datePublished":"2016-11-05T00:56:30+00:00","dateModified":"2016-11-05T00:56:30+00:00","breadcrumb":{"@id":"https:\/\/texashomeoffers.com\/es\/10-opciones-para-propietarios-que-enfrentan-una-ejecucion-de-hipoteca\/modificacion-de-prestamo\/#breadcrumb"},"inLanguage":"es","potentialAction":[{"@type":"ReadAction","target":["https:\/\/texashomeoffers.com\/es\/10-opciones-para-propietarios-que-enfrentan-una-ejecucion-de-hipoteca\/modificacion-de-prestamo\/"]}]},{"@type":"BreadcrumbList","@id":"https:\/\/texashomeoffers.com\/es\/10-opciones-para-propietarios-que-enfrentan-una-ejecucion-de-hipoteca\/modificacion-de-prestamo\/#breadcrumb","itemListElement":[{"@type":"ListItem","position":1,"name":"Home","item":"https:\/\/texashomeoffers.com\/es\/"},{"@type":"ListItem","position":2,"name":"10 opciones para propietarios que enfrentan una ejecuci\u00f3n de hipoteca","item":"https:\/\/texashomeoffers.com\/es\/10-opciones-para-propietarios-que-enfrentan-una-ejecucion-de-hipoteca\/"},{"@type":"ListItem","position":3,"name":"Modificaci\u00f3n de pr\u00e9stamo"}]},{"@type":"WebSite","@id":"https:\/\/texashomeoffers.com\/#website","url":"https:\/\/texashomeoffers.com\/","name":"Texas Home Offers","description":"","publisher":{"@id":"https:\/\/texashomeoffers.com\/#organization"},"potentialAction":[{"@type":"SearchAction","target":{"@type":"EntryPoint","urlTemplate":"https:\/\/texashomeoffers.com\/?s={search_term_string}"},"query-input":"required name=search_term_string"}],"inLanguage":"es"},{"@type":"Organization","@id":"https:\/\/texashomeoffers.com\/#organization","name":"Texas Home Offers","url":"https:\/\/texashomeoffers.com\/","logo":{"@type":"ImageObject","inLanguage":"es","@id":"https:\/\/texashomeoffers.com\/#\/schema\/logo\/image\/","url":"https:\/\/texashomeoffers.com\/wp-content\/uploads\/2015\/04\/logo.png","contentUrl":"https:\/\/texashomeoffers.com\/wp-content\/uploads\/2015\/04\/logo.png","width":442,"height":132,"caption":"Texas Home Offers"},"image":{"@id":"https:\/\/texashomeoffers.com\/#\/schema\/logo\/image\/"}}]}},"jetpack_sharing_enabled":true,"_links":{"self":[{"href":"https:\/\/texashomeoffers.com\/es\/wp-json\/wp\/v2\/pages\/1217\/"}],"collection":[{"href":"https:\/\/texashomeoffers.com\/es\/wp-json\/wp\/v2\/pages\/"}],"about":[{"href":"https:\/\/texashomeoffers.com\/es\/wp-json\/wp\/v2\/types\/page\/"}],"replies":[{"embeddable":true,"href":"https:\/\/texashomeoffers.com\/es\/wp-json\/wp\/v2\/comments\/?post=1217"}],"version-history":[{"count":0,"href":"https:\/\/texashomeoffers.com\/es\/wp-json\/wp\/v2\/pages\/1217\/revisions\/"}],"up":[{"embeddable":true,"href":"https:\/\/texashomeoffers.com\/es\/wp-json\/wp\/v2\/pages\/1258\/"}],"wp:attachment":[{"href":"https:\/\/texashomeoffers.com\/es\/wp-json\/wp\/v2\/media\/?parent=1217"}],"curies":[{"name":"wp","href":"https:\/\/api.w.org\/{rel}","templated":true}]}}