{"id":1222,"date":"2016-11-05T14:23:01","date_gmt":"2016-11-05T19:23:01","guid":{"rendered":"https:\/\/texashomeoffers.com\/es\/que-es-una-venta-rapida-en-efectivo\/"},"modified":"2016-11-05T14:23:01","modified_gmt":"2016-11-05T19:23:01","slug":"que-es-una-venta-rapida-en-efectivo","status":"publish","type":"page","link":"https:\/\/texashomeoffers.com\/es\/10-opciones-para-propietarios-que-enfrentan-una-ejecucion-de-hipoteca\/que-es-una-venta-rapida-en-efectivo\/","title":{"rendered":"Que es una Venta Rapida en efectivo?"},"content":{"rendered":"<p>La Manera m\u00e1s r\u00e1pida de vender tu casa es por EFECTIVO. \u00a0Vender a un comprador con efectivo es genial porque no tienes que esperar a que el comprador califique para un pr\u00e9stamo o ning\u00fan obst\u00e1culo. Otro beneficio es que un comprador con efectivo puede cubrir todos los costos de cierre, impuestos y pagos retrasados, adem\u00e1s de otras tasas que se necesiten para cerrar el trato<\/p>\n<p>En la mayor\u00eda de las situaciones un comprador sin fluidez de efectivo necesitara un mes o m\u00e1s para cerrar la venta. Mucho de ese tiempo se lo lleva la espera por la aprobaci\u00f3n del pr\u00e9stamo por parte de la entidad crediticia y la realizaci\u00f3n del papeleo Tambi\u00e9n cabe destacar, los prestamistas requieren una inspecci\u00f3n, evaluaci\u00f3n y a menudo las reparaciones que no le son limitaciones a los compradores con efectivo. Debido a estas libertades, un comprador con efectivo puede cerrar casi inmediatamente.<\/p>\n<p>&nbsp;<\/p>\n<p>La ventaja de una venta en efectivo r\u00e1pido va a los propietarios con lotes de equidad que quieren o necesitan dinero r\u00e1pido. Para los propietarios con poco o ning\u00fan capital, una venta de dinero r\u00e1pido no es la mejor opci\u00f3n, porque los compradores en efectivo r\u00e1pido son t\u00edpicamente inversionistas de bienes ra\u00edces que quieren dar la vuelta y vender la casa para un beneficio. Tenga en cuenta que tambi\u00e9n est\u00e1 pagando el comprador en efectivo:<\/p>\n<ul>\n<li>costos de cierre en comprar<\/li>\n<li>comisiones en reventa<\/li>\n<li>costo de reventa de cierre<\/li>\n<li>costos mensuales hasta que la casa se revende<\/li>\n<li>reparaciones o remodelaci\u00f3n<\/li>\n<\/ul>\n<p>Cuando todo esto ha sido dicho y hecho los gastos generalmente salen a alrededor del 15% o m\u00e1s del valor de la casa, raz\u00f3n por la cual la mayor\u00eda de los compradores en efectivo pueden permitirse el lujo de comprar una casa por solamente el 65% a 75% de su valor de mercado para obtener un beneficio relativamente peque\u00f1o. Por lo que, a usted, el propietario, la desventaja de una venta en efectivo r\u00e1pido es que tu casa se vender\u00eda por debajo del precio tradicional.<\/p>\n<p>&nbsp;<\/p>\n<p>Ll\u00e1menos hoy y descubra sobre opciones adicionales disponibles para usted. Hay 10 opciones para propietarios est\u00e1n atrasados en los pagos o frente a una ejecuci\u00f3n hipotecaria. O si desea vender r\u00e1pido, podemos ponerle en contacto con inversores que se especializan en ventas en efectivo r\u00e1pido y regularmente, compran casas en las \u00e1reas de Houston, Dallas, Austin, Corpus Christi y San Antonio<\/p>\n","protected":false},"excerpt":{"rendered":"<p>La Manera m\u00e1s r\u00e1pida de vender tu casa es por EFECTIVO. \u00a0Vender a un comprador con efectivo es genial porque no tienes que esperar a que el comprador califique para un pr\u00e9stamo o ning\u00fan obst\u00e1culo. Otro beneficio es que un&#8230; <a class=\"read-more\" href=\"https:\/\/texashomeoffers.com\/es\/10-opciones-para-propietarios-que-enfrentan-una-ejecucion-de-hipoteca\/que-es-una-venta-rapida-en-efectivo\/\">Read more<\/a><\/p>\n","protected":false},"author":0,"featured_media":0,"parent":1258,"menu_order":0,"comment_status":"open","ping_status":"open","template":"","meta":{"footnotes":""},"yoast_head":"<!-- This site is optimized with the Yoast SEO plugin v22.8 - https:\/\/yoast.com\/wordpress\/plugins\/seo\/ -->\n<title>Que es una Venta Rapida en efectivo?<\/title>\n<meta name=\"description\" content=\"\u00bfQu\u00e9 es una venta r\u00e1pida en efectivo y que significa para los propietarios de Texas? Si tienes pagos atrasados, enfrentando una pr\u00f3xima ejecuci\u00f3n de hipoteca o quieres vender YA 512-271-5044\" \/>\n<meta name=\"robots\" content=\"index, follow, max-snippet:-1, max-image-preview:large, max-video-preview:-1\" \/>\n<link rel=\"canonical\" href=\"https:\/\/texashomeoffers.com\/es\/10-opciones-para-propietarios-que-enfrentan-una-ejecucion-de-hipoteca\/que-es-una-venta-rapida-en-efectivo\/\" \/>\n<meta property=\"og:locale\" content=\"es_ES\" \/>\n<meta property=\"og:type\" content=\"article\" \/>\n<meta property=\"og:title\" content=\"Que es una Venta Rapida en efectivo?\" \/>\n<meta property=\"og:description\" content=\"\u00bfQu\u00e9 es una venta r\u00e1pida en efectivo y que significa para los propietarios de Texas? Si tienes pagos atrasados, enfrentando una pr\u00f3xima ejecuci\u00f3n de hipoteca o quieres vender YA 512-271-5044\" \/>\n<meta property=\"og:url\" content=\"https:\/\/texashomeoffers.com\/es\/10-opciones-para-propietarios-que-enfrentan-una-ejecucion-de-hipoteca\/que-es-una-venta-rapida-en-efectivo\/\" \/>\n<meta property=\"og:site_name\" content=\"Texas Home Offers\" \/>\n<meta name=\"twitter:card\" content=\"summary_large_image\" \/>\n<meta name=\"twitter:label1\" content=\"Tiempo de lectura\" \/>\n\t<meta name=\"twitter:data1\" content=\"2 minutos\" \/>\n<script type=\"application\/ld+json\" class=\"yoast-schema-graph\">{\"@context\":\"https:\/\/schema.org\",\"@graph\":[{\"@type\":\"WebPage\",\"@id\":\"https:\/\/texashomeoffers.com\/es\/10-opciones-para-propietarios-que-enfrentan-una-ejecucion-de-hipoteca\/que-es-una-venta-rapida-en-efectivo\/\",\"url\":\"https:\/\/texashomeoffers.com\/es\/10-opciones-para-propietarios-que-enfrentan-una-ejecucion-de-hipoteca\/que-es-una-venta-rapida-en-efectivo\/\",\"name\":\"Que es una Venta Rapida en efectivo?\",\"isPartOf\":{\"@id\":\"https:\/\/texashomeoffers.com\/#website\"},\"datePublished\":\"2016-11-05T19:23:01+00:00\",\"dateModified\":\"2016-11-05T19:23:01+00:00\",\"description\":\"\u00bfQu\u00e9 es una venta r\u00e1pida en efectivo y que significa para los propietarios de Texas? Si tienes pagos atrasados, enfrentando una pr\u00f3xima ejecuci\u00f3n de hipoteca o quieres vender YA 512-271-5044\",\"breadcrumb\":{\"@id\":\"https:\/\/texashomeoffers.com\/es\/10-opciones-para-propietarios-que-enfrentan-una-ejecucion-de-hipoteca\/que-es-una-venta-rapida-en-efectivo\/#breadcrumb\"},\"inLanguage\":\"es\",\"potentialAction\":[{\"@type\":\"ReadAction\",\"target\":[\"https:\/\/texashomeoffers.com\/es\/10-opciones-para-propietarios-que-enfrentan-una-ejecucion-de-hipoteca\/que-es-una-venta-rapida-en-efectivo\/\"]}]},{\"@type\":\"BreadcrumbList\",\"@id\":\"https:\/\/texashomeoffers.com\/es\/10-opciones-para-propietarios-que-enfrentan-una-ejecucion-de-hipoteca\/que-es-una-venta-rapida-en-efectivo\/#breadcrumb\",\"itemListElement\":[{\"@type\":\"ListItem\",\"position\":1,\"name\":\"Home\",\"item\":\"https:\/\/texashomeoffers.com\/es\/\"},{\"@type\":\"ListItem\",\"position\":2,\"name\":\"10 opciones para propietarios que enfrentan una ejecuci\u00f3n de hipoteca\",\"item\":\"https:\/\/texashomeoffers.com\/es\/10-opciones-para-propietarios-que-enfrentan-una-ejecucion-de-hipoteca\/\"},{\"@type\":\"ListItem\",\"position\":3,\"name\":\"Que es una Venta Rapida en efectivo?\"}]},{\"@type\":\"WebSite\",\"@id\":\"https:\/\/texashomeoffers.com\/#website\",\"url\":\"https:\/\/texashomeoffers.com\/\",\"name\":\"Texas Home Offers\",\"description\":\"\",\"publisher\":{\"@id\":\"https:\/\/texashomeoffers.com\/#organization\"},\"potentialAction\":[{\"@type\":\"SearchAction\",\"target\":{\"@type\":\"EntryPoint\",\"urlTemplate\":\"https:\/\/texashomeoffers.com\/?s={search_term_string}\"},\"query-input\":\"required name=search_term_string\"}],\"inLanguage\":\"es\"},{\"@type\":\"Organization\",\"@id\":\"https:\/\/texashomeoffers.com\/#organization\",\"name\":\"Texas Home Offers\",\"url\":\"https:\/\/texashomeoffers.com\/\",\"logo\":{\"@type\":\"ImageObject\",\"inLanguage\":\"es\",\"@id\":\"https:\/\/texashomeoffers.com\/#\/schema\/logo\/image\/\",\"url\":\"https:\/\/texashomeoffers.com\/wp-content\/uploads\/2015\/04\/logo.png\",\"contentUrl\":\"https:\/\/texashomeoffers.com\/wp-content\/uploads\/2015\/04\/logo.png\",\"width\":442,\"height\":132,\"caption\":\"Texas Home Offers\"},\"image\":{\"@id\":\"https:\/\/texashomeoffers.com\/#\/schema\/logo\/image\/\"}}]}<\/script>\n<!-- \/ Yoast SEO plugin. -->","yoast_head_json":{"title":"Que es una Venta Rapida en efectivo?","description":"\u00bfQu\u00e9 es una venta r\u00e1pida en efectivo y que significa para los propietarios de Texas? Si tienes pagos atrasados, enfrentando una pr\u00f3xima ejecuci\u00f3n de hipoteca o quieres vender YA 512-271-5044","robots":{"index":"index","follow":"follow","max-snippet":"max-snippet:-1","max-image-preview":"max-image-preview:large","max-video-preview":"max-video-preview:-1"},"canonical":"https:\/\/texashomeoffers.com\/es\/10-opciones-para-propietarios-que-enfrentan-una-ejecucion-de-hipoteca\/que-es-una-venta-rapida-en-efectivo\/","og_locale":"es_ES","og_type":"article","og_title":"Que es una Venta Rapida en efectivo?","og_description":"\u00bfQu\u00e9 es una venta r\u00e1pida en efectivo y que significa para los propietarios de Texas? Si tienes pagos atrasados, enfrentando una pr\u00f3xima ejecuci\u00f3n de hipoteca o quieres vender YA 512-271-5044","og_url":"https:\/\/texashomeoffers.com\/es\/10-opciones-para-propietarios-que-enfrentan-una-ejecucion-de-hipoteca\/que-es-una-venta-rapida-en-efectivo\/","og_site_name":"Texas Home Offers","twitter_card":"summary_large_image","twitter_misc":{"Tiempo de lectura":"2 minutos"},"schema":{"@context":"https:\/\/schema.org","@graph":[{"@type":"WebPage","@id":"https:\/\/texashomeoffers.com\/es\/10-opciones-para-propietarios-que-enfrentan-una-ejecucion-de-hipoteca\/que-es-una-venta-rapida-en-efectivo\/","url":"https:\/\/texashomeoffers.com\/es\/10-opciones-para-propietarios-que-enfrentan-una-ejecucion-de-hipoteca\/que-es-una-venta-rapida-en-efectivo\/","name":"Que es una Venta Rapida en efectivo?","isPartOf":{"@id":"https:\/\/texashomeoffers.com\/#website"},"datePublished":"2016-11-05T19:23:01+00:00","dateModified":"2016-11-05T19:23:01+00:00","description":"\u00bfQu\u00e9 es una venta r\u00e1pida en efectivo y que significa para los propietarios de Texas? Si tienes pagos atrasados, enfrentando una pr\u00f3xima ejecuci\u00f3n de hipoteca o quieres vender YA 512-271-5044","breadcrumb":{"@id":"https:\/\/texashomeoffers.com\/es\/10-opciones-para-propietarios-que-enfrentan-una-ejecucion-de-hipoteca\/que-es-una-venta-rapida-en-efectivo\/#breadcrumb"},"inLanguage":"es","potentialAction":[{"@type":"ReadAction","target":["https:\/\/texashomeoffers.com\/es\/10-opciones-para-propietarios-que-enfrentan-una-ejecucion-de-hipoteca\/que-es-una-venta-rapida-en-efectivo\/"]}]},{"@type":"BreadcrumbList","@id":"https:\/\/texashomeoffers.com\/es\/10-opciones-para-propietarios-que-enfrentan-una-ejecucion-de-hipoteca\/que-es-una-venta-rapida-en-efectivo\/#breadcrumb","itemListElement":[{"@type":"ListItem","position":1,"name":"Home","item":"https:\/\/texashomeoffers.com\/es\/"},{"@type":"ListItem","position":2,"name":"10 opciones para propietarios que enfrentan una ejecuci\u00f3n de hipoteca","item":"https:\/\/texashomeoffers.com\/es\/10-opciones-para-propietarios-que-enfrentan-una-ejecucion-de-hipoteca\/"},{"@type":"ListItem","position":3,"name":"Que es una Venta Rapida en efectivo?"}]},{"@type":"WebSite","@id":"https:\/\/texashomeoffers.com\/#website","url":"https:\/\/texashomeoffers.com\/","name":"Texas Home Offers","description":"","publisher":{"@id":"https:\/\/texashomeoffers.com\/#organization"},"potentialAction":[{"@type":"SearchAction","target":{"@type":"EntryPoint","urlTemplate":"https:\/\/texashomeoffers.com\/?s={search_term_string}"},"query-input":"required name=search_term_string"}],"inLanguage":"es"},{"@type":"Organization","@id":"https:\/\/texashomeoffers.com\/#organization","name":"Texas Home Offers","url":"https:\/\/texashomeoffers.com\/","logo":{"@type":"ImageObject","inLanguage":"es","@id":"https:\/\/texashomeoffers.com\/#\/schema\/logo\/image\/","url":"https:\/\/texashomeoffers.com\/wp-content\/uploads\/2015\/04\/logo.png","contentUrl":"https:\/\/texashomeoffers.com\/wp-content\/uploads\/2015\/04\/logo.png","width":442,"height":132,"caption":"Texas Home Offers"},"image":{"@id":"https:\/\/texashomeoffers.com\/#\/schema\/logo\/image\/"}}]}},"jetpack_sharing_enabled":true,"_links":{"self":[{"href":"https:\/\/texashomeoffers.com\/es\/wp-json\/wp\/v2\/pages\/1222\/"}],"collection":[{"href":"https:\/\/texashomeoffers.com\/es\/wp-json\/wp\/v2\/pages\/"}],"about":[{"href":"https:\/\/texashomeoffers.com\/es\/wp-json\/wp\/v2\/types\/page\/"}],"replies":[{"embeddable":true,"href":"https:\/\/texashomeoffers.com\/es\/wp-json\/wp\/v2\/comments\/?post=1222"}],"version-history":[{"count":0,"href":"https:\/\/texashomeoffers.com\/es\/wp-json\/wp\/v2\/pages\/1222\/revisions\/"}],"up":[{"embeddable":true,"href":"https:\/\/texashomeoffers.com\/es\/wp-json\/wp\/v2\/pages\/1258\/"}],"wp:attachment":[{"href":"https:\/\/texashomeoffers.com\/es\/wp-json\/wp\/v2\/media\/?parent=1222"}],"curies":[{"name":"wp","href":"https:\/\/api.w.org\/{rel}","templated":true}]}}