{"id":1223,"date":"2016-11-05T14:31:38","date_gmt":"2016-11-05T19:31:38","guid":{"rendered":"https:\/\/texashomeoffers.com\/es\/modificacion-de-prestamos-hipotecarios\/"},"modified":"2016-11-05T14:31:38","modified_gmt":"2016-11-05T19:31:38","slug":"modificacion-de-prestamos-hipotecarios","status":"publish","type":"page","link":"https:\/\/texashomeoffers.com\/es\/modificacion-de-prestamos-hipotecarios\/","title":{"rendered":"Modificaci\u00f3n de Prestamos Hipotecarios"},"content":{"rendered":"<p>Tan solo porque te has atrasado en el pago de tu hipoteca no quiere decir que te hayas quedado sin opciones. Hay muchas opciones disponibles para llegar a un acuerdo con tu entidad crediticia para mantener tu casa, mientras pagas una hipoteca que puedas pagar. \u00a0La Modificaciones son las oportunidades de crear un plan para mantener tu casa.<\/p>\n<p><strong>Modificaci\u00f3n de Pr\u00e9stamo<\/strong><br \/>\nAlgunos de los due\u00f1os califican para una modificaci\u00f3n de su pr\u00e9stamo. Nosotros somos capaces de ayudarle con la modificaci\u00f3n de su pr\u00e9stamo para reducir la tasa de inter\u00e9s o reducir sus pagos. Esto puede ser una opci\u00f3n eficaz si su dificultad es temporal. Ll\u00e1menos inmediatamente para ver si usted califica.<\/p>\n<p><strong>HARP<\/strong><br \/>\nEl Programa de Refinanciamiento de Vivienda Accesible, tambi\u00e9n conocido en ingles HARP, es un programa federal de los Estados Unidos, establecido por la Agencia Federal de Financiamiento de la Vivienda para ayudar a los propietarios de viviendas sin valor o casi sin valor a refinanciar sus hipotecas. Si su casa tiene pocos pagos o ninguno, esto sea talvez una opci\u00f3n viable para usted. Ll\u00e1menos para ver si usted califica.<\/p>\n","protected":false},"excerpt":{"rendered":"<p>Tan solo porque te has atrasado en el pago de tu hipoteca no quiere decir que te hayas quedado sin opciones. Hay muchas opciones disponibles para llegar a un acuerdo con tu entidad crediticia para mantener tu casa, mientras pagas&#8230; <a class=\"read-more\" href=\"https:\/\/texashomeoffers.com\/es\/modificacion-de-prestamos-hipotecarios\/\">Read more<\/a><\/p>\n","protected":false},"author":0,"featured_media":0,"parent":0,"menu_order":0,"comment_status":"open","ping_status":"closed","template":"","meta":{"footnotes":""},"yoast_head":"<!-- This site is optimized with the Yoast SEO plugin v22.8 - https:\/\/yoast.com\/wordpress\/plugins\/seo\/ -->\n<title>Modificaci\u00f3n de Prestamos Hipotecarios<\/title>\n<meta name=\"robots\" content=\"index, follow, max-snippet:-1, max-image-preview:large, max-video-preview:-1\" \/>\n<link rel=\"canonical\" href=\"https:\/\/texashomeoffers.com\/es\/modificacion-de-prestamos-hipotecarios\/\" \/>\n<meta property=\"og:locale\" content=\"es_ES\" \/>\n<meta property=\"og:type\" content=\"article\" \/>\n<meta property=\"og:title\" content=\"Modificaci\u00f3n de Prestamos Hipotecarios\" \/>\n<meta property=\"og:description\" content=\"Tan solo porque te has atrasado en el pago de tu hipoteca no quiere decir que te hayas quedado sin opciones. Hay muchas opciones disponibles para llegar a un acuerdo con tu entidad crediticia para mantener tu casa, mientras pagas... Read more\" \/>\n<meta property=\"og:url\" content=\"https:\/\/texashomeoffers.com\/es\/modificacion-de-prestamos-hipotecarios\/\" \/>\n<meta property=\"og:site_name\" content=\"Texas Home Offers\" \/>\n<meta name=\"twitter:card\" content=\"summary_large_image\" \/>\n<meta name=\"twitter:label1\" content=\"Tiempo de lectura\" \/>\n\t<meta name=\"twitter:data1\" content=\"1 minuto\" \/>\n<script type=\"application\/ld+json\" class=\"yoast-schema-graph\">{\"@context\":\"https:\/\/schema.org\",\"@graph\":[{\"@type\":\"WebPage\",\"@id\":\"https:\/\/texashomeoffers.com\/es\/modificacion-de-prestamos-hipotecarios\/\",\"url\":\"https:\/\/texashomeoffers.com\/es\/modificacion-de-prestamos-hipotecarios\/\",\"name\":\"Modificaci\u00f3n de Prestamos Hipotecarios\",\"isPartOf\":{\"@id\":\"https:\/\/texashomeoffers.com\/#website\"},\"datePublished\":\"2016-11-05T19:31:38+00:00\",\"dateModified\":\"2016-11-05T19:31:38+00:00\",\"breadcrumb\":{\"@id\":\"https:\/\/texashomeoffers.com\/es\/modificacion-de-prestamos-hipotecarios\/#breadcrumb\"},\"inLanguage\":\"es\",\"potentialAction\":[{\"@type\":\"ReadAction\",\"target\":[\"https:\/\/texashomeoffers.com\/es\/modificacion-de-prestamos-hipotecarios\/\"]}]},{\"@type\":\"BreadcrumbList\",\"@id\":\"https:\/\/texashomeoffers.com\/es\/modificacion-de-prestamos-hipotecarios\/#breadcrumb\",\"itemListElement\":[{\"@type\":\"ListItem\",\"position\":1,\"name\":\"Home\",\"item\":\"https:\/\/texashomeoffers.com\/es\/\"},{\"@type\":\"ListItem\",\"position\":2,\"name\":\"Modificaci\u00f3n de Prestamos Hipotecarios\"}]},{\"@type\":\"WebSite\",\"@id\":\"https:\/\/texashomeoffers.com\/#website\",\"url\":\"https:\/\/texashomeoffers.com\/\",\"name\":\"Texas Home Offers\",\"description\":\"\",\"publisher\":{\"@id\":\"https:\/\/texashomeoffers.com\/#organization\"},\"potentialAction\":[{\"@type\":\"SearchAction\",\"target\":{\"@type\":\"EntryPoint\",\"urlTemplate\":\"https:\/\/texashomeoffers.com\/?s={search_term_string}\"},\"query-input\":\"required name=search_term_string\"}],\"inLanguage\":\"es\"},{\"@type\":\"Organization\",\"@id\":\"https:\/\/texashomeoffers.com\/#organization\",\"name\":\"Texas Home Offers\",\"url\":\"https:\/\/texashomeoffers.com\/\",\"logo\":{\"@type\":\"ImageObject\",\"inLanguage\":\"es\",\"@id\":\"https:\/\/texashomeoffers.com\/#\/schema\/logo\/image\/\",\"url\":\"https:\/\/texashomeoffers.com\/wp-content\/uploads\/2015\/04\/logo.png\",\"contentUrl\":\"https:\/\/texashomeoffers.com\/wp-content\/uploads\/2015\/04\/logo.png\",\"width\":442,\"height\":132,\"caption\":\"Texas Home Offers\"},\"image\":{\"@id\":\"https:\/\/texashomeoffers.com\/#\/schema\/logo\/image\/\"}}]}<\/script>\n<!-- \/ Yoast SEO plugin. -->","yoast_head_json":{"title":"Modificaci\u00f3n de Prestamos Hipotecarios","robots":{"index":"index","follow":"follow","max-snippet":"max-snippet:-1","max-image-preview":"max-image-preview:large","max-video-preview":"max-video-preview:-1"},"canonical":"https:\/\/texashomeoffers.com\/es\/modificacion-de-prestamos-hipotecarios\/","og_locale":"es_ES","og_type":"article","og_title":"Modificaci\u00f3n de Prestamos Hipotecarios","og_description":"Tan solo porque te has atrasado en el pago de tu hipoteca no quiere decir que te hayas quedado sin opciones. Hay muchas opciones disponibles para llegar a un acuerdo con tu entidad crediticia para mantener tu casa, mientras pagas... Read more","og_url":"https:\/\/texashomeoffers.com\/es\/modificacion-de-prestamos-hipotecarios\/","og_site_name":"Texas Home Offers","twitter_card":"summary_large_image","twitter_misc":{"Tiempo de lectura":"1 minuto"},"schema":{"@context":"https:\/\/schema.org","@graph":[{"@type":"WebPage","@id":"https:\/\/texashomeoffers.com\/es\/modificacion-de-prestamos-hipotecarios\/","url":"https:\/\/texashomeoffers.com\/es\/modificacion-de-prestamos-hipotecarios\/","name":"Modificaci\u00f3n de Prestamos Hipotecarios","isPartOf":{"@id":"https:\/\/texashomeoffers.com\/#website"},"datePublished":"2016-11-05T19:31:38+00:00","dateModified":"2016-11-05T19:31:38+00:00","breadcrumb":{"@id":"https:\/\/texashomeoffers.com\/es\/modificacion-de-prestamos-hipotecarios\/#breadcrumb"},"inLanguage":"es","potentialAction":[{"@type":"ReadAction","target":["https:\/\/texashomeoffers.com\/es\/modificacion-de-prestamos-hipotecarios\/"]}]},{"@type":"BreadcrumbList","@id":"https:\/\/texashomeoffers.com\/es\/modificacion-de-prestamos-hipotecarios\/#breadcrumb","itemListElement":[{"@type":"ListItem","position":1,"name":"Home","item":"https:\/\/texashomeoffers.com\/es\/"},{"@type":"ListItem","position":2,"name":"Modificaci\u00f3n de Prestamos Hipotecarios"}]},{"@type":"WebSite","@id":"https:\/\/texashomeoffers.com\/#website","url":"https:\/\/texashomeoffers.com\/","name":"Texas Home Offers","description":"","publisher":{"@id":"https:\/\/texashomeoffers.com\/#organization"},"potentialAction":[{"@type":"SearchAction","target":{"@type":"EntryPoint","urlTemplate":"https:\/\/texashomeoffers.com\/?s={search_term_string}"},"query-input":"required name=search_term_string"}],"inLanguage":"es"},{"@type":"Organization","@id":"https:\/\/texashomeoffers.com\/#organization","name":"Texas Home Offers","url":"https:\/\/texashomeoffers.com\/","logo":{"@type":"ImageObject","inLanguage":"es","@id":"https:\/\/texashomeoffers.com\/#\/schema\/logo\/image\/","url":"https:\/\/texashomeoffers.com\/wp-content\/uploads\/2015\/04\/logo.png","contentUrl":"https:\/\/texashomeoffers.com\/wp-content\/uploads\/2015\/04\/logo.png","width":442,"height":132,"caption":"Texas Home Offers"},"image":{"@id":"https:\/\/texashomeoffers.com\/#\/schema\/logo\/image\/"}}]}},"jetpack_sharing_enabled":true,"_links":{"self":[{"href":"https:\/\/texashomeoffers.com\/es\/wp-json\/wp\/v2\/pages\/1223\/"}],"collection":[{"href":"https:\/\/texashomeoffers.com\/es\/wp-json\/wp\/v2\/pages\/"}],"about":[{"href":"https:\/\/texashomeoffers.com\/es\/wp-json\/wp\/v2\/types\/page\/"}],"replies":[{"embeddable":true,"href":"https:\/\/texashomeoffers.com\/es\/wp-json\/wp\/v2\/comments\/?post=1223"}],"version-history":[{"count":0,"href":"https:\/\/texashomeoffers.com\/es\/wp-json\/wp\/v2\/pages\/1223\/revisions\/"}],"wp:attachment":[{"href":"https:\/\/texashomeoffers.com\/es\/wp-json\/wp\/v2\/media\/?parent=1223"}],"curies":[{"name":"wp","href":"https:\/\/api.w.org\/{rel}","templated":true}]}}