{"id":1226,"date":"2016-11-05T15:46:17","date_gmt":"2016-11-05T20:46:17","guid":{"rendered":"https:\/\/texashomeoffers.com\/es\/home\/"},"modified":"2016-12-07T03:53:57","modified_gmt":"2016-12-07T08:53:57","slug":"home","status":"publish","type":"page","link":"https:\/\/texashomeoffers.com\/es\/","title":{"rendered":"Home"},"content":{"rendered":"<p>Compramos casas en\u00a0<a href=\"https:\/\/texashomeoffers.com\/es\/austin-2\/\">Austin<\/a>, <a href=\"https:\/\/texashomeoffers.com\/es\/houston\/\">Houston<\/a>, <a href=\"https:\/\/texashomeoffers.com\/es\/san-antonio\/\">San Antonio<\/a>, <a href=\"https:\/\/texashomeoffers.com\/es\/corpus-christi\/\">Corpus Christi<\/a>, y\u00a0<a href=\"https:\/\/texashomeoffers.com\/es\/dallas-fort-worth\/\">Dallas Fort Worth<\/a>\u00a0todas las semanas. \u00a1Llamenos!<\/p>\n<p><a href=\"tel:15125822400\"><img loading=\"lazy\" decoding=\"async\" class=\"alignnone size-full wp-image-27\" src=\"https:\/\/texashomeoffers.com\/wp-content\/uploads\/2015\/04\/ready-to-sell.png\" alt=\"Ready To Sell?\" width=\"621\" height=\"338\" srcset=\"https:\/\/texashomeoffers.com\/wp-content\/uploads\/2015\/04\/ready-to-sell.png 621w, https:\/\/texashomeoffers.com\/wp-content\/uploads\/2015\/04\/ready-to-sell-300x163.png 300w\" sizes=\"(max-width: 621px) 100vw, 621px\" \/><\/a><\/p>\n<p><strong>\u00bfTienes una casa que necesita reparaciones masivas?<\/strong><br \/>\nNos especializamos en grandes reparaciones. Podemos comprar su casa como esta.<\/p>\n<p><b>\u00bfTienes problemas con tus pagos?<\/b><br \/>\nPodemos ayudarlo a detener esos cobros al comprar su casa r\u00e1pidamente sin costos y sin problemas.<\/p>\n<p><strong>\u00bfHeredaste una casa que deseas vender?<\/strong><br \/>\nTe facilitamos vender casas heredadas, aun cuando te encuentres fuera de la ciudad.<\/p>\n<p style=\"margin-bottom: 25px;\"><a href=\"tel:18449332225\"><img loading=\"lazy\" decoding=\"async\" class=\"alignnone wp-image-28 size-full\" src=\"https:\/\/texashomeoffers.com\/wp-content\/uploads\/2015\/04\/banner.png\" alt=\"Call Now\" width=\"620\" height=\"64\" srcset=\"https:\/\/texashomeoffers.com\/wp-content\/uploads\/2015\/04\/banner.png 620w, https:\/\/texashomeoffers.com\/wp-content\/uploads\/2015\/04\/banner-300x31.png 300w\" sizes=\"(max-width: 620px) 100vw, 620px\" \/><\/a><\/p>\n<h2>Queremos comprar tu casa hoy, \u00a1Por Efectivo!<\/h2>\n<p>Hemos comprado m\u00e1s de 200 propiedades para propietarios como t\u00fa, aqu\u00ed en Texas.<\/p>\n<p>No somos una web de referencia, Somos Inversores de Bienes y ra\u00edces locales de Texas que hemos creado \u00a0la manera m\u00e1s efectiva de ayudar a propietarios a vender sus casas r\u00e1pidamente, a un precio justo y en efectivo.<\/p>\n<p>Vender tu casa puede ser costoso y complicado. \u00a0Agentes de Bienes y Ra\u00edces cobrar\u00e1n miles o millones de d\u00f3lares por una sola venta. Nosotros eliminamos el estr\u00e9s de vender tu propiedad.<\/p>\n<h3>Llama\u00a0<a href=\"tel:18449332225\">(844) 933-2225<\/a>\u00a0o completa el formulario para obtener una oferta justa<\/h3>\n","protected":false},"excerpt":{"rendered":"<p>Compramos casas en\u00a0Austin, Houston, San Antonio, Corpus Christi, y\u00a0Dallas Fort Worth\u00a0todas las semanas. \u00a1Llamenos! \u00bfTienes una casa que necesita reparaciones masivas? Nos especializamos en grandes reparaciones. Podemos comprar su casa como esta. \u00bfTienes problemas con tus pagos? Podemos ayudarlo a&#8230; <a class=\"read-more\" href=\"https:\/\/texashomeoffers.com\/es\/\">Read more<\/a><\/p>\n","protected":false},"author":0,"featured_media":0,"parent":0,"menu_order":0,"comment_status":"closed","ping_status":"open","template":"","meta":{"footnotes":""},"yoast_head":"<!-- This site is optimized with the Yoast SEO plugin v22.8 - https:\/\/yoast.com\/wordpress\/plugins\/seo\/ -->\n<title>Compramos Casas en Texas- Vende R\u00e1pido- Texas Home Offers<\/title>\n<meta name=\"robots\" content=\"index, follow, max-snippet:-1, max-image-preview:large, max-video-preview:-1\" \/>\n<link rel=\"canonical\" href=\"https:\/\/texashomeoffers.com\/es\/\" \/>\n<meta property=\"og:locale\" content=\"es_ES\" \/>\n<meta property=\"og:type\" content=\"article\" \/>\n<meta property=\"og:title\" content=\"Compramos Casas en Texas- Vende R\u00e1pido- Texas Home Offers\" \/>\n<meta property=\"og:description\" content=\"Compramos casas en\u00a0Austin, Houston, San Antonio, Corpus Christi, y\u00a0Dallas Fort Worth\u00a0todas las semanas. \u00a1Llamenos! \u00bfTienes una casa que necesita reparaciones masivas? Nos especializamos en grandes reparaciones. Podemos comprar su casa como esta. \u00bfTienes problemas con tus pagos? Podemos ayudarlo a... Read more\" \/>\n<meta property=\"og:url\" content=\"https:\/\/texashomeoffers.com\/es\/\" \/>\n<meta property=\"og:site_name\" content=\"Texas Home Offers\" \/>\n<meta property=\"article:modified_time\" content=\"2016-12-07T08:53:57+00:00\" \/>\n<meta property=\"og:image\" content=\"https:\/\/texashomeoffers.com\/wp-content\/uploads\/2015\/04\/ready-to-sell.png\" \/>\n<meta name=\"twitter:card\" content=\"summary_large_image\" \/>\n<script type=\"application\/ld+json\" class=\"yoast-schema-graph\">{\"@context\":\"https:\/\/schema.org\",\"@graph\":[{\"@type\":\"WebPage\",\"@id\":\"https:\/\/texashomeoffers.com\/es\/\",\"url\":\"https:\/\/texashomeoffers.com\/es\/\",\"name\":\"Compramos Casas en Texas- Vende R\u00e1pido- Texas Home Offers\",\"isPartOf\":{\"@id\":\"https:\/\/texashomeoffers.com\/#website\"},\"primaryImageOfPage\":{\"@id\":\"https:\/\/texashomeoffers.com\/es\/#primaryimage\"},\"image\":{\"@id\":\"https:\/\/texashomeoffers.com\/es\/#primaryimage\"},\"thumbnailUrl\":\"https:\/\/texashomeoffers.com\/wp-content\/uploads\/2015\/04\/ready-to-sell.png\",\"datePublished\":\"2016-11-05T20:46:17+00:00\",\"dateModified\":\"2016-12-07T08:53:57+00:00\",\"breadcrumb\":{\"@id\":\"https:\/\/texashomeoffers.com\/es\/#breadcrumb\"},\"inLanguage\":\"es\",\"potentialAction\":[{\"@type\":\"ReadAction\",\"target\":[\"https:\/\/texashomeoffers.com\/es\/\"]}]},{\"@type\":\"ImageObject\",\"inLanguage\":\"es\",\"@id\":\"https:\/\/texashomeoffers.com\/es\/#primaryimage\",\"url\":\"https:\/\/texashomeoffers.com\/wp-content\/uploads\/2015\/04\/ready-to-sell.png\",\"contentUrl\":\"https:\/\/texashomeoffers.com\/wp-content\/uploads\/2015\/04\/ready-to-sell.png\"},{\"@type\":\"BreadcrumbList\",\"@id\":\"https:\/\/texashomeoffers.com\/es\/#breadcrumb\",\"itemListElement\":[{\"@type\":\"ListItem\",\"position\":1,\"name\":\"Home\",\"item\":\"https:\/\/texashomeoffers.com\/es\/\"},{\"@type\":\"ListItem\",\"position\":2,\"name\":\"Home\"}]},{\"@type\":\"WebSite\",\"@id\":\"https:\/\/texashomeoffers.com\/#website\",\"url\":\"https:\/\/texashomeoffers.com\/\",\"name\":\"Texas Home Offers\",\"description\":\"\",\"publisher\":{\"@id\":\"https:\/\/texashomeoffers.com\/#organization\"},\"potentialAction\":[{\"@type\":\"SearchAction\",\"target\":{\"@type\":\"EntryPoint\",\"urlTemplate\":\"https:\/\/texashomeoffers.com\/?s={search_term_string}\"},\"query-input\":\"required name=search_term_string\"}],\"inLanguage\":\"es\"},{\"@type\":\"Organization\",\"@id\":\"https:\/\/texashomeoffers.com\/#organization\",\"name\":\"Texas Home Offers\",\"url\":\"https:\/\/texashomeoffers.com\/\",\"logo\":{\"@type\":\"ImageObject\",\"inLanguage\":\"es\",\"@id\":\"https:\/\/texashomeoffers.com\/#\/schema\/logo\/image\/\",\"url\":\"https:\/\/texashomeoffers.com\/wp-content\/uploads\/2015\/04\/logo.png\",\"contentUrl\":\"https:\/\/texashomeoffers.com\/wp-content\/uploads\/2015\/04\/logo.png\",\"width\":442,\"height\":132,\"caption\":\"Texas Home Offers\"},\"image\":{\"@id\":\"https:\/\/texashomeoffers.com\/#\/schema\/logo\/image\/\"}}]}<\/script>\n<!-- \/ Yoast SEO plugin. -->","yoast_head_json":{"title":"Compramos Casas en Texas- Vende R\u00e1pido- Texas Home Offers","robots":{"index":"index","follow":"follow","max-snippet":"max-snippet:-1","max-image-preview":"max-image-preview:large","max-video-preview":"max-video-preview:-1"},"canonical":"https:\/\/texashomeoffers.com\/es\/","og_locale":"es_ES","og_type":"article","og_title":"Compramos Casas en Texas- Vende R\u00e1pido- Texas Home Offers","og_description":"Compramos casas en\u00a0Austin, Houston, San Antonio, Corpus Christi, y\u00a0Dallas Fort Worth\u00a0todas las semanas. \u00a1Llamenos! \u00bfTienes una casa que necesita reparaciones masivas? Nos especializamos en grandes reparaciones. Podemos comprar su casa como esta. \u00bfTienes problemas con tus pagos? Podemos ayudarlo a... Read more","og_url":"https:\/\/texashomeoffers.com\/es\/","og_site_name":"Texas Home Offers","article_modified_time":"2016-12-07T08:53:57+00:00","og_image":[{"url":"https:\/\/texashomeoffers.com\/wp-content\/uploads\/2015\/04\/ready-to-sell.png"}],"twitter_card":"summary_large_image","schema":{"@context":"https:\/\/schema.org","@graph":[{"@type":"WebPage","@id":"https:\/\/texashomeoffers.com\/es\/","url":"https:\/\/texashomeoffers.com\/es\/","name":"Compramos Casas en Texas- Vende R\u00e1pido- Texas Home Offers","isPartOf":{"@id":"https:\/\/texashomeoffers.com\/#website"},"primaryImageOfPage":{"@id":"https:\/\/texashomeoffers.com\/es\/#primaryimage"},"image":{"@id":"https:\/\/texashomeoffers.com\/es\/#primaryimage"},"thumbnailUrl":"https:\/\/texashomeoffers.com\/wp-content\/uploads\/2015\/04\/ready-to-sell.png","datePublished":"2016-11-05T20:46:17+00:00","dateModified":"2016-12-07T08:53:57+00:00","breadcrumb":{"@id":"https:\/\/texashomeoffers.com\/es\/#breadcrumb"},"inLanguage":"es","potentialAction":[{"@type":"ReadAction","target":["https:\/\/texashomeoffers.com\/es\/"]}]},{"@type":"ImageObject","inLanguage":"es","@id":"https:\/\/texashomeoffers.com\/es\/#primaryimage","url":"https:\/\/texashomeoffers.com\/wp-content\/uploads\/2015\/04\/ready-to-sell.png","contentUrl":"https:\/\/texashomeoffers.com\/wp-content\/uploads\/2015\/04\/ready-to-sell.png"},{"@type":"BreadcrumbList","@id":"https:\/\/texashomeoffers.com\/es\/#breadcrumb","itemListElement":[{"@type":"ListItem","position":1,"name":"Home","item":"https:\/\/texashomeoffers.com\/es\/"},{"@type":"ListItem","position":2,"name":"Home"}]},{"@type":"WebSite","@id":"https:\/\/texashomeoffers.com\/#website","url":"https:\/\/texashomeoffers.com\/","name":"Texas Home Offers","description":"","publisher":{"@id":"https:\/\/texashomeoffers.com\/#organization"},"potentialAction":[{"@type":"SearchAction","target":{"@type":"EntryPoint","urlTemplate":"https:\/\/texashomeoffers.com\/?s={search_term_string}"},"query-input":"required name=search_term_string"}],"inLanguage":"es"},{"@type":"Organization","@id":"https:\/\/texashomeoffers.com\/#organization","name":"Texas Home Offers","url":"https:\/\/texashomeoffers.com\/","logo":{"@type":"ImageObject","inLanguage":"es","@id":"https:\/\/texashomeoffers.com\/#\/schema\/logo\/image\/","url":"https:\/\/texashomeoffers.com\/wp-content\/uploads\/2015\/04\/logo.png","contentUrl":"https:\/\/texashomeoffers.com\/wp-content\/uploads\/2015\/04\/logo.png","width":442,"height":132,"caption":"Texas Home Offers"},"image":{"@id":"https:\/\/texashomeoffers.com\/#\/schema\/logo\/image\/"}}]}},"jetpack_sharing_enabled":true,"_links":{"self":[{"href":"https:\/\/texashomeoffers.com\/es\/wp-json\/wp\/v2\/pages\/1226\/"}],"collection":[{"href":"https:\/\/texashomeoffers.com\/es\/wp-json\/wp\/v2\/pages\/"}],"about":[{"href":"https:\/\/texashomeoffers.com\/es\/wp-json\/wp\/v2\/types\/page\/"}],"replies":[{"embeddable":true,"href":"https:\/\/texashomeoffers.com\/es\/wp-json\/wp\/v2\/comments\/?post=1226"}],"version-history":[{"count":1,"href":"https:\/\/texashomeoffers.com\/es\/wp-json\/wp\/v2\/pages\/1226\/revisions\/"}],"predecessor-version":[{"id":1511,"href":"https:\/\/texashomeoffers.com\/es\/wp-json\/wp\/v2\/pages\/1226\/revisions\/1511\/"}],"wp:attachment":[{"href":"https:\/\/texashomeoffers.com\/es\/wp-json\/wp\/v2\/media\/?parent=1226"}],"curies":[{"name":"wp","href":"https:\/\/api.w.org\/{rel}","templated":true}]}}