{"id":1227,"date":"2016-11-05T16:16:15","date_gmt":"2016-11-05T21:16:15","guid":{"rendered":"https:\/\/texashomeoffers.com\/es\/acerca-de\/"},"modified":"2016-11-05T16:16:15","modified_gmt":"2016-11-05T21:16:15","slug":"acerca-de","status":"publish","type":"page","link":"https:\/\/texashomeoffers.com\/es\/acerca-de\/","title":{"rendered":"Acerca de"},"content":{"rendered":"<h1>Compramos su casa r\u00e1pidamente.<\/h1>\n<p>Somos un negocio local y familiar que compra y vende propiedades, de boca en boca, a trav\u00e9s\u00a0<a href=\"https:\/\/texashomeoffers.com\/es\/austin-2\/\">Austin<\/a>, <a href=\"https:\/\/texashomeoffers.com\/es\/houston\/\">Houston<\/a>, <a href=\"https:\/\/texashomeoffers.com\/es\/san-antonio\/\">San Antonio<\/a>, <a href=\"https:\/\/texashomeoffers.com\/es\/corpus-christi\/\">Corpus Christi<\/a>, y\u00a0<a href=\"https:\/\/texashomeoffers.com\/es\/dallas-fort-worth\/\">Dallas Fort-Worth<\/a>.<\/p>\n<p><span style=\"font-family: 'Georgia',serif; color: #333333;\">Creemos que la clave del \u00e9xito de nuestro negocio de compra de casas es nuestra creencia que debemos dar a todos y cada uno de los clientes un servicio excepcional, un trato justo y respuesta r\u00e1pida.<\/span><\/p>\n<p style=\"font-variant-ligatures: normal; font-variant-caps: normal; orphans: 2; text-align: start; widows: 2; -webkit-text-stroke-width: 0px; word-spacing: 0px;\"><span style=\"font-family: 'Georgia',serif; color: #333333;\">Somos inversores de bienes y ra\u00edces con una experiencia extensiva en asesoramiento profesional para valorar la propiedad, as\u00ed como su m\u00e1ximo precio y mejor uso en cualquier mercado. Nuestro altamente calificado equipo est\u00e1 dedicado a ayudar a propietarios a vender sus propiedades por efectivo, de manera justa y r\u00e1pida.<\/span><\/p>\n<p><a href=\"tel:18449332225\"><img loading=\"lazy\" decoding=\"async\" class=\"alignnone wp-image-28 size-full\" src=\"https:\/\/texashomeoffers.com\/wp-content\/uploads\/2015\/04\/banner.png\" alt=\"Call Now\" width=\"620\" height=\"64\" srcset=\"https:\/\/texashomeoffers.com\/wp-content\/uploads\/2015\/04\/banner.png 620w, https:\/\/texashomeoffers.com\/wp-content\/uploads\/2015\/04\/banner-300x31.png 300w\" sizes=\"(max-width: 620px) 100vw, 620px\" \/><\/a><\/p>\n<p>Trabajamos con clientes de manera personalizada y nunca los pasar\u00edamos a otra oficina a que \u00ablidien\u00bb con Uds. Nuestro conocimiento del d\u00eda a d\u00eda de los mercados de\u00a0<a href=\"https:\/\/texashomeoffers.com\/es\/austin-2\/\">Austin<\/a>, <a href=\"https:\/\/texashomeoffers.com\/es\/houston\/\">Houston<\/a>, <a href=\"https:\/\/texashomeoffers.com\/es\/san-antonio\/\">San Antonio<\/a>, <a href=\"https:\/\/texashomeoffers.com\/es\/corpus-christi\/\">Corpus Christi<\/a>, y\u00a0<a href=\"https:\/\/texashomeoffers.com\/es\/dallas-fort-worth\/\">Dallas Fort-Worth<\/a>\u00a0nos equipa para entender las necesidades de sus vecinos (como \u00a0a usted). \u00a0Nuestros clientes aprecian que eliminamos el papeleo, tiempo y comisiones requeridas para vender un hogar a mediante un agente de bienes y ra\u00edces.<\/p>\n<p>Estamos comprometidos con ofrecer tratos justos y mantener a los clientes satisfechos.<\/p>\n<h3>Llama a\u00a0<a href=\"tel:18449332225\">(844) 933-2225<\/a>\u00a0o llena el formulario para obtener una oferta justa.<\/h3>\n","protected":false},"excerpt":{"rendered":"<p>Compramos su casa r\u00e1pidamente. Somos un negocio local y familiar que compra y vende propiedades, de boca en boca, a trav\u00e9s\u00a0Austin, Houston, San Antonio, Corpus Christi, y\u00a0Dallas Fort-Worth. Creemos que la clave del \u00e9xito de nuestro negocio de compra de&#8230; <a class=\"read-more\" href=\"https:\/\/texashomeoffers.com\/es\/acerca-de\/\">Read more<\/a><\/p>\n","protected":false},"author":0,"featured_media":0,"parent":0,"menu_order":0,"comment_status":"closed","ping_status":"open","template":"","meta":{"footnotes":""},"yoast_head":"<!-- This site is optimized with the Yoast SEO plugin v22.8 - https:\/\/yoast.com\/wordpress\/plugins\/seo\/ -->\n<title>Acerca de<\/title>\n<meta name=\"robots\" content=\"index, follow, max-snippet:-1, max-image-preview:large, max-video-preview:-1\" \/>\n<link rel=\"canonical\" href=\"https:\/\/texashomeoffers.com\/es\/acerca-de\/\" \/>\n<meta property=\"og:locale\" content=\"es_ES\" \/>\n<meta property=\"og:type\" content=\"article\" \/>\n<meta property=\"og:title\" content=\"Acerca de\" \/>\n<meta property=\"og:description\" content=\"Compramos su casa r\u00e1pidamente. Somos un negocio local y familiar que compra y vende propiedades, de boca en boca, a trav\u00e9s\u00a0Austin, Houston, San Antonio, Corpus Christi, y\u00a0Dallas Fort-Worth. Creemos que la clave del \u00e9xito de nuestro negocio de compra de... Read more\" \/>\n<meta property=\"og:url\" content=\"https:\/\/texashomeoffers.com\/es\/acerca-de\/\" \/>\n<meta property=\"og:site_name\" content=\"Texas Home Offers\" \/>\n<meta property=\"og:image\" content=\"https:\/\/texashomeoffers.com\/wp-content\/uploads\/2015\/04\/banner.png\" \/>\n<meta name=\"twitter:card\" content=\"summary_large_image\" \/>\n<meta name=\"twitter:label1\" content=\"Tiempo de lectura\" \/>\n\t<meta name=\"twitter:data1\" content=\"1 minuto\" \/>\n<script type=\"application\/ld+json\" class=\"yoast-schema-graph\">{\"@context\":\"https:\/\/schema.org\",\"@graph\":[{\"@type\":\"WebPage\",\"@id\":\"https:\/\/texashomeoffers.com\/es\/acerca-de\/\",\"url\":\"https:\/\/texashomeoffers.com\/es\/acerca-de\/\",\"name\":\"Acerca de\",\"isPartOf\":{\"@id\":\"https:\/\/texashomeoffers.com\/#website\"},\"primaryImageOfPage\":{\"@id\":\"https:\/\/texashomeoffers.com\/es\/acerca-de\/#primaryimage\"},\"image\":{\"@id\":\"https:\/\/texashomeoffers.com\/es\/acerca-de\/#primaryimage\"},\"thumbnailUrl\":\"https:\/\/texashomeoffers.com\/wp-content\/uploads\/2015\/04\/banner.png\",\"datePublished\":\"2016-11-05T21:16:15+00:00\",\"dateModified\":\"2016-11-05T21:16:15+00:00\",\"breadcrumb\":{\"@id\":\"https:\/\/texashomeoffers.com\/es\/acerca-de\/#breadcrumb\"},\"inLanguage\":\"es\",\"potentialAction\":[{\"@type\":\"ReadAction\",\"target\":[\"https:\/\/texashomeoffers.com\/es\/acerca-de\/\"]}]},{\"@type\":\"ImageObject\",\"inLanguage\":\"es\",\"@id\":\"https:\/\/texashomeoffers.com\/es\/acerca-de\/#primaryimage\",\"url\":\"https:\/\/texashomeoffers.com\/wp-content\/uploads\/2015\/04\/banner.png\",\"contentUrl\":\"https:\/\/texashomeoffers.com\/wp-content\/uploads\/2015\/04\/banner.png\"},{\"@type\":\"BreadcrumbList\",\"@id\":\"https:\/\/texashomeoffers.com\/es\/acerca-de\/#breadcrumb\",\"itemListElement\":[{\"@type\":\"ListItem\",\"position\":1,\"name\":\"Home\",\"item\":\"https:\/\/texashomeoffers.com\/es\/\"},{\"@type\":\"ListItem\",\"position\":2,\"name\":\"Acerca de\"}]},{\"@type\":\"WebSite\",\"@id\":\"https:\/\/texashomeoffers.com\/#website\",\"url\":\"https:\/\/texashomeoffers.com\/\",\"name\":\"Texas Home Offers\",\"description\":\"\",\"publisher\":{\"@id\":\"https:\/\/texashomeoffers.com\/#organization\"},\"potentialAction\":[{\"@type\":\"SearchAction\",\"target\":{\"@type\":\"EntryPoint\",\"urlTemplate\":\"https:\/\/texashomeoffers.com\/?s={search_term_string}\"},\"query-input\":\"required name=search_term_string\"}],\"inLanguage\":\"es\"},{\"@type\":\"Organization\",\"@id\":\"https:\/\/texashomeoffers.com\/#organization\",\"name\":\"Texas Home Offers\",\"url\":\"https:\/\/texashomeoffers.com\/\",\"logo\":{\"@type\":\"ImageObject\",\"inLanguage\":\"es\",\"@id\":\"https:\/\/texashomeoffers.com\/#\/schema\/logo\/image\/\",\"url\":\"https:\/\/texashomeoffers.com\/wp-content\/uploads\/2015\/04\/logo.png\",\"contentUrl\":\"https:\/\/texashomeoffers.com\/wp-content\/uploads\/2015\/04\/logo.png\",\"width\":442,\"height\":132,\"caption\":\"Texas Home Offers\"},\"image\":{\"@id\":\"https:\/\/texashomeoffers.com\/#\/schema\/logo\/image\/\"}}]}<\/script>\n<!-- \/ Yoast SEO plugin. -->","yoast_head_json":{"title":"Acerca de","robots":{"index":"index","follow":"follow","max-snippet":"max-snippet:-1","max-image-preview":"max-image-preview:large","max-video-preview":"max-video-preview:-1"},"canonical":"https:\/\/texashomeoffers.com\/es\/acerca-de\/","og_locale":"es_ES","og_type":"article","og_title":"Acerca de","og_description":"Compramos su casa r\u00e1pidamente. Somos un negocio local y familiar que compra y vende propiedades, de boca en boca, a trav\u00e9s\u00a0Austin, Houston, San Antonio, Corpus Christi, y\u00a0Dallas Fort-Worth. Creemos que la clave del \u00e9xito de nuestro negocio de compra de... Read more","og_url":"https:\/\/texashomeoffers.com\/es\/acerca-de\/","og_site_name":"Texas Home Offers","og_image":[{"url":"https:\/\/texashomeoffers.com\/wp-content\/uploads\/2015\/04\/banner.png"}],"twitter_card":"summary_large_image","twitter_misc":{"Tiempo de lectura":"1 minuto"},"schema":{"@context":"https:\/\/schema.org","@graph":[{"@type":"WebPage","@id":"https:\/\/texashomeoffers.com\/es\/acerca-de\/","url":"https:\/\/texashomeoffers.com\/es\/acerca-de\/","name":"Acerca de","isPartOf":{"@id":"https:\/\/texashomeoffers.com\/#website"},"primaryImageOfPage":{"@id":"https:\/\/texashomeoffers.com\/es\/acerca-de\/#primaryimage"},"image":{"@id":"https:\/\/texashomeoffers.com\/es\/acerca-de\/#primaryimage"},"thumbnailUrl":"https:\/\/texashomeoffers.com\/wp-content\/uploads\/2015\/04\/banner.png","datePublished":"2016-11-05T21:16:15+00:00","dateModified":"2016-11-05T21:16:15+00:00","breadcrumb":{"@id":"https:\/\/texashomeoffers.com\/es\/acerca-de\/#breadcrumb"},"inLanguage":"es","potentialAction":[{"@type":"ReadAction","target":["https:\/\/texashomeoffers.com\/es\/acerca-de\/"]}]},{"@type":"ImageObject","inLanguage":"es","@id":"https:\/\/texashomeoffers.com\/es\/acerca-de\/#primaryimage","url":"https:\/\/texashomeoffers.com\/wp-content\/uploads\/2015\/04\/banner.png","contentUrl":"https:\/\/texashomeoffers.com\/wp-content\/uploads\/2015\/04\/banner.png"},{"@type":"BreadcrumbList","@id":"https:\/\/texashomeoffers.com\/es\/acerca-de\/#breadcrumb","itemListElement":[{"@type":"ListItem","position":1,"name":"Home","item":"https:\/\/texashomeoffers.com\/es\/"},{"@type":"ListItem","position":2,"name":"Acerca de"}]},{"@type":"WebSite","@id":"https:\/\/texashomeoffers.com\/#website","url":"https:\/\/texashomeoffers.com\/","name":"Texas Home Offers","description":"","publisher":{"@id":"https:\/\/texashomeoffers.com\/#organization"},"potentialAction":[{"@type":"SearchAction","target":{"@type":"EntryPoint","urlTemplate":"https:\/\/texashomeoffers.com\/?s={search_term_string}"},"query-input":"required name=search_term_string"}],"inLanguage":"es"},{"@type":"Organization","@id":"https:\/\/texashomeoffers.com\/#organization","name":"Texas Home Offers","url":"https:\/\/texashomeoffers.com\/","logo":{"@type":"ImageObject","inLanguage":"es","@id":"https:\/\/texashomeoffers.com\/#\/schema\/logo\/image\/","url":"https:\/\/texashomeoffers.com\/wp-content\/uploads\/2015\/04\/logo.png","contentUrl":"https:\/\/texashomeoffers.com\/wp-content\/uploads\/2015\/04\/logo.png","width":442,"height":132,"caption":"Texas Home Offers"},"image":{"@id":"https:\/\/texashomeoffers.com\/#\/schema\/logo\/image\/"}}]}},"jetpack_sharing_enabled":true,"_links":{"self":[{"href":"https:\/\/texashomeoffers.com\/es\/wp-json\/wp\/v2\/pages\/1227\/"}],"collection":[{"href":"https:\/\/texashomeoffers.com\/es\/wp-json\/wp\/v2\/pages\/"}],"about":[{"href":"https:\/\/texashomeoffers.com\/es\/wp-json\/wp\/v2\/types\/page\/"}],"replies":[{"embeddable":true,"href":"https:\/\/texashomeoffers.com\/es\/wp-json\/wp\/v2\/comments\/?post=1227"}],"version-history":[{"count":0,"href":"https:\/\/texashomeoffers.com\/es\/wp-json\/wp\/v2\/pages\/1227\/revisions\/"}],"wp:attachment":[{"href":"https:\/\/texashomeoffers.com\/es\/wp-json\/wp\/v2\/media\/?parent=1227"}],"curies":[{"name":"wp","href":"https:\/\/api.w.org\/{rel}","templated":true}]}}