{"id":1228,"date":"2016-11-05T16:32:47","date_gmt":"2016-11-05T21:32:47","guid":{"rendered":"https:\/\/texashomeoffers.com\/es\/ayuda-hipotecaria-texas\/"},"modified":"2016-11-05T16:32:47","modified_gmt":"2016-11-05T21:32:47","slug":"ayuda-hipotecaria-texas","status":"publish","type":"page","link":"https:\/\/texashomeoffers.com\/es\/ayuda-hipotecaria-texas\/","title":{"rendered":"Ayuda Hipotecaria Texas"},"content":{"rendered":"<p>La peor manera de perder una casa es por medio de una ejecuci\u00f3n hipotecaria, pero muchos propietarios que est\u00e1n enfrentando la ejecuci\u00f3n de una hipoteca tienen varias opciones disponibles en el mercado actual. La verdad es que la ejecuci\u00f3n hipotecaria es una pesadilla de 8-10 a\u00f1os que arruinar\u00e1 tu cr\u00e9dito, incluyendo pr\u00e9stamos para carros y solicitudes de tarjetas de cr\u00e9ditos que pueden llevar a retenci\u00f3n de salarios y perdidas de oportunidades de trabajo tambi\u00e9n. Las Buenas noticias son que hemos ayudado a muchas personas a salir de las hipotecas en el \u00faltimo minuto y hemos ayudado a salvar su historial crediticio en el proceso.<\/p>\n<p>Tenemos \u00a010 maneras de ayudarte a decidir la mejor opci\u00f3n para salir adelante.<\/p>\n<p>Nuestra meta es ayudar a los propietarios con problemas dif\u00edciles.\u00a0Si eso significa trabajar como enlace con los acreedores o de otros organismos en su nombre, o te refiere a inversores que pueden comprar su casa muy r\u00e1pido, queremos crear soluciones para ganar-ganar a problemas aparentemente imposible de vencer. En el proceso de ayudar a los dem\u00e1s, a menudo se presentan oportunidades para nosotros. Al final, todos ganan.<\/p>\n<p>\u00a1Estamos dispuestos a encontrar una soluci\u00f3n para usted hoy! P\u00f3ngase en contacto con nuestras \u00fanicas y creativas formas de detener una ejecuci\u00f3n hipotecaria. Tenemos la formaci\u00f3n, experiencia y trayectoria para ayudarle en su situaci\u00f3n \u00fanica.<\/p>\n","protected":false},"excerpt":{"rendered":"<p>La peor manera de perder una casa es por medio de una ejecuci\u00f3n hipotecaria, pero muchos propietarios que est\u00e1n enfrentando la ejecuci\u00f3n de una hipoteca tienen varias opciones disponibles en el mercado actual. La verdad es que la ejecuci\u00f3n hipotecaria&#8230; <a class=\"read-more\" href=\"https:\/\/texashomeoffers.com\/es\/ayuda-hipotecaria-texas\/\">Read more<\/a><\/p>\n","protected":false},"author":0,"featured_media":0,"parent":0,"menu_order":0,"comment_status":"open","ping_status":"closed","template":"page-home.php","meta":{"footnotes":""},"yoast_head":"<!-- This site is optimized with the Yoast SEO plugin v22.8 - https:\/\/yoast.com\/wordpress\/plugins\/seo\/ -->\n<title>Salva mi Hogar en Texas. Ayuda y Asistencia para prevenci\u00f3n de ejecuci\u00f3n de hipoteca<\/title>\n<meta name=\"description\" content=\"Prevenci\u00f3n de ejecuci\u00f3n de hipotecas pata Texas. Nuestra ayuda GRATUITA ha ayudado a muchos texanos a detener y evitar la ejecuci\u00f3n de una hipoteca. Llaman\u00f3s o contactanos online por ayuda.\" \/>\n<meta name=\"robots\" content=\"index, follow, max-snippet:-1, max-image-preview:large, max-video-preview:-1\" \/>\n<link rel=\"canonical\" href=\"https:\/\/texashomeoffers.com\/es\/ayuda-hipotecaria-texas\/\" \/>\n<meta property=\"og:locale\" content=\"es_ES\" \/>\n<meta property=\"og:type\" content=\"article\" \/>\n<meta property=\"og:title\" content=\"Salva mi Hogar en Texas. Ayuda y Asistencia para prevenci\u00f3n de ejecuci\u00f3n de hipoteca\" \/>\n<meta property=\"og:description\" content=\"Prevenci\u00f3n de ejecuci\u00f3n de hipotecas pata Texas. Nuestra ayuda GRATUITA ha ayudado a muchos texanos a detener y evitar la ejecuci\u00f3n de una hipoteca. Llaman\u00f3s o contactanos online por ayuda.\" \/>\n<meta property=\"og:url\" content=\"https:\/\/texashomeoffers.com\/es\/ayuda-hipotecaria-texas\/\" \/>\n<meta property=\"og:site_name\" content=\"Texas Home Offers\" \/>\n<meta name=\"twitter:card\" content=\"summary_large_image\" \/>\n<meta name=\"twitter:label1\" content=\"Tiempo de lectura\" \/>\n\t<meta name=\"twitter:data1\" content=\"1 minuto\" \/>\n<script type=\"application\/ld+json\" class=\"yoast-schema-graph\">{\"@context\":\"https:\/\/schema.org\",\"@graph\":[{\"@type\":\"WebPage\",\"@id\":\"https:\/\/texashomeoffers.com\/es\/ayuda-hipotecaria-texas\/\",\"url\":\"https:\/\/texashomeoffers.com\/es\/ayuda-hipotecaria-texas\/\",\"name\":\"Salva mi Hogar en Texas. Ayuda y Asistencia para prevenci\u00f3n de ejecuci\u00f3n de hipoteca\",\"isPartOf\":{\"@id\":\"https:\/\/texashomeoffers.com\/#website\"},\"datePublished\":\"2016-11-05T21:32:47+00:00\",\"dateModified\":\"2016-11-05T21:32:47+00:00\",\"description\":\"Prevenci\u00f3n de ejecuci\u00f3n de hipotecas pata Texas. Nuestra ayuda GRATUITA ha ayudado a muchos texanos a detener y evitar la ejecuci\u00f3n de una hipoteca. Llaman\u00f3s o contactanos online por ayuda.\",\"breadcrumb\":{\"@id\":\"https:\/\/texashomeoffers.com\/es\/ayuda-hipotecaria-texas\/#breadcrumb\"},\"inLanguage\":\"es\",\"potentialAction\":[{\"@type\":\"ReadAction\",\"target\":[\"https:\/\/texashomeoffers.com\/es\/ayuda-hipotecaria-texas\/\"]}]},{\"@type\":\"BreadcrumbList\",\"@id\":\"https:\/\/texashomeoffers.com\/es\/ayuda-hipotecaria-texas\/#breadcrumb\",\"itemListElement\":[{\"@type\":\"ListItem\",\"position\":1,\"name\":\"Home\",\"item\":\"https:\/\/texashomeoffers.com\/es\/\"},{\"@type\":\"ListItem\",\"position\":2,\"name\":\"Ayuda Hipotecaria Texas\"}]},{\"@type\":\"WebSite\",\"@id\":\"https:\/\/texashomeoffers.com\/#website\",\"url\":\"https:\/\/texashomeoffers.com\/\",\"name\":\"Texas Home Offers\",\"description\":\"\",\"publisher\":{\"@id\":\"https:\/\/texashomeoffers.com\/#organization\"},\"potentialAction\":[{\"@type\":\"SearchAction\",\"target\":{\"@type\":\"EntryPoint\",\"urlTemplate\":\"https:\/\/texashomeoffers.com\/?s={search_term_string}\"},\"query-input\":\"required name=search_term_string\"}],\"inLanguage\":\"es\"},{\"@type\":\"Organization\",\"@id\":\"https:\/\/texashomeoffers.com\/#organization\",\"name\":\"Texas Home Offers\",\"url\":\"https:\/\/texashomeoffers.com\/\",\"logo\":{\"@type\":\"ImageObject\",\"inLanguage\":\"es\",\"@id\":\"https:\/\/texashomeoffers.com\/#\/schema\/logo\/image\/\",\"url\":\"https:\/\/texashomeoffers.com\/wp-content\/uploads\/2015\/04\/logo.png\",\"contentUrl\":\"https:\/\/texashomeoffers.com\/wp-content\/uploads\/2015\/04\/logo.png\",\"width\":442,\"height\":132,\"caption\":\"Texas Home Offers\"},\"image\":{\"@id\":\"https:\/\/texashomeoffers.com\/#\/schema\/logo\/image\/\"}}]}<\/script>\n<!-- \/ Yoast SEO plugin. -->","yoast_head_json":{"title":"Salva mi Hogar en Texas. Ayuda y Asistencia para prevenci\u00f3n de ejecuci\u00f3n de hipoteca","description":"Prevenci\u00f3n de ejecuci\u00f3n de hipotecas pata Texas. Nuestra ayuda GRATUITA ha ayudado a muchos texanos a detener y evitar la ejecuci\u00f3n de una hipoteca. Llaman\u00f3s o contactanos online por ayuda.","robots":{"index":"index","follow":"follow","max-snippet":"max-snippet:-1","max-image-preview":"max-image-preview:large","max-video-preview":"max-video-preview:-1"},"canonical":"https:\/\/texashomeoffers.com\/es\/ayuda-hipotecaria-texas\/","og_locale":"es_ES","og_type":"article","og_title":"Salva mi Hogar en Texas. Ayuda y Asistencia para prevenci\u00f3n de ejecuci\u00f3n de hipoteca","og_description":"Prevenci\u00f3n de ejecuci\u00f3n de hipotecas pata Texas. Nuestra ayuda GRATUITA ha ayudado a muchos texanos a detener y evitar la ejecuci\u00f3n de una hipoteca. Llaman\u00f3s o contactanos online por ayuda.","og_url":"https:\/\/texashomeoffers.com\/es\/ayuda-hipotecaria-texas\/","og_site_name":"Texas Home Offers","twitter_card":"summary_large_image","twitter_misc":{"Tiempo de lectura":"1 minuto"},"schema":{"@context":"https:\/\/schema.org","@graph":[{"@type":"WebPage","@id":"https:\/\/texashomeoffers.com\/es\/ayuda-hipotecaria-texas\/","url":"https:\/\/texashomeoffers.com\/es\/ayuda-hipotecaria-texas\/","name":"Salva mi Hogar en Texas. Ayuda y Asistencia para prevenci\u00f3n de ejecuci\u00f3n de hipoteca","isPartOf":{"@id":"https:\/\/texashomeoffers.com\/#website"},"datePublished":"2016-11-05T21:32:47+00:00","dateModified":"2016-11-05T21:32:47+00:00","description":"Prevenci\u00f3n de ejecuci\u00f3n de hipotecas pata Texas. Nuestra ayuda GRATUITA ha ayudado a muchos texanos a detener y evitar la ejecuci\u00f3n de una hipoteca. Llaman\u00f3s o contactanos online por ayuda.","breadcrumb":{"@id":"https:\/\/texashomeoffers.com\/es\/ayuda-hipotecaria-texas\/#breadcrumb"},"inLanguage":"es","potentialAction":[{"@type":"ReadAction","target":["https:\/\/texashomeoffers.com\/es\/ayuda-hipotecaria-texas\/"]}]},{"@type":"BreadcrumbList","@id":"https:\/\/texashomeoffers.com\/es\/ayuda-hipotecaria-texas\/#breadcrumb","itemListElement":[{"@type":"ListItem","position":1,"name":"Home","item":"https:\/\/texashomeoffers.com\/es\/"},{"@type":"ListItem","position":2,"name":"Ayuda Hipotecaria Texas"}]},{"@type":"WebSite","@id":"https:\/\/texashomeoffers.com\/#website","url":"https:\/\/texashomeoffers.com\/","name":"Texas Home Offers","description":"","publisher":{"@id":"https:\/\/texashomeoffers.com\/#organization"},"potentialAction":[{"@type":"SearchAction","target":{"@type":"EntryPoint","urlTemplate":"https:\/\/texashomeoffers.com\/?s={search_term_string}"},"query-input":"required name=search_term_string"}],"inLanguage":"es"},{"@type":"Organization","@id":"https:\/\/texashomeoffers.com\/#organization","name":"Texas Home Offers","url":"https:\/\/texashomeoffers.com\/","logo":{"@type":"ImageObject","inLanguage":"es","@id":"https:\/\/texashomeoffers.com\/#\/schema\/logo\/image\/","url":"https:\/\/texashomeoffers.com\/wp-content\/uploads\/2015\/04\/logo.png","contentUrl":"https:\/\/texashomeoffers.com\/wp-content\/uploads\/2015\/04\/logo.png","width":442,"height":132,"caption":"Texas Home Offers"},"image":{"@id":"https:\/\/texashomeoffers.com\/#\/schema\/logo\/image\/"}}]}},"jetpack_sharing_enabled":true,"_links":{"self":[{"href":"https:\/\/texashomeoffers.com\/es\/wp-json\/wp\/v2\/pages\/1228\/"}],"collection":[{"href":"https:\/\/texashomeoffers.com\/es\/wp-json\/wp\/v2\/pages\/"}],"about":[{"href":"https:\/\/texashomeoffers.com\/es\/wp-json\/wp\/v2\/types\/page\/"}],"replies":[{"embeddable":true,"href":"https:\/\/texashomeoffers.com\/es\/wp-json\/wp\/v2\/comments\/?post=1228"}],"version-history":[{"count":0,"href":"https:\/\/texashomeoffers.com\/es\/wp-json\/wp\/v2\/pages\/1228\/revisions\/"}],"wp:attachment":[{"href":"https:\/\/texashomeoffers.com\/es\/wp-json\/wp\/v2\/media\/?parent=1228"}],"curies":[{"name":"wp","href":"https:\/\/api.w.org\/{rel}","templated":true}]}}