{"id":1229,"date":"2016-11-05T16:49:03","date_gmt":"2016-11-05T21:49:03","guid":{"rendered":"https:\/\/texashomeoffers.com\/es\/como-compramos-casas\/"},"modified":"2016-11-05T16:49:03","modified_gmt":"2016-11-05T21:49:03","slug":"como-compramos-casas","status":"publish","type":"page","link":"https:\/\/texashomeoffers.com\/es\/como-compramos-casas\/","title":{"rendered":"C\u00f3mo Compramos Casas"},"content":{"rendered":"<h1>Ofertas Justas en Efectivo, \u00a1R\u00e1pidamente!<\/h1>\n<p>Tenemos la capacidad de comprar muchas propiedades en\u00a0<a href=\"https:\/\/texashomeoffers.com\/es\/austin-2\/\">Austin<\/a>, <a href=\"https:\/\/texashomeoffers.com\/es\/houston\/\">Houston<\/a>, <a href=\"https:\/\/texashomeoffers.com\/es\/san-antonio\/\">San Antonio<\/a>, <a href=\"https:\/\/texashomeoffers.com\/es\/corpus-christi\/\">Corpus Christi<\/a>, y\u00a0<a href=\"https:\/\/texashomeoffers.com\/es\/dallas-fort-worth\/\">Dallas Fort Worth<\/a>\u00a0porque hacemos uso todas las veces de la f\u00f3rmula simple :<\/p>\n<p><strong>\u00bb Paga justo y ofrece una experiencia r\u00e1pida y libre de molestias\u00bb<\/strong><\/p>\n<p>No somos una red de referencia, Somos Inversores de Bienes y Ra\u00edces reales de Texas que hemos creado la manera m\u00e1s efectiva de ayudar a propietarios a vender sus casas r\u00e1pidamente, a un precio justo por efectivo.<\/p>\n<p>Vender tu casa puede ser costoso y complicado. Agentes de bienes ra\u00edces cobrar\u00e1 miles o decenas de miles de d\u00f3lares por una sola venta. Quitamos\u00a0el estr\u00e9s de vender su propiedad.<\/p>\n<p style=\"margin-bottom: 25px;\"><a href=\"tel:18449332225\"><img loading=\"lazy\" decoding=\"async\" class=\"alignnone wp-image-28 size-full\" src=\"https:\/\/texashomeoffers.com\/wp-content\/uploads\/2015\/04\/banner.png\" alt=\"Call Now\" width=\"620\" height=\"64\" srcset=\"https:\/\/texashomeoffers.com\/wp-content\/uploads\/2015\/04\/banner.png 620w, https:\/\/texashomeoffers.com\/wp-content\/uploads\/2015\/04\/banner-300x31.png 300w\" sizes=\"(max-width: 620px) 100vw, 620px\" \/><\/a><\/p>\n<p><strong>\u00bfTienes una casa que necesita reparaciones masivas?<\/strong><br \/>\nNos especializamos en reparaciones pesadas.\u00a0Podemos comprar tu casa tal cual como esta.<\/p>\n<p><strong>\u00bfProblemas con los pagos?<\/strong><br \/>\nPodemos ayudarte a detener esos pagos al comprar tu casa de manera r\u00e1pida y f\u00e1cil.<\/p>\n<p><strong>\u00bfHeredaste una casa que quieres vender?<\/strong><br \/>\nHacemos f\u00e1cil vender casas heredadas, aun cuando te encuentres fuera de la ciudad.<\/p>\n<h3>Llama\u00a0<a href=\"tel:18449332225\">(844) 933-2225<\/a>\u00a0o completa el formulario para obtener una oferta justa.<\/h3>\n<p>&nbsp;<\/p>\n<header>\n<h1><\/h1>\n<\/header>\n","protected":false},"excerpt":{"rendered":"<p>Ofertas Justas en Efectivo, \u00a1R\u00e1pidamente! Tenemos la capacidad de comprar muchas propiedades en\u00a0Austin, Houston, San Antonio, Corpus Christi, y\u00a0Dallas Fort Worth\u00a0porque hacemos uso todas las veces de la f\u00f3rmula simple : \u00bb Paga justo y ofrece una experiencia r\u00e1pida y&#8230; <a class=\"read-more\" href=\"https:\/\/texashomeoffers.com\/es\/como-compramos-casas\/\">Read more<\/a><\/p>\n","protected":false},"author":0,"featured_media":0,"parent":0,"menu_order":0,"comment_status":"closed","ping_status":"open","template":"","meta":{"footnotes":""},"yoast_head":"<!-- This site is optimized with the Yoast SEO plugin v22.8 - https:\/\/yoast.com\/wordpress\/plugins\/seo\/ -->\n<title>C\u00f3mo Compramos Casas<\/title>\n<meta name=\"robots\" content=\"index, follow, max-snippet:-1, max-image-preview:large, max-video-preview:-1\" \/>\n<link rel=\"canonical\" href=\"https:\/\/texashomeoffers.com\/es\/como-compramos-casas\/\" \/>\n<meta property=\"og:locale\" content=\"es_ES\" \/>\n<meta property=\"og:type\" content=\"article\" \/>\n<meta property=\"og:title\" content=\"C\u00f3mo Compramos Casas\" \/>\n<meta property=\"og:description\" content=\"Ofertas Justas en Efectivo, \u00a1R\u00e1pidamente! Tenemos la capacidad de comprar muchas propiedades en\u00a0Austin, Houston, San Antonio, Corpus Christi, y\u00a0Dallas Fort Worth\u00a0porque hacemos uso todas las veces de la f\u00f3rmula simple : \u00bb Paga justo y ofrece una experiencia r\u00e1pida y... Read more\" \/>\n<meta property=\"og:url\" content=\"https:\/\/texashomeoffers.com\/es\/como-compramos-casas\/\" \/>\n<meta property=\"og:site_name\" content=\"Texas Home Offers\" \/>\n<meta property=\"og:image\" content=\"https:\/\/texashomeoffers.com\/wp-content\/uploads\/2015\/04\/banner.png\" \/>\n<meta name=\"twitter:card\" content=\"summary_large_image\" \/>\n<meta name=\"twitter:label1\" content=\"Tiempo de lectura\" \/>\n\t<meta name=\"twitter:data1\" content=\"1 minuto\" \/>\n<script type=\"application\/ld+json\" class=\"yoast-schema-graph\">{\"@context\":\"https:\/\/schema.org\",\"@graph\":[{\"@type\":\"WebPage\",\"@id\":\"https:\/\/texashomeoffers.com\/es\/como-compramos-casas\/\",\"url\":\"https:\/\/texashomeoffers.com\/es\/como-compramos-casas\/\",\"name\":\"C\u00f3mo Compramos Casas\",\"isPartOf\":{\"@id\":\"https:\/\/texashomeoffers.com\/#website\"},\"primaryImageOfPage\":{\"@id\":\"https:\/\/texashomeoffers.com\/es\/como-compramos-casas\/#primaryimage\"},\"image\":{\"@id\":\"https:\/\/texashomeoffers.com\/es\/como-compramos-casas\/#primaryimage\"},\"thumbnailUrl\":\"https:\/\/texashomeoffers.com\/wp-content\/uploads\/2015\/04\/banner.png\",\"datePublished\":\"2016-11-05T21:49:03+00:00\",\"dateModified\":\"2016-11-05T21:49:03+00:00\",\"breadcrumb\":{\"@id\":\"https:\/\/texashomeoffers.com\/es\/como-compramos-casas\/#breadcrumb\"},\"inLanguage\":\"es\",\"potentialAction\":[{\"@type\":\"ReadAction\",\"target\":[\"https:\/\/texashomeoffers.com\/es\/como-compramos-casas\/\"]}]},{\"@type\":\"ImageObject\",\"inLanguage\":\"es\",\"@id\":\"https:\/\/texashomeoffers.com\/es\/como-compramos-casas\/#primaryimage\",\"url\":\"https:\/\/texashomeoffers.com\/wp-content\/uploads\/2015\/04\/banner.png\",\"contentUrl\":\"https:\/\/texashomeoffers.com\/wp-content\/uploads\/2015\/04\/banner.png\"},{\"@type\":\"BreadcrumbList\",\"@id\":\"https:\/\/texashomeoffers.com\/es\/como-compramos-casas\/#breadcrumb\",\"itemListElement\":[{\"@type\":\"ListItem\",\"position\":1,\"name\":\"Home\",\"item\":\"https:\/\/texashomeoffers.com\/es\/\"},{\"@type\":\"ListItem\",\"position\":2,\"name\":\"C\u00f3mo Compramos Casas\"}]},{\"@type\":\"WebSite\",\"@id\":\"https:\/\/texashomeoffers.com\/#website\",\"url\":\"https:\/\/texashomeoffers.com\/\",\"name\":\"Texas Home Offers\",\"description\":\"\",\"publisher\":{\"@id\":\"https:\/\/texashomeoffers.com\/#organization\"},\"potentialAction\":[{\"@type\":\"SearchAction\",\"target\":{\"@type\":\"EntryPoint\",\"urlTemplate\":\"https:\/\/texashomeoffers.com\/?s={search_term_string}\"},\"query-input\":\"required name=search_term_string\"}],\"inLanguage\":\"es\"},{\"@type\":\"Organization\",\"@id\":\"https:\/\/texashomeoffers.com\/#organization\",\"name\":\"Texas Home Offers\",\"url\":\"https:\/\/texashomeoffers.com\/\",\"logo\":{\"@type\":\"ImageObject\",\"inLanguage\":\"es\",\"@id\":\"https:\/\/texashomeoffers.com\/#\/schema\/logo\/image\/\",\"url\":\"https:\/\/texashomeoffers.com\/wp-content\/uploads\/2015\/04\/logo.png\",\"contentUrl\":\"https:\/\/texashomeoffers.com\/wp-content\/uploads\/2015\/04\/logo.png\",\"width\":442,\"height\":132,\"caption\":\"Texas Home Offers\"},\"image\":{\"@id\":\"https:\/\/texashomeoffers.com\/#\/schema\/logo\/image\/\"}}]}<\/script>\n<!-- \/ Yoast SEO plugin. -->","yoast_head_json":{"title":"C\u00f3mo Compramos Casas","robots":{"index":"index","follow":"follow","max-snippet":"max-snippet:-1","max-image-preview":"max-image-preview:large","max-video-preview":"max-video-preview:-1"},"canonical":"https:\/\/texashomeoffers.com\/es\/como-compramos-casas\/","og_locale":"es_ES","og_type":"article","og_title":"C\u00f3mo Compramos Casas","og_description":"Ofertas Justas en Efectivo, \u00a1R\u00e1pidamente! Tenemos la capacidad de comprar muchas propiedades en\u00a0Austin, Houston, San Antonio, Corpus Christi, y\u00a0Dallas Fort Worth\u00a0porque hacemos uso todas las veces de la f\u00f3rmula simple : \u00bb Paga justo y ofrece una experiencia r\u00e1pida y... Read more","og_url":"https:\/\/texashomeoffers.com\/es\/como-compramos-casas\/","og_site_name":"Texas Home Offers","og_image":[{"url":"https:\/\/texashomeoffers.com\/wp-content\/uploads\/2015\/04\/banner.png"}],"twitter_card":"summary_large_image","twitter_misc":{"Tiempo de lectura":"1 minuto"},"schema":{"@context":"https:\/\/schema.org","@graph":[{"@type":"WebPage","@id":"https:\/\/texashomeoffers.com\/es\/como-compramos-casas\/","url":"https:\/\/texashomeoffers.com\/es\/como-compramos-casas\/","name":"C\u00f3mo Compramos Casas","isPartOf":{"@id":"https:\/\/texashomeoffers.com\/#website"},"primaryImageOfPage":{"@id":"https:\/\/texashomeoffers.com\/es\/como-compramos-casas\/#primaryimage"},"image":{"@id":"https:\/\/texashomeoffers.com\/es\/como-compramos-casas\/#primaryimage"},"thumbnailUrl":"https:\/\/texashomeoffers.com\/wp-content\/uploads\/2015\/04\/banner.png","datePublished":"2016-11-05T21:49:03+00:00","dateModified":"2016-11-05T21:49:03+00:00","breadcrumb":{"@id":"https:\/\/texashomeoffers.com\/es\/como-compramos-casas\/#breadcrumb"},"inLanguage":"es","potentialAction":[{"@type":"ReadAction","target":["https:\/\/texashomeoffers.com\/es\/como-compramos-casas\/"]}]},{"@type":"ImageObject","inLanguage":"es","@id":"https:\/\/texashomeoffers.com\/es\/como-compramos-casas\/#primaryimage","url":"https:\/\/texashomeoffers.com\/wp-content\/uploads\/2015\/04\/banner.png","contentUrl":"https:\/\/texashomeoffers.com\/wp-content\/uploads\/2015\/04\/banner.png"},{"@type":"BreadcrumbList","@id":"https:\/\/texashomeoffers.com\/es\/como-compramos-casas\/#breadcrumb","itemListElement":[{"@type":"ListItem","position":1,"name":"Home","item":"https:\/\/texashomeoffers.com\/es\/"},{"@type":"ListItem","position":2,"name":"C\u00f3mo Compramos Casas"}]},{"@type":"WebSite","@id":"https:\/\/texashomeoffers.com\/#website","url":"https:\/\/texashomeoffers.com\/","name":"Texas Home Offers","description":"","publisher":{"@id":"https:\/\/texashomeoffers.com\/#organization"},"potentialAction":[{"@type":"SearchAction","target":{"@type":"EntryPoint","urlTemplate":"https:\/\/texashomeoffers.com\/?s={search_term_string}"},"query-input":"required name=search_term_string"}],"inLanguage":"es"},{"@type":"Organization","@id":"https:\/\/texashomeoffers.com\/#organization","name":"Texas Home Offers","url":"https:\/\/texashomeoffers.com\/","logo":{"@type":"ImageObject","inLanguage":"es","@id":"https:\/\/texashomeoffers.com\/#\/schema\/logo\/image\/","url":"https:\/\/texashomeoffers.com\/wp-content\/uploads\/2015\/04\/logo.png","contentUrl":"https:\/\/texashomeoffers.com\/wp-content\/uploads\/2015\/04\/logo.png","width":442,"height":132,"caption":"Texas Home Offers"},"image":{"@id":"https:\/\/texashomeoffers.com\/#\/schema\/logo\/image\/"}}]}},"jetpack_sharing_enabled":true,"_links":{"self":[{"href":"https:\/\/texashomeoffers.com\/es\/wp-json\/wp\/v2\/pages\/1229\/"}],"collection":[{"href":"https:\/\/texashomeoffers.com\/es\/wp-json\/wp\/v2\/pages\/"}],"about":[{"href":"https:\/\/texashomeoffers.com\/es\/wp-json\/wp\/v2\/types\/page\/"}],"replies":[{"embeddable":true,"href":"https:\/\/texashomeoffers.com\/es\/wp-json\/wp\/v2\/comments\/?post=1229"}],"version-history":[{"count":0,"href":"https:\/\/texashomeoffers.com\/es\/wp-json\/wp\/v2\/pages\/1229\/revisions\/"}],"wp:attachment":[{"href":"https:\/\/texashomeoffers.com\/es\/wp-json\/wp\/v2\/media\/?parent=1229"}],"curies":[{"name":"wp","href":"https:\/\/api.w.org\/{rel}","templated":true}]}}