{"id":1230,"date":"2016-11-06T12:51:34","date_gmt":"2016-11-06T17:51:34","guid":{"rendered":"https:\/\/texashomeoffers.com\/es\/privacidad\/"},"modified":"2016-11-06T12:52:12","modified_gmt":"2016-11-06T17:52:12","slug":"privacidad","status":"publish","type":"page","link":"https:\/\/texashomeoffers.com\/es\/privacidad\/","title":{"rendered":"Privacidad"},"content":{"rendered":"<header>\n<h1>Pol\u00edtica de Privacidad<\/h1>\n<\/header>\n<p>Texas Home Offers respeta tu deseo de privacidad y se compromete a mantener la confidencialidad de su informaci\u00f3n financiera personal. Este documento delin\u00e9alas pol\u00edticas de privacidad para los visitantes de nuestra p\u00e1gina web.<\/p>\n<h2><span style=\"font-family: 'Georgia',serif; color: #333333;\">Visitantes de P\u00e1ginas Web<\/span><\/h2>\n<p>Los Visitantes de nuestra P\u00e1gina Web permanecen an\u00f3nimo, a menos que se registre para nuestro servicio o a menos que decidan revelar su entidad. A pesar, que no recolectamos la informaci\u00f3n de identificaci\u00f3n de personas que simplemente visita nuestra p\u00e1gina, Si recolectamos cierta informaci\u00f3n limitada de nuestros visitantes, tales como su direcci\u00f3n IP (Una direcci\u00f3n num\u00e9rica asignada autom\u00e1ticamente a las computadoras cuando accedan internet). Tambi\u00e9n colocamos \u00abCookies\u00bb en la computadora para rastrear el uno de nuestra web por parte de los visitantes. Una Cookie es una pieza de informaci\u00f3n que se instala en tu disco duro. Quita muy poco espacio de tu sistema y nos ayuda a personalizar nuestro sitio y hace tu navegaci\u00f3n m\u00e1s f\u00e1cil para ti. A veces utilizamos cookies para ayudar a calcular el n\u00famero de visitantes de nuestra p\u00e1gina y para determinar cu\u00e1les \u00e1reas son m\u00e1s populares. Las Cookies no nos muestran tu identificaci\u00f3n personal como nombre o direcci\u00f3n.<\/p>\n<h2>Nuestra Colecci\u00f3n de Informaci\u00f3n Acerca de Ti<\/h2>\n<p>Podemos recopilar informaci\u00f3n personal no p\u00fablica sobre usted a trav\u00e9s de este sitio web con el fin de comprender sus necesidades, administrar nuestro negocio, procesar transacciones y ofrecerle productos y servicios. Esto puede incluir informaci\u00f3n que usted nos proporciona a trav\u00e9s de aplicaciones en l\u00ednea, cuestionarios, encuestas y otras formas, incluyendo informaci\u00f3n como su nombre, direcci\u00f3n postal, direcci\u00f3n de correo electr\u00f3nico, etc.<\/p>\n<h2>Nuestras Pol\u00edticas de Divulgaci\u00f3n de la Informaci\u00f3n<\/h2>\n<p>Podemos divulgar la informaci\u00f3n descrita anteriormente, como su nombre y direcci\u00f3n, a las empresas que realizan marketing y otros servicios en nuestro nombre (por ejemplo, a las empresas que nos ayudan con la correspondencia).<\/p>\n<h2>Mantener Informaci\u00f3n Precisa<\/h2>\n<p>contamos con procedimientos que nos ayudan a mantener la exactitud de la informaci\u00f3n personal identificable que recopilamos. Por Favor contactos al \u00a0<a href=\"tel:15125822400\">(512) 582-2400<\/a> si usted cree que nuestra informaci\u00f3n sobre usted est\u00e1 incompleta, desactualizada o incorrecta.<\/p>\n<h2>Elances a otras P\u00e1ginas<\/h2>\n<p>Nuestro sitio web pueden incluir enlaces a sitios web de terceros que ofrecen bienes, servicios o informaci\u00f3n. Algunos de estos sitios aparezcan como ventanas dentro de ventanas en este sitio. Al hacer clic en uno de estos enlaces, usted estar\u00e1 saliendo de nuestro sitio y ya no estar\u00e1 sujeto a esta pol\u00edtica. No somos responsables por las pr\u00e1cticas de colecci\u00f3n de informaci\u00f3n de los sitios web que visite y exhorto a revisar sus pol\u00edticas de privacidad antes de proporcionarles cualquier informaci\u00f3n personal identificable. Sitios de terceros pueden recopilar y utilizar informaci\u00f3n sobre usted de una manera que difiere de esta pol\u00edtica. .<\/p>\n<h2>Servicios y Publicidad por parte de Terceros<\/h2>\n<p>Terceros pueden ofrecer servicios de vez en cuando en nuestro sitio web. Si usted les proporciona informaci\u00f3n, su uso de dicha informaci\u00f3n estar\u00e1 sujeta a la pol\u00edtica de privacidad, si cualquier y no estar\u00e1 sujeto a esta pol\u00edtica. Si acepta bienes de terceros o servicios anunciados en nuestro sitio web, los terceros pueden ser capaces de identificar tienes una relaci\u00f3n con nosotros (por ejemplo, si la oferta se realiz\u00f3 s\u00f3lo a trav\u00e9s de nuestro sitio)<\/p>\n<h2>Menores<\/h2>\n<p>Nos sentimos fuertemente decididos sobre la protecci\u00f3n de la privacidad de los ni\u00f1os y adolescentes. Por tal, nosotros no recopilamos \u00a0informaci\u00f3n personal de \u00a0indentifaci\u00f3n de menores de edad a trav\u00e9s de nuestro sitio web.<\/p>\n<h2>Cambios a estas P\u00f3liticas<\/h2>\n<p>Podemos agregar, eliminar o cambiar los t\u00e9rminos de esta Pol\u00edtica de Privacidad del Sitio Web de vez en cuando mediante la publicaci\u00f3n de un aviso del cambio (o se modifica la pol\u00edtica de privacidad) en este sitio web. Si es requerido por la ley, le enviaremos una notificaci\u00f3n del cambio. Su uso continuado de nuestro sitio web o de cualquier servicio del sitio web tras la notificaci\u00f3n constituir\u00e1 su aceptaci\u00f3n de la pol\u00edtica revisada.<\/p>\n<h2>Preguntas<\/h2>\n<p>Si tienes alguna pregunta en relaci\u00f3n a esta p\u00f3litica, por favor llamanos al\u00a0<a href=\"tel:15125822400\">(512) 582-2400<\/a>.<\/p>\n","protected":false},"excerpt":{"rendered":"<p>Pol\u00edtica de Privacidad Texas Home Offers respeta tu deseo de privacidad y se compromete a mantener la confidencialidad de su informaci\u00f3n financiera personal. Este documento delin\u00e9alas pol\u00edticas de privacidad para los visitantes de nuestra p\u00e1gina web. Visitantes de P\u00e1ginas Web&#8230; <a class=\"read-more\" href=\"https:\/\/texashomeoffers.com\/es\/privacidad\/\">Read more<\/a><\/p>\n","protected":false},"author":0,"featured_media":0,"parent":0,"menu_order":0,"comment_status":"closed","ping_status":"open","template":"","meta":{"footnotes":""},"yoast_head":"<!-- This site is optimized with the Yoast SEO plugin v22.8 - https:\/\/yoast.com\/wordpress\/plugins\/seo\/ -->\n<title>Privacidad<\/title>\n<meta name=\"robots\" content=\"index, follow, max-snippet:-1, max-image-preview:large, max-video-preview:-1\" \/>\n<link rel=\"canonical\" href=\"https:\/\/texashomeoffers.com\/es\/privacidad\/\" \/>\n<meta property=\"og:locale\" content=\"es_ES\" \/>\n<meta property=\"og:type\" content=\"article\" \/>\n<meta property=\"og:title\" content=\"Privacidad\" \/>\n<meta property=\"og:description\" content=\"Pol\u00edtica de Privacidad Texas Home Offers respeta tu deseo de privacidad y se compromete a mantener la confidencialidad de su informaci\u00f3n financiera personal. Este documento delin\u00e9alas pol\u00edticas de privacidad para los visitantes de nuestra p\u00e1gina web. Visitantes de P\u00e1ginas Web... Read more\" \/>\n<meta property=\"og:url\" content=\"https:\/\/texashomeoffers.com\/es\/privacidad\/\" \/>\n<meta property=\"og:site_name\" content=\"Texas Home Offers\" \/>\n<meta property=\"article:modified_time\" content=\"2016-11-06T17:52:12+00:00\" \/>\n<meta name=\"twitter:card\" content=\"summary_large_image\" \/>\n<meta name=\"twitter:label1\" content=\"Tiempo de lectura\" \/>\n\t<meta name=\"twitter:data1\" content=\"4 minutos\" \/>\n<script type=\"application\/ld+json\" class=\"yoast-schema-graph\">{\"@context\":\"https:\/\/schema.org\",\"@graph\":[{\"@type\":\"WebPage\",\"@id\":\"https:\/\/texashomeoffers.com\/es\/privacidad\/\",\"url\":\"https:\/\/texashomeoffers.com\/es\/privacidad\/\",\"name\":\"Privacidad\",\"isPartOf\":{\"@id\":\"https:\/\/texashomeoffers.com\/#website\"},\"datePublished\":\"2016-11-06T17:51:34+00:00\",\"dateModified\":\"2016-11-06T17:52:12+00:00\",\"breadcrumb\":{\"@id\":\"https:\/\/texashomeoffers.com\/es\/privacidad\/#breadcrumb\"},\"inLanguage\":\"es\",\"potentialAction\":[{\"@type\":\"ReadAction\",\"target\":[\"https:\/\/texashomeoffers.com\/es\/privacidad\/\"]}]},{\"@type\":\"BreadcrumbList\",\"@id\":\"https:\/\/texashomeoffers.com\/es\/privacidad\/#breadcrumb\",\"itemListElement\":[{\"@type\":\"ListItem\",\"position\":1,\"name\":\"Home\",\"item\":\"https:\/\/texashomeoffers.com\/es\/\"},{\"@type\":\"ListItem\",\"position\":2,\"name\":\"Privacidad\"}]},{\"@type\":\"WebSite\",\"@id\":\"https:\/\/texashomeoffers.com\/#website\",\"url\":\"https:\/\/texashomeoffers.com\/\",\"name\":\"Texas Home Offers\",\"description\":\"\",\"publisher\":{\"@id\":\"https:\/\/texashomeoffers.com\/#organization\"},\"potentialAction\":[{\"@type\":\"SearchAction\",\"target\":{\"@type\":\"EntryPoint\",\"urlTemplate\":\"https:\/\/texashomeoffers.com\/?s={search_term_string}\"},\"query-input\":\"required name=search_term_string\"}],\"inLanguage\":\"es\"},{\"@type\":\"Organization\",\"@id\":\"https:\/\/texashomeoffers.com\/#organization\",\"name\":\"Texas Home Offers\",\"url\":\"https:\/\/texashomeoffers.com\/\",\"logo\":{\"@type\":\"ImageObject\",\"inLanguage\":\"es\",\"@id\":\"https:\/\/texashomeoffers.com\/#\/schema\/logo\/image\/\",\"url\":\"https:\/\/texashomeoffers.com\/wp-content\/uploads\/2015\/04\/logo.png\",\"contentUrl\":\"https:\/\/texashomeoffers.com\/wp-content\/uploads\/2015\/04\/logo.png\",\"width\":442,\"height\":132,\"caption\":\"Texas Home Offers\"},\"image\":{\"@id\":\"https:\/\/texashomeoffers.com\/#\/schema\/logo\/image\/\"}}]}<\/script>\n<!-- \/ Yoast SEO plugin. -->","yoast_head_json":{"title":"Privacidad","robots":{"index":"index","follow":"follow","max-snippet":"max-snippet:-1","max-image-preview":"max-image-preview:large","max-video-preview":"max-video-preview:-1"},"canonical":"https:\/\/texashomeoffers.com\/es\/privacidad\/","og_locale":"es_ES","og_type":"article","og_title":"Privacidad","og_description":"Pol\u00edtica de Privacidad Texas Home Offers respeta tu deseo de privacidad y se compromete a mantener la confidencialidad de su informaci\u00f3n financiera personal. Este documento delin\u00e9alas pol\u00edticas de privacidad para los visitantes de nuestra p\u00e1gina web. Visitantes de P\u00e1ginas Web... Read more","og_url":"https:\/\/texashomeoffers.com\/es\/privacidad\/","og_site_name":"Texas Home Offers","article_modified_time":"2016-11-06T17:52:12+00:00","twitter_card":"summary_large_image","twitter_misc":{"Tiempo de lectura":"4 minutos"},"schema":{"@context":"https:\/\/schema.org","@graph":[{"@type":"WebPage","@id":"https:\/\/texashomeoffers.com\/es\/privacidad\/","url":"https:\/\/texashomeoffers.com\/es\/privacidad\/","name":"Privacidad","isPartOf":{"@id":"https:\/\/texashomeoffers.com\/#website"},"datePublished":"2016-11-06T17:51:34+00:00","dateModified":"2016-11-06T17:52:12+00:00","breadcrumb":{"@id":"https:\/\/texashomeoffers.com\/es\/privacidad\/#breadcrumb"},"inLanguage":"es","potentialAction":[{"@type":"ReadAction","target":["https:\/\/texashomeoffers.com\/es\/privacidad\/"]}]},{"@type":"BreadcrumbList","@id":"https:\/\/texashomeoffers.com\/es\/privacidad\/#breadcrumb","itemListElement":[{"@type":"ListItem","position":1,"name":"Home","item":"https:\/\/texashomeoffers.com\/es\/"},{"@type":"ListItem","position":2,"name":"Privacidad"}]},{"@type":"WebSite","@id":"https:\/\/texashomeoffers.com\/#website","url":"https:\/\/texashomeoffers.com\/","name":"Texas Home Offers","description":"","publisher":{"@id":"https:\/\/texashomeoffers.com\/#organization"},"potentialAction":[{"@type":"SearchAction","target":{"@type":"EntryPoint","urlTemplate":"https:\/\/texashomeoffers.com\/?s={search_term_string}"},"query-input":"required name=search_term_string"}],"inLanguage":"es"},{"@type":"Organization","@id":"https:\/\/texashomeoffers.com\/#organization","name":"Texas Home Offers","url":"https:\/\/texashomeoffers.com\/","logo":{"@type":"ImageObject","inLanguage":"es","@id":"https:\/\/texashomeoffers.com\/#\/schema\/logo\/image\/","url":"https:\/\/texashomeoffers.com\/wp-content\/uploads\/2015\/04\/logo.png","contentUrl":"https:\/\/texashomeoffers.com\/wp-content\/uploads\/2015\/04\/logo.png","width":442,"height":132,"caption":"Texas Home Offers"},"image":{"@id":"https:\/\/texashomeoffers.com\/#\/schema\/logo\/image\/"}}]}},"jetpack_sharing_enabled":true,"_links":{"self":[{"href":"https:\/\/texashomeoffers.com\/es\/wp-json\/wp\/v2\/pages\/1230\/"}],"collection":[{"href":"https:\/\/texashomeoffers.com\/es\/wp-json\/wp\/v2\/pages\/"}],"about":[{"href":"https:\/\/texashomeoffers.com\/es\/wp-json\/wp\/v2\/types\/page\/"}],"replies":[{"embeddable":true,"href":"https:\/\/texashomeoffers.com\/es\/wp-json\/wp\/v2\/comments\/?post=1230"}],"version-history":[{"count":1,"href":"https:\/\/texashomeoffers.com\/es\/wp-json\/wp\/v2\/pages\/1230\/revisions\/"}],"predecessor-version":[{"id":1231,"href":"https:\/\/texashomeoffers.com\/es\/wp-json\/wp\/v2\/pages\/1230\/revisions\/1231\/"}],"wp:attachment":[{"href":"https:\/\/texashomeoffers.com\/es\/wp-json\/wp\/v2\/media\/?parent=1230"}],"curies":[{"name":"wp","href":"https:\/\/api.w.org\/{rel}","templated":true}]}}