{"id":1232,"date":"2016-11-06T20:59:33","date_gmt":"2016-11-07T01:59:33","guid":{"rendered":"https:\/\/texashomeoffers.com\/es\/preguntas-frecuentes\/"},"modified":"2016-11-06T20:59:33","modified_gmt":"2016-11-07T01:59:33","slug":"preguntas-frecuentes","status":"publish","type":"page","link":"https:\/\/texashomeoffers.com\/es\/preguntas-frecuentes\/","title":{"rendered":"Preguntas Frecuentes"},"content":{"rendered":"<h1>Preguntas Frecuentes<\/h1>\n<p><strong>\u00bfPodr\u00e1n mi casa en una lista?<\/strong><br \/>\nNo. Te compramos la casa directamente, el Vendedor. Esto elimina todas las comisiones de agentes, inspecciones de casa, y pr\u00e9stamos bancarios.<\/p>\n<p><strong>\u00bfEstoy obligado a aceptar su oferta?<\/strong><br \/>\nPara nada.<\/p>\n<p><strong>\u00bfQu\u00e9 pasa si mi casa esta a punto de ser ejecutada por Hipoteca?<\/strong><\/p>\n<p>Nos Especializamos en propietarios con ejecuci\u00f3n hipotecaria. Hay\u00a0<a href=\"https:\/\/texashomeoffers.com\/es\/10-opciones-para-propietarios-que-enfrentan-una-ejecucion-de-hipoteca\/\">10 maneras de salir de una ejecuci\u00f3n de hipoteca.<\/a><\/p>\n<p><strong>\u00bfCompran casas o propiedades que necesiten reparaci\u00f3n?<\/strong><\/p>\n<p>Compraremos su casa no importa si necesita reparaciones o \u00a0alg\u00fan otro trabajo.<\/p>\n<p><strong>\u00bfQu\u00e9 tipos de propiedades compran?<\/strong><br \/>\nCompramos propiedades en cualquier condici\u00f3n. Esto incluye casas uni familiares, casas multifamiliares, apartamentos y locales comerciales.<\/p>\n<p><strong>\u00bfQu\u00e9 quiere decir \u00abOferta en Efectivo\u00bb?<\/strong><br \/>\nUtilizamos nuestro dinero propio para comprar su propiedad, lo que elimina la necesidad de un pr\u00e9stamo o aprobaci\u00f3n de un agente externo. Tenemos el poder de tomar decisiones y cerrar el deposito r\u00e1pidamente.<\/p>\n<p style=\"margin-bottom: 25px;\"><a href=\"tel:18449332225\"><img loading=\"lazy\" decoding=\"async\" class=\"alignnone wp-image-28 size-full\" src=\"https:\/\/texashomeoffers.com\/wp-content\/uploads\/2015\/04\/banner.png\" alt=\"Call Now\" width=\"620\" height=\"64\" srcset=\"https:\/\/texashomeoffers.com\/wp-content\/uploads\/2015\/04\/banner.png 620w, https:\/\/texashomeoffers.com\/wp-content\/uploads\/2015\/04\/banner-300x31.png 300w\" sizes=\"(max-width: 620px) 100vw, 620px\" \/><\/a><\/p>\n<p><strong>\u00bfQu\u00e9 pasa si mi casa ya esta enlistada con un agente?<\/strong><br \/>\nAun puede vendernos la casa. Todav\u00eda puede vedernos la casa, sin embargo es posible que necesite compensar su agente de acuerdo a los terminos de su acuerdo.<\/p>\n<p><strong>\u00bfTodav\u00eda puedo vender mi casa si estoy en el proceso de desalojar a un inquilino o tengo problemas de inquilino?<\/strong><br \/>\nSi .Podemos cerrar el trato con el inquilino ocupando la propiedad.<\/p>\n<p><strong>\u00bfPuedo vender mi casa si esta en validaci\u00f3n de testamento?<\/strong><br \/>\nSi.\u00a0Haremos una oferta v\u00e1lida sujeta a la finalizaci\u00f3n de los testamentos<\/p>\n<p><strong>Necesito vender mi casa heredada. \u00bfLa comprarian?<\/strong><br \/>\nSi. Hariamos una oferta. Si estas de acuerdo, podemos cerrar el trato \u00a0y recibir\u00e1s el dinero del deposito en un poco menos de \u00a1 7 d\u00edas!<\/p>\n<p><strong>\u00bfCu\u00e1nto tiempo me toma recibir una oferta?<\/strong><br \/>\nAun cuando cada situaci\u00f3n es unica, no es comun que una oferta tarde m\u00e1s de 48 horas.<\/p>\n<p>Llama al <a href=\"tel:18449332225\">(844) 933-2225<\/a>\u00a0o completa el formulario para tener una oferta justa.<\/p>\n","protected":false},"excerpt":{"rendered":"<p>Preguntas Frecuentes \u00bfPodr\u00e1n mi casa en una lista? No. Te compramos la casa directamente, el Vendedor. Esto elimina todas las comisiones de agentes, inspecciones de casa, y pr\u00e9stamos bancarios. \u00bfEstoy obligado a aceptar su oferta? Para nada. \u00bfQu\u00e9 pasa si&#8230; <a class=\"read-more\" href=\"https:\/\/texashomeoffers.com\/es\/preguntas-frecuentes\/\">Read more<\/a><\/p>\n","protected":false},"author":0,"featured_media":0,"parent":0,"menu_order":0,"comment_status":"closed","ping_status":"open","template":"","meta":{"footnotes":""},"yoast_head":"<!-- This site is optimized with the Yoast SEO plugin v22.8 - https:\/\/yoast.com\/wordpress\/plugins\/seo\/ -->\n<title>Preguntas Frecuentes<\/title>\n<meta name=\"robots\" content=\"index, follow, max-snippet:-1, max-image-preview:large, max-video-preview:-1\" \/>\n<link rel=\"canonical\" href=\"https:\/\/texashomeoffers.com\/es\/preguntas-frecuentes\/\" \/>\n<meta property=\"og:locale\" content=\"es_ES\" \/>\n<meta property=\"og:type\" content=\"article\" \/>\n<meta property=\"og:title\" content=\"Preguntas Frecuentes\" \/>\n<meta property=\"og:description\" content=\"Preguntas Frecuentes \u00bfPodr\u00e1n mi casa en una lista? No. Te compramos la casa directamente, el Vendedor. Esto elimina todas las comisiones de agentes, inspecciones de casa, y pr\u00e9stamos bancarios. \u00bfEstoy obligado a aceptar su oferta? Para nada. \u00bfQu\u00e9 pasa si... Read more\" \/>\n<meta property=\"og:url\" content=\"https:\/\/texashomeoffers.com\/es\/preguntas-frecuentes\/\" \/>\n<meta property=\"og:site_name\" content=\"Texas Home Offers\" \/>\n<meta property=\"og:image\" content=\"https:\/\/texashomeoffers.com\/wp-content\/uploads\/2015\/04\/banner.png\" \/>\n<meta name=\"twitter:card\" content=\"summary_large_image\" \/>\n<meta name=\"twitter:label1\" content=\"Tiempo de lectura\" \/>\n\t<meta name=\"twitter:data1\" content=\"2 minutos\" \/>\n<script type=\"application\/ld+json\" class=\"yoast-schema-graph\">{\"@context\":\"https:\/\/schema.org\",\"@graph\":[{\"@type\":\"WebPage\",\"@id\":\"https:\/\/texashomeoffers.com\/es\/preguntas-frecuentes\/\",\"url\":\"https:\/\/texashomeoffers.com\/es\/preguntas-frecuentes\/\",\"name\":\"Preguntas Frecuentes\",\"isPartOf\":{\"@id\":\"https:\/\/texashomeoffers.com\/#website\"},\"primaryImageOfPage\":{\"@id\":\"https:\/\/texashomeoffers.com\/es\/preguntas-frecuentes\/#primaryimage\"},\"image\":{\"@id\":\"https:\/\/texashomeoffers.com\/es\/preguntas-frecuentes\/#primaryimage\"},\"thumbnailUrl\":\"https:\/\/texashomeoffers.com\/wp-content\/uploads\/2015\/04\/banner.png\",\"datePublished\":\"2016-11-07T01:59:33+00:00\",\"dateModified\":\"2016-11-07T01:59:33+00:00\",\"breadcrumb\":{\"@id\":\"https:\/\/texashomeoffers.com\/es\/preguntas-frecuentes\/#breadcrumb\"},\"inLanguage\":\"es\",\"potentialAction\":[{\"@type\":\"ReadAction\",\"target\":[\"https:\/\/texashomeoffers.com\/es\/preguntas-frecuentes\/\"]}]},{\"@type\":\"ImageObject\",\"inLanguage\":\"es\",\"@id\":\"https:\/\/texashomeoffers.com\/es\/preguntas-frecuentes\/#primaryimage\",\"url\":\"https:\/\/texashomeoffers.com\/wp-content\/uploads\/2015\/04\/banner.png\",\"contentUrl\":\"https:\/\/texashomeoffers.com\/wp-content\/uploads\/2015\/04\/banner.png\"},{\"@type\":\"BreadcrumbList\",\"@id\":\"https:\/\/texashomeoffers.com\/es\/preguntas-frecuentes\/#breadcrumb\",\"itemListElement\":[{\"@type\":\"ListItem\",\"position\":1,\"name\":\"Home\",\"item\":\"https:\/\/texashomeoffers.com\/es\/\"},{\"@type\":\"ListItem\",\"position\":2,\"name\":\"Preguntas Frecuentes\"}]},{\"@type\":\"WebSite\",\"@id\":\"https:\/\/texashomeoffers.com\/#website\",\"url\":\"https:\/\/texashomeoffers.com\/\",\"name\":\"Texas Home Offers\",\"description\":\"\",\"publisher\":{\"@id\":\"https:\/\/texashomeoffers.com\/#organization\"},\"potentialAction\":[{\"@type\":\"SearchAction\",\"target\":{\"@type\":\"EntryPoint\",\"urlTemplate\":\"https:\/\/texashomeoffers.com\/?s={search_term_string}\"},\"query-input\":\"required name=search_term_string\"}],\"inLanguage\":\"es\"},{\"@type\":\"Organization\",\"@id\":\"https:\/\/texashomeoffers.com\/#organization\",\"name\":\"Texas Home Offers\",\"url\":\"https:\/\/texashomeoffers.com\/\",\"logo\":{\"@type\":\"ImageObject\",\"inLanguage\":\"es\",\"@id\":\"https:\/\/texashomeoffers.com\/#\/schema\/logo\/image\/\",\"url\":\"https:\/\/texashomeoffers.com\/wp-content\/uploads\/2015\/04\/logo.png\",\"contentUrl\":\"https:\/\/texashomeoffers.com\/wp-content\/uploads\/2015\/04\/logo.png\",\"width\":442,\"height\":132,\"caption\":\"Texas Home Offers\"},\"image\":{\"@id\":\"https:\/\/texashomeoffers.com\/#\/schema\/logo\/image\/\"}}]}<\/script>\n<!-- \/ Yoast SEO plugin. -->","yoast_head_json":{"title":"Preguntas Frecuentes","robots":{"index":"index","follow":"follow","max-snippet":"max-snippet:-1","max-image-preview":"max-image-preview:large","max-video-preview":"max-video-preview:-1"},"canonical":"https:\/\/texashomeoffers.com\/es\/preguntas-frecuentes\/","og_locale":"es_ES","og_type":"article","og_title":"Preguntas Frecuentes","og_description":"Preguntas Frecuentes \u00bfPodr\u00e1n mi casa en una lista? No. Te compramos la casa directamente, el Vendedor. Esto elimina todas las comisiones de agentes, inspecciones de casa, y pr\u00e9stamos bancarios. \u00bfEstoy obligado a aceptar su oferta? Para nada. \u00bfQu\u00e9 pasa si... Read more","og_url":"https:\/\/texashomeoffers.com\/es\/preguntas-frecuentes\/","og_site_name":"Texas Home Offers","og_image":[{"url":"https:\/\/texashomeoffers.com\/wp-content\/uploads\/2015\/04\/banner.png"}],"twitter_card":"summary_large_image","twitter_misc":{"Tiempo de lectura":"2 minutos"},"schema":{"@context":"https:\/\/schema.org","@graph":[{"@type":"WebPage","@id":"https:\/\/texashomeoffers.com\/es\/preguntas-frecuentes\/","url":"https:\/\/texashomeoffers.com\/es\/preguntas-frecuentes\/","name":"Preguntas Frecuentes","isPartOf":{"@id":"https:\/\/texashomeoffers.com\/#website"},"primaryImageOfPage":{"@id":"https:\/\/texashomeoffers.com\/es\/preguntas-frecuentes\/#primaryimage"},"image":{"@id":"https:\/\/texashomeoffers.com\/es\/preguntas-frecuentes\/#primaryimage"},"thumbnailUrl":"https:\/\/texashomeoffers.com\/wp-content\/uploads\/2015\/04\/banner.png","datePublished":"2016-11-07T01:59:33+00:00","dateModified":"2016-11-07T01:59:33+00:00","breadcrumb":{"@id":"https:\/\/texashomeoffers.com\/es\/preguntas-frecuentes\/#breadcrumb"},"inLanguage":"es","potentialAction":[{"@type":"ReadAction","target":["https:\/\/texashomeoffers.com\/es\/preguntas-frecuentes\/"]}]},{"@type":"ImageObject","inLanguage":"es","@id":"https:\/\/texashomeoffers.com\/es\/preguntas-frecuentes\/#primaryimage","url":"https:\/\/texashomeoffers.com\/wp-content\/uploads\/2015\/04\/banner.png","contentUrl":"https:\/\/texashomeoffers.com\/wp-content\/uploads\/2015\/04\/banner.png"},{"@type":"BreadcrumbList","@id":"https:\/\/texashomeoffers.com\/es\/preguntas-frecuentes\/#breadcrumb","itemListElement":[{"@type":"ListItem","position":1,"name":"Home","item":"https:\/\/texashomeoffers.com\/es\/"},{"@type":"ListItem","position":2,"name":"Preguntas Frecuentes"}]},{"@type":"WebSite","@id":"https:\/\/texashomeoffers.com\/#website","url":"https:\/\/texashomeoffers.com\/","name":"Texas Home Offers","description":"","publisher":{"@id":"https:\/\/texashomeoffers.com\/#organization"},"potentialAction":[{"@type":"SearchAction","target":{"@type":"EntryPoint","urlTemplate":"https:\/\/texashomeoffers.com\/?s={search_term_string}"},"query-input":"required name=search_term_string"}],"inLanguage":"es"},{"@type":"Organization","@id":"https:\/\/texashomeoffers.com\/#organization","name":"Texas Home Offers","url":"https:\/\/texashomeoffers.com\/","logo":{"@type":"ImageObject","inLanguage":"es","@id":"https:\/\/texashomeoffers.com\/#\/schema\/logo\/image\/","url":"https:\/\/texashomeoffers.com\/wp-content\/uploads\/2015\/04\/logo.png","contentUrl":"https:\/\/texashomeoffers.com\/wp-content\/uploads\/2015\/04\/logo.png","width":442,"height":132,"caption":"Texas Home Offers"},"image":{"@id":"https:\/\/texashomeoffers.com\/#\/schema\/logo\/image\/"}}]}},"jetpack_sharing_enabled":true,"_links":{"self":[{"href":"https:\/\/texashomeoffers.com\/es\/wp-json\/wp\/v2\/pages\/1232\/"}],"collection":[{"href":"https:\/\/texashomeoffers.com\/es\/wp-json\/wp\/v2\/pages\/"}],"about":[{"href":"https:\/\/texashomeoffers.com\/es\/wp-json\/wp\/v2\/types\/page\/"}],"replies":[{"embeddable":true,"href":"https:\/\/texashomeoffers.com\/es\/wp-json\/wp\/v2\/comments\/?post=1232"}],"version-history":[{"count":0,"href":"https:\/\/texashomeoffers.com\/es\/wp-json\/wp\/v2\/pages\/1232\/revisions\/"}],"wp:attachment":[{"href":"https:\/\/texashomeoffers.com\/es\/wp-json\/wp\/v2\/media\/?parent=1232"}],"curies":[{"name":"wp","href":"https:\/\/api.w.org\/{rel}","templated":true}]}}