{"id":1236,"date":"2016-11-07T21:28:32","date_gmt":"2016-11-08T02:28:32","guid":{"rendered":"https:\/\/texashomeoffers.com\/es\/condiciones\/"},"modified":"2016-11-07T21:28:32","modified_gmt":"2016-11-08T02:28:32","slug":"condiciones","status":"publish","type":"page","link":"https:\/\/texashomeoffers.com\/es\/condiciones\/","title":{"rendered":"Condiciones"},"content":{"rendered":"<h1>T\u00e9rminos y Condiciones de Uso<\/h1>\n<h2>Por favor lea estas condiciones de uso cuidadosamente antes de usar esta p\u00e1<em>gina web.<\/em><\/h2>\n<p><em>Texas Home Offers ofrece ciertos servicios para usted a trav\u00e9s de la p\u00e1gina web. El uso del sitio web est\u00e1 sujeto a los siguientes t\u00e9rminos y condiciones de uso. Esta p\u00e1gina detalla los t\u00e9rminos de un acuerdo legal (los \u00abt\u00e9rminos de uso\u00bb) entre usted y Home Texas offers. Al acceder al sitio web, usted reconoce que ha le\u00eddo y entiende los t\u00e9rminos de uso y, despu\u00e9s de haber le\u00eddo y entendido los t\u00e9rminos de uso, usted voluntariamente acepta estar obligado por estos t\u00e9rminos de uso. Texas Home offers invita a todos los visitantes de este sitio web a buscar el consejo de un abogado si no entiende sus derechos y responsabilidades con respecto a cualquiera de los siguientes t\u00e9rminos de uso.<\/em><\/p>\n<div id=\"mt-to-es\" class=\"mt-info ms mt-from-en ms-mt-skinny\" lang=\"es-x-mtfrom-en\" data-host=\"translate1.spanishdict.com:80\">\n<div class=\"mt-info-text\">Si contin\u00faa navegando y utilizando este sitio web usted acepta y esta obligado a cumplir los siguientes t\u00e9rminos y condiciones de uso, que junto con nuestra pol\u00edtica de privacidad se incorporan aqu\u00ed por referencia, gobierna la \u00a0relaci\u00f3n de Texas Home offers con usted en referencia a este sitio Web.<\/div>\n<\/div>\n<div class=\"mt-ms-edit-button-row mt-ms-edit-enabled mt-ms-show-edit-button\">\n<div class=\"mt-ms-edit-icon\"><\/div>\n<div class=\"mt-ms-edit-icon\">En lo sucesivo, el t\u00e9rmino &#8216;Texas Home Offers&#8217; o &#8216;nosotros&#8217; o \u00a0se refiere al propietario del sitio Web. El t\u00e9rmino &#8216;usted&#8217; o &#8216;su&#8217; se refiere al usuario o visitante de nuestro sitio Web.<\/div>\n<\/div>\n<h2>El uso de esta P\u00e1gina Web esta sujeto a los siguientes T\u00e9rminos y Condiciones de Uso:<\/h2>\n<h3>Contenido de la P\u00e1gina Web<\/h3>\n<p>El contenido de las p\u00e1ginas de este sitio web es para su informaci\u00f3n y uso generalmente. Estas condiciones de uso podr\u00e1n ser modificadas por Texas Home offers en cualquier momento y sin previo aviso. El uso continuado de este sitio web despu\u00e9s de que los t\u00e9rminos de uso han sido cambiados indica su aceptaci\u00f3n de cualquier nueva condicion de uso. Adem\u00e1s, Texas Home Offers puede cambiar cualquier informaci\u00f3n o caracter\u00edstica del sitio web en cualquier momento. Cualquier cambio en el sitio web de Texas home offers no modificar\u00e1 su consentimiento para la aplicaci\u00f3n de estos t\u00e9rminos de uso. Por favor revise estos t\u00e9rminos de uso de vez en cuando para que usted est\u00e9 informado de cualquier cambio. El uso continuado del sitio web por usted constituir\u00e1 su aceptaci\u00f3n vinculante de dichas enmiendas, modificaciones, adiciones o supresiones.<\/p>\n<p>Ni nosotros ni ning\u00fan tercero ofrece ninguna garant\u00eda o garant\u00edas en cuanto a la exactitud, puntualidad, rendimiento, integridad o idoneidad de la informaci\u00f3n y materiales encontrados u ofrecidos en este sitio web para cualquier prop\u00f3sito en particular. Usted reconoce que dicha informaci\u00f3n y materiales pueden contener inexactitudes o errores y por la presente declina responsabilidad por tales supuestas inexactitudes o errores en la medida permitida por la ley.<\/p>\n<p>Texas Home Offers pone a su disposici\u00f3n la informaci\u00f3n en este sitio web \u00fanicamente con fines educativos e informativos. El uso de cualquier informaci\u00f3n o material en este sitio web es enteramente bajo su propio riesgo, para lo cual no seremos responsables. Ser\u00e1 su propia responsabilidad asegurarse de que cualquier productos, servicios o informaci\u00f3n a trav\u00e9s de este sitio web satisfacer sus requisitos espec\u00edficos, y Texas Home offers no da ninguna garant\u00eda en cuanto a que la informaci\u00f3n sea de utilidad o aplicabilidad a sus circunstancias particulares.<\/p>\n<h3>Normativas y Pautas<\/h3>\n<p><strong>(a)\u00a0Normas para el uso de la P\u00e1gina Web<\/strong><\/p>\n<p>(1)\u00a0Conducta necesaria para el uso de la P\u00e1gina Web<\/p>\n<p>Es una condici\u00f3n de su uso del servicio que usted no: (i) restrinja o inhiba a cualquier otro usuario del uso y disfrute del servicio; (ii) transmitir cualquier informaci\u00f3n, software u otro material que sea fraudulento o il\u00edcita, o viole o infrinja los derechos de otros, incluyendo material que viole la privacidad o derechos de publicidad, o que infrinja el autor, marca registrada u otros derechos de propiedad; (iii) transmitir cualquier informaci\u00f3n, software u otro material que contenga un virus u otro componente perjudicial; (iv) transmitir o en cualquier manera explotar cualquier informaci\u00f3n, software u otro material para fines comerciales o que contiene publicidad, \u00abcorreo basura\u00bb, \u00abspam\u00bb \u00abcartas en cadena\u00bb, \u00abesquemas piramidales\u00bb oportunidades de inversi\u00f3n o cualquier otra forma de solicitudes; (v) solicitar a otros usuarios para unirse, afiliarse, o contribuir con dinero para cualquier servicio en l\u00ednea o de otra organizaci\u00f3n, defensor o intentar que los usuarios en las acciones legales o ilegales o plan o participar en estafas que implican a otros usuarios; (vi) hacerse pasar por cualquier persona o entidad o declarar falsamente o cualquier otra forma falsificar su profesional u otra afiliaci\u00f3n con cualquier persona o entidad; (vii) revender, redistribuir, transmitir o transferir la informaci\u00f3n o utilice la informaci\u00f3n obtenida de la p\u00e1gina web en una base de datos legible por la m\u00e1quina; (viii) utilizar el sitio web para recopilar informaci\u00f3n de identificaci\u00f3n personal sobre los usuarios del sitio web en violaci\u00f3n de nuestra pol\u00edtica de privacidad; (ix) ocultar un tipo de archivo para frustrar procesos de detecci\u00f3n de Texas Home Offers (x) enviar o transmitir cualquier transmisiones constituir o alentar conducta que ser\u00eda constituir una ofensa criminal, dar lugar a responsabilidad civil o violar cualquier local, estatal, nacional o derecho internacional; (xi) intentar obtener acceso no autorizado a otros sistemas inform\u00e1ticos o redes conectadas al sitio web, (xii) quitar aviso de cualquier autor, marca registrada u otros derechos de propiedad de la web o los materiales procedentes de la p\u00e1gina web; o (xiii) marco o espejo<\/p>\n<p>(2) Monitoreo<\/p>\n<p>Texas Home Offers no tiene la obligaci\u00f3n a monitorear el uso de la p\u00e1gina por partes de visitantes o miembros. Reconoce y acepta que Texas Home Offers se reserva el derecho y puede de vez en cuando, monitorear toda informaci\u00f3n subida a la web con fines operacionales o de otra. Durante la supervisi\u00f3n, informaci\u00f3n puede ser examinada, grabada, copiada y utilizada para prop\u00f3sitos autorizados con arreglo a nuestra pol\u00edtica de privacidad y las leyes de privacidad aplicables y regulaciones.<\/p>\n<p>Usted acepta que Texas Home Offers\u00a0podr\u00e1 prohibir su acceso a este sitio web por cualquier conducta que considere inapropiada o perjudicial a la p\u00e1gina web, y tal determinaci\u00f3n ser\u00e1 a discreci\u00f3n de Texas Home Offers.<\/p>\n<h3>P\u00e1ginas Web de Terceros<\/h3>\n<p>Este sitio web contiene enlaces a sitios web de terceros que no est\u00e1n bajo el control de Texas Home Offers. Usted acepta que Texas Home offers no es responsable ni ser\u00e1 responsable por el contenido de cualquier sitio Web enlazado. Un enlace desde este sitio web no indica un aval por Texas Home Offers de dichos sitios web o es empresa patrocinadora ese sitio web o producto. Un enlace en este sitio web no implica que Texas Home Offers ha realizado alguna diligencia en relaci\u00f3n con el contenido de cualquier sitio Web enlazado.<\/p>\n<h3>Licencias y Derecho de Autor<\/h3>\n<p>Este sitio web contiene material que es propiedad de o con licencia \u00a0Texas Home Offers. Este material incluye, pero no se limita a, dise\u00f1o del sitio web, dise\u00f1o, aspecto, apariencia y gr\u00e1ficos. Accediendo a este sitio web y aceptar estos t\u00e9rminos de uso, usted no ganar\u00e1 propiedad u \u00a0derecho, t\u00edtulo o inter\u00e9s en cualquier material con derechos de autor o marca registrada. Queda prohibida la reproducci\u00f3n sin el consentimiento escrito de Texas Home Offers.<\/p>\n<p>Todas las marcas reproducidas en este sitio web, que no son propiedad de, o no son licencia del operador, son reconocidas por el sitio Web.<\/p>\n<p>.<\/p>\n<h3>Acceso a la P\u00e1gina Web; Protecci\u00f3n de Identidad<\/h3>\n<p>Con la finalidad de ofrecer un f\u00e1cil acceso a la p\u00e1gina web, Texas Home Offers colocar\u00e1 una cookie( un peque\u00f1o archivo de texto) desde cualquier computadora por la cual accedas al servicio. Por favor revisa nuetsra P\u00f3liticas de Privacidad para m\u00e1s informaci\u00f3n en referencia a las cookies.<\/p>\n<h3>Sede y Jurisdicci\u00f3n<\/h3>\n<p>Quejas en relaci\u00f3n al Sitio Web, o a su uso se rigen por las leyes del estado de Virginia. Mediante la visualizaci\u00f3n de este sitio web, consentimiento para someterse a la jurisdicci\u00f3n exclusiva de Virginia para cualquier litigio con respecto a este sitio Web.<\/p>\n<h3>Limitaci\u00f3n de Responsabilidad<\/h3>\n<p>En ning\u00fan caso Texas Home offers ser\u00e1 responsable ante cualquier parte por cualquier da\u00f1o directo, indirecto, especial, punitivo, incidental o consiguientes, incluyendo, sin limitaci\u00f3n, cualquier p\u00e9rdida de beneficios, interrupciones de negocios, p\u00e9rdida de programas o datos en su equipo, o de lo contrario, incluso si nosotros o alguno de nuestros representantes estamos expresamente advertido de la posibilidad o probabilidad de dichos da\u00f1os, causados por o relacionados con cualquier uso o inhabilidad para usar este sitio , o cualquier otro sitio vinculado, incluyendo, sin limitaci\u00f3n, uso de o confianza en la informaci\u00f3n, interrupciones, errores, defectos, errores, omisiones, borrado de archivos, desactivar dispositivos, demoras en operaci\u00f3n o transmisi\u00f3n, falta de entrega de informaci\u00f3n, robo, acceso no autorizado, divulgaci\u00f3n de comunicaciones o cualquier falla de funcionamiento. Usted es responsable de todo el costo de todo servicio, reparaci\u00f3n o correcci\u00f3n de su propiedad o las operaciones, incluyendo sin limitaci\u00f3n tu computadora, red, software o aparatos, necesarios como resultado de o relacionada al uso de este sitio. En ning\u00fan caso, responsabilidad total de Texas Home Offers \u00a0hacia usted por da\u00f1os, p\u00e9rdidas y causas de acci\u00f3n de cualquier tipo &#8211; ya sea en contrato, agravio (incluyendo pero no limitado a, negligencia), responsabilidad estricta o de lo contrario &#8211; exceder la cantidad pagada por usted, en su caso, para acceder a este sitio.<\/p>\n<h3>Indemnificaci\u00f3n<\/h3>\n<p>Usted acepta defender, indemnizar y mantener indemne a Texas Home offersa sus empresas afiliadas y sus respectivos directores, funcionarios, empleados y agentes de y contra cualquier y todas las reclamaciones, acciones, juicios o actuaciones, as\u00ed como de cualquier p\u00e9rdida, responsabilidad, da\u00f1os, costos y gastos (incluyendo honorarios de abogados razonables) derivados o resultantes de (a) cualquier material publicado o proporcionado por usted que infringe los derechos de autor, marca registrada, secreto comercial, trade dress, patente u otro derecho de propiedad intelectual de cualquier persona o difame a cualquier persona o viole sus derechos de publicidad o privacidad, (b) cualquier falsa declaraci\u00f3n hecha por usted en conexi\u00f3n con su uso del sitio web; (c) cualquier incumplimiento por parte de usted de los t\u00e9rminos y condiciones de estos t\u00e9rminos De uso; y d) las reclamaciones presentadas por personas o entidades distintas de las partes de estos T\u00e9rminos de Uso derivados o relacionados con su acceso y uso del sitio web, incluyendo la informaci\u00f3n obtenida a trav\u00e9s del sitio web.<\/p>\n<h3>Divisivilidad<\/h3>\n<p>Si cualquier disposici\u00f3n de estos t\u00e9rminos de uso es considerada inv\u00e1lida o inaplicable en su totalidad o en parte, dicha disposici\u00f3n ser\u00e1 ineficaz sin afectar la validez de la ejecuci\u00f3n de las disposiciones restantes de estos t\u00e9rminos de uso.<\/p>\n<h3>Efecto Vinculant<\/h3>\n<p>Este acuerdo es vinculante para usted, Texas Home Offers y sus respectivos sucesores y cesionarios.<\/p>\n","protected":false},"excerpt":{"rendered":"<p>T\u00e9rminos y Condiciones de Uso Por favor lea estas condiciones de uso cuidadosamente antes de usar esta p\u00e1gina web. Texas Home Offers ofrece ciertos servicios para usted a trav\u00e9s de la p\u00e1gina web. El uso del sitio web est\u00e1 sujeto&#8230; <a class=\"read-more\" href=\"https:\/\/texashomeoffers.com\/es\/condiciones\/\">Read more<\/a><\/p>\n","protected":false},"author":0,"featured_media":0,"parent":0,"menu_order":0,"comment_status":"closed","ping_status":"open","template":"","meta":{"footnotes":""},"yoast_head":"<!-- This site is optimized with the Yoast SEO plugin v22.8 - https:\/\/yoast.com\/wordpress\/plugins\/seo\/ -->\n<title>Condiciones<\/title>\n<meta name=\"robots\" content=\"index, follow, max-snippet:-1, max-image-preview:large, max-video-preview:-1\" \/>\n<link rel=\"canonical\" href=\"https:\/\/texashomeoffers.com\/es\/condiciones\/\" \/>\n<meta property=\"og:locale\" content=\"es_ES\" \/>\n<meta property=\"og:type\" content=\"article\" \/>\n<meta property=\"og:title\" content=\"Condiciones\" \/>\n<meta property=\"og:description\" content=\"T\u00e9rminos y Condiciones de Uso Por favor lea estas condiciones de uso cuidadosamente antes de usar esta p\u00e1gina web. Texas Home Offers ofrece ciertos servicios para usted a trav\u00e9s de la p\u00e1gina web. El uso del sitio web est\u00e1 sujeto... Read more\" \/>\n<meta property=\"og:url\" content=\"https:\/\/texashomeoffers.com\/es\/condiciones\/\" \/>\n<meta property=\"og:site_name\" content=\"Texas Home Offers\" \/>\n<meta name=\"twitter:card\" content=\"summary_large_image\" \/>\n<meta name=\"twitter:label1\" content=\"Tiempo de lectura\" \/>\n\t<meta name=\"twitter:data1\" content=\"9 minutos\" \/>\n<script type=\"application\/ld+json\" class=\"yoast-schema-graph\">{\"@context\":\"https:\/\/schema.org\",\"@graph\":[{\"@type\":\"WebPage\",\"@id\":\"https:\/\/texashomeoffers.com\/es\/condiciones\/\",\"url\":\"https:\/\/texashomeoffers.com\/es\/condiciones\/\",\"name\":\"Condiciones\",\"isPartOf\":{\"@id\":\"https:\/\/texashomeoffers.com\/#website\"},\"datePublished\":\"2016-11-08T02:28:32+00:00\",\"dateModified\":\"2016-11-08T02:28:32+00:00\",\"breadcrumb\":{\"@id\":\"https:\/\/texashomeoffers.com\/es\/condiciones\/#breadcrumb\"},\"inLanguage\":\"es\",\"potentialAction\":[{\"@type\":\"ReadAction\",\"target\":[\"https:\/\/texashomeoffers.com\/es\/condiciones\/\"]}]},{\"@type\":\"BreadcrumbList\",\"@id\":\"https:\/\/texashomeoffers.com\/es\/condiciones\/#breadcrumb\",\"itemListElement\":[{\"@type\":\"ListItem\",\"position\":1,\"name\":\"Home\",\"item\":\"https:\/\/texashomeoffers.com\/es\/\"},{\"@type\":\"ListItem\",\"position\":2,\"name\":\"Condiciones\"}]},{\"@type\":\"WebSite\",\"@id\":\"https:\/\/texashomeoffers.com\/#website\",\"url\":\"https:\/\/texashomeoffers.com\/\",\"name\":\"Texas Home Offers\",\"description\":\"\",\"publisher\":{\"@id\":\"https:\/\/texashomeoffers.com\/#organization\"},\"potentialAction\":[{\"@type\":\"SearchAction\",\"target\":{\"@type\":\"EntryPoint\",\"urlTemplate\":\"https:\/\/texashomeoffers.com\/?s={search_term_string}\"},\"query-input\":\"required name=search_term_string\"}],\"inLanguage\":\"es\"},{\"@type\":\"Organization\",\"@id\":\"https:\/\/texashomeoffers.com\/#organization\",\"name\":\"Texas Home Offers\",\"url\":\"https:\/\/texashomeoffers.com\/\",\"logo\":{\"@type\":\"ImageObject\",\"inLanguage\":\"es\",\"@id\":\"https:\/\/texashomeoffers.com\/#\/schema\/logo\/image\/\",\"url\":\"https:\/\/texashomeoffers.com\/wp-content\/uploads\/2015\/04\/logo.png\",\"contentUrl\":\"https:\/\/texashomeoffers.com\/wp-content\/uploads\/2015\/04\/logo.png\",\"width\":442,\"height\":132,\"caption\":\"Texas Home Offers\"},\"image\":{\"@id\":\"https:\/\/texashomeoffers.com\/#\/schema\/logo\/image\/\"}}]}<\/script>\n<!-- \/ Yoast SEO plugin. -->","yoast_head_json":{"title":"Condiciones","robots":{"index":"index","follow":"follow","max-snippet":"max-snippet:-1","max-image-preview":"max-image-preview:large","max-video-preview":"max-video-preview:-1"},"canonical":"https:\/\/texashomeoffers.com\/es\/condiciones\/","og_locale":"es_ES","og_type":"article","og_title":"Condiciones","og_description":"T\u00e9rminos y Condiciones de Uso Por favor lea estas condiciones de uso cuidadosamente antes de usar esta p\u00e1gina web. Texas Home Offers ofrece ciertos servicios para usted a trav\u00e9s de la p\u00e1gina web. El uso del sitio web est\u00e1 sujeto... Read more","og_url":"https:\/\/texashomeoffers.com\/es\/condiciones\/","og_site_name":"Texas Home Offers","twitter_card":"summary_large_image","twitter_misc":{"Tiempo de lectura":"9 minutos"},"schema":{"@context":"https:\/\/schema.org","@graph":[{"@type":"WebPage","@id":"https:\/\/texashomeoffers.com\/es\/condiciones\/","url":"https:\/\/texashomeoffers.com\/es\/condiciones\/","name":"Condiciones","isPartOf":{"@id":"https:\/\/texashomeoffers.com\/#website"},"datePublished":"2016-11-08T02:28:32+00:00","dateModified":"2016-11-08T02:28:32+00:00","breadcrumb":{"@id":"https:\/\/texashomeoffers.com\/es\/condiciones\/#breadcrumb"},"inLanguage":"es","potentialAction":[{"@type":"ReadAction","target":["https:\/\/texashomeoffers.com\/es\/condiciones\/"]}]},{"@type":"BreadcrumbList","@id":"https:\/\/texashomeoffers.com\/es\/condiciones\/#breadcrumb","itemListElement":[{"@type":"ListItem","position":1,"name":"Home","item":"https:\/\/texashomeoffers.com\/es\/"},{"@type":"ListItem","position":2,"name":"Condiciones"}]},{"@type":"WebSite","@id":"https:\/\/texashomeoffers.com\/#website","url":"https:\/\/texashomeoffers.com\/","name":"Texas Home Offers","description":"","publisher":{"@id":"https:\/\/texashomeoffers.com\/#organization"},"potentialAction":[{"@type":"SearchAction","target":{"@type":"EntryPoint","urlTemplate":"https:\/\/texashomeoffers.com\/?s={search_term_string}"},"query-input":"required name=search_term_string"}],"inLanguage":"es"},{"@type":"Organization","@id":"https:\/\/texashomeoffers.com\/#organization","name":"Texas Home Offers","url":"https:\/\/texashomeoffers.com\/","logo":{"@type":"ImageObject","inLanguage":"es","@id":"https:\/\/texashomeoffers.com\/#\/schema\/logo\/image\/","url":"https:\/\/texashomeoffers.com\/wp-content\/uploads\/2015\/04\/logo.png","contentUrl":"https:\/\/texashomeoffers.com\/wp-content\/uploads\/2015\/04\/logo.png","width":442,"height":132,"caption":"Texas Home Offers"},"image":{"@id":"https:\/\/texashomeoffers.com\/#\/schema\/logo\/image\/"}}]}},"jetpack_sharing_enabled":true,"_links":{"self":[{"href":"https:\/\/texashomeoffers.com\/es\/wp-json\/wp\/v2\/pages\/1236\/"}],"collection":[{"href":"https:\/\/texashomeoffers.com\/es\/wp-json\/wp\/v2\/pages\/"}],"about":[{"href":"https:\/\/texashomeoffers.com\/es\/wp-json\/wp\/v2\/types\/page\/"}],"replies":[{"embeddable":true,"href":"https:\/\/texashomeoffers.com\/es\/wp-json\/wp\/v2\/comments\/?post=1236"}],"version-history":[{"count":0,"href":"https:\/\/texashomeoffers.com\/es\/wp-json\/wp\/v2\/pages\/1236\/revisions\/"}],"wp:attachment":[{"href":"https:\/\/texashomeoffers.com\/es\/wp-json\/wp\/v2\/media\/?parent=1236"}],"curies":[{"name":"wp","href":"https:\/\/api.w.org\/{rel}","templated":true}]}}