{"id":1258,"date":"2016-11-09T20:44:41","date_gmt":"2016-11-10T01:44:41","guid":{"rendered":"https:\/\/texashomeoffers.com\/es\/10-opciones-para-propietarios-que-enfrentan-una-ejecucion-de-hipoteca\/"},"modified":"2016-11-09T20:44:41","modified_gmt":"2016-11-10T01:44:41","slug":"10-opciones-para-propietarios-que-enfrentan-una-ejecucion-de-hipoteca","status":"publish","type":"page","link":"https:\/\/texashomeoffers.com\/es\/10-opciones-para-propietarios-que-enfrentan-una-ejecucion-de-hipoteca\/","title":{"rendered":"10 opciones para propietarios que enfrentan una ejecuci\u00f3n de hipoteca"},"content":{"rendered":"<p>No hay necesidad de entrar en p\u00e1nico si se enfrenta una ejecuci\u00f3n de hipoteca. Si ya has recibido tu primera o segunda notificaci\u00f3n. Aun puede tener opciones durante el proceso de ejecuci\u00f3n de hipoteca para salvar tu causa, \u00bfConoces las 10 mejores opciones para propietarios que enfrentan una ejecuci\u00f3n de hipoteca?<\/p>\n<p><strong>\u00a0<\/strong><\/p>\n<p><strong><a href=\"https:\/\/texashomeoffers.com\/es\/?p=177\">Venta a Corto Plazo\u00a0<\/a><\/strong>\u2013 Si has recibido una segunda notificaci\u00f3n y estas a un d\u00eda o dos de la notificaci\u00f3n de venta, Puede que no haya tiempo para planificar una venta a corto plazo tradicional para su casa. No hay raz\u00f3n por la cual no se pueda planificar otro tipo de venta. Bien, la ventaja del aviso para una venta de ejecuci\u00f3n hipotecaria. Hay m\u00e1s de un tipo de venta en corto plazo para elegir y esta es s\u00f3lo una de las 10 opciones para los propietarios que enfrentan ejecuciones hipotecarias. No puede salvar su casa, pero al menos usted puede elegir a qui\u00e9n va a llamarla&#8217; hogar.<\/p>\n<p><strong><a href=\"https:\/\/texashomeoffers.com\/es\/10-opciones-para-propietarios-que-enfrentan-una-ejecucion-de-hipoteca\/alegar-bancarrota-para-evitar-la-ejecucion-hipotecaria\/\">Declararse en Bancarrota<\/a>\u00a0\u2013 <\/strong>\u00bfSab\u00edas que si introduces el papeleo para declararte en bancarrota por ley, todos los esfuerzos para desalojarle de tu casa y completar el proceso de ejecuci\u00f3n hipotecaria debe interrumpirse? Un prestamista no puede ejecutar la hipoteca de su casa mientras usted est\u00e1 en quiebra. Si usted esper\u00f3 hasta que fue demasiado tarde para comenzar la lucha para salvar su casa, puede ganar el derecho a retrasar el proceso por un tiempo. No es la mejor de las 10 opciones para los propietarios que enfrentan ejecuciones hipotecarias, pero es una opci\u00f3n.<\/p>\n<p><strong>\u00a0<\/strong><strong><a href=\"https:\/\/texashomeoffers.com\/es\/?p=170\">Modificaci\u00f3n de Prestamo<\/a>\u00a0\u2013 <\/strong>Ha considerado perdir ayuda a la FHA (Por sus siglas en ingl\u00e9s) ?Si usted tiene pagos de la hipoteca que usted no puede hacer y son m\u00e1s altos que el 31 por ciento de su salario bruto, puede calificar para refinanciar su pr\u00e9stamo hipotecario con un pr\u00e9stamo de la FHA. Los pagos de la hipoteca ser\u00e1 menores, pero la hipoteca ser\u00e1 por un tiempo mayor que el pr\u00e9stamo FHA no original. Puede ser una de las mejores opciones de las 10 opciones para los propietarios que enfrentan ejecuciones hipotecarias<\/p>\n<p><strong><a href=\"https:\/\/texashomeoffers.com\/?page_id=188\">Efectivo por llaves<\/a>\u00a0\u2013 \u00a0<\/strong>Es llamado Dinero por llaves , pero tambi\u00e9n puede ser llamado escrituras en lugar de la ejecuci\u00f3n de la hipoteca. Inversores y bancos pagar\u00e1n \u00a0al propietario para dejar su casa hipotecada. Si quieres tu dinero por ello una de las 10 opciones para los propietarios de viviendas en ejecuci\u00f3n hipotecaria, tendr\u00e1 que seguir las reglas del banco o inversionistas \u00a0para la \u00abT.\u00bb Dejar la casa limpia y en buen estado en una fecha especificada y se pod\u00eda ver alg\u00fan dinero en su bolsillo. Se puede utilizar para ayudarle a encontrar un nuevo lugar para vivir o un lugar para alquilar. Texas permite el cambio de Llaves por efectivo, pero no todos los Estados tienen el dinero para este programa de cambio de llaves.<\/p>\n<p><strong><a href=\"https:\/\/texashomeoffers.com\/es\/?p=156\">Vender y \u00a0Rentar de Nuevo<\/a>\u00a0\u2013\u00a0<\/strong>Todos experimentamos dificultades de vez en cuando. La econom\u00eda se est\u00e1 recuperando todav\u00eda de p\u00e9rdidas de puestos de trabajo y, a veces, es dif\u00edcil pagar una hipoteca predeterminado en su totalidad, dentro de los 20 d\u00edas permitidos para la ejecuci\u00f3n. Un bondadoso inversor puede comprar su casa y luego le permite alquilar. Usted puede pre-ordenar los t\u00e9rminos de su acuerdo antes de empezar a alquilar la casa que una vez llam\u00f3 hogar. Esta opci\u00f3n puede ser la mejor de las 10 opciones para los propietarios de viviendas en ejecuci\u00f3n hipotecaria porque usted no tiene que preocuparse acerca de mudarse a una nueva casa y tener que vender art\u00edculos porque no tiene espacio. Un inversionista paga una cierta cantidad para restablecer su hipoteca bajo la ley de hipotecas de Texas . Es una situaci\u00f3n de ganar-ganar para el inversor. Ellos toman los pagos y puede firmar un contrato de arrendamiento y quedarse en su casa como un inquilino.<\/p>\n<p><strong>\u00a0<\/strong><strong><a href=\"https:\/\/texashomeoffers.com\/es\/?p=166\">Encuentre un Agente de Bienes y Ra\u00edces<\/a>\u00a0&#8211;<\/strong> Usted puede hacer una valiente lucha para salvar su casa, pero eso no significa que va a ganar. En el caso de que la exclusi\u00f3n sea inminente, puede organizar una venta de casa a trav\u00e9s de un profesional de bienes ra\u00edces. Los agentes tienen recursos que no est\u00e1n disponibles para usted si usted vende su casa, incluirla como para la venta por el propietario. La contrataci\u00f3n de un agente de bienes ra\u00edces para vender su casa puede aumentar las probabilidades de que su casa sea vista y vender r\u00e1pidamente. Realtors tienen acceso a varias listas de sitios web, por lo que pueden vender su casa m\u00e1s r\u00e1pido. La mejor noticia es que te hacen saber que est\u00e1 comprando tu casa. No obtendr\u00e1 el lujo en subasta p\u00fablica. Este es una de los mejores 10 opciones para los propietarios de viviendas en ejecuci\u00f3n hipotecaria.<\/p>\n<p><strong>HARP<\/strong> \u2013 \u00a0 Por sus siglas en ingl\u00e9s que significan \u00a0Programa de refinanciaci\u00f3n de Casas (Home Affordable Refinance Program) y esta es una gran opci\u00f3n para propietarios \u00a0que no tienen mucha equidad en su casa. Este programa gubernamental esta dise\u00f1ado para ayudar a propietarios con hipotecas ahogantes a permanecer en sus casas. Si tiene una hipoteca bajo el agua o est\u00e1n a punto de tener una hipoteca bajo el agua, el gobierno puede ayudar. Es una de las mejores 10 opciones para los propietarios que enfrentan ejecuciones hipotecarias. Puede salvar tu casa, si no te importa la refinanciaci\u00f3n.<\/p>\n<p><strong><a href=\"https:\/\/texashomeoffers.com\/es\/escritura-de-garantia-en-texas\/\">Orden de Restricci\u00f3n Temporal<\/a><\/strong>\u00a0\u2013 \u00a0Introducir una orden no detendr\u00e1 la ejecuci\u00f3n de la hipoteca, \u00a0pero retrasar\u00e1 el proceso que ya esta ejecutandose. \u00a0Si un juez emite una orden de restricci\u00f3n temporal, el banco no pudo llevar a cabo una venta hipotecaria. \u00a0Ayuda a retrasar la ejecuci\u00f3n hipotecaria. Sin embargo, obtener una orden, debes tener un argumento convincente \u00a0complying argument for a judge to consider your request. Do not hold your breath that a judge will issue a temporary restraining order. This tactic only works part of the time. It is not the best of the 10 options for homeowners in foreclosure because it can only delay your house selling at a foreclosure sale for a month. In addition, lawyers charge at least $2,000 and more to file a temporary restraining order.<\/p>\n<p><strong>Encontrar un Lugar Nuevo\u00a0<\/strong>\u00a0\u2013 Esto puede ser la peor opci\u00f3n de las 10 opciones para el propietario de una vivienda Hipotecada. Si su casa se vende en menos de una hora en una ejecuci\u00f3n hipotecaria de venta, puede ser mejor para reducir sus probabilidades y alejarse de una casa que enfrentan una ejecuci\u00f3n hipotecaria. Puede que tenga que buscar un nuevo lugar para alquilar. Puede ser m\u00e1s f\u00e1cil de decir que de hacer encontrar un nuevo lugar para alquilar, ya que una ejecuci\u00f3n hipotecaria perjudicar\u00e1 su cr\u00e9dito durante los pr\u00f3ximos dos a\u00f1os. Pagar un alquiler de nuevo puede ser dif\u00edcil, sin una puntuaci\u00f3n de buen cr\u00e9dito.<strong>\u00a0<\/strong><\/p>\n<p><strong><a href=\"https:\/\/texashomeoffers.com\/es\/?p=182\">Vender su casa con una cesi\u00f3n de hipoteca<\/a><\/strong>\u00a0\u2013Si usted necesita vender su casa r\u00e1pidamente, una de las mejores maneras de hacerlo r\u00e1pidamente. Con este tipo de venta, un inversionista es capaz de transferir la escritura en su nombre. Si usted tiene que vender su casa r\u00e1pido, esta es una buena opci\u00f3n y puede considerarse como una de las 10 mejores opciones para los propietarios en la ejecuci\u00f3n hipotecaria. Un prestatario puede recibir en efectivo por la venta de sus bienes y un inversionista obtiene su propiedad. Es una situaci\u00f3n de ganar-ganar tanto para inversores y propietarios. Permite que un propietario a pie con dinero en su bolsillo, en lugar de vaciar en solitario.<\/p>\n<p>Llama al\u00a0512.271.5044 o contactanos hoy para asistencia gratuita con tu hipoteca. \u00a0Nuestros servicios son siempre gratuitos.<\/p>\n","protected":false},"excerpt":{"rendered":"<p>No hay necesidad de entrar en p\u00e1nico si se enfrenta una ejecuci\u00f3n de hipoteca. Si ya has recibido tu primera o segunda notificaci\u00f3n. Aun puede tener opciones durante el proceso de ejecuci\u00f3n de hipoteca para salvar tu causa, \u00bfConoces las&#8230; <a class=\"read-more\" href=\"https:\/\/texashomeoffers.com\/es\/10-opciones-para-propietarios-que-enfrentan-una-ejecucion-de-hipoteca\/\">Read more<\/a><\/p>\n","protected":false},"author":0,"featured_media":0,"parent":0,"menu_order":0,"comment_status":"open","ping_status":"closed","template":"","meta":{"footnotes":""},"yoast_head":"<!-- This site is optimized with the Yoast SEO plugin v22.8 - https:\/\/yoast.com\/wordpress\/plugins\/seo\/ -->\n<title>10 opciones para que los propietarios detengan la ejecuci\u00f3n de la hipoteca<\/title>\n<meta name=\"description\" content=\"\u00bfQu\u00e9 puede hacer un propietario para detener la ejecuci\u00f3n de una hipoteca? o descubrir\" \/>\n<meta name=\"robots\" content=\"index, follow, max-snippet:-1, max-image-preview:large, max-video-preview:-1\" \/>\n<link rel=\"canonical\" href=\"https:\/\/texashomeoffers.com\/es\/10-opciones-para-propietarios-que-enfrentan-una-ejecucion-de-hipoteca\/\" \/>\n<meta property=\"og:locale\" content=\"es_ES\" \/>\n<meta property=\"og:type\" content=\"article\" \/>\n<meta property=\"og:title\" content=\"10 opciones para que los propietarios detengan la ejecuci\u00f3n de la hipoteca\" \/>\n<meta property=\"og:description\" content=\"\u00bfQu\u00e9 puede hacer un propietario para detener la ejecuci\u00f3n de una hipoteca? o descubrir\" \/>\n<meta property=\"og:url\" content=\"https:\/\/texashomeoffers.com\/es\/10-opciones-para-propietarios-que-enfrentan-una-ejecucion-de-hipoteca\/\" \/>\n<meta property=\"og:site_name\" content=\"Texas Home Offers\" \/>\n<meta name=\"twitter:card\" content=\"summary_large_image\" \/>\n<meta name=\"twitter:label1\" content=\"Tiempo de lectura\" \/>\n\t<meta name=\"twitter:data1\" content=\"7 minutos\" \/>\n<script type=\"application\/ld+json\" class=\"yoast-schema-graph\">{\"@context\":\"https:\/\/schema.org\",\"@graph\":[{\"@type\":\"WebPage\",\"@id\":\"https:\/\/texashomeoffers.com\/es\/10-opciones-para-propietarios-que-enfrentan-una-ejecucion-de-hipoteca\/\",\"url\":\"https:\/\/texashomeoffers.com\/es\/10-opciones-para-propietarios-que-enfrentan-una-ejecucion-de-hipoteca\/\",\"name\":\"10 opciones para que los propietarios detengan la ejecuci\u00f3n de la hipoteca\",\"isPartOf\":{\"@id\":\"https:\/\/texashomeoffers.com\/#website\"},\"datePublished\":\"2016-11-10T01:44:41+00:00\",\"dateModified\":\"2016-11-10T01:44:41+00:00\",\"description\":\"\u00bfQu\u00e9 puede hacer un propietario para detener la ejecuci\u00f3n de una hipoteca? o descubrir\",\"breadcrumb\":{\"@id\":\"https:\/\/texashomeoffers.com\/es\/10-opciones-para-propietarios-que-enfrentan-una-ejecucion-de-hipoteca\/#breadcrumb\"},\"inLanguage\":\"es\",\"potentialAction\":[{\"@type\":\"ReadAction\",\"target\":[\"https:\/\/texashomeoffers.com\/es\/10-opciones-para-propietarios-que-enfrentan-una-ejecucion-de-hipoteca\/\"]}]},{\"@type\":\"BreadcrumbList\",\"@id\":\"https:\/\/texashomeoffers.com\/es\/10-opciones-para-propietarios-que-enfrentan-una-ejecucion-de-hipoteca\/#breadcrumb\",\"itemListElement\":[{\"@type\":\"ListItem\",\"position\":1,\"name\":\"Home\",\"item\":\"https:\/\/texashomeoffers.com\/es\/\"},{\"@type\":\"ListItem\",\"position\":2,\"name\":\"10 opciones para propietarios que enfrentan una ejecuci\u00f3n de hipoteca\"}]},{\"@type\":\"WebSite\",\"@id\":\"https:\/\/texashomeoffers.com\/#website\",\"url\":\"https:\/\/texashomeoffers.com\/\",\"name\":\"Texas Home Offers\",\"description\":\"\",\"publisher\":{\"@id\":\"https:\/\/texashomeoffers.com\/#organization\"},\"potentialAction\":[{\"@type\":\"SearchAction\",\"target\":{\"@type\":\"EntryPoint\",\"urlTemplate\":\"https:\/\/texashomeoffers.com\/?s={search_term_string}\"},\"query-input\":\"required name=search_term_string\"}],\"inLanguage\":\"es\"},{\"@type\":\"Organization\",\"@id\":\"https:\/\/texashomeoffers.com\/#organization\",\"name\":\"Texas Home Offers\",\"url\":\"https:\/\/texashomeoffers.com\/\",\"logo\":{\"@type\":\"ImageObject\",\"inLanguage\":\"es\",\"@id\":\"https:\/\/texashomeoffers.com\/#\/schema\/logo\/image\/\",\"url\":\"https:\/\/texashomeoffers.com\/wp-content\/uploads\/2015\/04\/logo.png\",\"contentUrl\":\"https:\/\/texashomeoffers.com\/wp-content\/uploads\/2015\/04\/logo.png\",\"width\":442,\"height\":132,\"caption\":\"Texas Home Offers\"},\"image\":{\"@id\":\"https:\/\/texashomeoffers.com\/#\/schema\/logo\/image\/\"}}]}<\/script>\n<!-- \/ Yoast SEO plugin. -->","yoast_head_json":{"title":"10 opciones para que los propietarios detengan la ejecuci\u00f3n de la hipoteca","description":"\u00bfQu\u00e9 puede hacer un propietario para detener la ejecuci\u00f3n de una hipoteca? o descubrir","robots":{"index":"index","follow":"follow","max-snippet":"max-snippet:-1","max-image-preview":"max-image-preview:large","max-video-preview":"max-video-preview:-1"},"canonical":"https:\/\/texashomeoffers.com\/es\/10-opciones-para-propietarios-que-enfrentan-una-ejecucion-de-hipoteca\/","og_locale":"es_ES","og_type":"article","og_title":"10 opciones para que los propietarios detengan la ejecuci\u00f3n de la hipoteca","og_description":"\u00bfQu\u00e9 puede hacer un propietario para detener la ejecuci\u00f3n de una hipoteca? o descubrir","og_url":"https:\/\/texashomeoffers.com\/es\/10-opciones-para-propietarios-que-enfrentan-una-ejecucion-de-hipoteca\/","og_site_name":"Texas Home Offers","twitter_card":"summary_large_image","twitter_misc":{"Tiempo de lectura":"7 minutos"},"schema":{"@context":"https:\/\/schema.org","@graph":[{"@type":"WebPage","@id":"https:\/\/texashomeoffers.com\/es\/10-opciones-para-propietarios-que-enfrentan-una-ejecucion-de-hipoteca\/","url":"https:\/\/texashomeoffers.com\/es\/10-opciones-para-propietarios-que-enfrentan-una-ejecucion-de-hipoteca\/","name":"10 opciones para que los propietarios detengan la ejecuci\u00f3n de la hipoteca","isPartOf":{"@id":"https:\/\/texashomeoffers.com\/#website"},"datePublished":"2016-11-10T01:44:41+00:00","dateModified":"2016-11-10T01:44:41+00:00","description":"\u00bfQu\u00e9 puede hacer un propietario para detener la ejecuci\u00f3n de una hipoteca? o descubrir","breadcrumb":{"@id":"https:\/\/texashomeoffers.com\/es\/10-opciones-para-propietarios-que-enfrentan-una-ejecucion-de-hipoteca\/#breadcrumb"},"inLanguage":"es","potentialAction":[{"@type":"ReadAction","target":["https:\/\/texashomeoffers.com\/es\/10-opciones-para-propietarios-que-enfrentan-una-ejecucion-de-hipoteca\/"]}]},{"@type":"BreadcrumbList","@id":"https:\/\/texashomeoffers.com\/es\/10-opciones-para-propietarios-que-enfrentan-una-ejecucion-de-hipoteca\/#breadcrumb","itemListElement":[{"@type":"ListItem","position":1,"name":"Home","item":"https:\/\/texashomeoffers.com\/es\/"},{"@type":"ListItem","position":2,"name":"10 opciones para propietarios que enfrentan una ejecuci\u00f3n de hipoteca"}]},{"@type":"WebSite","@id":"https:\/\/texashomeoffers.com\/#website","url":"https:\/\/texashomeoffers.com\/","name":"Texas Home Offers","description":"","publisher":{"@id":"https:\/\/texashomeoffers.com\/#organization"},"potentialAction":[{"@type":"SearchAction","target":{"@type":"EntryPoint","urlTemplate":"https:\/\/texashomeoffers.com\/?s={search_term_string}"},"query-input":"required name=search_term_string"}],"inLanguage":"es"},{"@type":"Organization","@id":"https:\/\/texashomeoffers.com\/#organization","name":"Texas Home Offers","url":"https:\/\/texashomeoffers.com\/","logo":{"@type":"ImageObject","inLanguage":"es","@id":"https:\/\/texashomeoffers.com\/#\/schema\/logo\/image\/","url":"https:\/\/texashomeoffers.com\/wp-content\/uploads\/2015\/04\/logo.png","contentUrl":"https:\/\/texashomeoffers.com\/wp-content\/uploads\/2015\/04\/logo.png","width":442,"height":132,"caption":"Texas Home Offers"},"image":{"@id":"https:\/\/texashomeoffers.com\/#\/schema\/logo\/image\/"}}]}},"jetpack_sharing_enabled":true,"_links":{"self":[{"href":"https:\/\/texashomeoffers.com\/es\/wp-json\/wp\/v2\/pages\/1258\/"}],"collection":[{"href":"https:\/\/texashomeoffers.com\/es\/wp-json\/wp\/v2\/pages\/"}],"about":[{"href":"https:\/\/texashomeoffers.com\/es\/wp-json\/wp\/v2\/types\/page\/"}],"replies":[{"embeddable":true,"href":"https:\/\/texashomeoffers.com\/es\/wp-json\/wp\/v2\/comments\/?post=1258"}],"version-history":[{"count":0,"href":"https:\/\/texashomeoffers.com\/es\/wp-json\/wp\/v2\/pages\/1258\/revisions\/"}],"wp:attachment":[{"href":"https:\/\/texashomeoffers.com\/es\/wp-json\/wp\/v2\/media\/?parent=1258"}],"curies":[{"name":"wp","href":"https:\/\/api.w.org\/{rel}","templated":true}]}}