{"id":1270,"date":"2016-11-10T21:44:17","date_gmt":"2016-11-11T02:44:17","guid":{"rendered":"https:\/\/texashomeoffers.com\/es\/san-antonio\/"},"modified":"2016-11-10T21:44:17","modified_gmt":"2016-11-11T02:44:17","slug":"san-antonio","status":"publish","type":"page","link":"https:\/\/texashomeoffers.com\/es\/san-antonio\/","title":{"rendered":"San Antonio"},"content":{"rendered":"<h1>Compra y Vende Casas en San Antonio, TX<\/h1>\n<p><a style=\"font-size: 35px;\" href=\"tel:18449332225\">(844) 933-2225<\/a><\/p>\n<p><iframe loading=\"lazy\" src=\"https:\/\/www.youtube.com\/embed\/woO8ncTumfo\" width=\"600\" height=\"355\" frameborder=\"0\" allowfullscreen=\"allowfullscreen\"><\/iframe><\/p>\n<p>Si necesitas vender tu casa en San Antonio, Texas, entonces te encantar\u00e1 trabajar con nosotros. Aqu\u00ed en Texas Home Offers \u00a0de San Antonio, amamos comprar casas con el minimo de obstaculos, y lo m\u00e1s importante, \u00a1lo hacemos rapido! Compramos casas en cualquier tipo de condici\u00f3n por \u00a1EFECTIVO! Te haremos una oferta de justa en efectivos dento de las pr\u00f3ximas horas de ver tu propiedad. Llaman\u00f3s al\u00a0<strong><a href=\"tel:12107459791\">888-523-1005<\/a><\/strong>\u00a0 o llena este simple formulario de oferta sin obligaciones y GRATUITA\u2014 No hay nada que perder, \u00a1pero mucho que ganar! \u00a1 No dejes que tu situaci\u00f3n se ponga fea!<\/p>\n<p><img decoding=\"async\" src=\"https:\/\/texashomeoffers.com\/wp-content\/uploads\/2015\/07\/sanantonio.png\" alt=\"We Buy Houses San Antonio\" \/><\/p>\n<p>\u00bfHas intentado vender tu casa en Houston pero estas enfrentando muchos bloqueos? \u00bfVender tu casa de la manera tradicional esta tomando demasiado tiempo? \u00bfHas tratado de enlistar la propiedad con diferentes agentes de bienes y ra\u00edces sin suerte a la vista? Vender una casa en la manera tradicional, con un agente de bienes y ra\u00edces, no es la mejor opci\u00f3n para todos. \u00a0El problema m\u00e1s grande is tratar de vender una casa con un agente de bienes y ra\u00edces, o cuando la intentas vender tu mismo,\u00a0es que los compradores suelen aplazar \u00a0por semanas o meses y se salen del acuerdo a \u00faltimo minuto\u2026 o su pr\u00e9stamo podr\u00eda caerse. Y \u00bfqu\u00e9 significa esto para usted? \u00a0significa que todos es estr\u00e9s extra \u00a0y preocupaci\u00f3n, muchos desperdician meses, grandes cuotas en agentes, y no hay resultados para sus problemas, \u00a1tienen que volver al paso uno!<\/p>\n<p><img loading=\"lazy\" decoding=\"async\" style=\"float: left; margin-right: 20px;\" src=\"https:\/\/texashomeoffers.com\/wp-content\/uploads\/2015\/07\/San_Antonio-Russel-250x300.jpg\" alt=\"Russell Spillers Investor - Home Buyers San Antonio TX\" width=\"250\" height=\"300\" \/><\/p>\n<p>\u00bfD\u00f3nde deber\u00eda dar vuelta? \u00bfQu\u00e9 deber\u00eda hacer? Bien, Texas Home Offers de San Antonio es la soluci\u00f3n a sus problemas de bienes ra\u00edces.<\/p>\n<p>No somos partes de una compa\u00f1\u00eda nacional; en lugar de eso, \u00a0estamos establecidos aqu\u00ed en tu ciudad San Antonio, Texas. Servimos orgullosamente a las comunidades\u00a0<a title=\"we buy houses Corpus Christi\" href=\"https:\/\/texashomeoffers.com\/es\/corpus-christi\/\">Corpus Christi<\/a>, <a title=\"we buy houses Dallas\" href=\"https:\/\/texashomeoffers.com\/es\/dallas-fort-worth\/\">Dallas<\/a>, <a title=\"we buy houses Houston\" href=\"https:\/\/texashomeoffers.com\/es\/houston\/\">Houston<\/a>, <a title=\"we buy houses Austin\" href=\"https:\/\/texashomeoffers.com\/es\/austin-2\/\">Austin<\/a>, Seguin, Alamo Heights, Olmos Park, Terrell Hills, Hildebrand, Riverwalk al Alamo y m\u00e1s all\u00e1. Texas Home Offers de San Antonio conoce el mercado real de bienes y ra\u00edces y absolutamente amamos ayudar a las personas a obtener dinero pos sus casas. Tenemos la seguridad de poder ofrecer un alto precio por tu casa tal como est\u00e1 , ahorrandote meses de estr\u00e9s innecesario, desastres financieros, o incluso una temida ejecuci\u00f3n hipotecaria.<\/p>\n<p>Somos l\u00edderes en comprar casas en San Antonio. Tu hogar\u00a0puede estar desgastado, destruido, desactualizado, y la mejor parte es que no tienes que arreglarla\u2014 \u00a1porque podemos comprarla tal como est\u00e1! \u00a0Con nuestros servicios, evitaras las tarifas de agentes, casas abiertas, y tiempo y energia. \u00a0Estamos orgullosos de nuestra reputaci\u00f3n de trabajar de la mano de cada cliente y de manejar las necesidades individuales de cada persona. Con nuestra habilidad de comprar directamente sus casas y hacer ofertas en efectivo, nuestra compa\u00f1ia puede crear una transacci\u00f3n muy r\u00e1pida y libre de problemas para ti. No hay nada que perder, entonces \u00bf Por qu\u00e9 no contactarnos hoy dejarnos servirte?<\/p>\n<p>Cuando necesitas vender tu casa r\u00e1pidamente , sin problemas o retrasos, sin contratar agentes de bienes y ra\u00edces, o gastar dinero en reparaciones, Texas Home Offers de San Antonio es el lugar que necesitas ir. Hay muchas situaciones en las que podemos ayudar, incluyendo ejecuciones hipotecarias, divorcios, \u00a0relocaciones, \u00a0herencias, propiedades no deseadas, casas vacias, casas da\u00f1adas, atrasos en pagos, pagos adeudados, reducci\u00f3n, o si estas teniendo problemas para venderla. Podemos librarte de cualquier aprieto, si nos lo permites. Basicamente, si tienes una propiedad para venderla, te haremos una oferta en efectivo para aliviar tu estr\u00e9s.<\/p>\n<p><a style=\"font-size: 35px;\" href=\"tel:18449332225\"><img loading=\"lazy\" decoding=\"async\" class=\"alignnone\" src=\"https:\/\/texashomeoffers.com\/wp-content\/uploads\/2015\/07\/THO_number.png\" alt=\"THO_number\" width=\"620\" height=\"64\" \/><\/a><\/p>\n<p>Tal vez perdiste tu trabajo y ya no puedes costear el pago de tu hogar&#8230; tal vez enfrenta un divorcio y necesitas vender tu casa r\u00e1pidamente\u2026 \u00a0Talvez tu hogar necesite muchas reparaciones y no tienes el dinero para hacerlas. Tal vez has sido re acomodado y necesitas vender tu casa r\u00e1pidamente\u2026 \u00a0tal vez debes m\u00e1s de lo que tu propiedad vale. No entres en panico, Texas Home Offers de San Antonio est\u00e1 aqu\u00ed para ayudarte. Cosas malas ocurren en la vida y lo sabemos, \u00a0de primera mano. Muchos de nuestros clientes estaban en el mismo lugar en el que te encuentras en este momento. \u00a0La soluci\u00f3n a tus problemas es trabajar con nosotros. Ayudaremos a salir del hueco donde te encuentras ahora\u2014 \u00a1Compraremos tu casa r\u00e1pidamente y te daremos el efectivo que necesitas!<\/p>\n<p><img loading=\"lazy\" decoding=\"async\" class=\"alignnone size-medium wp-image-99\" style=\"float: right; margin-left: 20px;\" src=\"https:\/\/texashomeoffers.com\/wp-content\/uploads\/2015\/08\/San_Antonio-Kacee_Jackson-phone-200x300.jpg\" alt=\"Kacee Jackson Realtor - We Buy Houses San Antonio For You\" width=\"200\" height=\"300\" srcset=\"https:\/\/texashomeoffers.com\/wp-content\/uploads\/2015\/08\/San_Antonio-Kacee_Jackson-phone-200x300.jpg 200w, https:\/\/texashomeoffers.com\/wp-content\/uploads\/2015\/08\/San_Antonio-Kacee_Jackson-phone.jpg 600w\" sizes=\"(max-width: 200px) 100vw, 200px\" \/><\/p>\n<p>El hecho es, que no somos como los agentes de bienes y ra\u00edces\u00a0realtors con los que tuviste que lidiar en el pasado. Tenemos un conocimiento profundo del mercado de bienes y ra\u00edces y entendimiento de c\u00f3mo vender su casa sin estr\u00e9s. \u00a0Podemos cerrar el trato r\u00e1pido y con dinero en efectivo cuando lo necesites \u2014\u00a1En solo 7 d\u00edas! Podemos comprar su propiedad en condiciones pobres, lo que significa comprarla tal como est\u00e1. No tienes que gastar dinero en reparaciones, \u00a0no debes poner dinero en tasas de cierre o comisiones de bienes y ra\u00edces. Gracias a nuestra experiencia, compramos propiedades en San Antonio en cualquier condici\u00f3n, a cualquier rango de precios, y en muchos lugares de Texas. Y la compraremos sin importar la raz\u00f3n por la que es forzado a venderla.<\/p>\n<p>En Resumen, aqu\u00ed en Texas Home Offers de San Antonio, hacemos el proceso, r\u00e1pido, f\u00e1cil, \u00a0y libre de estr\u00e9s. Tal como sabe, \u00a0mientras m\u00e1s espera, m\u00e1s tiempo y dinero desperdicia, y peor se volver\u00e1 la situaci\u00f3n. Si quieres actuar r\u00e1pidamente, entonces necesitas trabajar con nosotros. Podemos garantizar que terminar\u00e1s satisfecho. Ya hemos comprado mucha casas en el \u00e1rea de San Antonio y nuestra reputaci\u00f3n habla por s\u00ed misma, asi que \u00a1perm\u00edtenos ayudarte!<\/p>\n<p><a style=\"font-size: 35px;\" href=\"tel:18449332225\"><img loading=\"lazy\" decoding=\"async\" class=\"alignnone\" src=\"https:\/\/texashomeoffers.com\/wp-content\/uploads\/2015\/07\/THO_number.png\" alt=\"THO_number\" width=\"620\" height=\"64\" \/><\/a><\/p>\n<p>Texas Home Offers de San Antonio ofrece un servicio respetado de compra de casas. \u00a0Nuestro equipo profesional y experimentado en la compra de casas est\u00e1 dedicado y emocionado por ayudar a propietarios como tu a vender sus propiedades r\u00e1pido\u2014sin problemas, sin juegos y sin tarifas. No somos agentes, somos compradores que queremos adquirir tu casa \u00a1R\u00c1PIDAMENTE \u00a0y por DINERO EN EFECTIVO! Para beneficiarte de nuestros servicios, Contacta a nuestro staff amigable y conocedor al\u00a0<strong><a href=\"tel:18449332225\">888-523-1005<\/a>\u00a0 <\/strong>o simplemente contesta el cuestionario para una respuesta r\u00e1pida. \u00a1Esperamos ayudarte en tu problema!<\/p>\n<div>\n<h3><a href=\"https:\/\/plus.google.com\/118282003959709165178\/about\">Texas Home Offers de San Antonio<\/a><\/h3>\n<p>6024 Spring Time St.<br \/>\nSan Antonio, TX 78249<br \/>\n<a href=\"tel:18449332225\">(888) 5231005<\/a><\/p>\n<\/div>\n<p><iframe loading=\"lazy\" src=\"https:\/\/www.google.com\/maps\/embed?pb=!1m18!1m12!1m3!1d111062.29859897505!2d-98.60306900000005!3d29.55432200000001!2m3!1f0!2f0!3f0!3m2!1i1024!2i768!4f13.1!3m3!1m2!1s0x865c671d11c46f43%3A0xbee9a3eda38c2f49!2s6024+Spring+Time+St%2C+San+Antonio%2C+TX+78249!5e0!3m2!1sen!2sus!4v1438193731415\" width=\"100%\" height=\"350\" frameborder=\"0\" allowfullscreen=\"allowfullscreen\"><\/iframe><\/p>\n<div class=\"two-column\"><img loading=\"lazy\" decoding=\"async\" class=\"size-full wp-image-104 alignnone\" src=\"https:\/\/texashomeoffers.com\/wp-content\/uploads\/2015\/07\/gray-logo.png\" alt=\"National Association of Realtors\" width=\"220\" height=\"67\" \/><\/div>\n<div class=\"two-column\"><img loading=\"lazy\" decoding=\"async\" class=\"size-full wp-image-108 alignnone\" src=\"https:\/\/texashomeoffers.com\/wp-content\/uploads\/2015\/07\/TexasRealtorAssociation.png\" alt=\"Texas Association of Realtors\" width=\"300\" height=\"59\" \/><\/div>\n","protected":false},"excerpt":{"rendered":"<p>Compra y Vende Casas en San Antonio, TX (844) 933-2225 Si necesitas vender tu casa en San Antonio, Texas, entonces te encantar\u00e1 trabajar con nosotros. Aqu\u00ed en Texas Home Offers \u00a0de San Antonio, amamos comprar casas con el minimo de&#8230; <a class=\"read-more\" href=\"https:\/\/texashomeoffers.com\/es\/san-antonio\/\">Read more<\/a><\/p>\n","protected":false},"author":11,"featured_media":0,"parent":0,"menu_order":0,"comment_status":"closed","ping_status":"closed","template":"","meta":{"footnotes":""},"yoast_head":"<!-- This site is optimized with the Yoast SEO plugin v22.8 - https:\/\/yoast.com\/wordpress\/plugins\/seo\/ -->\n<title>Compradores de Casas en San Antonio TX: Compramos y vendemos casas r\u00e1pidamente<\/title>\n<meta name=\"description\" content=\"Llama a Texas Home Offers San Antonio @512-872-5633 por una venta rapida\" \/>\n<meta name=\"robots\" content=\"index, follow, max-snippet:-1, max-image-preview:large, max-video-preview:-1\" \/>\n<link rel=\"canonical\" href=\"https:\/\/texashomeoffers.com\/es\/san-antonio\/\" \/>\n<meta property=\"og:locale\" content=\"es_ES\" \/>\n<meta property=\"og:type\" content=\"article\" \/>\n<meta property=\"og:title\" content=\"Compradores de Casas en San Antonio TX: Compramos y vendemos casas r\u00e1pidamente\" \/>\n<meta property=\"og:description\" content=\"Llama a Texas Home Offers San Antonio @512-872-5633 por una venta rapida\" \/>\n<meta property=\"og:url\" content=\"https:\/\/texashomeoffers.com\/es\/san-antonio\/\" \/>\n<meta property=\"og:site_name\" content=\"Texas Home Offers\" \/>\n<meta property=\"og:image\" content=\"https:\/\/texashomeoffers.com\/wp-content\/uploads\/2015\/07\/sanantonio.png\" \/>\n<meta name=\"twitter:card\" content=\"summary_large_image\" \/>\n<meta name=\"twitter:label1\" content=\"Tiempo de lectura\" \/>\n\t<meta name=\"twitter:data1\" content=\"5 minutos\" \/>\n<script type=\"application\/ld+json\" class=\"yoast-schema-graph\">{\"@context\":\"https:\/\/schema.org\",\"@graph\":[{\"@type\":\"WebPage\",\"@id\":\"https:\/\/texashomeoffers.com\/es\/san-antonio\/\",\"url\":\"https:\/\/texashomeoffers.com\/es\/san-antonio\/\",\"name\":\"Compradores de Casas en San Antonio TX: Compramos y vendemos casas r\u00e1pidamente\",\"isPartOf\":{\"@id\":\"https:\/\/texashomeoffers.com\/#website\"},\"primaryImageOfPage\":{\"@id\":\"https:\/\/texashomeoffers.com\/es\/san-antonio\/#primaryimage\"},\"image\":{\"@id\":\"https:\/\/texashomeoffers.com\/es\/san-antonio\/#primaryimage\"},\"thumbnailUrl\":\"https:\/\/texashomeoffers.com\/wp-content\/uploads\/2015\/07\/sanantonio.png\",\"datePublished\":\"2016-11-11T02:44:17+00:00\",\"dateModified\":\"2016-11-11T02:44:17+00:00\",\"description\":\"Llama a Texas Home Offers San Antonio @512-872-5633 por una venta rapida\",\"breadcrumb\":{\"@id\":\"https:\/\/texashomeoffers.com\/es\/san-antonio\/#breadcrumb\"},\"inLanguage\":\"es\",\"potentialAction\":[{\"@type\":\"ReadAction\",\"target\":[\"https:\/\/texashomeoffers.com\/es\/san-antonio\/\"]}]},{\"@type\":\"ImageObject\",\"inLanguage\":\"es\",\"@id\":\"https:\/\/texashomeoffers.com\/es\/san-antonio\/#primaryimage\",\"url\":\"https:\/\/texashomeoffers.com\/wp-content\/uploads\/2015\/07\/sanantonio.png\",\"contentUrl\":\"https:\/\/texashomeoffers.com\/wp-content\/uploads\/2015\/07\/sanantonio.png\"},{\"@type\":\"BreadcrumbList\",\"@id\":\"https:\/\/texashomeoffers.com\/es\/san-antonio\/#breadcrumb\",\"itemListElement\":[{\"@type\":\"ListItem\",\"position\":1,\"name\":\"Home\",\"item\":\"https:\/\/texashomeoffers.com\/es\/\"},{\"@type\":\"ListItem\",\"position\":2,\"name\":\"San Antonio\"}]},{\"@type\":\"WebSite\",\"@id\":\"https:\/\/texashomeoffers.com\/#website\",\"url\":\"https:\/\/texashomeoffers.com\/\",\"name\":\"Texas Home Offers\",\"description\":\"\",\"publisher\":{\"@id\":\"https:\/\/texashomeoffers.com\/#organization\"},\"potentialAction\":[{\"@type\":\"SearchAction\",\"target\":{\"@type\":\"EntryPoint\",\"urlTemplate\":\"https:\/\/texashomeoffers.com\/?s={search_term_string}\"},\"query-input\":\"required name=search_term_string\"}],\"inLanguage\":\"es\"},{\"@type\":\"Organization\",\"@id\":\"https:\/\/texashomeoffers.com\/#organization\",\"name\":\"Texas Home Offers\",\"url\":\"https:\/\/texashomeoffers.com\/\",\"logo\":{\"@type\":\"ImageObject\",\"inLanguage\":\"es\",\"@id\":\"https:\/\/texashomeoffers.com\/#\/schema\/logo\/image\/\",\"url\":\"https:\/\/texashomeoffers.com\/wp-content\/uploads\/2015\/04\/logo.png\",\"contentUrl\":\"https:\/\/texashomeoffers.com\/wp-content\/uploads\/2015\/04\/logo.png\",\"width\":442,\"height\":132,\"caption\":\"Texas Home Offers\"},\"image\":{\"@id\":\"https:\/\/texashomeoffers.com\/#\/schema\/logo\/image\/\"}}]}<\/script>\n<!-- \/ Yoast SEO plugin. -->","yoast_head_json":{"title":"Compradores de Casas en San Antonio TX: Compramos y vendemos casas r\u00e1pidamente","description":"Llama a Texas Home Offers San Antonio @512-872-5633 por una venta rapida","robots":{"index":"index","follow":"follow","max-snippet":"max-snippet:-1","max-image-preview":"max-image-preview:large","max-video-preview":"max-video-preview:-1"},"canonical":"https:\/\/texashomeoffers.com\/es\/san-antonio\/","og_locale":"es_ES","og_type":"article","og_title":"Compradores de Casas en San Antonio TX: Compramos y vendemos casas r\u00e1pidamente","og_description":"Llama a Texas Home Offers San Antonio @512-872-5633 por una venta rapida","og_url":"https:\/\/texashomeoffers.com\/es\/san-antonio\/","og_site_name":"Texas Home Offers","og_image":[{"url":"https:\/\/texashomeoffers.com\/wp-content\/uploads\/2015\/07\/sanantonio.png"}],"twitter_card":"summary_large_image","twitter_misc":{"Tiempo de lectura":"5 minutos"},"schema":{"@context":"https:\/\/schema.org","@graph":[{"@type":"WebPage","@id":"https:\/\/texashomeoffers.com\/es\/san-antonio\/","url":"https:\/\/texashomeoffers.com\/es\/san-antonio\/","name":"Compradores de Casas en San Antonio TX: Compramos y vendemos casas r\u00e1pidamente","isPartOf":{"@id":"https:\/\/texashomeoffers.com\/#website"},"primaryImageOfPage":{"@id":"https:\/\/texashomeoffers.com\/es\/san-antonio\/#primaryimage"},"image":{"@id":"https:\/\/texashomeoffers.com\/es\/san-antonio\/#primaryimage"},"thumbnailUrl":"https:\/\/texashomeoffers.com\/wp-content\/uploads\/2015\/07\/sanantonio.png","datePublished":"2016-11-11T02:44:17+00:00","dateModified":"2016-11-11T02:44:17+00:00","description":"Llama a Texas Home Offers San Antonio @512-872-5633 por una venta rapida","breadcrumb":{"@id":"https:\/\/texashomeoffers.com\/es\/san-antonio\/#breadcrumb"},"inLanguage":"es","potentialAction":[{"@type":"ReadAction","target":["https:\/\/texashomeoffers.com\/es\/san-antonio\/"]}]},{"@type":"ImageObject","inLanguage":"es","@id":"https:\/\/texashomeoffers.com\/es\/san-antonio\/#primaryimage","url":"https:\/\/texashomeoffers.com\/wp-content\/uploads\/2015\/07\/sanantonio.png","contentUrl":"https:\/\/texashomeoffers.com\/wp-content\/uploads\/2015\/07\/sanantonio.png"},{"@type":"BreadcrumbList","@id":"https:\/\/texashomeoffers.com\/es\/san-antonio\/#breadcrumb","itemListElement":[{"@type":"ListItem","position":1,"name":"Home","item":"https:\/\/texashomeoffers.com\/es\/"},{"@type":"ListItem","position":2,"name":"San Antonio"}]},{"@type":"WebSite","@id":"https:\/\/texashomeoffers.com\/#website","url":"https:\/\/texashomeoffers.com\/","name":"Texas Home Offers","description":"","publisher":{"@id":"https:\/\/texashomeoffers.com\/#organization"},"potentialAction":[{"@type":"SearchAction","target":{"@type":"EntryPoint","urlTemplate":"https:\/\/texashomeoffers.com\/?s={search_term_string}"},"query-input":"required name=search_term_string"}],"inLanguage":"es"},{"@type":"Organization","@id":"https:\/\/texashomeoffers.com\/#organization","name":"Texas Home Offers","url":"https:\/\/texashomeoffers.com\/","logo":{"@type":"ImageObject","inLanguage":"es","@id":"https:\/\/texashomeoffers.com\/#\/schema\/logo\/image\/","url":"https:\/\/texashomeoffers.com\/wp-content\/uploads\/2015\/04\/logo.png","contentUrl":"https:\/\/texashomeoffers.com\/wp-content\/uploads\/2015\/04\/logo.png","width":442,"height":132,"caption":"Texas Home Offers"},"image":{"@id":"https:\/\/texashomeoffers.com\/#\/schema\/logo\/image\/"}}]}},"jetpack_sharing_enabled":true,"_links":{"self":[{"href":"https:\/\/texashomeoffers.com\/es\/wp-json\/wp\/v2\/pages\/1270\/"}],"collection":[{"href":"https:\/\/texashomeoffers.com\/es\/wp-json\/wp\/v2\/pages\/"}],"about":[{"href":"https:\/\/texashomeoffers.com\/es\/wp-json\/wp\/v2\/types\/page\/"}],"author":[{"embeddable":true,"href":"https:\/\/texashomeoffers.com\/es\/wp-json\/wp\/v2\/users\/11\/"}],"replies":[{"embeddable":true,"href":"https:\/\/texashomeoffers.com\/es\/wp-json\/wp\/v2\/comments\/?post=1270"}],"version-history":[{"count":0,"href":"https:\/\/texashomeoffers.com\/es\/wp-json\/wp\/v2\/pages\/1270\/revisions\/"}],"wp:attachment":[{"href":"https:\/\/texashomeoffers.com\/es\/wp-json\/wp\/v2\/media\/?parent=1270"}],"curies":[{"name":"wp","href":"https:\/\/api.w.org\/{rel}","templated":true}]}}