{"id":1275,"date":"2016-11-11T18:12:02","date_gmt":"2016-11-11T23:12:02","guid":{"rendered":"https:\/\/texashomeoffers.com\/es\/corpus-christi\/"},"modified":"2016-11-11T18:12:02","modified_gmt":"2016-11-11T23:12:02","slug":"corpus-christi","status":"publish","type":"page","link":"https:\/\/texashomeoffers.com\/es\/corpus-christi\/","title":{"rendered":"Corpus Christi"},"content":{"rendered":"<h1>COMPRA &amp; VENDE CASAS EN CORPUS CHRISTI, TX<\/h1>\n<p><a style=\"font-size: 35px;\" href=\"tel:18449332225\">(844) 933-2225<\/a><br \/>\n<iframe loading=\"lazy\" src=\"https:\/\/www.youtube.com\/embed\/uHtQ-QDm25I\" width=\"600\" height=\"355\" frameborder=\"0\" allowfullscreen=\"allowfullscreen\"><\/iframe><br \/>\n\u00bfBuscas vender tu casa en Corpus Christi R\u00e1pidamente? Texas Home Offers de Corpus Christi \u00a1 la comprar\u00e1 en 7 d\u00edas! Ll\u00e1manos al\u00a0<strong><a href=\"tel:18449332225\">888-523-1005<\/a><\/strong>\u00a0o completa el formulario hoy para recibir una oferta libre de compromiso. Te contestaremos con una oferta justa inmediatamente \u2013 \u00a0\u00a1y pagamos en efectivo, sin tarifas, sin agentes, sin espera!<br \/>\n<img decoding=\"async\" src=\"https:\/\/texashomeoffers.com\/wp-content\/uploads\/2015\/07\/corpuschristi.png\" alt=\"corpuschristi\" \/><br \/>\nNo pertenecemos a una compa\u00f1\u00eda nacional distante \u2013 Somos un equipo local establecido aqu\u00ed en Corpus Christi y estamos orgullosos de servir a las comunidades de Kingsville, Alice, Flour Bluff, Oslo, Tuloso-Midway, Calallen, London, y Nuences County. Desde el Mirador de la Flor hasta North Beach y m\u00e1s all\u00e1, Texas Home Offers conoce Corpus Christi y ama ayudar su gente a vender casas por dinero en efectivo. Proveemos soluciones para cualquiera que busque vender su casa tal como est\u00e1, vender una casa heredada, vender una casa por divorcio, o a aquellos que necesitan ayuda por una ejecuci\u00f3n hipotecaria.<br \/>\n<img loading=\"lazy\" decoding=\"async\" style=\"float: left; margin-right: 20px;\" src=\"https:\/\/texashomeoffers.com\/wp-content\/uploads\/2015\/08\/Corpus_Christi-Russell.jpg\" alt=\"Russell Spillers\" width=\"210\" height=\"310\" \/>Compramos casas en cualquier condici\u00f3n en Corpus Christi \u2013 de la forma en que se encuentra ahora. Sin necesidad de limpiar, hacer reparaciones, \u00a0o desocupar. \u00a0 Evita tarifas de agentes, gastos de puesta en escena, casas abiertas y otras molestias. Debido a que pagamos con dinero en efectivo, \u00a1podemos cerrar el trato en tan poco como 7 d\u00edas! \u00a0Alegamos hacer una oferta justa y firme- todo lo que debes hacer es contactarnos. No hay nada que perder. Haremos todo lo posible por hacer este proceso simple, r\u00e1pido y libre de l\u00edos.<br \/>\nCuando necesitas vender r\u00e1pidamente sin problemas ni retrasos, agentes, comisiones y tarifas, Texas Home Offers de Corpus Christi es tu mejor opci\u00f3n. Puedes confiar en tu equipo local, profesionales calificados para ayudar en cada paso del proceso. Nos hemos asociado exitosamente con miles \u00a0de propietarios \u00a0como tu que buscan vender r\u00e1pidamente.<br \/>\n<a style=\"font-size: 35px;\" href=\"tel:18449332225\"><img loading=\"lazy\" decoding=\"async\" class=\"alignnone\" src=\"https:\/\/texashomeoffers.com\/wp-content\/uploads\/2015\/07\/THO_number.png\" alt=\"THO_number\" width=\"620\" height=\"64\" \/><\/a><br \/>\nSi tienes una casa que necesitas vender, nuestro equipo de Corpus Christi est\u00e1 a tu servicio. Ning\u00fan costo saldr\u00e1 de tu servicio. No tendr\u00e1s que pagar gastos de cierre, \u00a0comisiones de agentes de bienes y ra\u00edces, o cualquier otra tarifa. Si nunca has vendido una casa anteriormente, \u00a0heredado una casa, estas retrasado con los pagos, o est\u00e9s enfrentando una ejecuci\u00f3n hipotecaria, te encontraremos una soluci\u00f3n que cubra tus necesidades. Evita el estr\u00e9s de agendar con agentes y compradores potenciales, negociaciones que no llegan a nada, y tener que limpiar una propiedad que tal vez necesite cuidados. No te preocupes por tener que arreglar los problemas de tu casa \u2013 compraremos casas en cualquier forma y tama\u00f1o, en todo tipo de condici\u00f3n. \u00a1Queremos trabajar contigo!<\/p>\n<h3><a href=\"https:\/\/plus.google.com\/113411256789312764315\/about\">Texas Home Offers de Corpus Christi<\/a><\/h3>\n<p><img loading=\"lazy\" decoding=\"async\" class=\"alignnone size-medium wp-image-97\" style=\"float: right; margin-left: 20px;\" src=\"https:\/\/texashomeoffers.com\/wp-content\/uploads\/2015\/08\/Corpus_Christi-Kacee_Jackson_radio-300x225.jpg\" alt=\"Corpus_Christi-Kacee_Jackson_radio\" width=\"300\" height=\"225\" srcset=\"https:\/\/texashomeoffers.com\/wp-content\/uploads\/2015\/08\/Corpus_Christi-Kacee_Jackson_radio-300x225.jpg 300w, https:\/\/texashomeoffers.com\/wp-content\/uploads\/2015\/08\/Corpus_Christi-Kacee_Jackson_radio-1024x768.jpg 1024w\" sizes=\"(max-width: 300px) 100vw, 300px\" \/>\u00a0Texas Home Offers de Corpus Christi, eliminamos las preocupaciones del proceso. Con una oferta r\u00e1pida y simple para que decidas que es lo mejor para ti. Al final, recibir\u00e1s dinero en efectivo por tu casa y la libertad de seguir adelante. Responderemos a todas tus preguntas y manejaremos tus necesidades.\u00bf Por qu\u00e9 pasar por cualquier tipo de estr\u00e9s cuando puedes depender de nosotros como equipo a cada paso del camino?<br \/>\nHemos comprado cientos de casa \u00a0a trav\u00e9s de Corpus Christi, TX \u00a0una regi\u00f3n con una s\u00f3lida reputaci\u00f3n de excelencia, integridad y valores. \u00a0Como un Recurso comprador de casas \u00a0local y confiable, Usted puede acudir a nosotros cuando estes listo para vender. En vez, de en listar tu casa entre miles de otras en el gran mercado de bienes ra\u00edces, \u00a0esperando un comprador,y pasando por estresantes negociaciones, \u00a0Texas Home Offers de Corpus Christi puede ofrecerte con una soluci\u00f3n r\u00e1pida y simple que beneficie tu situaci\u00f3n.<\/p>\n<p><a style=\"font-size: 35px;\" href=\"tel:18449332225\"><img loading=\"lazy\" decoding=\"async\" class=\"alignnone\" src=\"https:\/\/texashomeoffers.com\/wp-content\/uploads\/2015\/07\/THO_number.png\" alt=\"THO_number\" width=\"620\" height=\"64\" \/><\/a><br \/>\n\u00a1No entres en Panico! \u2013 \u00a1Obt\u00e9n una oferta por tu casa de una vez! Simplemente llama a nuestro amigable staff al\u00a0<strong><a href=\"tel:18449332225\">888-523-1005<\/a><\/strong>\u00a0o completa el formulario para una respuesta r\u00e1pida. Ofrecemos un proceso de acuerdo que es f\u00e1cil y libre de problemas. Lo mejor de todo, No saldr\u00e1 dinero de su bolsillo- \u00a0solo entrar\u00e1 dinero efectivo por tu casa. Texas Home Offers de Corpus Christi ha ayudado cientos de propietarios a vender a un precio justo r\u00e1pidamente y de manera exitosa, y \u00a1queremos trabajar contigo!<br \/>\n<iframe loading=\"lazy\" src=\"https:\/\/www.google.com\/maps\/embed?pb=!1m18!1m12!1m3!1d28260.430798833837!2d-97.36598400000003!3d27.70018100000001!2m3!1f0!2f0!3f0!3m2!1i1024!2i768!4f13.1!3m3!1m2!1s0x8668f5c38f222aad%3A0x9b94cf160d3930e5!2s1726+Melisa+Ln%2C+Corpus+Christi%2C+TX+78412!5e0!3m2!1sen!2sus!4v1438193553812\" width=\"100%\" height=\"350\" frameborder=\"0\" allowfullscreen=\"allowfullscreen\"><\/iframe><\/p>\n<div class=\"two-column\"><img loading=\"lazy\" decoding=\"async\" class=\"size-full wp-image-104 alignnone\" src=\"https:\/\/texashomeoffers.com\/wp-content\/uploads\/2015\/07\/gray-logo.png\" alt=\"National Association of Realtors\" width=\"220\" height=\"67\" \/><\/div>\n<div class=\"two-column\"><img loading=\"lazy\" decoding=\"async\" class=\"size-full wp-image-108 alignnone\" src=\"https:\/\/texashomeoffers.com\/wp-content\/uploads\/2015\/07\/TexasRealtorAssociation.png\" alt=\"Texas Association of Realtors\" width=\"300\" height=\"59\" \/><\/div>\n","protected":false},"excerpt":{"rendered":"<p>COMPRA &amp; VENDE CASAS EN CORPUS CHRISTI, TX (844) 933-2225 \u00bfBuscas vender tu casa en Corpus Christi R\u00e1pidamente? Texas Home Offers de Corpus Christi \u00a1 la comprar\u00e1 en 7 d\u00edas! Ll\u00e1manos al\u00a0888-523-1005\u00a0o completa el formulario hoy para recibir una oferta&#8230; <a class=\"read-more\" href=\"https:\/\/texashomeoffers.com\/es\/corpus-christi\/\">Read more<\/a><\/p>\n","protected":false},"author":11,"featured_media":0,"parent":0,"menu_order":0,"comment_status":"closed","ping_status":"closed","template":"","meta":{"footnotes":""},"yoast_head":"<!-- This site is optimized with the Yoast SEO plugin v22.8 - https:\/\/yoast.com\/wordpress\/plugins\/seo\/ -->\n<title>Compradores de casas en Conpus Christi TX: Compramos y vendemos casas r\u00e1pidamente<\/title>\n<meta name=\"description\" content=\"Llama a Texas Home Offers Corpus Christi @512-872-5633 para una venta r\u00e1pida\" \/>\n<meta name=\"robots\" content=\"index, follow, max-snippet:-1, max-image-preview:large, max-video-preview:-1\" \/>\n<link rel=\"canonical\" href=\"https:\/\/texashomeoffers.com\/es\/corpus-christi\/\" \/>\n<meta property=\"og:locale\" content=\"es_ES\" \/>\n<meta property=\"og:type\" content=\"article\" \/>\n<meta property=\"og:title\" content=\"Compradores de casas en Conpus Christi TX: Compramos y vendemos casas r\u00e1pidamente\" \/>\n<meta property=\"og:description\" content=\"Llama a Texas Home Offers Corpus Christi @512-872-5633 para una venta r\u00e1pida\" \/>\n<meta property=\"og:url\" content=\"https:\/\/texashomeoffers.com\/es\/corpus-christi\/\" \/>\n<meta property=\"og:site_name\" content=\"Texas Home Offers\" \/>\n<meta property=\"og:image\" content=\"https:\/\/texashomeoffers.com\/wp-content\/uploads\/2015\/07\/corpuschristi.png\" \/>\n<meta name=\"twitter:card\" content=\"summary_large_image\" \/>\n<script type=\"application\/ld+json\" class=\"yoast-schema-graph\">{\"@context\":\"https:\/\/schema.org\",\"@graph\":[{\"@type\":\"WebPage\",\"@id\":\"https:\/\/texashomeoffers.com\/es\/corpus-christi\/\",\"url\":\"https:\/\/texashomeoffers.com\/es\/corpus-christi\/\",\"name\":\"Compradores de casas en Conpus Christi TX: Compramos y vendemos casas r\u00e1pidamente\",\"isPartOf\":{\"@id\":\"https:\/\/texashomeoffers.com\/#website\"},\"primaryImageOfPage\":{\"@id\":\"https:\/\/texashomeoffers.com\/es\/corpus-christi\/#primaryimage\"},\"image\":{\"@id\":\"https:\/\/texashomeoffers.com\/es\/corpus-christi\/#primaryimage\"},\"thumbnailUrl\":\"https:\/\/texashomeoffers.com\/wp-content\/uploads\/2015\/07\/corpuschristi.png\",\"datePublished\":\"2016-11-11T23:12:02+00:00\",\"dateModified\":\"2016-11-11T23:12:02+00:00\",\"description\":\"Llama a Texas Home Offers Corpus Christi @512-872-5633 para una venta r\u00e1pida\",\"breadcrumb\":{\"@id\":\"https:\/\/texashomeoffers.com\/es\/corpus-christi\/#breadcrumb\"},\"inLanguage\":\"es\",\"potentialAction\":[{\"@type\":\"ReadAction\",\"target\":[\"https:\/\/texashomeoffers.com\/es\/corpus-christi\/\"]}]},{\"@type\":\"ImageObject\",\"inLanguage\":\"es\",\"@id\":\"https:\/\/texashomeoffers.com\/es\/corpus-christi\/#primaryimage\",\"url\":\"https:\/\/texashomeoffers.com\/wp-content\/uploads\/2015\/07\/corpuschristi.png\",\"contentUrl\":\"https:\/\/texashomeoffers.com\/wp-content\/uploads\/2015\/07\/corpuschristi.png\"},{\"@type\":\"BreadcrumbList\",\"@id\":\"https:\/\/texashomeoffers.com\/es\/corpus-christi\/#breadcrumb\",\"itemListElement\":[{\"@type\":\"ListItem\",\"position\":1,\"name\":\"Home\",\"item\":\"https:\/\/texashomeoffers.com\/es\/\"},{\"@type\":\"ListItem\",\"position\":2,\"name\":\"Corpus Christi\"}]},{\"@type\":\"WebSite\",\"@id\":\"https:\/\/texashomeoffers.com\/#website\",\"url\":\"https:\/\/texashomeoffers.com\/\",\"name\":\"Texas Home Offers\",\"description\":\"\",\"publisher\":{\"@id\":\"https:\/\/texashomeoffers.com\/#organization\"},\"potentialAction\":[{\"@type\":\"SearchAction\",\"target\":{\"@type\":\"EntryPoint\",\"urlTemplate\":\"https:\/\/texashomeoffers.com\/?s={search_term_string}\"},\"query-input\":\"required name=search_term_string\"}],\"inLanguage\":\"es\"},{\"@type\":\"Organization\",\"@id\":\"https:\/\/texashomeoffers.com\/#organization\",\"name\":\"Texas Home Offers\",\"url\":\"https:\/\/texashomeoffers.com\/\",\"logo\":{\"@type\":\"ImageObject\",\"inLanguage\":\"es\",\"@id\":\"https:\/\/texashomeoffers.com\/#\/schema\/logo\/image\/\",\"url\":\"https:\/\/texashomeoffers.com\/wp-content\/uploads\/2015\/04\/logo.png\",\"contentUrl\":\"https:\/\/texashomeoffers.com\/wp-content\/uploads\/2015\/04\/logo.png\",\"width\":442,\"height\":132,\"caption\":\"Texas Home Offers\"},\"image\":{\"@id\":\"https:\/\/texashomeoffers.com\/#\/schema\/logo\/image\/\"}}]}<\/script>\n<!-- \/ Yoast SEO plugin. -->","yoast_head_json":{"title":"Compradores de casas en Conpus Christi TX: Compramos y vendemos casas r\u00e1pidamente","description":"Llama a Texas Home Offers Corpus Christi @512-872-5633 para una venta r\u00e1pida","robots":{"index":"index","follow":"follow","max-snippet":"max-snippet:-1","max-image-preview":"max-image-preview:large","max-video-preview":"max-video-preview:-1"},"canonical":"https:\/\/texashomeoffers.com\/es\/corpus-christi\/","og_locale":"es_ES","og_type":"article","og_title":"Compradores de casas en Conpus Christi TX: Compramos y vendemos casas r\u00e1pidamente","og_description":"Llama a Texas Home Offers Corpus Christi @512-872-5633 para una venta r\u00e1pida","og_url":"https:\/\/texashomeoffers.com\/es\/corpus-christi\/","og_site_name":"Texas Home Offers","og_image":[{"url":"https:\/\/texashomeoffers.com\/wp-content\/uploads\/2015\/07\/corpuschristi.png"}],"twitter_card":"summary_large_image","schema":{"@context":"https:\/\/schema.org","@graph":[{"@type":"WebPage","@id":"https:\/\/texashomeoffers.com\/es\/corpus-christi\/","url":"https:\/\/texashomeoffers.com\/es\/corpus-christi\/","name":"Compradores de casas en Conpus Christi TX: Compramos y vendemos casas r\u00e1pidamente","isPartOf":{"@id":"https:\/\/texashomeoffers.com\/#website"},"primaryImageOfPage":{"@id":"https:\/\/texashomeoffers.com\/es\/corpus-christi\/#primaryimage"},"image":{"@id":"https:\/\/texashomeoffers.com\/es\/corpus-christi\/#primaryimage"},"thumbnailUrl":"https:\/\/texashomeoffers.com\/wp-content\/uploads\/2015\/07\/corpuschristi.png","datePublished":"2016-11-11T23:12:02+00:00","dateModified":"2016-11-11T23:12:02+00:00","description":"Llama a Texas Home Offers Corpus Christi @512-872-5633 para una venta r\u00e1pida","breadcrumb":{"@id":"https:\/\/texashomeoffers.com\/es\/corpus-christi\/#breadcrumb"},"inLanguage":"es","potentialAction":[{"@type":"ReadAction","target":["https:\/\/texashomeoffers.com\/es\/corpus-christi\/"]}]},{"@type":"ImageObject","inLanguage":"es","@id":"https:\/\/texashomeoffers.com\/es\/corpus-christi\/#primaryimage","url":"https:\/\/texashomeoffers.com\/wp-content\/uploads\/2015\/07\/corpuschristi.png","contentUrl":"https:\/\/texashomeoffers.com\/wp-content\/uploads\/2015\/07\/corpuschristi.png"},{"@type":"BreadcrumbList","@id":"https:\/\/texashomeoffers.com\/es\/corpus-christi\/#breadcrumb","itemListElement":[{"@type":"ListItem","position":1,"name":"Home","item":"https:\/\/texashomeoffers.com\/es\/"},{"@type":"ListItem","position":2,"name":"Corpus Christi"}]},{"@type":"WebSite","@id":"https:\/\/texashomeoffers.com\/#website","url":"https:\/\/texashomeoffers.com\/","name":"Texas Home Offers","description":"","publisher":{"@id":"https:\/\/texashomeoffers.com\/#organization"},"potentialAction":[{"@type":"SearchAction","target":{"@type":"EntryPoint","urlTemplate":"https:\/\/texashomeoffers.com\/?s={search_term_string}"},"query-input":"required name=search_term_string"}],"inLanguage":"es"},{"@type":"Organization","@id":"https:\/\/texashomeoffers.com\/#organization","name":"Texas Home Offers","url":"https:\/\/texashomeoffers.com\/","logo":{"@type":"ImageObject","inLanguage":"es","@id":"https:\/\/texashomeoffers.com\/#\/schema\/logo\/image\/","url":"https:\/\/texashomeoffers.com\/wp-content\/uploads\/2015\/04\/logo.png","contentUrl":"https:\/\/texashomeoffers.com\/wp-content\/uploads\/2015\/04\/logo.png","width":442,"height":132,"caption":"Texas Home Offers"},"image":{"@id":"https:\/\/texashomeoffers.com\/#\/schema\/logo\/image\/"}}]}},"jetpack_sharing_enabled":true,"_links":{"self":[{"href":"https:\/\/texashomeoffers.com\/es\/wp-json\/wp\/v2\/pages\/1275\/"}],"collection":[{"href":"https:\/\/texashomeoffers.com\/es\/wp-json\/wp\/v2\/pages\/"}],"about":[{"href":"https:\/\/texashomeoffers.com\/es\/wp-json\/wp\/v2\/types\/page\/"}],"author":[{"embeddable":true,"href":"https:\/\/texashomeoffers.com\/es\/wp-json\/wp\/v2\/users\/11\/"}],"replies":[{"embeddable":true,"href":"https:\/\/texashomeoffers.com\/es\/wp-json\/wp\/v2\/comments\/?post=1275"}],"version-history":[{"count":0,"href":"https:\/\/texashomeoffers.com\/es\/wp-json\/wp\/v2\/pages\/1275\/revisions\/"}],"wp:attachment":[{"href":"https:\/\/texashomeoffers.com\/es\/wp-json\/wp\/v2\/media\/?parent=1275"}],"curies":[{"name":"wp","href":"https:\/\/api.w.org\/{rel}","templated":true}]}}