{"id":1277,"date":"2016-11-12T12:26:14","date_gmt":"2016-11-12T17:26:14","guid":{"rendered":"https:\/\/texashomeoffers.com\/es\/houston\/"},"modified":"2016-11-12T21:56:53","modified_gmt":"2016-11-13T02:56:53","slug":"houston","status":"publish","type":"page","link":"https:\/\/texashomeoffers.com\/es\/houston\/","title":{"rendered":"Houston"},"content":{"rendered":"<h1>Compra y Vende Houses en Houston, TX<\/h1>\n<p><a style=\"font-size: 35px;\" href=\"tel:17133528436\">(713) 352-8436<\/a><\/p>\n<p><iframe loading=\"lazy\" src=\"https:\/\/www.youtube.com\/embed\/Ghyi-lmuWdM\" width=\"600\" height=\"355\" frameborder=\"0\" allowfullscreen=\"allowfullscreen\"><\/iframe><\/p>\n<p>Tienes una casa que necesita ser vendida en Houston? \u00a1Texas Home Offers de Houston te la comprar\u00e1 solo en 7 d\u00edas! Llaman\u00f3s al\u00a0<strong><a href=\"tel:17133528436\">713-352-8436<\/a>\u00a0<\/strong>\u00a0o llena el formulario hoy \u00a0para recibir una oferta libre de compromiso. Garantizamos ofrecerte una oferta justa\u2014 \u00bf y mejor que DINERO EFECTIVO? Trabajar con nosotros significa sin tarifas, sin agentes y sin perder tiempo o a\u00f1adir estr\u00e9s! No dejes que tu situaci\u00f3n se ponga fea. \u00a1Nos encargaremos de los problemas por ti!<\/p>\n<p><img decoding=\"async\" src=\"https:\/\/texashomeoffers.com\/wp-content\/uploads\/2015\/07\/houston.png\" alt=\"We Buy Houses Houston\" \/><\/p>\n<p>Entonces tienes una casa para vender en Houston, Texas y nos has tenido un comprador prospecto con una oferta razonable. Gastas una gran parte de tu tiempo tratando de vender una casa que no obtiene ni una mirada. Texas Home Offers de Houston es la soluci\u00f3n a tus problemas. Compramos casas en el \u00e1rea de Houston, TX \u00a0asegurandote un r\u00e1pido retorno de tu inversi\u00f3n. \u00a0We pay CASH for all properties in the following neighborhoods, <a title=\"we buy houses Corpus Christi\" href=\"https:\/\/texashomeoffers.com\/es\/corpus-christi\/\">Corpus Christi<\/a>, <a title=\"we buy houses Dallas\" href=\"https:\/\/texashomeoffers.com\/es\/dallas-fort-worth\/\">Dallas<\/a>, <a title=\"we buy houses San Antonio\" href=\"https:\/\/texashomeoffers.com\/es\/san-antonio\/\">San Antonio<\/a>, <a title=\"we buy houses Austin\" href=\"https:\/\/texashomeoffers.com\/es\/austin-2\/\">Austin<\/a>, Sugarland, Richmond, Katy, The Woodlands, Oak Ridge North, Manvel, Pearland, Allen\u2019s Landing to Galveston and beyond. Texas Home Offers de Houston conoce el mercado de real de bienes y ra\u00edces de Houston como nadie m\u00e1s y compraremos tu casa por efectivo. Te ofrecemos soluciones a tus problemas de bienes y ra\u00edces, porque compramos tu casa tal como est\u00e1- sin necesidad de arreglos o reparaciones.<\/p>\n<p><img loading=\"lazy\" decoding=\"async\" class=\"alignnone size-medium wp-image-102\" style=\"float: left; margin-right: 20px;\" src=\"https:\/\/texashomeoffers.com\/wp-content\/uploads\/2015\/08\/Houston-Kacee_Jackson-200x300.jpg\" alt=\"Kacee Jackson Realtor - We Buy Houses Houston For You\" width=\"200\" height=\"300\" srcset=\"https:\/\/texashomeoffers.com\/wp-content\/uploads\/2015\/08\/Houston-Kacee_Jackson-200x300.jpg 200w, https:\/\/texashomeoffers.com\/wp-content\/uploads\/2015\/08\/Houston-Kacee_Jackson-683x1024.jpg 683w\" sizes=\"(max-width: 200px) 100vw, 200px\" \/><\/p>\n<p>Compramos casa en cualquier condici\u00f3n por cualquier raz\u00f3n\u2026 ya mismo, \u00bfNo te suena genial? No necesitas ir hacer todas esas reparaciones, no tienes que llevarte los muebles o la pintura te la compramos tal como est\u00e1. No gaste miles de d\u00f3lares en la puesta en escena, No gastes miles de d\u00f3lares en reparaciones, y no gastes tu precioso reteniendo muestras de casas \u00a0abiertas que no te llevan a ning\u00fan lado.\u00a1Podemos darte dinero en efectivo por tu hogar en menos de 7 d\u00edas! Hacemos nuestro trabajo para ofrecerte una oferta firme y justa \u00a0que satisfacer\u00e1 tus necesidades y te ayudar\u00e1 a salir de tus ataduras. Garantizamos que no hay nada que perder y mucho que ganar guarantee. Trabajar con nuestro equipo simplifica el proceso y en solo UNA SEMANA, \u00a1Obtendr\u00e1s DINERO EN EFECTIVO por tu casa!<\/p>\n<p>Sabemos que vender tu casa nunca es f\u00e1cil, y es usualmente el \u00faltimo recurso para salir del estr\u00e9s financiero. No importa si has perdido tu trabajo, necesitas efectivo para pagar tus cuentas, tienes que pagar cuentas de la corte, o estas enfrentando bancarrota, estaremos ah\u00ed para ofrecerte el efectivo que necesitas por tu casa, en poco menos de 7 d\u00edas. Cuando eliges trabajar con nosotros, compramos tu casa r\u00e1pidamente y manejamos los detalles de todo. Ademas, te daremos el m\u00e1s alto valor en comparaci\u00f3n al resto de las empresas \u00a0Hemos estado haciendo esto por muchos a\u00f1os y hemos ayudado a muchos propietarios, as\u00ed como tu, que estaban en un aprieto y necesitan una salida. Deja que te \u00a0ayudamos tambi\u00e9n.<\/p>\n<p><a style=\"font-size: 35px;\" href=\"tel:17133528436\"><img decoding=\"async\" src=\"https:\/\/texashomeoffers.com\/wp-content\/uploads\/2015\/07\/THO_number.png\" alt=\"\" \/><\/a><\/p>\n<p>Los agentes de bienes y ra\u00edces tradicionales tienen muchas limitaciones cuando se trata de vender una casa, pero Texas Home Offers de Houston no tiene esas limitaciones, porque adquirimos la casa directamente y te damos efectivo. No tienes que pagar gastos de cierre, comisiones de bienes y ra\u00edces, o alg\u00fan otro tipo de tarifa. Si nunca has puesto en venta una casa antes y no conoces los obst\u00e1culos de este proceso estresante y desgastante, o estas retrasado en tus pagos y forzado a venderla debido a la ejecuci\u00f3n hipotecaria, podemos darte dinero en efectivo por tu hogar y ayudarte en tu aprieto. Puedes evitar agendar reuniones con agentes y compradores potenciales, evita perder tiempo en negociaciones que van y vienen, \u00a0y evita perder tiempo y dinero limpiando y haciendo arreglos a la sociedad. No te preocupes por reparar cualquier problema para actualizar tu casa\u2014podemos comprar tu casa directo de tus manos, a pesar de la condici\u00f3n en la que se encuentre en este momento. \u00bfNo es Genial?<\/p>\n<p><img loading=\"lazy\" decoding=\"async\" class=\"alignnone size-medium wp-image-101\" style=\"float: right; margin-left: 20px;\" src=\"https:\/\/texashomeoffers.com\/wp-content\/uploads\/2015\/08\/Houston-Russel-200x300.jpg\" alt=\"Russell Spillers Investor - Home Buyers Houston TX\" width=\"200\" height=\"300\" srcset=\"https:\/\/texashomeoffers.com\/wp-content\/uploads\/2015\/08\/Houston-Russel-200x300.jpg 200w, https:\/\/texashomeoffers.com\/wp-content\/uploads\/2015\/08\/Houston-Russel-683x1024.jpg 683w\" sizes=\"(max-width: 200px) 100vw, 200px\" \/><\/p>\n<p>En Texas Home Offers de Houston, Podemos ofrecer una soluci\u00f3n simple y r\u00e1pida a la actual pesadilla que vives. Te haremos una oferta simple y r\u00e1pida y depende de ti si decides si funciona para ti. Si es as\u00ed, te daremos dinero en efectivo r\u00e1pidamente por tu casa y la soluci\u00f3n a tu problema. Siempre estamos disponibles y puedes preguntarnos lo que desees. \u00bfPor qu\u00e9 atravesar el estr\u00e9s de vender tu casa tu mismo cuando puedes dejar que lo manejemos por ti?<\/p>\n<p>El proceso de vender tu casa puede ser retador, especialmente para alguien que no tiene mucha experiencia, o esta emocionalmente apegado, o esta enfrentando problemas financieros urgentes, y por eso es que podemos ayudarte a salir de este lio.\u00a0Texas Home Offers de Houston nos aseguraremos de que recibas el mejor precio del mercado. As\u00ed que en vez de listar tu propiedad con agentes de bienes y ra\u00edces, \u00a0lo que puede tomar meses o a\u00f1os en vender, deja que Texas Home Offers de Houston te de una soluci\u00f3n simple y R\u00c1PIDA, finalizando con DINERO EN EFECTIVO \u00a1en solo una semana!<\/p>\n<p><a style=\"font-size: 35px;\" href=\"tel:17133528436\"><img decoding=\"async\" src=\"https:\/\/texashomeoffers.com\/wp-content\/uploads\/2015\/07\/THO_number.png\" alt=\"\" \/><\/a><\/p>\n<p>No dejes que las cuentas se apilen, no tienes que arreglar tu propiedad o desperdiciar tu precioso tiempo- simplemente llama a nuestro dedicado equipo hoy a\u00a0<strong><a href=\"tel:17133528436\">713-352-8436<\/a>\u00a0\u00a0<\/strong>o llena este simple formulario y te responderemos r\u00e1pidamente. Podemos garantizarte un acuerdo r\u00e1pido, libre de problemas y conveniente. Es una situaci\u00f3n ganar- ganar para todos y no sale ningun costo de tu bolsillo. Si buscas recibir efectivo por tu hogar, entonces Texas Home Offers de Houston es el lugar al que acudir. \u00a0Deja que te ayudemos\u2014\u00a1no esperes otro d\u00eda!<\/p>\n<div>\n<h3><a href=\"https:\/\/plus.google.com\/113200165530014907416\/about\">Texas Home Offers of Houston<\/a><\/h3>\n<p>5202 Santrey Dr.<br \/>\nHouston, TX 77084<br \/>\n<a href=\"tel:17133528436\">(713) 352-8436<\/a><\/p>\n<\/div>\n<p><iframe loading=\"lazy\" src=\"https:\/\/www.google.com\/maps\/embed?pb=!1m14!1m8!1m3!1d55365.690680240004!2d-95.661184!3d29.854015!3m2!1i1024!2i768!4f13.1!3m3!1m2!1s0x8640d758b14ec6f3%3A0x1ace50e0b246fbbd!2sTexas+Home+Offers+of+Houston!5e0!3m2!1sen!2sus!4v1438191578634\" width=\"100%\" height=\"350\" frameborder=\"0\" allowfullscreen=\"allowfullscreen\"><\/iframe><\/p>\n<div class=\"two-column\"><img loading=\"lazy\" decoding=\"async\" class=\"size-full wp-image-104 alignnone\" src=\"https:\/\/texashomeoffers.com\/wp-content\/uploads\/2015\/07\/gray-logo.png\" alt=\"National Association of Realtors\" width=\"220\" height=\"67\" \/><\/div>\n<div class=\"two-column\"><img loading=\"lazy\" decoding=\"async\" class=\"size-full wp-image-108 alignnone\" src=\"https:\/\/texashomeoffers.com\/wp-content\/uploads\/2015\/07\/TexasRealtorAssociation.png\" alt=\"Texas Association of Realtors\" width=\"300\" height=\"59\" \/><\/div>\n","protected":false},"excerpt":{"rendered":"<p>Compra y Vende Houses en Houston, TX (713) 352-8436 Tienes una casa que necesita ser vendida en Houston? \u00a1Texas Home Offers de Houston te la comprar\u00e1 solo en 7 d\u00edas! Llaman\u00f3s al\u00a0713-352-8436\u00a0\u00a0o llena el formulario hoy \u00a0para recibir una oferta&#8230; <a class=\"read-more\" href=\"https:\/\/texashomeoffers.com\/es\/houston\/\">Read more<\/a><\/p>\n","protected":false},"author":11,"featured_media":0,"parent":0,"menu_order":0,"comment_status":"closed","ping_status":"closed","template":"","meta":{"footnotes":""},"yoast_head":"<!-- This site is optimized with the Yoast SEO plugin v22.8 - https:\/\/yoast.com\/wordpress\/plugins\/seo\/ -->\n<title>Compradores de Houston TX: Compramos y vendemos casas en Houston R\u00e1pidamente<\/title>\n<meta name=\"description\" content=\"Llama a Texas Home Offers Houston @512-872-5633 por una venta r\u00e1pida\" \/>\n<meta name=\"robots\" content=\"index, follow, max-snippet:-1, max-image-preview:large, max-video-preview:-1\" \/>\n<link rel=\"canonical\" href=\"https:\/\/texashomeoffers.com\/es\/houston\/\" \/>\n<meta property=\"og:locale\" content=\"es_ES\" \/>\n<meta property=\"og:type\" content=\"article\" \/>\n<meta property=\"og:title\" content=\"Compradores de Houston TX: Compramos y vendemos casas en Houston R\u00e1pidamente\" \/>\n<meta property=\"og:description\" content=\"Llama a Texas Home Offers Houston @512-872-5633 por una venta r\u00e1pida\" \/>\n<meta property=\"og:url\" content=\"https:\/\/texashomeoffers.com\/es\/houston\/\" \/>\n<meta property=\"og:site_name\" content=\"Texas Home Offers\" \/>\n<meta property=\"article:modified_time\" content=\"2016-11-13T02:56:53+00:00\" \/>\n<meta property=\"og:image\" content=\"https:\/\/texashomeoffers.com\/wp-content\/uploads\/2015\/07\/houston.png\" \/>\n<meta name=\"twitter:card\" content=\"summary_large_image\" \/>\n<meta name=\"twitter:label1\" content=\"Tiempo de lectura\" \/>\n\t<meta name=\"twitter:data1\" content=\"5 minutos\" \/>\n<script type=\"application\/ld+json\" class=\"yoast-schema-graph\">{\"@context\":\"https:\/\/schema.org\",\"@graph\":[{\"@type\":\"WebPage\",\"@id\":\"https:\/\/texashomeoffers.com\/es\/houston\/\",\"url\":\"https:\/\/texashomeoffers.com\/es\/houston\/\",\"name\":\"Compradores de Houston TX: Compramos y vendemos casas en Houston R\u00e1pidamente\",\"isPartOf\":{\"@id\":\"https:\/\/texashomeoffers.com\/#website\"},\"primaryImageOfPage\":{\"@id\":\"https:\/\/texashomeoffers.com\/es\/houston\/#primaryimage\"},\"image\":{\"@id\":\"https:\/\/texashomeoffers.com\/es\/houston\/#primaryimage\"},\"thumbnailUrl\":\"https:\/\/texashomeoffers.com\/wp-content\/uploads\/2015\/07\/houston.png\",\"datePublished\":\"2016-11-12T17:26:14+00:00\",\"dateModified\":\"2016-11-13T02:56:53+00:00\",\"description\":\"Llama a Texas Home Offers Houston @512-872-5633 por una venta r\u00e1pida\",\"breadcrumb\":{\"@id\":\"https:\/\/texashomeoffers.com\/es\/houston\/#breadcrumb\"},\"inLanguage\":\"es\",\"potentialAction\":[{\"@type\":\"ReadAction\",\"target\":[\"https:\/\/texashomeoffers.com\/es\/houston\/\"]}]},{\"@type\":\"ImageObject\",\"inLanguage\":\"es\",\"@id\":\"https:\/\/texashomeoffers.com\/es\/houston\/#primaryimage\",\"url\":\"https:\/\/texashomeoffers.com\/wp-content\/uploads\/2015\/07\/houston.png\",\"contentUrl\":\"https:\/\/texashomeoffers.com\/wp-content\/uploads\/2015\/07\/houston.png\"},{\"@type\":\"BreadcrumbList\",\"@id\":\"https:\/\/texashomeoffers.com\/es\/houston\/#breadcrumb\",\"itemListElement\":[{\"@type\":\"ListItem\",\"position\":1,\"name\":\"Home\",\"item\":\"https:\/\/texashomeoffers.com\/es\/\"},{\"@type\":\"ListItem\",\"position\":2,\"name\":\"Houston\"}]},{\"@type\":\"WebSite\",\"@id\":\"https:\/\/texashomeoffers.com\/#website\",\"url\":\"https:\/\/texashomeoffers.com\/\",\"name\":\"Texas Home Offers\",\"description\":\"\",\"publisher\":{\"@id\":\"https:\/\/texashomeoffers.com\/#organization\"},\"potentialAction\":[{\"@type\":\"SearchAction\",\"target\":{\"@type\":\"EntryPoint\",\"urlTemplate\":\"https:\/\/texashomeoffers.com\/?s={search_term_string}\"},\"query-input\":\"required name=search_term_string\"}],\"inLanguage\":\"es\"},{\"@type\":\"Organization\",\"@id\":\"https:\/\/texashomeoffers.com\/#organization\",\"name\":\"Texas Home Offers\",\"url\":\"https:\/\/texashomeoffers.com\/\",\"logo\":{\"@type\":\"ImageObject\",\"inLanguage\":\"es\",\"@id\":\"https:\/\/texashomeoffers.com\/#\/schema\/logo\/image\/\",\"url\":\"https:\/\/texashomeoffers.com\/wp-content\/uploads\/2015\/04\/logo.png\",\"contentUrl\":\"https:\/\/texashomeoffers.com\/wp-content\/uploads\/2015\/04\/logo.png\",\"width\":442,\"height\":132,\"caption\":\"Texas Home Offers\"},\"image\":{\"@id\":\"https:\/\/texashomeoffers.com\/#\/schema\/logo\/image\/\"}}]}<\/script>\n<!-- \/ Yoast SEO plugin. -->","yoast_head_json":{"title":"Compradores de Houston TX: Compramos y vendemos casas en Houston R\u00e1pidamente","description":"Llama a Texas Home Offers Houston @512-872-5633 por una venta r\u00e1pida","robots":{"index":"index","follow":"follow","max-snippet":"max-snippet:-1","max-image-preview":"max-image-preview:large","max-video-preview":"max-video-preview:-1"},"canonical":"https:\/\/texashomeoffers.com\/es\/houston\/","og_locale":"es_ES","og_type":"article","og_title":"Compradores de Houston TX: Compramos y vendemos casas en Houston R\u00e1pidamente","og_description":"Llama a Texas Home Offers Houston @512-872-5633 por una venta r\u00e1pida","og_url":"https:\/\/texashomeoffers.com\/es\/houston\/","og_site_name":"Texas Home Offers","article_modified_time":"2016-11-13T02:56:53+00:00","og_image":[{"url":"https:\/\/texashomeoffers.com\/wp-content\/uploads\/2015\/07\/houston.png"}],"twitter_card":"summary_large_image","twitter_misc":{"Tiempo de lectura":"5 minutos"},"schema":{"@context":"https:\/\/schema.org","@graph":[{"@type":"WebPage","@id":"https:\/\/texashomeoffers.com\/es\/houston\/","url":"https:\/\/texashomeoffers.com\/es\/houston\/","name":"Compradores de Houston TX: Compramos y vendemos casas en Houston R\u00e1pidamente","isPartOf":{"@id":"https:\/\/texashomeoffers.com\/#website"},"primaryImageOfPage":{"@id":"https:\/\/texashomeoffers.com\/es\/houston\/#primaryimage"},"image":{"@id":"https:\/\/texashomeoffers.com\/es\/houston\/#primaryimage"},"thumbnailUrl":"https:\/\/texashomeoffers.com\/wp-content\/uploads\/2015\/07\/houston.png","datePublished":"2016-11-12T17:26:14+00:00","dateModified":"2016-11-13T02:56:53+00:00","description":"Llama a Texas Home Offers Houston @512-872-5633 por una venta r\u00e1pida","breadcrumb":{"@id":"https:\/\/texashomeoffers.com\/es\/houston\/#breadcrumb"},"inLanguage":"es","potentialAction":[{"@type":"ReadAction","target":["https:\/\/texashomeoffers.com\/es\/houston\/"]}]},{"@type":"ImageObject","inLanguage":"es","@id":"https:\/\/texashomeoffers.com\/es\/houston\/#primaryimage","url":"https:\/\/texashomeoffers.com\/wp-content\/uploads\/2015\/07\/houston.png","contentUrl":"https:\/\/texashomeoffers.com\/wp-content\/uploads\/2015\/07\/houston.png"},{"@type":"BreadcrumbList","@id":"https:\/\/texashomeoffers.com\/es\/houston\/#breadcrumb","itemListElement":[{"@type":"ListItem","position":1,"name":"Home","item":"https:\/\/texashomeoffers.com\/es\/"},{"@type":"ListItem","position":2,"name":"Houston"}]},{"@type":"WebSite","@id":"https:\/\/texashomeoffers.com\/#website","url":"https:\/\/texashomeoffers.com\/","name":"Texas Home Offers","description":"","publisher":{"@id":"https:\/\/texashomeoffers.com\/#organization"},"potentialAction":[{"@type":"SearchAction","target":{"@type":"EntryPoint","urlTemplate":"https:\/\/texashomeoffers.com\/?s={search_term_string}"},"query-input":"required name=search_term_string"}],"inLanguage":"es"},{"@type":"Organization","@id":"https:\/\/texashomeoffers.com\/#organization","name":"Texas Home Offers","url":"https:\/\/texashomeoffers.com\/","logo":{"@type":"ImageObject","inLanguage":"es","@id":"https:\/\/texashomeoffers.com\/#\/schema\/logo\/image\/","url":"https:\/\/texashomeoffers.com\/wp-content\/uploads\/2015\/04\/logo.png","contentUrl":"https:\/\/texashomeoffers.com\/wp-content\/uploads\/2015\/04\/logo.png","width":442,"height":132,"caption":"Texas Home Offers"},"image":{"@id":"https:\/\/texashomeoffers.com\/#\/schema\/logo\/image\/"}}]}},"jetpack_sharing_enabled":true,"_links":{"self":[{"href":"https:\/\/texashomeoffers.com\/es\/wp-json\/wp\/v2\/pages\/1277\/"}],"collection":[{"href":"https:\/\/texashomeoffers.com\/es\/wp-json\/wp\/v2\/pages\/"}],"about":[{"href":"https:\/\/texashomeoffers.com\/es\/wp-json\/wp\/v2\/types\/page\/"}],"author":[{"embeddable":true,"href":"https:\/\/texashomeoffers.com\/es\/wp-json\/wp\/v2\/users\/11\/"}],"replies":[{"embeddable":true,"href":"https:\/\/texashomeoffers.com\/es\/wp-json\/wp\/v2\/comments\/?post=1277"}],"version-history":[{"count":1,"href":"https:\/\/texashomeoffers.com\/es\/wp-json\/wp\/v2\/pages\/1277\/revisions\/"}],"predecessor-version":[{"id":1281,"href":"https:\/\/texashomeoffers.com\/es\/wp-json\/wp\/v2\/pages\/1277\/revisions\/1281\/"}],"wp:attachment":[{"href":"https:\/\/texashomeoffers.com\/es\/wp-json\/wp\/v2\/media\/?parent=1277"}],"curies":[{"name":"wp","href":"https:\/\/api.w.org\/{rel}","templated":true}]}}