{"id":1278,"date":"2016-11-12T21:28:15","date_gmt":"2016-11-13T02:28:15","guid":{"rendered":"https:\/\/texashomeoffers.com\/es\/austin-2\/"},"modified":"2016-11-12T21:28:15","modified_gmt":"2016-11-13T02:28:15","slug":"austin-2","status":"publish","type":"page","link":"https:\/\/texashomeoffers.com\/es\/austin-2\/","title":{"rendered":"Austin"},"content":{"rendered":"<h1><span data-sheets-userformat=\"[null,null,513,[null,0],null,null,null,null,null,null,null,null,0]\" data-sheets-value=\"[null,2,&quot;Buy &amp; Sell Houses in Austin&quot;]\">Compra y Vende Casas en Austin, TX y sus Alrededores<\/span><\/h1>\n<p><a style=\"font-size: 35px;\" href=\"tel:18449332225\">(844) 933-2225<\/a><\/p>\n<p><iframe loading=\"lazy\" src=\"https:\/\/www.youtube.com\/embed\/ZQGBTKzawZ4\" width=\"600\" height=\"355\" frameborder=\"0\" allowfullscreen=\"allowfullscreen\"><\/iframe><\/p>\n<p>\u00bfBuscas vender una casa en el \u00e1rea de Austin? Texas Home Offers de Austin comprar\u00e1 tu casa \u00a1en solo 7 d\u00edas! \u00a0Todo lo que necesitas es \u00a0llamarnos al\u00a0<strong><a href=\"tel:18449332225\">888-523-1005<\/a><\/strong>\u00a0 o completar un formulario sin compromiso para comenzar hoy. Nos contactaremos contigo pronto con una oferta justa y te daremos efectivo por tu hogar- \u00a1r\u00e1pido, sin tarifas, sin agentes y sin comisiones!<\/p>\n<p><img decoding=\"async\" src=\"https:\/\/texashomeoffers.com\/wp-content\/uploads\/2015\/07\/austin.png\" alt=\"We Buy Houses Austin\" \/><\/p>\n<p>Texas Home Offers de Austin no es parte una gran empresa nacional. En vez de eso, somos un equipo local que est\u00e1 basado aqu\u00ed en Austin, Texas. Servimos orgullosamente las comunidades de\u00a0<a title=\"we buy houses Corpus Christi\" href=\"https:\/\/texashomeoffers.com\/es\/corpus-christi\/\">Corpus Christi<\/a>, <a title=\"we buy houses Dallas\" href=\"https:\/\/texashomeoffers.com\/es\/dallas-fort-worth\/\">Dallas<\/a>, <a title=\"we buy houses Houston\" href=\"https:\/\/texashomeoffers.com\/es\/houston\/\">Houston<\/a>, <a title=\"we buy houses San Antonio\" href=\"https:\/\/texashomeoffers.com\/es\/san-antonio\/\">San Antonio<\/a>,\u00a0Round Rock, Hippie Hollow, Pflugerville, Leander, Manor, Del Valle, Lake Travis, Hays, Dripping Springs, Lady Bird Lake, SoCo y m\u00e1s all\u00e1. Texas Home Offers conoce el mercado de bienes y ra\u00edces como nadie y amamos ayudar a as personas a vender sus casas r\u00e1pidamente, ofreci\u00e9ndoles el mejor precio por sus propiedades. Asistimos a quien est\u00e9 buscando vender su casa tal como est\u00e1. Si buscas vender una casa heredada, o necesitas vender tu casa por un divorcio o para evitar una ejecuci\u00f3n hipotecaria, nuestros expertos en bienes y ra\u00edces pueden ayudarte a obtener \u00a1EFECTIVO R\u00c1PIDO por tu casa!<\/p>\n<p><img loading=\"lazy\" decoding=\"async\" style=\"float: left; margin-right: 20px;\" src=\"https:\/\/texashomeoffers.com\/wp-content\/uploads\/2015\/08\/Austin-Kacee_Jackson-200x300.jpg\" alt=\"Kacee Jackson Realtor - We Buy Houses Austin For You\" width=\"200\" height=\"300\" \/>Tambi\u00e9n compramos casas indeseables en el \u00e1rea de Austin, Texas. Usted ley\u00f3 correctamente, compramos casas en cualquier condici\u00f3n , \u00a1 sin hacer preguntas! No tienes que perder horas limpiando, investigando dinero en reparaciones, o preocup\u00e1ndose por todo, porque la compraremos tal como est\u00e1. Con nuestros expertos en bienes y ra\u00edces, evite pesadas tarifas de agentes, costos de puesta en escena, visitas a casas abiertas, y otros l\u00edos y frustraciones asociadas a vender su casa. Porque pagamos en efectivo, podemos cerrar el trato muy r\u00e1pido, \u00a1en solo 7 d\u00edas! Nuestra misi\u00f3n es hacer tu vida m\u00e1s f\u00e1cil y darte el m\u00e1s alto precio por tu casa\u2014 todo lo que necesitas hacer es llamarnos. Te prometemos que no hay nada que perder y mucho que ganar. Haremos lo posible para asegurar que el proceso sea suave, siempre y libre de problemas.<\/p>\n<p>Si buscas obtener la mayor cantidad de dinero por tu casa, sin pagar agentes y comisiones, tarifas, o desperdiciar tiempo y esperando hasta que finalmente se vendas, Texas Home Offers de Austin es la compa\u00f1\u00eda con la que trabajar. \u00a0Puedes confiar en nuestros expertos de bienes y ra\u00edces conocedores y confiables. Tenemos muchos a\u00f1os de experiencia ayudando a las personas como tu a obtener un alto precio por tu casa. Hemos ayudado exitosamente miles de propietarios en Austin, igual que tu, vendieron sus casas en solo 7 d\u00edas y \u00a1Estamos seguros que lo podemos hacer por ti!<\/p>\n<p><a href=\"tel:18449332225\"><img loading=\"lazy\" decoding=\"async\" class=\"alignnone\" src=\"https:\/\/texashomeoffers.com\/wp-content\/uploads\/2015\/07\/THO_number.png\" width=\"620\" height=\"64\" \/><\/a><\/p>\n<p>Si tienes necesitas vender una propiedad, nuestro equipo de Austin home buyers est\u00e1 aqu\u00ed para asistirte. No hay necesidad de invertir dinero arreglando ning\u00fan dinero saldr\u00e1 de tu bolsillo. No tienes que gastar dinero en tediosas tarifas, comisiones de agentes de bienes y ra\u00edces, o alguna otra tasa asociada con vender su casa. \u00a0Si no has puesta en venta una casa anteriormente, \u00a0has heredado una casa, o estas teniendo problemas que te est\u00e1n llevando a una ejecuci\u00f3n hipotecaria, te presentaremos una soluci\u00f3n para satisfacer tus necesidades. Con nuestra ayuda experta, evitaras tener que agendar citas con agentes de bienes y ra\u00edces y compradores potenciales\u2014no tendr\u00e1s que perder tu precioso tiempo negociando hacia adelante y atr\u00e1s y no tendr\u00e1s \u00a0que gastar dinero o tiempo en limpiar o arreglar su propiedad. As\u00ed es, no se preocupe en reparar su casa \u2014 compramos casas en cualquier forma, cualquier condici\u00f3n, y m\u00e1s importante,\u00a1Lo hacemos por efectivo!<\/p>\n<p><img loading=\"lazy\" decoding=\"async\" style=\"float: right; margin-left: 20px;\" src=\"https:\/\/texashomeoffers.com\/wp-content\/uploads\/2015\/08\/Austin-Janet_and_Russell-300x206.jpg\" alt=\"Russell Spillers Investor - Home Buyers Austin TX\" width=\"300\" height=\"206\" \/><\/p>\n<p>En Texas Home Offers de Austin, ofrecemos un servicio sin precedentes para nuestros clientes y eliminamos las preocupaciones y las frustraciones del proceso normal y estresante. Nosotros simplificamos el proceso y ofrecemos a nuestros clientes un proceso. Al final, recibiras efectivo por tu hogar, sin ninguna preocupaci\u00f3n en el mismo\u2014 permitiendo continuar con tu vida mientras te haces cargo de tu negocio. Estamos siempre al alcance y responderemos a cualquier pregunta que tengas. \u00bfPor qu\u00e9 pasar por el estr\u00e9s de vender tu casa \u00a0cuando nuestro expertos pueden darte efectivo en solo 7 d\u00edas?<\/p>\n<p>Nuestro \u00e9xito habla por s\u00ed mismo y ya hemos comprado miles de hogares en el \u00e1rea de Austin, Texas. Nos hemos ganado una reputaci\u00f3n por excelencia, integridad y valores. Como l\u00edderes en el negocio, puedes confiar en nosotros cuando estes listo para vender. En vez de listar tu casa entre otras miles y esperar meses para vender, te quitamos el estr\u00e9s y te damos dinero rapido por tu casa. Texas Home Offers de Austin puede ofrecer un soluci\u00f3n simple, r\u00e1pida y eficiente para tus necesidades de venta.<\/p>\n<p><a href=\"tel:18449332225\"><img loading=\"lazy\" decoding=\"async\" class=\"alignnone\" src=\"https:\/\/texashomeoffers.com\/wp-content\/uploads\/2015\/07\/THO_number.png\" width=\"620\" height=\"64\" \/><\/a><\/p>\n<p>No dejes que la situaci\u00f3n se ponga fea\u00a0\u2014 Podemos darte una oferta por tu casa \u00a1HOY! todo lo que necesitas es llamarnos al\u00a0<strong><a href=\"tel:18449332225\">888-523-1005<\/a><\/strong>\u00a0o completa el formulario y te contactaremos pronto. Te ofrecemos un acuerdo r\u00e1pido f\u00e1cil y libre de molestias. Lo mejor de nuestro servicio es que nada saldr\u00e1 de tu bolsillo. Todo lo que recibiras al final es dinero en efectivo. Texas Home Offers de Austin ha ayudado a miles de clientes que buscaban vender sus casas y le dimos un precio alto por sus propiedades. \u00a1Ahora queremos escucharte y hacer lo mismo por ti!<\/p>\n<div>\n<h3><a href=\"https:\/\/plus.google.com\/100773268540707678285\/about\">Texas Home Offers de Austin<\/a><\/h3>\n<p>8500 Adirondack Cove<br \/>\nAustin, TX 78759<br \/>\n<a href=\"tel:18449332225\">(844) 933-2225<\/a><\/p>\n<\/div>\n<p><iframe loading=\"lazy\" src=\"https:\/\/www.google.com\/maps\/embed?pb=!1m18!1m12!1m3!1d13767.4253617733!2d-97.76510300000001!3d30.383436999999994!2m3!1f0!2f0!3f0!3m2!1i1024!2i768!4f13.1!3m3!1m2!1s0x8644cb5e76006363%3A0x1fa4213ea88bde55!2sTexas+Home+Offers+of+Austin!5e0!3m2!1sen!2sus!4v1438192770841\" width=\"100%\" height=\"350\" frameborder=\"0\" allowfullscreen=\"allowfullscreen\"><\/iframe><\/p>\n<div class=\"three-column\"><img loading=\"lazy\" decoding=\"async\" class=\"size-full wp-image-103 aligning alignnone\" src=\"https:\/\/texashomeoffers.com\/wp-content\/uploads\/2015\/07\/aborlogo_new.jpg\" alt=\"Austin Board of Realtors\" width=\"180\" height=\"70\" \/><\/div>\n<div class=\"three-column\"><img loading=\"lazy\" decoding=\"async\" class=\"size-full wp-image-104 alignnone\" src=\"https:\/\/texashomeoffers.com\/wp-content\/uploads\/2015\/07\/gray-logo.png\" alt=\"National Association of Realtors\" width=\"220\" height=\"67\" \/><\/div>\n<div class=\"three-column\"><img loading=\"lazy\" decoding=\"async\" class=\"size-full wp-image-108 alignnone\" src=\"https:\/\/texashomeoffers.com\/wp-content\/uploads\/2015\/07\/TexasRealtorAssociation.png\" alt=\"Texas Association of Realtors\" width=\"300\" height=\"59\" \/><\/div>\n<p>dly staff at <strong><a href=\"tel:15128725633\">512-872-5633<\/a><\/strong> or fill out the form for a fast reply. We offer a settlement process that is easy and hassle-free. Best of all, there is no out of pocket cost to you \u2013 just real cash for your home. Texas Home Offers of Austin has helped hundreds of homeowners sell for a fair price swiftly and successfully, and we want work with you!<\/p>\n<p><iframe loading=\"lazy\" src=\"https:\/\/www.google.com\/maps\/embed?pb=!1m18!1m12!1m3!1d13767.4253617733!2d-97.76510300000001!3d30.383436999999994!2m3!1f0!2f0!3f0!3m2!1i1024!2i768!4f13.1!3m3!1m2!1s0x8644cb5e76006363%3A0x1fa4213ea88bde55!2sTexas+Home+Offers+of+Austin!5e0!3m2!1sen!2sus!4v1438192770841\" width=\"100%\" height=\"350\" frameborder=\"0\" allowfullscreen=\"allowfullscreen\"><\/iframe><\/p>\n<div class=\"three-column\"><img loading=\"lazy\" decoding=\"async\" class=\"size-full wp-image-103 aligning alignnone\" src=\"https:\/\/texashomeoffers.com\/wp-content\/uploads\/2015\/07\/aborlogo_new.jpg\" alt=\"Austin Board of Realtors\" width=\"180\" height=\"70\" \/><\/div>\n<div class=\"three-column\"><img loading=\"lazy\" decoding=\"async\" class=\"size-full wp-image-104 alignnone\" src=\"https:\/\/texashomeoffers.com\/wp-content\/uploads\/2015\/07\/gray-logo.png\" alt=\"National Association of Realtors\" width=\"220\" height=\"67\" \/><\/div>\n<div class=\"three-column\"><img loading=\"lazy\" decoding=\"async\" class=\"size-full wp-image-108 alignnone\" src=\"https:\/\/texashomeoffers.com\/wp-content\/uploads\/2015\/07\/TexasRealtorAssociation.png\" alt=\"Texas Association of Realtors\" width=\"300\" height=\"59\" \/><\/div>\n","protected":false},"excerpt":{"rendered":"<p>Compra y Vende Casas en Austin, TX y sus Alrededores (844) 933-2225 \u00bfBuscas vender una casa en el \u00e1rea de Austin? Texas Home Offers de Austin comprar\u00e1 tu casa \u00a1en solo 7 d\u00edas! \u00a0Todo lo que necesitas es \u00a0llamarnos al\u00a0888-523-1005\u00a0&#8230; <a class=\"read-more\" href=\"https:\/\/texashomeoffers.com\/es\/austin-2\/\">Read more<\/a><\/p>\n","protected":false},"author":11,"featured_media":0,"parent":0,"menu_order":0,"comment_status":"closed","ping_status":"closed","template":"","meta":{"footnotes":""},"yoast_head":"<!-- This site is optimized with the Yoast SEO plugin v22.8 - https:\/\/yoast.com\/wordpress\/plugins\/seo\/ -->\n<title>Compradores de Casa de Austin: Compramos y Vendemos casas r\u00e1pidamente en Austin<\/title>\n<meta name=\"description\" content=\"Llame a Texas Home Offers de Austin @512-872-5633 para una venta r\u00e1pida de su casa\" \/>\n<meta name=\"robots\" content=\"index, follow, max-snippet:-1, max-image-preview:large, max-video-preview:-1\" \/>\n<link rel=\"canonical\" href=\"https:\/\/texashomeoffers.com\/es\/austin-2\/\" \/>\n<meta property=\"og:locale\" content=\"es_ES\" \/>\n<meta property=\"og:type\" content=\"article\" \/>\n<meta property=\"og:title\" content=\"Compradores de Casa de Austin: Compramos y Vendemos casas r\u00e1pidamente en Austin\" \/>\n<meta property=\"og:description\" content=\"Llame a Texas Home Offers de Austin @512-872-5633 para una venta r\u00e1pida de su casa\" \/>\n<meta property=\"og:url\" content=\"https:\/\/texashomeoffers.com\/es\/austin-2\/\" \/>\n<meta property=\"og:site_name\" content=\"Texas Home Offers\" \/>\n<meta property=\"og:image\" content=\"https:\/\/texashomeoffers.com\/wp-content\/uploads\/2015\/07\/austin.png\" \/>\n<meta name=\"twitter:card\" content=\"summary_large_image\" \/>\n<meta name=\"twitter:label1\" content=\"Tiempo de lectura\" \/>\n\t<meta name=\"twitter:data1\" content=\"5 minutos\" \/>\n<script type=\"application\/ld+json\" class=\"yoast-schema-graph\">{\"@context\":\"https:\/\/schema.org\",\"@graph\":[{\"@type\":\"WebPage\",\"@id\":\"https:\/\/texashomeoffers.com\/es\/austin-2\/\",\"url\":\"https:\/\/texashomeoffers.com\/es\/austin-2\/\",\"name\":\"Compradores de Casa de Austin: Compramos y Vendemos casas r\u00e1pidamente en Austin\",\"isPartOf\":{\"@id\":\"https:\/\/texashomeoffers.com\/#website\"},\"primaryImageOfPage\":{\"@id\":\"https:\/\/texashomeoffers.com\/es\/austin-2\/#primaryimage\"},\"image\":{\"@id\":\"https:\/\/texashomeoffers.com\/es\/austin-2\/#primaryimage\"},\"thumbnailUrl\":\"https:\/\/texashomeoffers.com\/wp-content\/uploads\/2015\/07\/austin.png\",\"datePublished\":\"2016-11-13T02:28:15+00:00\",\"dateModified\":\"2016-11-13T02:28:15+00:00\",\"description\":\"Llame a Texas Home Offers de Austin @512-872-5633 para una venta r\u00e1pida de su casa\",\"breadcrumb\":{\"@id\":\"https:\/\/texashomeoffers.com\/es\/austin-2\/#breadcrumb\"},\"inLanguage\":\"es\",\"potentialAction\":[{\"@type\":\"ReadAction\",\"target\":[\"https:\/\/texashomeoffers.com\/es\/austin-2\/\"]}]},{\"@type\":\"ImageObject\",\"inLanguage\":\"es\",\"@id\":\"https:\/\/texashomeoffers.com\/es\/austin-2\/#primaryimage\",\"url\":\"https:\/\/texashomeoffers.com\/wp-content\/uploads\/2015\/07\/austin.png\",\"contentUrl\":\"https:\/\/texashomeoffers.com\/wp-content\/uploads\/2015\/07\/austin.png\"},{\"@type\":\"BreadcrumbList\",\"@id\":\"https:\/\/texashomeoffers.com\/es\/austin-2\/#breadcrumb\",\"itemListElement\":[{\"@type\":\"ListItem\",\"position\":1,\"name\":\"Home\",\"item\":\"https:\/\/texashomeoffers.com\/es\/\"},{\"@type\":\"ListItem\",\"position\":2,\"name\":\"Austin\"}]},{\"@type\":\"WebSite\",\"@id\":\"https:\/\/texashomeoffers.com\/#website\",\"url\":\"https:\/\/texashomeoffers.com\/\",\"name\":\"Texas Home Offers\",\"description\":\"\",\"publisher\":{\"@id\":\"https:\/\/texashomeoffers.com\/#organization\"},\"potentialAction\":[{\"@type\":\"SearchAction\",\"target\":{\"@type\":\"EntryPoint\",\"urlTemplate\":\"https:\/\/texashomeoffers.com\/?s={search_term_string}\"},\"query-input\":\"required name=search_term_string\"}],\"inLanguage\":\"es\"},{\"@type\":\"Organization\",\"@id\":\"https:\/\/texashomeoffers.com\/#organization\",\"name\":\"Texas Home Offers\",\"url\":\"https:\/\/texashomeoffers.com\/\",\"logo\":{\"@type\":\"ImageObject\",\"inLanguage\":\"es\",\"@id\":\"https:\/\/texashomeoffers.com\/#\/schema\/logo\/image\/\",\"url\":\"https:\/\/texashomeoffers.com\/wp-content\/uploads\/2015\/04\/logo.png\",\"contentUrl\":\"https:\/\/texashomeoffers.com\/wp-content\/uploads\/2015\/04\/logo.png\",\"width\":442,\"height\":132,\"caption\":\"Texas Home Offers\"},\"image\":{\"@id\":\"https:\/\/texashomeoffers.com\/#\/schema\/logo\/image\/\"}}]}<\/script>\n<!-- \/ Yoast SEO plugin. -->","yoast_head_json":{"title":"Compradores de Casa de Austin: Compramos y Vendemos casas r\u00e1pidamente en Austin","description":"Llame a Texas Home Offers de Austin @512-872-5633 para una venta r\u00e1pida de su casa","robots":{"index":"index","follow":"follow","max-snippet":"max-snippet:-1","max-image-preview":"max-image-preview:large","max-video-preview":"max-video-preview:-1"},"canonical":"https:\/\/texashomeoffers.com\/es\/austin-2\/","og_locale":"es_ES","og_type":"article","og_title":"Compradores de Casa de Austin: Compramos y Vendemos casas r\u00e1pidamente en Austin","og_description":"Llame a Texas Home Offers de Austin @512-872-5633 para una venta r\u00e1pida de su casa","og_url":"https:\/\/texashomeoffers.com\/es\/austin-2\/","og_site_name":"Texas Home Offers","og_image":[{"url":"https:\/\/texashomeoffers.com\/wp-content\/uploads\/2015\/07\/austin.png"}],"twitter_card":"summary_large_image","twitter_misc":{"Tiempo de lectura":"5 minutos"},"schema":{"@context":"https:\/\/schema.org","@graph":[{"@type":"WebPage","@id":"https:\/\/texashomeoffers.com\/es\/austin-2\/","url":"https:\/\/texashomeoffers.com\/es\/austin-2\/","name":"Compradores de Casa de Austin: Compramos y Vendemos casas r\u00e1pidamente en Austin","isPartOf":{"@id":"https:\/\/texashomeoffers.com\/#website"},"primaryImageOfPage":{"@id":"https:\/\/texashomeoffers.com\/es\/austin-2\/#primaryimage"},"image":{"@id":"https:\/\/texashomeoffers.com\/es\/austin-2\/#primaryimage"},"thumbnailUrl":"https:\/\/texashomeoffers.com\/wp-content\/uploads\/2015\/07\/austin.png","datePublished":"2016-11-13T02:28:15+00:00","dateModified":"2016-11-13T02:28:15+00:00","description":"Llame a Texas Home Offers de Austin @512-872-5633 para una venta r\u00e1pida de su casa","breadcrumb":{"@id":"https:\/\/texashomeoffers.com\/es\/austin-2\/#breadcrumb"},"inLanguage":"es","potentialAction":[{"@type":"ReadAction","target":["https:\/\/texashomeoffers.com\/es\/austin-2\/"]}]},{"@type":"ImageObject","inLanguage":"es","@id":"https:\/\/texashomeoffers.com\/es\/austin-2\/#primaryimage","url":"https:\/\/texashomeoffers.com\/wp-content\/uploads\/2015\/07\/austin.png","contentUrl":"https:\/\/texashomeoffers.com\/wp-content\/uploads\/2015\/07\/austin.png"},{"@type":"BreadcrumbList","@id":"https:\/\/texashomeoffers.com\/es\/austin-2\/#breadcrumb","itemListElement":[{"@type":"ListItem","position":1,"name":"Home","item":"https:\/\/texashomeoffers.com\/es\/"},{"@type":"ListItem","position":2,"name":"Austin"}]},{"@type":"WebSite","@id":"https:\/\/texashomeoffers.com\/#website","url":"https:\/\/texashomeoffers.com\/","name":"Texas Home Offers","description":"","publisher":{"@id":"https:\/\/texashomeoffers.com\/#organization"},"potentialAction":[{"@type":"SearchAction","target":{"@type":"EntryPoint","urlTemplate":"https:\/\/texashomeoffers.com\/?s={search_term_string}"},"query-input":"required name=search_term_string"}],"inLanguage":"es"},{"@type":"Organization","@id":"https:\/\/texashomeoffers.com\/#organization","name":"Texas Home Offers","url":"https:\/\/texashomeoffers.com\/","logo":{"@type":"ImageObject","inLanguage":"es","@id":"https:\/\/texashomeoffers.com\/#\/schema\/logo\/image\/","url":"https:\/\/texashomeoffers.com\/wp-content\/uploads\/2015\/04\/logo.png","contentUrl":"https:\/\/texashomeoffers.com\/wp-content\/uploads\/2015\/04\/logo.png","width":442,"height":132,"caption":"Texas Home Offers"},"image":{"@id":"https:\/\/texashomeoffers.com\/#\/schema\/logo\/image\/"}}]}},"jetpack_sharing_enabled":true,"_links":{"self":[{"href":"https:\/\/texashomeoffers.com\/es\/wp-json\/wp\/v2\/pages\/1278\/"}],"collection":[{"href":"https:\/\/texashomeoffers.com\/es\/wp-json\/wp\/v2\/pages\/"}],"about":[{"href":"https:\/\/texashomeoffers.com\/es\/wp-json\/wp\/v2\/types\/page\/"}],"author":[{"embeddable":true,"href":"https:\/\/texashomeoffers.com\/es\/wp-json\/wp\/v2\/users\/11\/"}],"replies":[{"embeddable":true,"href":"https:\/\/texashomeoffers.com\/es\/wp-json\/wp\/v2\/comments\/?post=1278"}],"version-history":[{"count":0,"href":"https:\/\/texashomeoffers.com\/es\/wp-json\/wp\/v2\/pages\/1278\/revisions\/"}],"wp:attachment":[{"href":"https:\/\/texashomeoffers.com\/es\/wp-json\/wp\/v2\/media\/?parent=1278"}],"curies":[{"name":"wp","href":"https:\/\/api.w.org\/{rel}","templated":true}]}}