{"id":1279,"date":"2016-11-12T21:37:28","date_gmt":"2016-11-13T02:37:28","guid":{"rendered":"https:\/\/texashomeoffers.com\/es\/recursos\/"},"modified":"2016-11-12T21:37:28","modified_gmt":"2016-11-13T02:37:28","slug":"recursos","status":"publish","type":"page","link":"https:\/\/texashomeoffers.com\/es\/recursos\/","title":{"rendered":"Recursos"},"content":{"rendered":"<p><span data-sheets-userformat=\"[null,null,8769,[null,0],null,null,null,null,null,0,null,null,0,null,null,null,9]\" data-sheets-value=\"[null,2,&quot;driveway pavers&quot;]\"><a href=\"http:\/\/www.kaplanpaving.com\/\">Pavimentadora de Entrada<\/a>\u00a0: \u00a0Estamos basados en Libertyville, IL. \u00a0Ofrecemos un gran rango de servicios incluyendo pavimentar, llenado de grietas, reparaciones de asfalto, asfalto decorativo, aplanados ,reemplazo de calzada, pavimentaci\u00f3n de estacionamiento, rayado o cebrado y m\u00e1s.<\/span><\/p>\n<p><a href=\"http:\/\/generalcontractorinsantabarbara.com\/\">Contratistas de Santa Barbara<\/a> :- Sala de contrataci\u00f3n es un servicio completo contratista General que ofrece una amplia gama de conocimientos a clientes residenciales, comerciales e industriales a lo largo de la Costa Central.<\/p>\n<h2 style=\"text-align: center;\">Nuestros Socios Locales<\/h2>\n<p><a href=\"http:\/\/www.veterancardonations.org\/veteran-car-donations-denver-colorado\/\">Donate Car Denver<\/a> :- Cuando usted necesita deshacerse de un veh\u00edculo motor mayores, nos llama usted obtendr\u00e1 esa deducci\u00f3n de la donaci\u00f3n de coche y ayudan a proporcionar asistencia vital a nuestros veteranos de las Naciones Unidas, militares activos y sus familias<\/p>\n<p><a href=\"http:\/\/www.veterancardonations.org\/veteran-car-donation-houston-texas\/\">Car Donation Houston<\/a>\u00a0:- Cuando usted hace una donaci\u00f3n de veh\u00edculo a trav\u00e9s de donaciones de coche para veteranos, te est\u00e1s ayudando a ti mismo y \u00a0a proporcionar asistencia vital a los veteranos, as\u00ed como a personal militar activo y sus familias<\/p>\n","protected":false},"excerpt":{"rendered":"<p>Pavimentadora de Entrada\u00a0: \u00a0Estamos basados en Libertyville, IL. \u00a0Ofrecemos un gran rango de servicios incluyendo pavimentar, llenado de grietas, reparaciones de asfalto, asfalto decorativo, aplanados ,reemplazo de calzada, pavimentaci\u00f3n de estacionamiento, rayado o cebrado y m\u00e1s. Contratistas de Santa Barbara&#8230; <a class=\"read-more\" href=\"https:\/\/texashomeoffers.com\/es\/recursos\/\">Read more<\/a><\/p>\n","protected":false},"author":0,"featured_media":0,"parent":0,"menu_order":0,"comment_status":"closed","ping_status":"closed","template":"","meta":{"footnotes":""},"yoast_head":"<!-- This site is optimized with the Yoast SEO plugin v22.8 - https:\/\/yoast.com\/wordpress\/plugins\/seo\/ -->\n<title>Recursos<\/title>\n<meta name=\"robots\" content=\"index, follow, max-snippet:-1, max-image-preview:large, max-video-preview:-1\" \/>\n<link rel=\"canonical\" href=\"https:\/\/texashomeoffers.com\/es\/recursos\/\" \/>\n<meta property=\"og:locale\" content=\"es_ES\" \/>\n<meta property=\"og:type\" content=\"article\" \/>\n<meta property=\"og:title\" content=\"Recursos\" \/>\n<meta property=\"og:description\" content=\"Pavimentadora de Entrada\u00a0: \u00a0Estamos basados en Libertyville, IL. \u00a0Ofrecemos un gran rango de servicios incluyendo pavimentar, llenado de grietas, reparaciones de asfalto, asfalto decorativo, aplanados ,reemplazo de calzada, pavimentaci\u00f3n de estacionamiento, rayado o cebrado y m\u00e1s. Contratistas de Santa Barbara... Read more\" \/>\n<meta property=\"og:url\" content=\"https:\/\/texashomeoffers.com\/es\/recursos\/\" \/>\n<meta property=\"og:site_name\" content=\"Texas Home Offers\" \/>\n<meta name=\"twitter:card\" content=\"summary_large_image\" \/>\n<meta name=\"twitter:label1\" content=\"Tiempo de lectura\" \/>\n\t<meta name=\"twitter:data1\" content=\"1 minuto\" \/>\n<script type=\"application\/ld+json\" class=\"yoast-schema-graph\">{\"@context\":\"https:\/\/schema.org\",\"@graph\":[{\"@type\":\"WebPage\",\"@id\":\"https:\/\/texashomeoffers.com\/es\/recursos\/\",\"url\":\"https:\/\/texashomeoffers.com\/es\/recursos\/\",\"name\":\"Recursos\",\"isPartOf\":{\"@id\":\"https:\/\/texashomeoffers.com\/#website\"},\"datePublished\":\"2016-11-13T02:37:28+00:00\",\"dateModified\":\"2016-11-13T02:37:28+00:00\",\"breadcrumb\":{\"@id\":\"https:\/\/texashomeoffers.com\/es\/recursos\/#breadcrumb\"},\"inLanguage\":\"es\",\"potentialAction\":[{\"@type\":\"ReadAction\",\"target\":[\"https:\/\/texashomeoffers.com\/es\/recursos\/\"]}]},{\"@type\":\"BreadcrumbList\",\"@id\":\"https:\/\/texashomeoffers.com\/es\/recursos\/#breadcrumb\",\"itemListElement\":[{\"@type\":\"ListItem\",\"position\":1,\"name\":\"Home\",\"item\":\"https:\/\/texashomeoffers.com\/es\/\"},{\"@type\":\"ListItem\",\"position\":2,\"name\":\"Recursos\"}]},{\"@type\":\"WebSite\",\"@id\":\"https:\/\/texashomeoffers.com\/#website\",\"url\":\"https:\/\/texashomeoffers.com\/\",\"name\":\"Texas Home Offers\",\"description\":\"\",\"publisher\":{\"@id\":\"https:\/\/texashomeoffers.com\/#organization\"},\"potentialAction\":[{\"@type\":\"SearchAction\",\"target\":{\"@type\":\"EntryPoint\",\"urlTemplate\":\"https:\/\/texashomeoffers.com\/?s={search_term_string}\"},\"query-input\":\"required name=search_term_string\"}],\"inLanguage\":\"es\"},{\"@type\":\"Organization\",\"@id\":\"https:\/\/texashomeoffers.com\/#organization\",\"name\":\"Texas Home Offers\",\"url\":\"https:\/\/texashomeoffers.com\/\",\"logo\":{\"@type\":\"ImageObject\",\"inLanguage\":\"es\",\"@id\":\"https:\/\/texashomeoffers.com\/#\/schema\/logo\/image\/\",\"url\":\"https:\/\/texashomeoffers.com\/wp-content\/uploads\/2015\/04\/logo.png\",\"contentUrl\":\"https:\/\/texashomeoffers.com\/wp-content\/uploads\/2015\/04\/logo.png\",\"width\":442,\"height\":132,\"caption\":\"Texas Home Offers\"},\"image\":{\"@id\":\"https:\/\/texashomeoffers.com\/#\/schema\/logo\/image\/\"}}]}<\/script>\n<!-- \/ Yoast SEO plugin. -->","yoast_head_json":{"title":"Recursos","robots":{"index":"index","follow":"follow","max-snippet":"max-snippet:-1","max-image-preview":"max-image-preview:large","max-video-preview":"max-video-preview:-1"},"canonical":"https:\/\/texashomeoffers.com\/es\/recursos\/","og_locale":"es_ES","og_type":"article","og_title":"Recursos","og_description":"Pavimentadora de Entrada\u00a0: \u00a0Estamos basados en Libertyville, IL. \u00a0Ofrecemos un gran rango de servicios incluyendo pavimentar, llenado de grietas, reparaciones de asfalto, asfalto decorativo, aplanados ,reemplazo de calzada, pavimentaci\u00f3n de estacionamiento, rayado o cebrado y m\u00e1s. Contratistas de Santa Barbara... Read more","og_url":"https:\/\/texashomeoffers.com\/es\/recursos\/","og_site_name":"Texas Home Offers","twitter_card":"summary_large_image","twitter_misc":{"Tiempo de lectura":"1 minuto"},"schema":{"@context":"https:\/\/schema.org","@graph":[{"@type":"WebPage","@id":"https:\/\/texashomeoffers.com\/es\/recursos\/","url":"https:\/\/texashomeoffers.com\/es\/recursos\/","name":"Recursos","isPartOf":{"@id":"https:\/\/texashomeoffers.com\/#website"},"datePublished":"2016-11-13T02:37:28+00:00","dateModified":"2016-11-13T02:37:28+00:00","breadcrumb":{"@id":"https:\/\/texashomeoffers.com\/es\/recursos\/#breadcrumb"},"inLanguage":"es","potentialAction":[{"@type":"ReadAction","target":["https:\/\/texashomeoffers.com\/es\/recursos\/"]}]},{"@type":"BreadcrumbList","@id":"https:\/\/texashomeoffers.com\/es\/recursos\/#breadcrumb","itemListElement":[{"@type":"ListItem","position":1,"name":"Home","item":"https:\/\/texashomeoffers.com\/es\/"},{"@type":"ListItem","position":2,"name":"Recursos"}]},{"@type":"WebSite","@id":"https:\/\/texashomeoffers.com\/#website","url":"https:\/\/texashomeoffers.com\/","name":"Texas Home Offers","description":"","publisher":{"@id":"https:\/\/texashomeoffers.com\/#organization"},"potentialAction":[{"@type":"SearchAction","target":{"@type":"EntryPoint","urlTemplate":"https:\/\/texashomeoffers.com\/?s={search_term_string}"},"query-input":"required name=search_term_string"}],"inLanguage":"es"},{"@type":"Organization","@id":"https:\/\/texashomeoffers.com\/#organization","name":"Texas Home Offers","url":"https:\/\/texashomeoffers.com\/","logo":{"@type":"ImageObject","inLanguage":"es","@id":"https:\/\/texashomeoffers.com\/#\/schema\/logo\/image\/","url":"https:\/\/texashomeoffers.com\/wp-content\/uploads\/2015\/04\/logo.png","contentUrl":"https:\/\/texashomeoffers.com\/wp-content\/uploads\/2015\/04\/logo.png","width":442,"height":132,"caption":"Texas Home Offers"},"image":{"@id":"https:\/\/texashomeoffers.com\/#\/schema\/logo\/image\/"}}]}},"jetpack_sharing_enabled":true,"_links":{"self":[{"href":"https:\/\/texashomeoffers.com\/es\/wp-json\/wp\/v2\/pages\/1279\/"}],"collection":[{"href":"https:\/\/texashomeoffers.com\/es\/wp-json\/wp\/v2\/pages\/"}],"about":[{"href":"https:\/\/texashomeoffers.com\/es\/wp-json\/wp\/v2\/types\/page\/"}],"replies":[{"embeddable":true,"href":"https:\/\/texashomeoffers.com\/es\/wp-json\/wp\/v2\/comments\/?post=1279"}],"version-history":[{"count":0,"href":"https:\/\/texashomeoffers.com\/es\/wp-json\/wp\/v2\/pages\/1279\/revisions\/"}],"wp:attachment":[{"href":"https:\/\/texashomeoffers.com\/es\/wp-json\/wp\/v2\/media\/?parent=1279"}],"curies":[{"name":"wp","href":"https:\/\/api.w.org\/{rel}","templated":true}]}}