{"id":1280,"date":"2016-11-12T21:54:47","date_gmt":"2016-11-13T02:54:47","guid":{"rendered":"https:\/\/texashomeoffers.com\/es\/houston-ppc\/"},"modified":"2016-11-12T21:59:26","modified_gmt":"2016-11-13T02:59:26","slug":"houston-ppc","status":"publish","type":"page","link":"https:\/\/texashomeoffers.com\/es\/houston-ppc\/","title":{"rendered":"Houston PPC"},"content":{"rendered":"<h1>COMPRAMOS CUALQUIER CASA EN CUALQUIER CONDICI\u00d3N &#8230; \u00a1R\u00c1PIDAMENTE!<\/h1>\n<h2>\u00bfQuieres vender tu casa r\u00e1pido, sin tarifas, sin agentes, y sin comisiones ?<\/h2>\n<p>Compramos casas en el \u00e1rea de Houston todas las semanas. \u00a1Llamanos!<\/p>\n<p><img decoding=\"async\" src=\"https:\/\/texashomeoffers.com\/wp-content\/uploads\/2015\/07\/houston.png\" alt=\"We Buy Houses Houston\" \/><\/p>\n<p><strong>\u00bfTienes una casa que necesite reparaciones masivas?\u00a0<\/strong><br \/>\nNos especializamos en reparaciones profundas. Podemos comprar tu casa tal como est\u00e1.<\/p>\n<p><strong>\u00bfProblemas con los pagos?<\/strong><br \/>\nPodemos ayudarte a detener esos cobros al comprar tu casa r\u00e1pidamente sin costos ni lios.<\/p>\n<p><b>\u00bfHeredaste una casa que quieres vender?<\/b><br \/>\nHacemos f\u00e1cil vender casas heredadas, aunque vivas fuera de la ciudad.<\/p>\n<p><a style=\"font-size: 35px;\" href=\"tel:18449332225\"><img loading=\"lazy\" decoding=\"async\" class=\"alignnone\" src=\"https:\/\/texashomeoffers.com\/wp-content\/uploads\/2015\/07\/THO_number.png\" width=\"620\" height=\"64\" \/><\/a><\/p>\n<h2>Queremos Comprar tu Casa Hoy, \u00a1Por Efectivo!<\/h2>\n<p>Hemos comprado mas de 100 propiedades a propietarios como tu, aqu\u00ed en Houston.<\/p>\n<p>No somos una red de remisiones, somos inversores inmobiliarios locales en Houston que han creado la forma m\u00e1s efectiva para ayudar a los propietarios a vender sus casas r\u00e1pidamente, a un precio justo en efectivo.<\/p>\n<p>La venta de su casa puede ser caro y complicado. Agentes de bienes ra\u00edces cobrar\u00e1n miles o decenas de miles de d\u00f3lares por una sola venta. Quitamos el estr\u00e9s de vender su propiedad.<\/p>\n<h3>Llama al\u00a0<a href=\"tel:18449332225\">(844) 933-2225<\/a>\u00a0o llena el formulario arriba para obtener una oferta justa.<\/h3>\n","protected":false},"excerpt":{"rendered":"<p>COMPRAMOS CUALQUIER CASA EN CUALQUIER CONDICI\u00d3N &#8230; \u00a1R\u00c1PIDAMENTE! \u00bfQuieres vender tu casa r\u00e1pido, sin tarifas, sin agentes, y sin comisiones ? Compramos casas en el \u00e1rea de Houston todas las semanas. \u00a1Llamanos! \u00bfTienes una casa que necesite reparaciones masivas?\u00a0 Nos&#8230; <a class=\"read-more\" href=\"https:\/\/texashomeoffers.com\/es\/houston-ppc\/\">Read more<\/a><\/p>\n","protected":false},"author":7,"featured_media":0,"parent":0,"menu_order":0,"comment_status":"closed","ping_status":"closed","template":"page-iptarget.php","meta":{"footnotes":""},"yoast_head":"<!-- This site is optimized with the Yoast SEO plugin v22.8 - https:\/\/yoast.com\/wordpress\/plugins\/seo\/ -->\n<title>Houston PPC<\/title>\n<meta name=\"robots\" content=\"index, follow, max-snippet:-1, max-image-preview:large, max-video-preview:-1\" \/>\n<link rel=\"canonical\" href=\"https:\/\/texashomeoffers.com\/es\/houston-ppc\/\" \/>\n<meta property=\"og:locale\" content=\"es_ES\" \/>\n<meta property=\"og:type\" content=\"article\" \/>\n<meta property=\"og:title\" content=\"Houston PPC\" \/>\n<meta property=\"og:description\" content=\"COMPRAMOS CUALQUIER CASA EN CUALQUIER CONDICI\u00d3N &#8230; \u00a1R\u00c1PIDAMENTE! \u00bfQuieres vender tu casa r\u00e1pido, sin tarifas, sin agentes, y sin comisiones ? Compramos casas en el \u00e1rea de Houston todas las semanas. \u00a1Llamanos! \u00bfTienes una casa que necesite reparaciones masivas?\u00a0 Nos... Read more\" \/>\n<meta property=\"og:url\" content=\"https:\/\/texashomeoffers.com\/es\/houston-ppc\/\" \/>\n<meta property=\"og:site_name\" content=\"Texas Home Offers\" \/>\n<meta property=\"article:modified_time\" content=\"2016-11-13T02:59:26+00:00\" \/>\n<meta property=\"og:image\" content=\"https:\/\/texashomeoffers.com\/wp-content\/uploads\/2015\/07\/houston.png\" \/>\n<meta name=\"twitter:card\" content=\"summary_large_image\" \/>\n<meta name=\"twitter:label1\" content=\"Tiempo de lectura\" \/>\n\t<meta name=\"twitter:data1\" content=\"1 minuto\" \/>\n<script type=\"application\/ld+json\" class=\"yoast-schema-graph\">{\"@context\":\"https:\/\/schema.org\",\"@graph\":[{\"@type\":\"WebPage\",\"@id\":\"https:\/\/texashomeoffers.com\/es\/houston-ppc\/\",\"url\":\"https:\/\/texashomeoffers.com\/es\/houston-ppc\/\",\"name\":\"Houston PPC\",\"isPartOf\":{\"@id\":\"https:\/\/texashomeoffers.com\/#website\"},\"primaryImageOfPage\":{\"@id\":\"https:\/\/texashomeoffers.com\/es\/houston-ppc\/#primaryimage\"},\"image\":{\"@id\":\"https:\/\/texashomeoffers.com\/es\/houston-ppc\/#primaryimage\"},\"thumbnailUrl\":\"https:\/\/texashomeoffers.com\/wp-content\/uploads\/2015\/07\/houston.png\",\"datePublished\":\"2016-11-13T02:54:47+00:00\",\"dateModified\":\"2016-11-13T02:59:26+00:00\",\"breadcrumb\":{\"@id\":\"https:\/\/texashomeoffers.com\/es\/houston-ppc\/#breadcrumb\"},\"inLanguage\":\"es\",\"potentialAction\":[{\"@type\":\"ReadAction\",\"target\":[\"https:\/\/texashomeoffers.com\/es\/houston-ppc\/\"]}]},{\"@type\":\"ImageObject\",\"inLanguage\":\"es\",\"@id\":\"https:\/\/texashomeoffers.com\/es\/houston-ppc\/#primaryimage\",\"url\":\"https:\/\/texashomeoffers.com\/wp-content\/uploads\/2015\/07\/houston.png\",\"contentUrl\":\"https:\/\/texashomeoffers.com\/wp-content\/uploads\/2015\/07\/houston.png\"},{\"@type\":\"BreadcrumbList\",\"@id\":\"https:\/\/texashomeoffers.com\/es\/houston-ppc\/#breadcrumb\",\"itemListElement\":[{\"@type\":\"ListItem\",\"position\":1,\"name\":\"Home\",\"item\":\"https:\/\/texashomeoffers.com\/es\/\"},{\"@type\":\"ListItem\",\"position\":2,\"name\":\"Houston PPC\"}]},{\"@type\":\"WebSite\",\"@id\":\"https:\/\/texashomeoffers.com\/#website\",\"url\":\"https:\/\/texashomeoffers.com\/\",\"name\":\"Texas Home Offers\",\"description\":\"\",\"publisher\":{\"@id\":\"https:\/\/texashomeoffers.com\/#organization\"},\"potentialAction\":[{\"@type\":\"SearchAction\",\"target\":{\"@type\":\"EntryPoint\",\"urlTemplate\":\"https:\/\/texashomeoffers.com\/?s={search_term_string}\"},\"query-input\":\"required name=search_term_string\"}],\"inLanguage\":\"es\"},{\"@type\":\"Organization\",\"@id\":\"https:\/\/texashomeoffers.com\/#organization\",\"name\":\"Texas Home Offers\",\"url\":\"https:\/\/texashomeoffers.com\/\",\"logo\":{\"@type\":\"ImageObject\",\"inLanguage\":\"es\",\"@id\":\"https:\/\/texashomeoffers.com\/#\/schema\/logo\/image\/\",\"url\":\"https:\/\/texashomeoffers.com\/wp-content\/uploads\/2015\/04\/logo.png\",\"contentUrl\":\"https:\/\/texashomeoffers.com\/wp-content\/uploads\/2015\/04\/logo.png\",\"width\":442,\"height\":132,\"caption\":\"Texas Home Offers\"},\"image\":{\"@id\":\"https:\/\/texashomeoffers.com\/#\/schema\/logo\/image\/\"}}]}<\/script>\n<!-- \/ Yoast SEO plugin. -->","yoast_head_json":{"title":"Houston PPC","robots":{"index":"index","follow":"follow","max-snippet":"max-snippet:-1","max-image-preview":"max-image-preview:large","max-video-preview":"max-video-preview:-1"},"canonical":"https:\/\/texashomeoffers.com\/es\/houston-ppc\/","og_locale":"es_ES","og_type":"article","og_title":"Houston PPC","og_description":"COMPRAMOS CUALQUIER CASA EN CUALQUIER CONDICI\u00d3N &#8230; \u00a1R\u00c1PIDAMENTE! \u00bfQuieres vender tu casa r\u00e1pido, sin tarifas, sin agentes, y sin comisiones ? Compramos casas en el \u00e1rea de Houston todas las semanas. \u00a1Llamanos! \u00bfTienes una casa que necesite reparaciones masivas?\u00a0 Nos... Read more","og_url":"https:\/\/texashomeoffers.com\/es\/houston-ppc\/","og_site_name":"Texas Home Offers","article_modified_time":"2016-11-13T02:59:26+00:00","og_image":[{"url":"https:\/\/texashomeoffers.com\/wp-content\/uploads\/2015\/07\/houston.png"}],"twitter_card":"summary_large_image","twitter_misc":{"Tiempo de lectura":"1 minuto"},"schema":{"@context":"https:\/\/schema.org","@graph":[{"@type":"WebPage","@id":"https:\/\/texashomeoffers.com\/es\/houston-ppc\/","url":"https:\/\/texashomeoffers.com\/es\/houston-ppc\/","name":"Houston PPC","isPartOf":{"@id":"https:\/\/texashomeoffers.com\/#website"},"primaryImageOfPage":{"@id":"https:\/\/texashomeoffers.com\/es\/houston-ppc\/#primaryimage"},"image":{"@id":"https:\/\/texashomeoffers.com\/es\/houston-ppc\/#primaryimage"},"thumbnailUrl":"https:\/\/texashomeoffers.com\/wp-content\/uploads\/2015\/07\/houston.png","datePublished":"2016-11-13T02:54:47+00:00","dateModified":"2016-11-13T02:59:26+00:00","breadcrumb":{"@id":"https:\/\/texashomeoffers.com\/es\/houston-ppc\/#breadcrumb"},"inLanguage":"es","potentialAction":[{"@type":"ReadAction","target":["https:\/\/texashomeoffers.com\/es\/houston-ppc\/"]}]},{"@type":"ImageObject","inLanguage":"es","@id":"https:\/\/texashomeoffers.com\/es\/houston-ppc\/#primaryimage","url":"https:\/\/texashomeoffers.com\/wp-content\/uploads\/2015\/07\/houston.png","contentUrl":"https:\/\/texashomeoffers.com\/wp-content\/uploads\/2015\/07\/houston.png"},{"@type":"BreadcrumbList","@id":"https:\/\/texashomeoffers.com\/es\/houston-ppc\/#breadcrumb","itemListElement":[{"@type":"ListItem","position":1,"name":"Home","item":"https:\/\/texashomeoffers.com\/es\/"},{"@type":"ListItem","position":2,"name":"Houston PPC"}]},{"@type":"WebSite","@id":"https:\/\/texashomeoffers.com\/#website","url":"https:\/\/texashomeoffers.com\/","name":"Texas Home Offers","description":"","publisher":{"@id":"https:\/\/texashomeoffers.com\/#organization"},"potentialAction":[{"@type":"SearchAction","target":{"@type":"EntryPoint","urlTemplate":"https:\/\/texashomeoffers.com\/?s={search_term_string}"},"query-input":"required name=search_term_string"}],"inLanguage":"es"},{"@type":"Organization","@id":"https:\/\/texashomeoffers.com\/#organization","name":"Texas Home Offers","url":"https:\/\/texashomeoffers.com\/","logo":{"@type":"ImageObject","inLanguage":"es","@id":"https:\/\/texashomeoffers.com\/#\/schema\/logo\/image\/","url":"https:\/\/texashomeoffers.com\/wp-content\/uploads\/2015\/04\/logo.png","contentUrl":"https:\/\/texashomeoffers.com\/wp-content\/uploads\/2015\/04\/logo.png","width":442,"height":132,"caption":"Texas Home Offers"},"image":{"@id":"https:\/\/texashomeoffers.com\/#\/schema\/logo\/image\/"}}]}},"jetpack_sharing_enabled":true,"_links":{"self":[{"href":"https:\/\/texashomeoffers.com\/es\/wp-json\/wp\/v2\/pages\/1280\/"}],"collection":[{"href":"https:\/\/texashomeoffers.com\/es\/wp-json\/wp\/v2\/pages\/"}],"about":[{"href":"https:\/\/texashomeoffers.com\/es\/wp-json\/wp\/v2\/types\/page\/"}],"author":[{"embeddable":true,"href":"https:\/\/texashomeoffers.com\/es\/wp-json\/wp\/v2\/users\/7\/"}],"replies":[{"embeddable":true,"href":"https:\/\/texashomeoffers.com\/es\/wp-json\/wp\/v2\/comments\/?post=1280"}],"version-history":[{"count":1,"href":"https:\/\/texashomeoffers.com\/es\/wp-json\/wp\/v2\/pages\/1280\/revisions\/"}],"predecessor-version":[{"id":1282,"href":"https:\/\/texashomeoffers.com\/es\/wp-json\/wp\/v2\/pages\/1280\/revisions\/1282\/"}],"wp:attachment":[{"href":"https:\/\/texashomeoffers.com\/es\/wp-json\/wp\/v2\/media\/?parent=1280"}],"curies":[{"name":"wp","href":"https:\/\/api.w.org\/{rel}","templated":true}]}}