{"id":1287,"date":"2016-11-12T23:12:47","date_gmt":"2016-11-13T04:12:47","guid":{"rendered":"https:\/\/texashomeoffers.com\/es\/10-opciones-para-propietarios-que-enfrentan-una-ejecucion-de-hipoteca\/alegar-bancarrota-para-evitar-la-ejecucion-hipotecaria\/"},"modified":"2016-11-12T23:12:47","modified_gmt":"2016-11-13T04:12:47","slug":"alegar-bancarrota-para-evitar-la-ejecucion-hipotecaria","status":"publish","type":"page","link":"https:\/\/texashomeoffers.com\/es\/10-opciones-para-propietarios-que-enfrentan-una-ejecucion-de-hipoteca\/alegar-bancarrota-para-evitar-la-ejecucion-hipotecaria\/","title":{"rendered":"Alegar Bancarrota para Evitar la Ejecuci\u00f3n Hipotecaria"},"content":{"rendered":"<p><center><iframe loading=\"lazy\" src=\"https:\/\/www.youtube.com\/embed\/W1e9TuFLOTY?rel=0\" width=\"480\" height=\"360\" frameborder=\"0\" allowfullscreen=\"allowfullscreen\"><\/iframe><\/center>A pesar de que la bancarrota no remueve autom\u00e1ticamente las hipotecas o otras retenciones sobre tu propiedad por falta de pagos, alegar bancarrota \u00a0para evitar ejecuci\u00f3n de hipoteca puede ser un movimiento valid particularmente si el tiempo extra te permitir\u00e1 ponerte al d\u00eda con tus pagos. Sin embargo, alegar bancarrota es la \u00faltima opci\u00f3n que recomendamos a los propietarios que buscan evitar una ejecuci\u00f3n hipotecaria. Te podr\u00edas sorprender al descubrir que hay muchas m\u00e1s opciones para la mayor\u00eda de los propietarios que enfrentan una hipoteca o retraso en los pagos de su pr\u00e9stamo hipotecario.<\/p>\n<p>\u00a1Aunque la quiebra no puede arreglar todos los problemas de hipoteca! Por ejemplo, \u00a0generalmente no posible eliminar ciertas l\u00edneas de cr\u00e9dito \u00abseguro\u00bb donde se ha llevado una hipoteca u otro gravamen sobre la propiedad como garant\u00eda. En un proceso de quiebra t\u00edpico, puede tener asegurado los prestatarios para aceptar pagos en m\u00e1s tiempo o tal vez eliminan la obligaci\u00f3n de pagar m\u00e1s dinero si su casa se toma, pero generalmente no pueden mantener los bienes en garant\u00eda a menos que usted mantenga pagar el prestamista.<\/p>\n<h2>\u00bfDeclararme en Bancarrota en el cap\u00edtulo 7 de Texas me ayudar\u00e1 a evitar la ejecuci\u00f3n hipotecaria?<\/h2>\n<div id=\"mt-to-es\" class=\"mt-info ms mt-from-en ms-mt-skinny\" lang=\"es-x-mtfrom-en\" data-host=\"translate1.spanishdict.com:80\">\n<div class=\"mt-info-text\">Lamentablemente, si usted quiere mantener la propiedad como un coche o una casa y est\u00e1 atrasados en los pagos, una bancarrota de cap\u00edtulo 7 no puede ser una buena opci\u00f3n para usted. En Texas cap\u00edtulo 7 no suprimir el derecho de los titulares del pr\u00e9stamo de coche o prestamistas para recuperar su propiedad para pagar la deuda de la hipoteca.<\/p>\n<p>La idea general de un cap\u00edtulo 7 quiebra debe cumplir con sus deudas (borr\u00f3n) a cambio de su renunciar a todos los bienes excepto que est\u00e1 \u00abexento\u00bb bajo la ley. En la mayor\u00eda de los casos, todos de su propiedad estar\u00e1n exentos. Pero se vende la propiedad que no est\u00e1 exento, con el dinero distribuido a los acreedores.<\/p>\n<p>Llamar para averiguar m\u00e1s acerca de c\u00f3mo alegar la quiebra para evitar la ejecuci\u00f3n hipotecaria y tambi\u00e9n analizaremos varias mejores opciones para que usted tambi\u00e9n puede calificar.<\/p><\/div>\n<\/div>\n<div class=\"mt-ms-edit-button-row mt-ms-edit-enabled mt-ms-show-edit-button\">\n<div class=\"mt-ms-edit-icon\"><\/div>\n<div class=\"mt-ms-edit\"><\/div>\n<\/div>\n","protected":false},"excerpt":{"rendered":"<p>A pesar de que la bancarrota no remueve autom\u00e1ticamente las hipotecas o otras retenciones sobre tu propiedad por falta de pagos, alegar bancarrota \u00a0para evitar ejecuci\u00f3n de hipoteca puede ser un movimiento valid particularmente si el tiempo extra te permitir\u00e1&#8230; <a class=\"read-more\" href=\"https:\/\/texashomeoffers.com\/es\/10-opciones-para-propietarios-que-enfrentan-una-ejecucion-de-hipoteca\/alegar-bancarrota-para-evitar-la-ejecucion-hipotecaria\/\">Read more<\/a><\/p>\n","protected":false},"author":0,"featured_media":0,"parent":1258,"menu_order":0,"comment_status":"open","ping_status":"open","template":"","meta":{"footnotes":""},"yoast_head":"<!-- This site is optimized with the Yoast SEO plugin v22.8 - https:\/\/yoast.com\/wordpress\/plugins\/seo\/ -->\n<title>Alegar Bancarrota para Evitar la Ejecuci\u00f3n Hipotecaria<\/title>\n<meta name=\"description\" content=\"Llamanos para conocer mas de declararse en quiebra para evitar la ejecuci\u00f3n hipotecaria\" \/>\n<meta name=\"robots\" content=\"index, follow, max-snippet:-1, max-image-preview:large, max-video-preview:-1\" \/>\n<link rel=\"canonical\" href=\"https:\/\/texashomeoffers.com\/es\/10-opciones-para-propietarios-que-enfrentan-una-ejecucion-de-hipoteca\/alegar-bancarrota-para-evitar-la-ejecucion-hipotecaria\/\" \/>\n<meta property=\"og:locale\" content=\"es_ES\" \/>\n<meta property=\"og:type\" content=\"article\" \/>\n<meta property=\"og:title\" content=\"Alegar Bancarrota para Evitar la Ejecuci\u00f3n Hipotecaria\" \/>\n<meta property=\"og:description\" content=\"Llamanos para conocer mas de declararse en quiebra para evitar la ejecuci\u00f3n hipotecaria\" \/>\n<meta property=\"og:url\" content=\"https:\/\/texashomeoffers.com\/es\/10-opciones-para-propietarios-que-enfrentan-una-ejecucion-de-hipoteca\/alegar-bancarrota-para-evitar-la-ejecucion-hipotecaria\/\" \/>\n<meta property=\"og:site_name\" content=\"Texas Home Offers\" \/>\n<meta name=\"twitter:card\" content=\"summary_large_image\" \/>\n<meta name=\"twitter:label1\" content=\"Tiempo de lectura\" \/>\n\t<meta name=\"twitter:data1\" content=\"2 minutos\" \/>\n<script type=\"application\/ld+json\" class=\"yoast-schema-graph\">{\"@context\":\"https:\/\/schema.org\",\"@graph\":[{\"@type\":\"WebPage\",\"@id\":\"https:\/\/texashomeoffers.com\/es\/10-opciones-para-propietarios-que-enfrentan-una-ejecucion-de-hipoteca\/alegar-bancarrota-para-evitar-la-ejecucion-hipotecaria\/\",\"url\":\"https:\/\/texashomeoffers.com\/es\/10-opciones-para-propietarios-que-enfrentan-una-ejecucion-de-hipoteca\/alegar-bancarrota-para-evitar-la-ejecucion-hipotecaria\/\",\"name\":\"Alegar Bancarrota para Evitar la Ejecuci\u00f3n Hipotecaria\",\"isPartOf\":{\"@id\":\"https:\/\/texashomeoffers.com\/#website\"},\"datePublished\":\"2016-11-13T04:12:47+00:00\",\"dateModified\":\"2016-11-13T04:12:47+00:00\",\"description\":\"Llamanos para conocer mas de declararse en quiebra para evitar la ejecuci\u00f3n hipotecaria\",\"breadcrumb\":{\"@id\":\"https:\/\/texashomeoffers.com\/es\/10-opciones-para-propietarios-que-enfrentan-una-ejecucion-de-hipoteca\/alegar-bancarrota-para-evitar-la-ejecucion-hipotecaria\/#breadcrumb\"},\"inLanguage\":\"es\",\"potentialAction\":[{\"@type\":\"ReadAction\",\"target\":[\"https:\/\/texashomeoffers.com\/es\/10-opciones-para-propietarios-que-enfrentan-una-ejecucion-de-hipoteca\/alegar-bancarrota-para-evitar-la-ejecucion-hipotecaria\/\"]}]},{\"@type\":\"BreadcrumbList\",\"@id\":\"https:\/\/texashomeoffers.com\/es\/10-opciones-para-propietarios-que-enfrentan-una-ejecucion-de-hipoteca\/alegar-bancarrota-para-evitar-la-ejecucion-hipotecaria\/#breadcrumb\",\"itemListElement\":[{\"@type\":\"ListItem\",\"position\":1,\"name\":\"Home\",\"item\":\"https:\/\/texashomeoffers.com\/es\/\"},{\"@type\":\"ListItem\",\"position\":2,\"name\":\"10 opciones para propietarios que enfrentan una ejecuci\u00f3n de hipoteca\",\"item\":\"https:\/\/texashomeoffers.com\/es\/10-opciones-para-propietarios-que-enfrentan-una-ejecucion-de-hipoteca\/\"},{\"@type\":\"ListItem\",\"position\":3,\"name\":\"Alegar Bancarrota para Evitar la Ejecuci\u00f3n Hipotecaria\"}]},{\"@type\":\"WebSite\",\"@id\":\"https:\/\/texashomeoffers.com\/#website\",\"url\":\"https:\/\/texashomeoffers.com\/\",\"name\":\"Texas Home Offers\",\"description\":\"\",\"publisher\":{\"@id\":\"https:\/\/texashomeoffers.com\/#organization\"},\"potentialAction\":[{\"@type\":\"SearchAction\",\"target\":{\"@type\":\"EntryPoint\",\"urlTemplate\":\"https:\/\/texashomeoffers.com\/?s={search_term_string}\"},\"query-input\":\"required name=search_term_string\"}],\"inLanguage\":\"es\"},{\"@type\":\"Organization\",\"@id\":\"https:\/\/texashomeoffers.com\/#organization\",\"name\":\"Texas Home Offers\",\"url\":\"https:\/\/texashomeoffers.com\/\",\"logo\":{\"@type\":\"ImageObject\",\"inLanguage\":\"es\",\"@id\":\"https:\/\/texashomeoffers.com\/#\/schema\/logo\/image\/\",\"url\":\"https:\/\/texashomeoffers.com\/wp-content\/uploads\/2015\/04\/logo.png\",\"contentUrl\":\"https:\/\/texashomeoffers.com\/wp-content\/uploads\/2015\/04\/logo.png\",\"width\":442,\"height\":132,\"caption\":\"Texas Home Offers\"},\"image\":{\"@id\":\"https:\/\/texashomeoffers.com\/#\/schema\/logo\/image\/\"}}]}<\/script>\n<!-- \/ Yoast SEO plugin. -->","yoast_head_json":{"title":"Alegar Bancarrota para Evitar la Ejecuci\u00f3n Hipotecaria","description":"Llamanos para conocer mas de declararse en quiebra para evitar la ejecuci\u00f3n hipotecaria","robots":{"index":"index","follow":"follow","max-snippet":"max-snippet:-1","max-image-preview":"max-image-preview:large","max-video-preview":"max-video-preview:-1"},"canonical":"https:\/\/texashomeoffers.com\/es\/10-opciones-para-propietarios-que-enfrentan-una-ejecucion-de-hipoteca\/alegar-bancarrota-para-evitar-la-ejecucion-hipotecaria\/","og_locale":"es_ES","og_type":"article","og_title":"Alegar Bancarrota para Evitar la Ejecuci\u00f3n Hipotecaria","og_description":"Llamanos para conocer mas de declararse en quiebra para evitar la ejecuci\u00f3n hipotecaria","og_url":"https:\/\/texashomeoffers.com\/es\/10-opciones-para-propietarios-que-enfrentan-una-ejecucion-de-hipoteca\/alegar-bancarrota-para-evitar-la-ejecucion-hipotecaria\/","og_site_name":"Texas Home Offers","twitter_card":"summary_large_image","twitter_misc":{"Tiempo de lectura":"2 minutos"},"schema":{"@context":"https:\/\/schema.org","@graph":[{"@type":"WebPage","@id":"https:\/\/texashomeoffers.com\/es\/10-opciones-para-propietarios-que-enfrentan-una-ejecucion-de-hipoteca\/alegar-bancarrota-para-evitar-la-ejecucion-hipotecaria\/","url":"https:\/\/texashomeoffers.com\/es\/10-opciones-para-propietarios-que-enfrentan-una-ejecucion-de-hipoteca\/alegar-bancarrota-para-evitar-la-ejecucion-hipotecaria\/","name":"Alegar Bancarrota para Evitar la Ejecuci\u00f3n Hipotecaria","isPartOf":{"@id":"https:\/\/texashomeoffers.com\/#website"},"datePublished":"2016-11-13T04:12:47+00:00","dateModified":"2016-11-13T04:12:47+00:00","description":"Llamanos para conocer mas de declararse en quiebra para evitar la ejecuci\u00f3n hipotecaria","breadcrumb":{"@id":"https:\/\/texashomeoffers.com\/es\/10-opciones-para-propietarios-que-enfrentan-una-ejecucion-de-hipoteca\/alegar-bancarrota-para-evitar-la-ejecucion-hipotecaria\/#breadcrumb"},"inLanguage":"es","potentialAction":[{"@type":"ReadAction","target":["https:\/\/texashomeoffers.com\/es\/10-opciones-para-propietarios-que-enfrentan-una-ejecucion-de-hipoteca\/alegar-bancarrota-para-evitar-la-ejecucion-hipotecaria\/"]}]},{"@type":"BreadcrumbList","@id":"https:\/\/texashomeoffers.com\/es\/10-opciones-para-propietarios-que-enfrentan-una-ejecucion-de-hipoteca\/alegar-bancarrota-para-evitar-la-ejecucion-hipotecaria\/#breadcrumb","itemListElement":[{"@type":"ListItem","position":1,"name":"Home","item":"https:\/\/texashomeoffers.com\/es\/"},{"@type":"ListItem","position":2,"name":"10 opciones para propietarios que enfrentan una ejecuci\u00f3n de hipoteca","item":"https:\/\/texashomeoffers.com\/es\/10-opciones-para-propietarios-que-enfrentan-una-ejecucion-de-hipoteca\/"},{"@type":"ListItem","position":3,"name":"Alegar Bancarrota para Evitar la Ejecuci\u00f3n Hipotecaria"}]},{"@type":"WebSite","@id":"https:\/\/texashomeoffers.com\/#website","url":"https:\/\/texashomeoffers.com\/","name":"Texas Home Offers","description":"","publisher":{"@id":"https:\/\/texashomeoffers.com\/#organization"},"potentialAction":[{"@type":"SearchAction","target":{"@type":"EntryPoint","urlTemplate":"https:\/\/texashomeoffers.com\/?s={search_term_string}"},"query-input":"required name=search_term_string"}],"inLanguage":"es"},{"@type":"Organization","@id":"https:\/\/texashomeoffers.com\/#organization","name":"Texas Home Offers","url":"https:\/\/texashomeoffers.com\/","logo":{"@type":"ImageObject","inLanguage":"es","@id":"https:\/\/texashomeoffers.com\/#\/schema\/logo\/image\/","url":"https:\/\/texashomeoffers.com\/wp-content\/uploads\/2015\/04\/logo.png","contentUrl":"https:\/\/texashomeoffers.com\/wp-content\/uploads\/2015\/04\/logo.png","width":442,"height":132,"caption":"Texas Home Offers"},"image":{"@id":"https:\/\/texashomeoffers.com\/#\/schema\/logo\/image\/"}}]}},"jetpack_sharing_enabled":true,"_links":{"self":[{"href":"https:\/\/texashomeoffers.com\/es\/wp-json\/wp\/v2\/pages\/1287\/"}],"collection":[{"href":"https:\/\/texashomeoffers.com\/es\/wp-json\/wp\/v2\/pages\/"}],"about":[{"href":"https:\/\/texashomeoffers.com\/es\/wp-json\/wp\/v2\/types\/page\/"}],"replies":[{"embeddable":true,"href":"https:\/\/texashomeoffers.com\/es\/wp-json\/wp\/v2\/comments\/?post=1287"}],"version-history":[{"count":0,"href":"https:\/\/texashomeoffers.com\/es\/wp-json\/wp\/v2\/pages\/1287\/revisions\/"}],"up":[{"embeddable":true,"href":"https:\/\/texashomeoffers.com\/es\/wp-json\/wp\/v2\/pages\/1258\/"}],"wp:attachment":[{"href":"https:\/\/texashomeoffers.com\/es\/wp-json\/wp\/v2\/media\/?parent=1287"}],"curies":[{"name":"wp","href":"https:\/\/api.w.org\/{rel}","templated":true}]}}