{"id":1288,"date":"2016-11-13T11:12:59","date_gmt":"2016-11-13T16:12:59","guid":{"rendered":"https:\/\/texashomeoffers.com\/es\/procedimiento-de-ejecucion-de-hipoteca-en-texas\/"},"modified":"2016-11-13T11:12:59","modified_gmt":"2016-11-13T16:12:59","slug":"procedimiento-de-ejecucion-de-hipoteca-en-texas","status":"publish","type":"page","link":"https:\/\/texashomeoffers.com\/es\/procedimiento-de-ejecucion-de-hipoteca-en-texas\/","title":{"rendered":"Procedimiento de Ejecuci\u00f3n de Hipoteca en Texas"},"content":{"rendered":"<p>En Texas el proceso para el juicio hipotecario puede ser muy simple y muy rapido.Si te atrasaste en tus pagos de hipoteca \u00a0puedes perder tu casa en un proceso tan rapido como 41 dias. \u00a0No hay oportunidad de reclamar tu casa, como en Texas no hay derecho de redenci\u00f3n despu\u00e9s de que su casa ya ha sido cerrada a trav\u00e9s de un juicio hipotecario.<\/p>\n<p><img loading=\"lazy\" decoding=\"async\" class=\"alignnone size-medium wp-image-312\" src=\"https:\/\/savemytexashome.org\/wp-content\/uploads\/2015\/08\/texas-foreclosure-process-300x144.jpg\" alt=\"texas foreclosure process\" width=\"300\" height=\"144\" \/><\/p>\n<p>Ya que en Texas el proceso es tan r\u00e1pido ,que no puedes darte el lujo de perder el tiempo mientras te informas y tomas decisiones para salvar tu casa. Es extremadamente importante que tu tomes acci\u00f3n r\u00e1pidamente al momento de enfrentar dificultad para hacer el pago de la hipoteca a tiempo.<\/p>\n<p>Afortunadamente hay \u00a0<a href=\"https:\/\/texashomeoffers.com\/es\/10-opciones-para-propietarios-que-enfrentan-una-ejecucion-de-hipoteca\/\">Muchas opciones disponibles<\/a>\u00a0para ayudar al propietario de Texas en el proceso de ejecuci\u00f3n hipotecaria. Deja que especialistas entrenados en casa y ejecuci\u00f3n hipotecaria te gu\u00eden a trav\u00e9s de opciones para detener el juicio hipotecario hoy. Contactanos hoy para una evaluaci\u00f3n gratuita. No solo te guiaremos por las mejores opciones dadas tus circunstancias, sino que tambi\u00e9n te asistimos en cada paso del camino. Si necesitas ayuda para hablar con entidades crediticias para renegociar, te ayudaremos a hacerlo. Si necesitas buscar un \u00a0inversor para vender tu propiedad r\u00e1pidamente, \u00a1Podemos ayudarte con eso tambi\u00e9n! Nuestros servicios son siempre gratuitos y tenemos la experiencia que necesitas para encontrar r\u00e1pidamente la mejor opci\u00f3n para salvar tu casa \u00a1ya!<\/p>\n<h2>Proceso de Ejecuci\u00f3n de Hipoteca- Pasos 1, 2, 3<\/h2>\n<p>Tan pronto como una hipoteca prestatario no paga su pr\u00e9stamo, el prestamista puede iniciar el proceso de ejecuci\u00f3n hipotecaria. Por ley, el acreedor est\u00e1 obligado a enviar una notificaci\u00f3n por escrito que permite al prestatario un plazo de 20 d\u00edas para resolver las cosas.<\/p>\n<ol>\n<li>\n<h3>Aviso de Falta\/Carta de Demanda<\/h3>\n<ul>\n<li>La carta de falta\/Demanda detalla la cantidad adeudada y la fecha en la que debi\u00f3 ser pagada<\/li>\n<li>La Ley de Texas requiere que al propietario se le den 20 d\u00edas para enmendar el estado de falta de pago de su pr\u00e9stamo.<\/li>\n<li>Se requiere que el servicer cumpla tambi\u00e9n cualquier pauta del inversionista o el asegurador, que pueda o pueda no ampliar el tiempo el prestatario tiene que resolver el estado de la falta despu\u00e9s de Que el per\u00edodo de 20 d\u00edas, al menos 21 d\u00edas tienen que pasar antes de una fecha de la venta judicial y tiempo es puesto. Entonces el prestamista debe fijar el aviso de la extinci\u00f3n del derecho de redimir con el juzgado y archivarlo con la oficina del oficinista del condado, adem\u00e1s de la notificaci\u00f3n del prestatario de la venta. En Texas las subastas de la extinci\u00f3n del derecho de redimir ocurren el primer martes de cada mes (incluso vacaciones). Estas subastas est\u00e1n abiertas para el p\u00fablico y cualquiera puede ofrecer en la propiedad.<\/li>\n<\/ul>\n<\/li>\n<li>\n<h3>El Aviso de Venta debe ser&#8230;<\/h3>\n<\/li>\n<\/ol>\n<ul>\n<li>Ante la oficina de la Secretaria del Condado<\/li>\n<li>Publicado en la corte del Condado<\/li>\n<li>Estado el tiempo m\u00e1s temprano posible que la propiedad podr\u00eda venderse<\/li>\n<li>Enviados por correo certificado a todos los prestatarios<\/li>\n<li>Debe entregarse al menos 21 d\u00edas antes de la fecha de venta o subasta. Por lo general, la persona nombrada como fideicomisario en la escritura de fideicomiso (o representante) leer\u00e1 la ejecuci\u00f3n en los pasos del Palacio de justicia, y venta va al mejor postor en efectivo. Generalmente, el prestamista representante o fiduciario coloca una oferta por la cantidad de la deuda o menos. Cuando finalice la subasta, se transfiere el t\u00edtulo al mejor postor.<br \/>\n<h3>3.\u00a0Venta de Ejecuci\u00f3n hipotecaria<\/h3>\n<ul>\n<li style=\"text-align: left;\">La venta de casas embargadas ocurren en el primer martes de cada mes en Texas<\/li>\n<li style=\"text-align: left;\">La exclusi\u00f3n se celebran subastas en county juzgados<\/li>\n<li style=\"text-align: left;\">Las subastas de las casas deben ser \u00a0dentro de las 3 horas del momento de la venta<\/li>\n<li style=\"text-align: left;\">Las subastas de las casas embargadas en Texas son p\u00fablica; cualquiera puede ofertar en la subasta hasta que termina, el nuevo propietario tiene el derecho de servir a notificaci\u00f3n de desalojo si es que hay alguien que todav\u00eda vive en la propiedad. Normalmente, esos avisos son atendidos por condado, alguaciles y tener publicada una fecha de corte. Despu\u00e9s de un desalojo audiencia el ex due\u00f1o de la propiedad t\u00edpicamente tiene 5 d\u00edas para salir o apelar el fallo. A los 5 d\u00edas, el inquilino tendr\u00e1 un m\u00ednimo de 24 horas a plena desalojar.<\/li>\n<\/ul>\n<\/li>\n<\/ul>\n<p>Recuerde, el estado de Texas no tiene per\u00edodo de rescate, por lo que es muy importante que sean conscientes de sus opciones y tomar medidas para proteger su propiedad. Cuando una casa se embarg\u00f3, no hay otras opciones.<\/p>\n<p>Antes de que llegues al \u00a0punto de no retorno en el proceso de ejecuci\u00f3n de hipotecas, tomate unos minutos para contactarnos &#8211; o llena el formularios o llama al 512.271-5044 . \u00a0Te ofrecemos consultas gratuitas y asistencia de prevenci\u00f3n. Podemos asistir directamente para que elijas una de <a href=\"https:\/\/texashomeoffers.com\/es\/10-opciones-para-propietarios-que-enfrentan-una-ejecucion-de-hipoteca\/\">las varias opciones disponibles para los propietarios de Texas que enfrentan la ejecuci\u00f3n hipotecaria<\/a>, y te guiaremos en cada paso del camino. \u00a1Mientras m\u00e1s r\u00e1pido nos contactes m\u00e1s opciones podremos ofrecer!<\/p>\n","protected":false},"excerpt":{"rendered":"<p>En Texas el proceso para el juicio hipotecario puede ser muy simple y muy rapido.Si te atrasaste en tus pagos de hipoteca \u00a0puedes perder tu casa en un proceso tan rapido como 41 dias. \u00a0No hay oportunidad de reclamar tu&#8230; <a class=\"read-more\" href=\"https:\/\/texashomeoffers.com\/es\/procedimiento-de-ejecucion-de-hipoteca-en-texas\/\">Read more<\/a><\/p>\n","protected":false},"author":0,"featured_media":0,"parent":0,"menu_order":0,"comment_status":"open","ping_status":"open","template":"","meta":{"footnotes":""},"yoast_head":"<!-- This site is optimized with the Yoast SEO plugin v22.8 - https:\/\/yoast.com\/wordpress\/plugins\/seo\/ -->\n<title>Procedimiento de Ejecuci\u00f3n de Hipoteca en Texas<\/title>\n<meta name=\"description\" content=\"En Texas puedes perder tu casa en menos de 41 d\u00edas\" \/>\n<meta name=\"robots\" content=\"index, follow, max-snippet:-1, max-image-preview:large, max-video-preview:-1\" \/>\n<link rel=\"canonical\" href=\"https:\/\/texashomeoffers.com\/es\/procedimiento-de-ejecucion-de-hipoteca-en-texas\/\" \/>\n<meta property=\"og:locale\" content=\"es_ES\" \/>\n<meta property=\"og:type\" content=\"article\" \/>\n<meta property=\"og:title\" content=\"Procedimiento de Ejecuci\u00f3n de Hipoteca en Texas\" \/>\n<meta property=\"og:description\" content=\"En Texas puedes perder tu casa en menos de 41 d\u00edas\" \/>\n<meta property=\"og:url\" content=\"https:\/\/texashomeoffers.com\/es\/procedimiento-de-ejecucion-de-hipoteca-en-texas\/\" \/>\n<meta property=\"og:site_name\" content=\"Texas Home Offers\" \/>\n<meta property=\"og:image\" content=\"https:\/\/savemytexashome.org\/wp-content\/uploads\/2015\/08\/texas-foreclosure-process-300x144.jpg\" \/>\n<meta name=\"twitter:card\" content=\"summary_large_image\" \/>\n<meta name=\"twitter:label1\" content=\"Tiempo de lectura\" \/>\n\t<meta name=\"twitter:data1\" content=\"4 minutos\" \/>\n<script type=\"application\/ld+json\" class=\"yoast-schema-graph\">{\"@context\":\"https:\/\/schema.org\",\"@graph\":[{\"@type\":\"WebPage\",\"@id\":\"https:\/\/texashomeoffers.com\/es\/procedimiento-de-ejecucion-de-hipoteca-en-texas\/\",\"url\":\"https:\/\/texashomeoffers.com\/es\/procedimiento-de-ejecucion-de-hipoteca-en-texas\/\",\"name\":\"Procedimiento de Ejecuci\u00f3n de Hipoteca en Texas\",\"isPartOf\":{\"@id\":\"https:\/\/texashomeoffers.com\/#website\"},\"primaryImageOfPage\":{\"@id\":\"https:\/\/texashomeoffers.com\/es\/procedimiento-de-ejecucion-de-hipoteca-en-texas\/#primaryimage\"},\"image\":{\"@id\":\"https:\/\/texashomeoffers.com\/es\/procedimiento-de-ejecucion-de-hipoteca-en-texas\/#primaryimage\"},\"thumbnailUrl\":\"https:\/\/savemytexashome.org\/wp-content\/uploads\/2015\/08\/texas-foreclosure-process-300x144.jpg\",\"datePublished\":\"2016-11-13T16:12:59+00:00\",\"dateModified\":\"2016-11-13T16:12:59+00:00\",\"description\":\"En Texas puedes perder tu casa en menos de 41 d\u00edas\",\"breadcrumb\":{\"@id\":\"https:\/\/texashomeoffers.com\/es\/procedimiento-de-ejecucion-de-hipoteca-en-texas\/#breadcrumb\"},\"inLanguage\":\"es\",\"potentialAction\":[{\"@type\":\"ReadAction\",\"target\":[\"https:\/\/texashomeoffers.com\/es\/procedimiento-de-ejecucion-de-hipoteca-en-texas\/\"]}]},{\"@type\":\"ImageObject\",\"inLanguage\":\"es\",\"@id\":\"https:\/\/texashomeoffers.com\/es\/procedimiento-de-ejecucion-de-hipoteca-en-texas\/#primaryimage\",\"url\":\"https:\/\/savemytexashome.org\/wp-content\/uploads\/2015\/08\/texas-foreclosure-process-300x144.jpg\",\"contentUrl\":\"https:\/\/savemytexashome.org\/wp-content\/uploads\/2015\/08\/texas-foreclosure-process-300x144.jpg\"},{\"@type\":\"BreadcrumbList\",\"@id\":\"https:\/\/texashomeoffers.com\/es\/procedimiento-de-ejecucion-de-hipoteca-en-texas\/#breadcrumb\",\"itemListElement\":[{\"@type\":\"ListItem\",\"position\":1,\"name\":\"Home\",\"item\":\"https:\/\/texashomeoffers.com\/es\/\"},{\"@type\":\"ListItem\",\"position\":2,\"name\":\"Procedimiento de Ejecuci\u00f3n de Hipoteca en Texas\"}]},{\"@type\":\"WebSite\",\"@id\":\"https:\/\/texashomeoffers.com\/#website\",\"url\":\"https:\/\/texashomeoffers.com\/\",\"name\":\"Texas Home Offers\",\"description\":\"\",\"publisher\":{\"@id\":\"https:\/\/texashomeoffers.com\/#organization\"},\"potentialAction\":[{\"@type\":\"SearchAction\",\"target\":{\"@type\":\"EntryPoint\",\"urlTemplate\":\"https:\/\/texashomeoffers.com\/?s={search_term_string}\"},\"query-input\":\"required name=search_term_string\"}],\"inLanguage\":\"es\"},{\"@type\":\"Organization\",\"@id\":\"https:\/\/texashomeoffers.com\/#organization\",\"name\":\"Texas Home Offers\",\"url\":\"https:\/\/texashomeoffers.com\/\",\"logo\":{\"@type\":\"ImageObject\",\"inLanguage\":\"es\",\"@id\":\"https:\/\/texashomeoffers.com\/#\/schema\/logo\/image\/\",\"url\":\"https:\/\/texashomeoffers.com\/wp-content\/uploads\/2015\/04\/logo.png\",\"contentUrl\":\"https:\/\/texashomeoffers.com\/wp-content\/uploads\/2015\/04\/logo.png\",\"width\":442,\"height\":132,\"caption\":\"Texas Home Offers\"},\"image\":{\"@id\":\"https:\/\/texashomeoffers.com\/#\/schema\/logo\/image\/\"}}]}<\/script>\n<!-- \/ Yoast SEO plugin. -->","yoast_head_json":{"title":"Procedimiento de Ejecuci\u00f3n de Hipoteca en Texas","description":"En Texas puedes perder tu casa en menos de 41 d\u00edas","robots":{"index":"index","follow":"follow","max-snippet":"max-snippet:-1","max-image-preview":"max-image-preview:large","max-video-preview":"max-video-preview:-1"},"canonical":"https:\/\/texashomeoffers.com\/es\/procedimiento-de-ejecucion-de-hipoteca-en-texas\/","og_locale":"es_ES","og_type":"article","og_title":"Procedimiento de Ejecuci\u00f3n de Hipoteca en Texas","og_description":"En Texas puedes perder tu casa en menos de 41 d\u00edas","og_url":"https:\/\/texashomeoffers.com\/es\/procedimiento-de-ejecucion-de-hipoteca-en-texas\/","og_site_name":"Texas Home Offers","og_image":[{"url":"https:\/\/savemytexashome.org\/wp-content\/uploads\/2015\/08\/texas-foreclosure-process-300x144.jpg"}],"twitter_card":"summary_large_image","twitter_misc":{"Tiempo de lectura":"4 minutos"},"schema":{"@context":"https:\/\/schema.org","@graph":[{"@type":"WebPage","@id":"https:\/\/texashomeoffers.com\/es\/procedimiento-de-ejecucion-de-hipoteca-en-texas\/","url":"https:\/\/texashomeoffers.com\/es\/procedimiento-de-ejecucion-de-hipoteca-en-texas\/","name":"Procedimiento de Ejecuci\u00f3n de Hipoteca en Texas","isPartOf":{"@id":"https:\/\/texashomeoffers.com\/#website"},"primaryImageOfPage":{"@id":"https:\/\/texashomeoffers.com\/es\/procedimiento-de-ejecucion-de-hipoteca-en-texas\/#primaryimage"},"image":{"@id":"https:\/\/texashomeoffers.com\/es\/procedimiento-de-ejecucion-de-hipoteca-en-texas\/#primaryimage"},"thumbnailUrl":"https:\/\/savemytexashome.org\/wp-content\/uploads\/2015\/08\/texas-foreclosure-process-300x144.jpg","datePublished":"2016-11-13T16:12:59+00:00","dateModified":"2016-11-13T16:12:59+00:00","description":"En Texas puedes perder tu casa en menos de 41 d\u00edas","breadcrumb":{"@id":"https:\/\/texashomeoffers.com\/es\/procedimiento-de-ejecucion-de-hipoteca-en-texas\/#breadcrumb"},"inLanguage":"es","potentialAction":[{"@type":"ReadAction","target":["https:\/\/texashomeoffers.com\/es\/procedimiento-de-ejecucion-de-hipoteca-en-texas\/"]}]},{"@type":"ImageObject","inLanguage":"es","@id":"https:\/\/texashomeoffers.com\/es\/procedimiento-de-ejecucion-de-hipoteca-en-texas\/#primaryimage","url":"https:\/\/savemytexashome.org\/wp-content\/uploads\/2015\/08\/texas-foreclosure-process-300x144.jpg","contentUrl":"https:\/\/savemytexashome.org\/wp-content\/uploads\/2015\/08\/texas-foreclosure-process-300x144.jpg"},{"@type":"BreadcrumbList","@id":"https:\/\/texashomeoffers.com\/es\/procedimiento-de-ejecucion-de-hipoteca-en-texas\/#breadcrumb","itemListElement":[{"@type":"ListItem","position":1,"name":"Home","item":"https:\/\/texashomeoffers.com\/es\/"},{"@type":"ListItem","position":2,"name":"Procedimiento de Ejecuci\u00f3n de Hipoteca en Texas"}]},{"@type":"WebSite","@id":"https:\/\/texashomeoffers.com\/#website","url":"https:\/\/texashomeoffers.com\/","name":"Texas Home Offers","description":"","publisher":{"@id":"https:\/\/texashomeoffers.com\/#organization"},"potentialAction":[{"@type":"SearchAction","target":{"@type":"EntryPoint","urlTemplate":"https:\/\/texashomeoffers.com\/?s={search_term_string}"},"query-input":"required name=search_term_string"}],"inLanguage":"es"},{"@type":"Organization","@id":"https:\/\/texashomeoffers.com\/#organization","name":"Texas Home Offers","url":"https:\/\/texashomeoffers.com\/","logo":{"@type":"ImageObject","inLanguage":"es","@id":"https:\/\/texashomeoffers.com\/#\/schema\/logo\/image\/","url":"https:\/\/texashomeoffers.com\/wp-content\/uploads\/2015\/04\/logo.png","contentUrl":"https:\/\/texashomeoffers.com\/wp-content\/uploads\/2015\/04\/logo.png","width":442,"height":132,"caption":"Texas Home Offers"},"image":{"@id":"https:\/\/texashomeoffers.com\/#\/schema\/logo\/image\/"}}]}},"jetpack_sharing_enabled":true,"_links":{"self":[{"href":"https:\/\/texashomeoffers.com\/es\/wp-json\/wp\/v2\/pages\/1288\/"}],"collection":[{"href":"https:\/\/texashomeoffers.com\/es\/wp-json\/wp\/v2\/pages\/"}],"about":[{"href":"https:\/\/texashomeoffers.com\/es\/wp-json\/wp\/v2\/types\/page\/"}],"replies":[{"embeddable":true,"href":"https:\/\/texashomeoffers.com\/es\/wp-json\/wp\/v2\/comments\/?post=1288"}],"version-history":[{"count":0,"href":"https:\/\/texashomeoffers.com\/es\/wp-json\/wp\/v2\/pages\/1288\/revisions\/"}],"wp:attachment":[{"href":"https:\/\/texashomeoffers.com\/es\/wp-json\/wp\/v2\/media\/?parent=1288"}],"curies":[{"name":"wp","href":"https:\/\/api.w.org\/{rel}","templated":true}]}}