{"id":1289,"date":"2016-11-13T17:57:58","date_gmt":"2016-11-13T22:57:58","guid":{"rendered":"https:\/\/texashomeoffers.com\/es\/que-puedes-hacer\/"},"modified":"2016-11-13T17:57:58","modified_gmt":"2016-11-13T22:57:58","slug":"que-puedes-hacer","status":"publish","type":"page","link":"https:\/\/texashomeoffers.com\/es\/que-puedes-hacer\/","title":{"rendered":"\u00bfQu\u00e9 puedes hacer?"},"content":{"rendered":"<p>Si no estas en capacidad de hacer los pagos de tu hipoteca o ya te encuentras enfrentado una ejecuci\u00f3n hipotecaria, estas en una situaci\u00f3n cr\u00edtica de la cual \u00a1debes tomar acci\u00f3n ahora!<\/p>\n<p>Nunca debes pagar a un profesional para asistentencia en Juicio Hipotecario. Ten cuidado de compa\u00f1\u00edas que ofrece \u00abayudas garantizada en ejecuci\u00f3n hipotecaria! te cobran por tales servicios . Hay muchos consejeros del alojamiento leg\u00edtimos que se especializan en prevenci\u00f3n de la ejecuci\u00f3n hipotecaria y tipos de ayuda relacionada.<\/p>\n<p>Aqu\u00ed en\u00a0SaveMyTexasHome \u00a0ofrecemos asistencia gratuita a propietarios de Texas. Solo completa el formulario en la derecha o ll\u00e1manos hoy al 512-271-5044 \u00a0para comenzar con tu evaluaci\u00f3n.<\/p>\n<p>En poco menos de unos d\u00edas podemos ayudarte a determinar\u00a0<a href=\"https:\/\/savemytexashome.org\/10-options-for-texas-homeowners-to-stop-foreclosure\/\">cu\u00e1l de las diversas opciones para prevenir la ejecuci\u00f3n hipotecaria<\/a>\u00a0 es la correcta para ti y tus circunstancias.<\/p>\n<h2>\u00bfQu\u00e9 Esperar?<\/h2>\n<p>Usualmente nos toma un par de d\u00edas en mirar tu caso y contactarte con una idea y mejor movimiento. Para ayudarte a avanzar lo m\u00e1s r\u00e1pido possible, \u00a0cuando nos contactes por primera vez por favor ten los siguientes \u00edtems listos.<\/p>\n<ul>\n<li>Tu n\u00famero de pr\u00e9stamo de hipoteca<\/li>\n<li>Los \u00faltimos 6 d\u00edgitos de tu n\u00famero de\u00a0<abbr title=\"Social Security Number\">SSN<\/abbr><\/li>\n<li>Prueba de tus fondos de tu cuenta bancaria(s)<\/li>\n<li>Tiempo (2-5 d\u00edas h\u00e1biles)<\/li>\n<\/ul>\n<p>Tambi\u00e9n puede ser de ayuda tener:<\/p>\n<ul>\n<li>Tu m\u00e1s reciente declaraci\u00f3n de impuestos<\/li>\n<li>Una carta donde describa cualquier circunstancia que pueda haber causado una reducci\u00f3n de ingreso, p\u00e9rdida de trabajo, enfermedad, etc.<\/li>\n<\/ul>\n<h2>El Tiempo es la Esencia<\/h2>\n<p>Lo m\u00e1s importante es que usted no deje de contactara a profesional de asistencia de ejecuci\u00f3n cualificada antes de que sea demasiado tarde. Hay muchas opciones disponibles, y cuanto antes usted en contacto con nosotros, la m\u00e1s de las opciones que podemos ofrecerle.<\/p>\n<p>Nuestro objetivo es ayudar a detener una ejecuci\u00f3n hipotecaria sobre su casa, tambi\u00e9n para salvar su cr\u00e9dito y subir con un plan de juego para el futuro para que su casa nunca corre peligro de terminar otra vez en una lista de ejecuciones hipotecarias.<\/p>\n<p>No solo mostraremos las opciones que est\u00e1n disponibles, pero vamos a trabajar con usted como enlace entre usted y otros organismos. Si eso significa negociar con su prestamista, o agencias de gobierno, estaremos all\u00ed con usted cada paso del camino<\/p>\n<p>Y cuando su casa ya no est\u00e1 en peligro de ser embargada por hipoteca, nosotros le ayudaremos a asegurar los\u00a0planes \u00a0de \u00a0futuro donde su casa sigue siendo segura para que nunca m\u00e1s tenga que pasar por el estr\u00e9s que puede causar la amenaza de una ejecuci\u00f3n hipotecaria.<\/p>\n","protected":false},"excerpt":{"rendered":"<p>Si no estas en capacidad de hacer los pagos de tu hipoteca o ya te encuentras enfrentado una ejecuci\u00f3n hipotecaria, estas en una situaci\u00f3n cr\u00edtica de la cual \u00a1debes tomar acci\u00f3n ahora! Nunca debes pagar a un profesional para asistentencia&#8230; <a class=\"read-more\" href=\"https:\/\/texashomeoffers.com\/es\/que-puedes-hacer\/\">Read more<\/a><\/p>\n","protected":false},"author":0,"featured_media":0,"parent":0,"menu_order":0,"comment_status":"open","ping_status":"open","template":"","meta":{"footnotes":""},"yoast_head":"<!-- This site is optimized with the Yoast SEO plugin v22.8 - https:\/\/yoast.com\/wordpress\/plugins\/seo\/ -->\n<title>\u00bfQu\u00e9 puedes hacer para detener la ejecuci\u00f3n hipotecaria?<\/title>\n<meta name=\"description\" content=\"Si no estas en la capacidad de pagar tu hipoteca, o estas enfrentando ya una ejecuci\u00f3n hipotecaria, es critico que tomes acci\u00f3n ahora mismo. Asistencia gratuita 512-277-5044\" \/>\n<meta name=\"robots\" content=\"index, follow, max-snippet:-1, max-image-preview:large, max-video-preview:-1\" \/>\n<link rel=\"canonical\" href=\"https:\/\/texashomeoffers.com\/es\/que-puedes-hacer\/\" \/>\n<meta property=\"og:locale\" content=\"es_ES\" \/>\n<meta property=\"og:type\" content=\"article\" \/>\n<meta property=\"og:title\" content=\"\u00bfQu\u00e9 puedes hacer para detener la ejecuci\u00f3n hipotecaria?\" \/>\n<meta property=\"og:description\" content=\"Si no estas en la capacidad de pagar tu hipoteca, o estas enfrentando ya una ejecuci\u00f3n hipotecaria, es critico que tomes acci\u00f3n ahora mismo. Asistencia gratuita 512-277-5044\" \/>\n<meta property=\"og:url\" content=\"https:\/\/texashomeoffers.com\/es\/que-puedes-hacer\/\" \/>\n<meta property=\"og:site_name\" content=\"Texas Home Offers\" \/>\n<meta name=\"twitter:card\" content=\"summary_large_image\" \/>\n<meta name=\"twitter:label1\" content=\"Tiempo de lectura\" \/>\n\t<meta name=\"twitter:data1\" content=\"2 minutos\" \/>\n<script type=\"application\/ld+json\" class=\"yoast-schema-graph\">{\"@context\":\"https:\/\/schema.org\",\"@graph\":[{\"@type\":\"WebPage\",\"@id\":\"https:\/\/texashomeoffers.com\/es\/que-puedes-hacer\/\",\"url\":\"https:\/\/texashomeoffers.com\/es\/que-puedes-hacer\/\",\"name\":\"\u00bfQu\u00e9 puedes hacer para detener la ejecuci\u00f3n hipotecaria?\",\"isPartOf\":{\"@id\":\"https:\/\/texashomeoffers.com\/#website\"},\"datePublished\":\"2016-11-13T22:57:58+00:00\",\"dateModified\":\"2016-11-13T22:57:58+00:00\",\"description\":\"Si no estas en la capacidad de pagar tu hipoteca, o estas enfrentando ya una ejecuci\u00f3n hipotecaria, es critico que tomes acci\u00f3n ahora mismo. Asistencia gratuita 512-277-5044\",\"breadcrumb\":{\"@id\":\"https:\/\/texashomeoffers.com\/es\/que-puedes-hacer\/#breadcrumb\"},\"inLanguage\":\"es\",\"potentialAction\":[{\"@type\":\"ReadAction\",\"target\":[\"https:\/\/texashomeoffers.com\/es\/que-puedes-hacer\/\"]}]},{\"@type\":\"BreadcrumbList\",\"@id\":\"https:\/\/texashomeoffers.com\/es\/que-puedes-hacer\/#breadcrumb\",\"itemListElement\":[{\"@type\":\"ListItem\",\"position\":1,\"name\":\"Home\",\"item\":\"https:\/\/texashomeoffers.com\/es\/\"},{\"@type\":\"ListItem\",\"position\":2,\"name\":\"\u00bfQu\u00e9 puedes hacer?\"}]},{\"@type\":\"WebSite\",\"@id\":\"https:\/\/texashomeoffers.com\/#website\",\"url\":\"https:\/\/texashomeoffers.com\/\",\"name\":\"Texas Home Offers\",\"description\":\"\",\"publisher\":{\"@id\":\"https:\/\/texashomeoffers.com\/#organization\"},\"potentialAction\":[{\"@type\":\"SearchAction\",\"target\":{\"@type\":\"EntryPoint\",\"urlTemplate\":\"https:\/\/texashomeoffers.com\/?s={search_term_string}\"},\"query-input\":\"required name=search_term_string\"}],\"inLanguage\":\"es\"},{\"@type\":\"Organization\",\"@id\":\"https:\/\/texashomeoffers.com\/#organization\",\"name\":\"Texas Home Offers\",\"url\":\"https:\/\/texashomeoffers.com\/\",\"logo\":{\"@type\":\"ImageObject\",\"inLanguage\":\"es\",\"@id\":\"https:\/\/texashomeoffers.com\/#\/schema\/logo\/image\/\",\"url\":\"https:\/\/texashomeoffers.com\/wp-content\/uploads\/2015\/04\/logo.png\",\"contentUrl\":\"https:\/\/texashomeoffers.com\/wp-content\/uploads\/2015\/04\/logo.png\",\"width\":442,\"height\":132,\"caption\":\"Texas Home Offers\"},\"image\":{\"@id\":\"https:\/\/texashomeoffers.com\/#\/schema\/logo\/image\/\"}}]}<\/script>\n<!-- \/ Yoast SEO plugin. -->","yoast_head_json":{"title":"\u00bfQu\u00e9 puedes hacer para detener la ejecuci\u00f3n hipotecaria?","description":"Si no estas en la capacidad de pagar tu hipoteca, o estas enfrentando ya una ejecuci\u00f3n hipotecaria, es critico que tomes acci\u00f3n ahora mismo. Asistencia gratuita 512-277-5044","robots":{"index":"index","follow":"follow","max-snippet":"max-snippet:-1","max-image-preview":"max-image-preview:large","max-video-preview":"max-video-preview:-1"},"canonical":"https:\/\/texashomeoffers.com\/es\/que-puedes-hacer\/","og_locale":"es_ES","og_type":"article","og_title":"\u00bfQu\u00e9 puedes hacer para detener la ejecuci\u00f3n hipotecaria?","og_description":"Si no estas en la capacidad de pagar tu hipoteca, o estas enfrentando ya una ejecuci\u00f3n hipotecaria, es critico que tomes acci\u00f3n ahora mismo. Asistencia gratuita 512-277-5044","og_url":"https:\/\/texashomeoffers.com\/es\/que-puedes-hacer\/","og_site_name":"Texas Home Offers","twitter_card":"summary_large_image","twitter_misc":{"Tiempo de lectura":"2 minutos"},"schema":{"@context":"https:\/\/schema.org","@graph":[{"@type":"WebPage","@id":"https:\/\/texashomeoffers.com\/es\/que-puedes-hacer\/","url":"https:\/\/texashomeoffers.com\/es\/que-puedes-hacer\/","name":"\u00bfQu\u00e9 puedes hacer para detener la ejecuci\u00f3n hipotecaria?","isPartOf":{"@id":"https:\/\/texashomeoffers.com\/#website"},"datePublished":"2016-11-13T22:57:58+00:00","dateModified":"2016-11-13T22:57:58+00:00","description":"Si no estas en la capacidad de pagar tu hipoteca, o estas enfrentando ya una ejecuci\u00f3n hipotecaria, es critico que tomes acci\u00f3n ahora mismo. Asistencia gratuita 512-277-5044","breadcrumb":{"@id":"https:\/\/texashomeoffers.com\/es\/que-puedes-hacer\/#breadcrumb"},"inLanguage":"es","potentialAction":[{"@type":"ReadAction","target":["https:\/\/texashomeoffers.com\/es\/que-puedes-hacer\/"]}]},{"@type":"BreadcrumbList","@id":"https:\/\/texashomeoffers.com\/es\/que-puedes-hacer\/#breadcrumb","itemListElement":[{"@type":"ListItem","position":1,"name":"Home","item":"https:\/\/texashomeoffers.com\/es\/"},{"@type":"ListItem","position":2,"name":"\u00bfQu\u00e9 puedes hacer?"}]},{"@type":"WebSite","@id":"https:\/\/texashomeoffers.com\/#website","url":"https:\/\/texashomeoffers.com\/","name":"Texas Home Offers","description":"","publisher":{"@id":"https:\/\/texashomeoffers.com\/#organization"},"potentialAction":[{"@type":"SearchAction","target":{"@type":"EntryPoint","urlTemplate":"https:\/\/texashomeoffers.com\/?s={search_term_string}"},"query-input":"required name=search_term_string"}],"inLanguage":"es"},{"@type":"Organization","@id":"https:\/\/texashomeoffers.com\/#organization","name":"Texas Home Offers","url":"https:\/\/texashomeoffers.com\/","logo":{"@type":"ImageObject","inLanguage":"es","@id":"https:\/\/texashomeoffers.com\/#\/schema\/logo\/image\/","url":"https:\/\/texashomeoffers.com\/wp-content\/uploads\/2015\/04\/logo.png","contentUrl":"https:\/\/texashomeoffers.com\/wp-content\/uploads\/2015\/04\/logo.png","width":442,"height":132,"caption":"Texas Home Offers"},"image":{"@id":"https:\/\/texashomeoffers.com\/#\/schema\/logo\/image\/"}}]}},"jetpack_sharing_enabled":true,"_links":{"self":[{"href":"https:\/\/texashomeoffers.com\/es\/wp-json\/wp\/v2\/pages\/1289\/"}],"collection":[{"href":"https:\/\/texashomeoffers.com\/es\/wp-json\/wp\/v2\/pages\/"}],"about":[{"href":"https:\/\/texashomeoffers.com\/es\/wp-json\/wp\/v2\/types\/page\/"}],"replies":[{"embeddable":true,"href":"https:\/\/texashomeoffers.com\/es\/wp-json\/wp\/v2\/comments\/?post=1289"}],"version-history":[{"count":0,"href":"https:\/\/texashomeoffers.com\/es\/wp-json\/wp\/v2\/pages\/1289\/revisions\/"}],"wp:attachment":[{"href":"https:\/\/texashomeoffers.com\/es\/wp-json\/wp\/v2\/media\/?parent=1289"}],"curies":[{"name":"wp","href":"https:\/\/api.w.org\/{rel}","templated":true}]}}