{"id":1290,"date":"2016-11-13T18:34:22","date_gmt":"2016-11-13T23:34:22","guid":{"rendered":"https:\/\/texashomeoffers.com\/es\/que-se-necesita-para-detener-una-ejecucion-hipotecaria\/"},"modified":"2016-11-13T18:34:22","modified_gmt":"2016-11-13T23:34:22","slug":"que-se-necesita-para-detener-una-ejecucion-hipotecaria","status":"publish","type":"page","link":"https:\/\/texashomeoffers.com\/es\/que-se-necesita-para-detener-una-ejecucion-hipotecaria\/","title":{"rendered":"\u00bfQu\u00e9 se necesita para detener una ejecuci\u00f3n hipotecaria?"},"content":{"rendered":"<p>El proceso de ejecuci\u00f3n de hipoteca en el estado de Texas puede ir muy r\u00e1pido. En la siguiente lista est\u00e1 lo que necesitar\u00e1s para que te ayudemos a evitar la ejecuci\u00f3n hipotecaria de tu casa lo m\u00e1s r\u00e1pido posible.<\/p>\n<ul>\n<li>Tu n\u00famero de Hipoteca<\/li>\n<li><abbr title=\"Social Security Number\">Los \u00faltimos 6 d\u00edgitos de tu n\u00famero SSN<\/abbr><\/li>\n<li>Un Equipo de individuos con conocimiento especializado<\/li>\n<li><a class=\"zem_slink\" title=\"Proof of funds\" href=\"https:\/\/en.wikipedia.org\/wiki\/Proof_of_funds\" target=\"_blank\" rel=\"wikipedia\">Prueba de fondos<\/a>\u00a0 en tu cuenta bancaria(s)<\/li>\n<li>Tiempo (2-5 d\u00edas h\u00e1biles)<\/li>\n<\/ul>\n<p>Mientras que los pasos dependiendo de su caso pueden variar un poco, estas son las acciones que tomamos generalmente para detener procedimientos de ejecuci\u00f3n hipotecaria y los propietarios de viviendas en la carretera un plan s\u00f3lido para el futuro. Despu\u00e9s de todo, no queremos retrasar la ejecuci\u00f3n hipotecaria, queremos ayudarle a mantener su casa de tener problemas hipotecarios en el futuro tambi\u00e9n.<\/p>\n<ul>\n<li>Acuerdo escrito entre el propietario y \u00a0Save My Texas Home ( o el inversor que con el que te conectemos en caso que decidas vender)<\/li>\n<li>Forma de autorizaci\u00f3n tuya,el prestatario que hablara de tu parte en el banco<\/li>\n<li>Una carta firmada por ti, el prestatario,y el inverso donde afirmes que todo dinero que cualquier dinero enviado al banco por el inversor es un regalo<\/li>\n<li>Una solicitud para posponer la fecha de venta \u00a0que debe ser hecha a mano por ti, el prestatario con ayuda de Save My Texas Home<\/li>\n<li>Un Solido plan de juego que mantendr\u00e1 tu casa fuera de ejecuci\u00f3n hipotecaria en el futuro.<\/li>\n<\/ul>\n<p><a href=\"https:\/\/savemytexashome.org\/10-options-for-texas-homeowners-to-stop-foreclosure\/\">Descubre m\u00e1s de las diferentes opciones que usamos para ayudar a los propietarios de Texas a evitar una ejecuci\u00f3n hipotecaria<\/a>.<\/p>\n","protected":false},"excerpt":{"rendered":"<p>El proceso de ejecuci\u00f3n de hipoteca en el estado de Texas puede ir muy r\u00e1pido. En la siguiente lista est\u00e1 lo que necesitar\u00e1s para que te ayudemos a evitar la ejecuci\u00f3n hipotecaria de tu casa lo m\u00e1s r\u00e1pido posible. Tu&#8230; <a class=\"read-more\" href=\"https:\/\/texashomeoffers.com\/es\/que-se-necesita-para-detener-una-ejecucion-hipotecaria\/\">Read more<\/a><\/p>\n","protected":false},"author":0,"featured_media":0,"parent":0,"menu_order":0,"comment_status":"open","ping_status":"open","template":"","meta":{"footnotes":""},"yoast_head":"<!-- This site is optimized with the Yoast SEO plugin v22.8 - https:\/\/yoast.com\/wordpress\/plugins\/seo\/ -->\n<title>\u00bfQu\u00e9 se necesita para detener una ejecuci\u00f3n hipotecaria?<\/title>\n<meta name=\"robots\" content=\"index, follow, max-snippet:-1, max-image-preview:large, max-video-preview:-1\" \/>\n<link rel=\"canonical\" href=\"https:\/\/texashomeoffers.com\/es\/que-se-necesita-para-detener-una-ejecucion-hipotecaria\/\" \/>\n<meta property=\"og:locale\" content=\"es_ES\" \/>\n<meta property=\"og:type\" content=\"article\" \/>\n<meta property=\"og:title\" content=\"\u00bfQu\u00e9 se necesita para detener una ejecuci\u00f3n hipotecaria?\" \/>\n<meta property=\"og:description\" content=\"El proceso de ejecuci\u00f3n de hipoteca en el estado de Texas puede ir muy r\u00e1pido. En la siguiente lista est\u00e1 lo que necesitar\u00e1s para que te ayudemos a evitar la ejecuci\u00f3n hipotecaria de tu casa lo m\u00e1s r\u00e1pido posible. Tu... Read more\" \/>\n<meta property=\"og:url\" content=\"https:\/\/texashomeoffers.com\/es\/que-se-necesita-para-detener-una-ejecucion-hipotecaria\/\" \/>\n<meta property=\"og:site_name\" content=\"Texas Home Offers\" \/>\n<meta name=\"twitter:card\" content=\"summary_large_image\" \/>\n<meta name=\"twitter:label1\" content=\"Tiempo de lectura\" \/>\n\t<meta name=\"twitter:data1\" content=\"1 minuto\" \/>\n<script type=\"application\/ld+json\" class=\"yoast-schema-graph\">{\"@context\":\"https:\/\/schema.org\",\"@graph\":[{\"@type\":\"WebPage\",\"@id\":\"https:\/\/texashomeoffers.com\/es\/que-se-necesita-para-detener-una-ejecucion-hipotecaria\/\",\"url\":\"https:\/\/texashomeoffers.com\/es\/que-se-necesita-para-detener-una-ejecucion-hipotecaria\/\",\"name\":\"\u00bfQu\u00e9 se necesita para detener una ejecuci\u00f3n hipotecaria?\",\"isPartOf\":{\"@id\":\"https:\/\/texashomeoffers.com\/#website\"},\"datePublished\":\"2016-11-13T23:34:22+00:00\",\"dateModified\":\"2016-11-13T23:34:22+00:00\",\"breadcrumb\":{\"@id\":\"https:\/\/texashomeoffers.com\/es\/que-se-necesita-para-detener-una-ejecucion-hipotecaria\/#breadcrumb\"},\"inLanguage\":\"es\",\"potentialAction\":[{\"@type\":\"ReadAction\",\"target\":[\"https:\/\/texashomeoffers.com\/es\/que-se-necesita-para-detener-una-ejecucion-hipotecaria\/\"]}]},{\"@type\":\"BreadcrumbList\",\"@id\":\"https:\/\/texashomeoffers.com\/es\/que-se-necesita-para-detener-una-ejecucion-hipotecaria\/#breadcrumb\",\"itemListElement\":[{\"@type\":\"ListItem\",\"position\":1,\"name\":\"Home\",\"item\":\"https:\/\/texashomeoffers.com\/es\/\"},{\"@type\":\"ListItem\",\"position\":2,\"name\":\"\u00bfQu\u00e9 se necesita para detener una ejecuci\u00f3n hipotecaria?\"}]},{\"@type\":\"WebSite\",\"@id\":\"https:\/\/texashomeoffers.com\/#website\",\"url\":\"https:\/\/texashomeoffers.com\/\",\"name\":\"Texas Home Offers\",\"description\":\"\",\"publisher\":{\"@id\":\"https:\/\/texashomeoffers.com\/#organization\"},\"potentialAction\":[{\"@type\":\"SearchAction\",\"target\":{\"@type\":\"EntryPoint\",\"urlTemplate\":\"https:\/\/texashomeoffers.com\/?s={search_term_string}\"},\"query-input\":\"required name=search_term_string\"}],\"inLanguage\":\"es\"},{\"@type\":\"Organization\",\"@id\":\"https:\/\/texashomeoffers.com\/#organization\",\"name\":\"Texas Home Offers\",\"url\":\"https:\/\/texashomeoffers.com\/\",\"logo\":{\"@type\":\"ImageObject\",\"inLanguage\":\"es\",\"@id\":\"https:\/\/texashomeoffers.com\/#\/schema\/logo\/image\/\",\"url\":\"https:\/\/texashomeoffers.com\/wp-content\/uploads\/2015\/04\/logo.png\",\"contentUrl\":\"https:\/\/texashomeoffers.com\/wp-content\/uploads\/2015\/04\/logo.png\",\"width\":442,\"height\":132,\"caption\":\"Texas Home Offers\"},\"image\":{\"@id\":\"https:\/\/texashomeoffers.com\/#\/schema\/logo\/image\/\"}}]}<\/script>\n<!-- \/ Yoast SEO plugin. -->","yoast_head_json":{"title":"\u00bfQu\u00e9 se necesita para detener una ejecuci\u00f3n hipotecaria?","robots":{"index":"index","follow":"follow","max-snippet":"max-snippet:-1","max-image-preview":"max-image-preview:large","max-video-preview":"max-video-preview:-1"},"canonical":"https:\/\/texashomeoffers.com\/es\/que-se-necesita-para-detener-una-ejecucion-hipotecaria\/","og_locale":"es_ES","og_type":"article","og_title":"\u00bfQu\u00e9 se necesita para detener una ejecuci\u00f3n hipotecaria?","og_description":"El proceso de ejecuci\u00f3n de hipoteca en el estado de Texas puede ir muy r\u00e1pido. En la siguiente lista est\u00e1 lo que necesitar\u00e1s para que te ayudemos a evitar la ejecuci\u00f3n hipotecaria de tu casa lo m\u00e1s r\u00e1pido posible. Tu... Read more","og_url":"https:\/\/texashomeoffers.com\/es\/que-se-necesita-para-detener-una-ejecucion-hipotecaria\/","og_site_name":"Texas Home Offers","twitter_card":"summary_large_image","twitter_misc":{"Tiempo de lectura":"1 minuto"},"schema":{"@context":"https:\/\/schema.org","@graph":[{"@type":"WebPage","@id":"https:\/\/texashomeoffers.com\/es\/que-se-necesita-para-detener-una-ejecucion-hipotecaria\/","url":"https:\/\/texashomeoffers.com\/es\/que-se-necesita-para-detener-una-ejecucion-hipotecaria\/","name":"\u00bfQu\u00e9 se necesita para detener una ejecuci\u00f3n hipotecaria?","isPartOf":{"@id":"https:\/\/texashomeoffers.com\/#website"},"datePublished":"2016-11-13T23:34:22+00:00","dateModified":"2016-11-13T23:34:22+00:00","breadcrumb":{"@id":"https:\/\/texashomeoffers.com\/es\/que-se-necesita-para-detener-una-ejecucion-hipotecaria\/#breadcrumb"},"inLanguage":"es","potentialAction":[{"@type":"ReadAction","target":["https:\/\/texashomeoffers.com\/es\/que-se-necesita-para-detener-una-ejecucion-hipotecaria\/"]}]},{"@type":"BreadcrumbList","@id":"https:\/\/texashomeoffers.com\/es\/que-se-necesita-para-detener-una-ejecucion-hipotecaria\/#breadcrumb","itemListElement":[{"@type":"ListItem","position":1,"name":"Home","item":"https:\/\/texashomeoffers.com\/es\/"},{"@type":"ListItem","position":2,"name":"\u00bfQu\u00e9 se necesita para detener una ejecuci\u00f3n hipotecaria?"}]},{"@type":"WebSite","@id":"https:\/\/texashomeoffers.com\/#website","url":"https:\/\/texashomeoffers.com\/","name":"Texas Home Offers","description":"","publisher":{"@id":"https:\/\/texashomeoffers.com\/#organization"},"potentialAction":[{"@type":"SearchAction","target":{"@type":"EntryPoint","urlTemplate":"https:\/\/texashomeoffers.com\/?s={search_term_string}"},"query-input":"required name=search_term_string"}],"inLanguage":"es"},{"@type":"Organization","@id":"https:\/\/texashomeoffers.com\/#organization","name":"Texas Home Offers","url":"https:\/\/texashomeoffers.com\/","logo":{"@type":"ImageObject","inLanguage":"es","@id":"https:\/\/texashomeoffers.com\/#\/schema\/logo\/image\/","url":"https:\/\/texashomeoffers.com\/wp-content\/uploads\/2015\/04\/logo.png","contentUrl":"https:\/\/texashomeoffers.com\/wp-content\/uploads\/2015\/04\/logo.png","width":442,"height":132,"caption":"Texas Home Offers"},"image":{"@id":"https:\/\/texashomeoffers.com\/#\/schema\/logo\/image\/"}}]}},"jetpack_sharing_enabled":true,"_links":{"self":[{"href":"https:\/\/texashomeoffers.com\/es\/wp-json\/wp\/v2\/pages\/1290\/"}],"collection":[{"href":"https:\/\/texashomeoffers.com\/es\/wp-json\/wp\/v2\/pages\/"}],"about":[{"href":"https:\/\/texashomeoffers.com\/es\/wp-json\/wp\/v2\/types\/page\/"}],"replies":[{"embeddable":true,"href":"https:\/\/texashomeoffers.com\/es\/wp-json\/wp\/v2\/comments\/?post=1290"}],"version-history":[{"count":0,"href":"https:\/\/texashomeoffers.com\/es\/wp-json\/wp\/v2\/pages\/1290\/revisions\/"}],"wp:attachment":[{"href":"https:\/\/texashomeoffers.com\/es\/wp-json\/wp\/v2\/media\/?parent=1290"}],"curies":[{"name":"wp","href":"https:\/\/api.w.org\/{rel}","templated":true}]}}