{"id":1455,"date":"2016-11-30T17:46:05","date_gmt":"2016-11-30T22:46:05","guid":{"rendered":"https:\/\/texashomeoffers.com\/es\/consigue-ayuda-gratuita-para-salvar-tu-casa\/"},"modified":"2016-11-30T17:46:05","modified_gmt":"2016-11-30T22:46:05","slug":"consigue-ayuda-gratuita-para-salvar-tu-casa","status":"publish","type":"page","link":"https:\/\/texashomeoffers.com\/es\/consigue-ayuda-gratuita-para-salvar-tu-casa\/","title":{"rendered":"Consigue ayuda gratuita para salvar tu casa"},"content":{"rendered":"<div style=\"font-size: 1.2em; width: 80%; margin: 0 auto;\">\n<p>La peor manera de perder una casa es por una ejecuci\u00f3n hipotecaria, pero los due\u00f1os que enfrentan una ejecuci\u00f3n tienen m\u00faltiples opciones disponibles en el mercado actual. La verdad es que la ejecuci\u00f3n es una pesadilla que dura de 8 a 9 a\u00f1os, lo que arruinar\u00e1 tu cr\u00e9dito, incluyendo pr\u00e9stamos para autos y aplicaciones de la tarjeta de cr\u00e9dito, y puede llevar a salarios reducidos y a perder oportunidades de empleo.<\/p>\n<p>La buena noticia es que hemos ayudado a muchas personas a salir de la ejecuci\u00f3n hipotecaria a \u00faltimo momento y hemos ayudado a salvar su cr\u00e9dito en el proceso. Incluso mejor: no cobramos por nuestros servicios \u2013esto es verdad, nuestros servicios son siempre<strong> gratuitos<\/strong>.<\/p>\n<h3 style=\"text-align: center;\">Cont\u00e1ctanos ahora para salvar tu casa:<\/h3>\n<\/div>\n<p>&nbsp;<\/p>\n<div id=\"crmWebToEntityForm\" style=\"width: 400px; margin: 1em auto;\">\n<form class=\"wpcf7-form\" accept-charset=\"UTF-8\" action=\"https:\/\/crm.zoho.com\/crm\/WebToLeadForm\" method=\"POST\" name=\"WebToLeads1246333000001410001\"><!-- Do not remove this code. --><br \/>\n<input style=\"display: none;\" name=\"xnQsjsdp\" type=\"text\" value=\"ffac8bfe538d040850e95c67f6e78bf9ac64b489b6254dff74eb4e32fb910282\" \/><br \/>\n<input id=\"zc_gad\" name=\"zc_gad\" type=\"hidden\" value=\"\" \/><br \/>\n<input style=\"display: none;\" name=\"xmIwtLD\" type=\"text\" value=\"81666d695c13531d66d5a3235a09af811d736ce5c99741437cadecbb5449330b\" \/><br \/>\n<input style=\"display: none;\" name=\"actionType\" type=\"text\" value=\"TGVhZHM=\" \/><\/p>\n<p><input style=\"display: none;\" name=\"returnURL\" type=\"text\" value=\"http:\/\/savemytexashome.org\/thank-you\/\" \/><br \/>\n<!-- Do not remove this code. --><\/p>\n<style>\n\t\ttr , td { \n\t\t\tpadding:6px;\n\t\t\tborder-spacing:0px;\n\t\t\tborder-width:0px;\n\t\t\t}\n\t<\/style>\n<p>&nbsp;<\/p>\n<p><span class=\"label\">Nombre\u00a0<\/span><\/p>\n<p><span class=\"wpcf7-form-control-wrap first\"><input class=\"wpcf7-form-control wpcf7-text\" maxlength=\"40\" name=\"First Name\" type=\"text\" \/><\/span><\/p>\n<p><span class=\"label\">Apellido\u00a0<span class=\"required\">*<\/span><\/span><\/p>\n<p><span class=\"wpcf7-form-control-wrap last\"><input class=\"wpcf7-form-control wpcf7-text\" maxlength=\"80\" name=\"Last Name\" type=\"text\" \/><\/span><\/p>\n<p><span class=\"label\">Correo electr\u00f3nico\u00a0<span class=\"required\">*<\/span><\/span><br \/>\n<span class=\"wpcf7-form-control-wrap your-email\"><input class=\"wpcf7-form-control wpcf7-text wpcf7-validates-as-required\" maxlength=\"100\" name=\"Email\" size=\"40\" type=\"text\" value=\"\" \/><\/span><\/p>\n<p><span class=\"label\">Tel\u00e9fono\u00a0<span class=\"required\">*<\/span><\/span><br \/>\n<span class=\"wpcf7-form-control-wrap phone\"><input id=\"phone\" class=\"wpcf7-form-control wpcf7-text wpcf7-validates-as-required\" maxlength=\"30\" name=\"Phone\" size=\"40\" type=\"text\" value=\"\" \/><\/span><\/p>\n<p><span class=\"label\">Meses atrasados<\/span><br \/>\n<span class=\"wpcf7-form-control-wrap months\"><input class=\"wpcf7-form-control wpcf7-text wpcf7-validates-as-required\" maxlength=\"3\" name=\"LEADCF52\" type=\"text\" \/><\/span><\/p>\n<p><span class=\"label\">Direcci\u00f3n de la propiedad<\/span><br \/>\n<span class=\"wpcf7-form-control-wrap street\"><input maxlength=\"250\" name=\"Street\" type=\"text\" \/><\/span><\/p>\n<p><span class=\"label\">Ciudad de la propiedad<\/span><br \/>\n<span class=\"wpcf7-form-control-wrap city\"><input maxlength=\"30\" name=\"City\" type=\"text\" \/><\/span><\/p>\n<p><span class=\"label\">C\u00f3digo postal\u00a0<span class=\"required\">*<\/span><\/span><br \/>\n<span class=\"wpcf7-form-control-wrap zipcode\"><input id=\"zipcode\" class=\"wpcf7-form-control wpcf7-text wpcf7-validates-as-required\" name=\"Zip Code\" size=\"40\" type=\"text\" value=\"\" \/><\/span><\/p>\n<p style=\"display: none;\"><span class=\"label\">Foreclosure<\/span><br \/>\n<select style=\"width: 250px;\" name=\"LEADCF43\"><option value=\"-None-\">-None-<\/option><option selected=\"selected\" value=\"Yes\">Yes<\/option><option value=\"No\">No<\/option><\/select><\/p>\n<p style=\"display: none;\"><span class=\"label\">Lead Source<\/span><br \/>\n<select style=\"width: 250px;\" name=\"Lead Source\"><option value=\"-None-\">-None-<\/option><option value=\"Direct Mail\">Direct Mail<\/option><option value=\"Signs\">Signs<\/option><option value=\"Advertisement\">Advertisement<\/option><option value=\"Web\">Web<\/option><option value=\"Skip Tracing\">Skip Tracing<\/option><option value=\"Partner\">Partner<\/option><option value=\"Other\">Other<\/option><option value=\"Internet Lead - FO\">Internet Lead &#8211; FO<\/option><option value=\"RussellHelps.com\">RussellHelps.com<\/option><option value=\"HomeSaverMinistries.com\">HomeSaverMinistries.com<\/option><option selected=\"selected\" value=\"SaveMyTexasHome.org\">SaveMyTexasHome.org<\/option><option value=\"TexasHomeOffers.com\">TexasHomeOffers.com<\/option><option value=\"Facebook\">Facebook<\/option><option value=\"Twitter\">Twitter<\/option><\/select><\/p>\n<div class=\"clear\"><\/div>\n<p><small><span class=\"required\">*<\/span> = campso obligatorios<\/small><\/p>\n<div class=\"clear\"><\/div>\n<p><input class=\"wpcf7-form-control wpcf7-submit\" style=\"font-size: 12px; color: #131307;\" type=\"submit\" value=\"Submit\" \/><br \/>\n<input class=\"wpcf7-form-control wpcf7-submit\" style=\"font-size: 12px; color: #131307;\" type=\"reset\" value=\"Reset\" \/><\/p>\n<p><script>\n \t  var mndFileds=new Array('Last Name','Email','Phone');\n \t  var fldLangVal=new Array('Last Name','Email','Phone');<\/p>\n<p> \t  function checkMandatory() {\n\t\tvar name='';\n\t\tvar email='';\n\t\tfor(i=0;i<mndFileds.length;i++) {\n\t\t  var fieldObj=document.forms['WebToLeads1246333000001410001'][mndFileds[i]];\n\t\t  if(fieldObj) {\n\t\t\tif (((fieldObj.value).replace(\/^s+|s+$\/g, '')).length==0) {\n\t\t\t  alert(fldLangVal[i] +' cannot be empty'); \n   \t   \t  \t  fieldObj.focus();\n   \t   \t  \t  return false;\n\t\t\t}  else if(fieldObj.nodeName=='SELECT') {\n  \t   \t   \t if(fieldObj.options[fieldObj.selectedIndex].value=='-None-') {\n\t\t\t\talert(fldLangVal[i] +' cannot be none'); \n\t\t\t\tfieldObj.focus();\n\t\t\t\treturn false;\n\t\t\t   }\n\t\t\t} else if(fieldObj.type =='checkbox'){\n \t \t \t if(fieldObj.checked == false){\n\t\t\t\talert('Please accept  '+fldLangVal[i]);\n\t\t\t\tfieldObj.focus();\n\t\t\t\treturn false;\n\t\t\t   } \n\t\t\t } \n\t\t\t try {\n\t\t\t     if(fieldObj.name == 'Last Name') {\n\t\t\t\tname = fieldObj.value;\n \t \t \t    }\n\t\t\t} catch (e) {}\n\t\t    }\n\t\t}\n\t\t try {\n\t\t    if($zoho) {\n\t\t\tvar LDTuvidObj = document.forms['WebToLeads1246333000001410001']['LDTuvid'];\n\t\t\tif(LDTuvidObj) {\n  \t  \t \t    LDTuvidObj.value = $zoho.salesiq.visitor.uniqueid();\n\t\t\t}\n\t\t\tvar firstnameObj = document.forms['WebToLeads1246333000001410001']['First Name'];\n\t\t\tif(firstnameObj) {\n\t\t\t     name = firstnameObj.value +' '+name;\n\t\t\t}\n\t\t\t$zoho.salesiq.visitor.name(name);\n\t\t\tvar emailObj = document.forms['WebToLeads1246333000001410001']['Email'];\n\t\t\tif(emailObj) {\n\t\t\t     email = emailObj.value;\n\t\t\t     $zoho.salesiq.visitor.email(email);\n\t\t\t}\n\t\t    }\n\t\t} catch(e) {}\n\t     }\n\t   <\/script><\/p>\n<\/form>\n<\/div>\n","protected":false},"excerpt":{"rendered":"<p>La peor manera de perder una casa es por una ejecuci\u00f3n hipotecaria, pero los due\u00f1os que enfrentan una ejecuci\u00f3n tienen m\u00faltiples opciones disponibles en el mercado actual. La verdad es que la ejecuci\u00f3n es una pesadilla que dura de 8&#8230; <a class=\"read-more\" href=\"https:\/\/texashomeoffers.com\/es\/consigue-ayuda-gratuita-para-salvar-tu-casa\/\">Read more<\/a><\/p>\n","protected":false},"author":0,"featured_media":0,"parent":0,"menu_order":0,"comment_status":"closed","ping_status":"closed","template":"page-full.php","meta":{"footnotes":""},"yoast_head":"<!-- This site is optimized with the Yoast SEO plugin v22.8 - https:\/\/yoast.com\/wordpress\/plugins\/seo\/ -->\n<title>Consigue ayuda gratuita para salvar tu casa<\/title>\n<meta name=\"robots\" content=\"index, follow, max-snippet:-1, max-image-preview:large, max-video-preview:-1\" \/>\n<link rel=\"canonical\" href=\"https:\/\/texashomeoffers.com\/es\/consigue-ayuda-gratuita-para-salvar-tu-casa\/\" \/>\n<meta property=\"og:locale\" content=\"es_ES\" \/>\n<meta property=\"og:type\" content=\"article\" \/>\n<meta property=\"og:title\" content=\"Consigue ayuda gratuita para salvar tu casa\" \/>\n<meta property=\"og:description\" content=\"La peor manera de perder una casa es por una ejecuci\u00f3n hipotecaria, pero los due\u00f1os que enfrentan una ejecuci\u00f3n tienen m\u00faltiples opciones disponibles en el mercado actual. La verdad es que la ejecuci\u00f3n es una pesadilla que dura de 8... Read more\" \/>\n<meta property=\"og:url\" content=\"https:\/\/texashomeoffers.com\/es\/consigue-ayuda-gratuita-para-salvar-tu-casa\/\" \/>\n<meta property=\"og:site_name\" content=\"Texas Home Offers\" \/>\n<meta name=\"twitter:card\" content=\"summary_large_image\" \/>\n<meta name=\"twitter:label1\" content=\"Tiempo de lectura\" \/>\n\t<meta name=\"twitter:data1\" content=\"1 minuto\" \/>\n<script type=\"application\/ld+json\" class=\"yoast-schema-graph\">{\"@context\":\"https:\/\/schema.org\",\"@graph\":[{\"@type\":\"WebPage\",\"@id\":\"https:\/\/texashomeoffers.com\/es\/consigue-ayuda-gratuita-para-salvar-tu-casa\/\",\"url\":\"https:\/\/texashomeoffers.com\/es\/consigue-ayuda-gratuita-para-salvar-tu-casa\/\",\"name\":\"Consigue ayuda gratuita para salvar tu casa\",\"isPartOf\":{\"@id\":\"https:\/\/texashomeoffers.com\/#website\"},\"datePublished\":\"2016-11-30T22:46:05+00:00\",\"dateModified\":\"2016-11-30T22:46:05+00:00\",\"breadcrumb\":{\"@id\":\"https:\/\/texashomeoffers.com\/es\/consigue-ayuda-gratuita-para-salvar-tu-casa\/#breadcrumb\"},\"inLanguage\":\"es\",\"potentialAction\":[{\"@type\":\"ReadAction\",\"target\":[\"https:\/\/texashomeoffers.com\/es\/consigue-ayuda-gratuita-para-salvar-tu-casa\/\"]}]},{\"@type\":\"BreadcrumbList\",\"@id\":\"https:\/\/texashomeoffers.com\/es\/consigue-ayuda-gratuita-para-salvar-tu-casa\/#breadcrumb\",\"itemListElement\":[{\"@type\":\"ListItem\",\"position\":1,\"name\":\"Home\",\"item\":\"https:\/\/texashomeoffers.com\/es\/\"},{\"@type\":\"ListItem\",\"position\":2,\"name\":\"Consigue ayuda gratuita para salvar tu casa\"}]},{\"@type\":\"WebSite\",\"@id\":\"https:\/\/texashomeoffers.com\/#website\",\"url\":\"https:\/\/texashomeoffers.com\/\",\"name\":\"Texas Home Offers\",\"description\":\"\",\"publisher\":{\"@id\":\"https:\/\/texashomeoffers.com\/#organization\"},\"potentialAction\":[{\"@type\":\"SearchAction\",\"target\":{\"@type\":\"EntryPoint\",\"urlTemplate\":\"https:\/\/texashomeoffers.com\/?s={search_term_string}\"},\"query-input\":\"required name=search_term_string\"}],\"inLanguage\":\"es\"},{\"@type\":\"Organization\",\"@id\":\"https:\/\/texashomeoffers.com\/#organization\",\"name\":\"Texas Home Offers\",\"url\":\"https:\/\/texashomeoffers.com\/\",\"logo\":{\"@type\":\"ImageObject\",\"inLanguage\":\"es\",\"@id\":\"https:\/\/texashomeoffers.com\/#\/schema\/logo\/image\/\",\"url\":\"https:\/\/texashomeoffers.com\/wp-content\/uploads\/2015\/04\/logo.png\",\"contentUrl\":\"https:\/\/texashomeoffers.com\/wp-content\/uploads\/2015\/04\/logo.png\",\"width\":442,\"height\":132,\"caption\":\"Texas Home Offers\"},\"image\":{\"@id\":\"https:\/\/texashomeoffers.com\/#\/schema\/logo\/image\/\"}}]}<\/script>\n<!-- \/ Yoast SEO plugin. -->","yoast_head_json":{"title":"Consigue ayuda gratuita para salvar tu casa","robots":{"index":"index","follow":"follow","max-snippet":"max-snippet:-1","max-image-preview":"max-image-preview:large","max-video-preview":"max-video-preview:-1"},"canonical":"https:\/\/texashomeoffers.com\/es\/consigue-ayuda-gratuita-para-salvar-tu-casa\/","og_locale":"es_ES","og_type":"article","og_title":"Consigue ayuda gratuita para salvar tu casa","og_description":"La peor manera de perder una casa es por una ejecuci\u00f3n hipotecaria, pero los due\u00f1os que enfrentan una ejecuci\u00f3n tienen m\u00faltiples opciones disponibles en el mercado actual. La verdad es que la ejecuci\u00f3n es una pesadilla que dura de 8... Read more","og_url":"https:\/\/texashomeoffers.com\/es\/consigue-ayuda-gratuita-para-salvar-tu-casa\/","og_site_name":"Texas Home Offers","twitter_card":"summary_large_image","twitter_misc":{"Tiempo de lectura":"1 minuto"},"schema":{"@context":"https:\/\/schema.org","@graph":[{"@type":"WebPage","@id":"https:\/\/texashomeoffers.com\/es\/consigue-ayuda-gratuita-para-salvar-tu-casa\/","url":"https:\/\/texashomeoffers.com\/es\/consigue-ayuda-gratuita-para-salvar-tu-casa\/","name":"Consigue ayuda gratuita para salvar tu casa","isPartOf":{"@id":"https:\/\/texashomeoffers.com\/#website"},"datePublished":"2016-11-30T22:46:05+00:00","dateModified":"2016-11-30T22:46:05+00:00","breadcrumb":{"@id":"https:\/\/texashomeoffers.com\/es\/consigue-ayuda-gratuita-para-salvar-tu-casa\/#breadcrumb"},"inLanguage":"es","potentialAction":[{"@type":"ReadAction","target":["https:\/\/texashomeoffers.com\/es\/consigue-ayuda-gratuita-para-salvar-tu-casa\/"]}]},{"@type":"BreadcrumbList","@id":"https:\/\/texashomeoffers.com\/es\/consigue-ayuda-gratuita-para-salvar-tu-casa\/#breadcrumb","itemListElement":[{"@type":"ListItem","position":1,"name":"Home","item":"https:\/\/texashomeoffers.com\/es\/"},{"@type":"ListItem","position":2,"name":"Consigue ayuda gratuita para salvar tu casa"}]},{"@type":"WebSite","@id":"https:\/\/texashomeoffers.com\/#website","url":"https:\/\/texashomeoffers.com\/","name":"Texas Home Offers","description":"","publisher":{"@id":"https:\/\/texashomeoffers.com\/#organization"},"potentialAction":[{"@type":"SearchAction","target":{"@type":"EntryPoint","urlTemplate":"https:\/\/texashomeoffers.com\/?s={search_term_string}"},"query-input":"required name=search_term_string"}],"inLanguage":"es"},{"@type":"Organization","@id":"https:\/\/texashomeoffers.com\/#organization","name":"Texas Home Offers","url":"https:\/\/texashomeoffers.com\/","logo":{"@type":"ImageObject","inLanguage":"es","@id":"https:\/\/texashomeoffers.com\/#\/schema\/logo\/image\/","url":"https:\/\/texashomeoffers.com\/wp-content\/uploads\/2015\/04\/logo.png","contentUrl":"https:\/\/texashomeoffers.com\/wp-content\/uploads\/2015\/04\/logo.png","width":442,"height":132,"caption":"Texas Home Offers"},"image":{"@id":"https:\/\/texashomeoffers.com\/#\/schema\/logo\/image\/"}}]}},"jetpack_sharing_enabled":true,"_links":{"self":[{"href":"https:\/\/texashomeoffers.com\/es\/wp-json\/wp\/v2\/pages\/1455\/"}],"collection":[{"href":"https:\/\/texashomeoffers.com\/es\/wp-json\/wp\/v2\/pages\/"}],"about":[{"href":"https:\/\/texashomeoffers.com\/es\/wp-json\/wp\/v2\/types\/page\/"}],"replies":[{"embeddable":true,"href":"https:\/\/texashomeoffers.com\/es\/wp-json\/wp\/v2\/comments\/?post=1455"}],"version-history":[{"count":0,"href":"https:\/\/texashomeoffers.com\/es\/wp-json\/wp\/v2\/pages\/1455\/revisions\/"}],"wp:attachment":[{"href":"https:\/\/texashomeoffers.com\/es\/wp-json\/wp\/v2\/media\/?parent=1455"}],"curies":[{"name":"wp","href":"https:\/\/api.w.org\/{rel}","templated":true}]}}